{"id":4239,"date":"2022-03-22T11:02:01","date_gmt":"2022-03-22T11:02:01","guid":{"rendered":"https:\/\/govalf.com\/product\/isoafs-alu-f-ecosoft-marine\/"},"modified":"2022-06-21T16:43:09","modified_gmt":"2022-06-21T16:43:09","slug":"isoafs-alu-f-ecosoft-marine","status":"publish","type":"product","link":"https:\/\/govalf.com\/fr\/product\/isoafs-alu-f-ecosoft-marine\/","title":{"rendered":"ISOAFS-ALU.F ECOSOFT MARINE"},"content":{"rendered":"<h1>Isoafs-Alu.F Ecosoft Marine<\/h1>\n<p>Isoafs-Alu.F Ecosoft Marine est une sorte de conduit d&rsquo;air flexible pr\u00e9f\u00e9r\u00e9 dans diff\u00e9rents domaines. Il est pr\u00e9f\u00e9r\u00e9 dans les syst\u00e8mes de ventilation ainsi que dans les syst\u00e8mes de climatisation fonctionnant \u00e0 basse et moyenne pression. Le conduit d&rsquo;air avec isolation thermique assure le passage de l&rsquo;air de mani\u00e8re efficace. Le produit, qui se trouve dans des conduits d&rsquo;air en aluminium, poss\u00e8de des caract\u00e9ristiques qui permettent une utilisation \u00e0 long terme.<\/p>\n<p>Le produit, qui offre une utilisation s\u00fbre gr\u00e2ce \u00e0 sa caract\u00e9ristique d&rsquo;ininflammabilit\u00e9, attire l&rsquo;attention avec son syst\u00e8me d&rsquo;isolation efficace. La disponibilit\u00e9 de produits de diff\u00e9rentes tailles garantit que la vari\u00e9t\u00e9 est assez grande. Il y a une gaine en aluminium sur le mat\u00e9riau isolant. Cette veste est utilis\u00e9e comme barri\u00e8re contre l&rsquo;humidit\u00e9.<\/p>\n<h2>Qu&rsquo;est-ce qu&rsquo;Isoafs-Alu.F Ecosoft Marine et ce qu&rsquo;il fait?<\/h2>\n<p>Isoafs-Alu.F Ecosoft Marine, qui appartient \u00e0 la cat\u00e9gorie des conduits d&rsquo;air flexibles, est un produit aux multiples utilisations. L&rsquo;aluminium lamin\u00e9 multicouche, le mat\u00e9riau polyester et l&rsquo;acier spiral\u00e9 \u00e0 haute r\u00e9sistance sont utilis\u00e9s dans sa production. Le produit a diff\u00e9rentes caract\u00e9ristiques, certaines de ces caract\u00e9ristiques peuvent \u00eatre r\u00e9pertori\u00e9es comme suit:<\/p>\n<ul>\n<li>Il a des propri\u00e9t\u00e9s d&rsquo;\u00e9tirement et de flexion.<\/li>\n<li>Il a la possibilit\u00e9 d&rsquo;une utilisation facile gr\u00e2ce \u00e0 sa fonction d&rsquo;\u00e9tanch\u00e9it\u00e9.<\/li>\n<li>Sa fonction de compressibilit\u00e9 permet une utilisation efficace.<\/li>\n<li>La plage de temp\u00e9rature de fonctionnement est de -30 \u00e0 +150 degr\u00e9s.<\/li>\n<\/ul>\n<p>Toutes les caract\u00e9ristiques telles que les dimensions, les tol\u00e9rances et la r\u00e9sistance m\u00e9canique sont test\u00e9es conform\u00e9ment \u00e0 la norme EN 13180 pendant la p\u00e9riode de production du produit et le classement est ainsi effectu\u00e9. De plus, les processus de certification des produits sont \u00e9galement effectu\u00e9s<\/p>\n<h3>Qu&rsquo;est-ce que Isoafs-Alu.F Ecosoft Marine?<\/h3>\n<p>Isoafs-Alu.F Ecosoft Marine peut \u00eatre d\u00e9fini comme un conduit d&rsquo;air flexible en aluminium con\u00e7u pour les syst\u00e8mes de climatisation et de ventilation \u00e0 basse et moyenne pression avec isolation thermique. Il int\u00e8gre des propri\u00e9t\u00e9s d&rsquo;\u00e9tirement, d&rsquo;\u00e9tanch\u00e9it\u00e9 et de flexion \u00e9lev\u00e9es. Le produit, qui a des joints ovales, ronds et d&rsquo;angle, est tr\u00e8s facile \u00e0 assembler.<\/p>\n<p>Le produit, doux et isol\u00e9 avec de la laine de verre, offre une utilisation confortable. En m\u00eame temps, il a une utilisation \u00e0 long terme en raison de son haut niveau de durabilit\u00e9. Toutes ses caract\u00e9ristiques permettent de privil\u00e9gier le produit notamment pour les syst\u00e8mes de ventilation.<\/p>\n<h3>Que fait Isoafs-Alu.F Ecosoft Marine?<\/h3>\n<p>Les caract\u00e9ristiques du produit permettent d&rsquo;avoir une large zone d&rsquo;utilisation. Le produit, qui se trouve dans des conduits d&rsquo;air flexibles, est principalement utilis\u00e9 dans les syst\u00e8mes de climatisation et de ventilation. Il a \u00e9t\u00e9 sp\u00e9cialement d\u00e9velopp\u00e9 pour de tels produits. Pour cette raison, il contient des caract\u00e9ristiques diff\u00e9rentes selon la zone dans laquelle il est utilis\u00e9. Ces caract\u00e9ristiques peuvent \u00e9galement \u00eatre consid\u00e9r\u00e9es comme les avantages du produit:<\/p>\n<ul>\n<li>Il a une isolation thermique.<\/li>\n<li>C&rsquo;est un produit labellis\u00e9 A+.<\/li>\n<li>Isol\u00e9 avec de la laine de verre sans formald\u00e9hyde.<\/li>\n<li>Le produit est fabriqu\u00e9 selon les normes EN 13180.<\/li>\n<li>Il est tr\u00e8s facile \u00e0 assembler. De cette fa\u00e7on, il offre une utilisation confortable.<\/li>\n<\/ul>\n<p>Puisqu&rsquo;il s&rsquo;agit d&rsquo;un produit \u00e0 isolation thermique polyvalent, il offre une utilisation efficace. Il a \u00e9t\u00e9 produit m\u00e9ticuleusement et syst\u00e9matiquement. Isoafs-Alu.F Ecosoft Marine permet une utilisation \u00e0 long terme et efficace gr\u00e2ce \u00e0 son haut niveau de durabilit\u00e9.<\/p>\n<h3>O\u00f9 est utilis\u00e9 Isoafs-Alu.F Ecosoft Marine?<\/h3>\n<p>D\u00e9velopp\u00e9 g\u00e9n\u00e9ralement pour les syst\u00e8mes de ventilation et de climatisation, ce produit a une large gamme d&rsquo;utilisations. Le produit, qui est g\u00e9n\u00e9ralement pr\u00e9f\u00e9r\u00e9 dans les zones industrielles, permet un syst\u00e8me de ventilation efficace. La temp\u00e9rature de fonctionnement du produit fabriqu\u00e9 dans diff\u00e9rents diam\u00e8tres est \u00e9galement dans une large gamme.<\/p>\n<p>Le produit est con\u00e7u en combinant de l&rsquo;aluminium lamin\u00e9 multicouche et du polyester. Un produit hautement efficace est propos\u00e9 pour \u00eatre utilis\u00e9 en renfor\u00e7ant l&rsquo;h\u00e9lice \u00e0 haute r\u00e9sistance avec du fil d&rsquo;acier. Gr\u00e2ce \u00e0 ses caract\u00e9ristiques innovantes et avantageuses, il permet une utilisation \u00e0 long terme avec son niveau de durabilit\u00e9. Il est \u00e9galement possible de d\u00e9clarer qu&rsquo;ils sont produits et test\u00e9s selon les normes EN 13180.<\/p>\n","protected":false},"excerpt":{"rendered":"<p>Isoafs-Alu.F Ecosoft Marine Isoafs-Alu.F Ecosoft Marine est une sorte de conduit d&rsquo;air flexible pr\u00e9f\u00e9r\u00e9 dans diff\u00e9rents domaines. Il est pr\u00e9f\u00e9r\u00e9 dans les syst\u00e8mes de ventilation ainsi que dans les syst\u00e8mes de climatisation fonctionnant \u00e0 basse et moyenne pression. Le conduit d&rsquo;air avec isolation thermique assure le passage de l&rsquo;air de mani\u00e8re efficace. Le produit, qui [&hellip;]<\/p>\n","protected":false},"featured_media":3655,"comment_status":"open","ping_status":"closed","template":"","meta":{"_acf_changed":false},"product_brand":[],"product_cat":[116],"product_tag":[],"class_list":{"0":"post-4239","1":"product","2":"type-product","3":"status-publish","4":"has-post-thumbnail","6":"product_cat-canaux-dair-flexibles","8":"first","9":"instock","10":"shipping-taxable","11":"product-type-simple"},"acf":[],"yoast_head":"<!-- This site is optimized with the Yoast SEO plugin v27.4 - https:\/\/yoast.com\/product\/yoast-seo-wordpress\/ -->\n<title>ISOAFS-ALU.F ECOSOFT MARINE - Go Valf Vana ve Pompa Sistemleri<\/title>\n<meta name=\"robots\" content=\"index, follow, max-snippet:-1, max-image-preview:large, max-video-preview:-1\" \/>\n<link rel=\"canonical\" href=\"https:\/\/govalf.com\/fr\/product\/isoafs-alu-f-ecosoft-marine\/\" \/>\n<meta property=\"og:locale\" content=\"fr_FR\" \/>\n<meta property=\"og:type\" content=\"article\" \/>\n<meta property=\"og:title\" content=\"ISOAFS-ALU.F ECOSOFT MARINE - Go Valf Vana ve Pompa Sistemleri\" \/>\n<meta property=\"og:description\" content=\"Isoafs-Alu.F Ecosoft Marine Isoafs-Alu.F Ecosoft Marine est une sorte de conduit d&rsquo;air flexible pr\u00e9f\u00e9r\u00e9 dans diff\u00e9rents domaines. Il est pr\u00e9f\u00e9r\u00e9 dans les syst\u00e8mes de ventilation ainsi que dans les syst\u00e8mes de climatisation fonctionnant \u00e0 basse et moyenne pression. Le conduit d&rsquo;air avec isolation thermique assure le passage de l&rsquo;air de mani\u00e8re efficace. Le produit, qui [&hellip;]\" \/>\n<meta property=\"og:url\" content=\"https:\/\/govalf.com\/fr\/product\/isoafs-alu-f-ecosoft-marine\/\" \/>\n<meta property=\"og:site_name\" content=\"Go Valf Vana ve Pompa Sistemleri\" \/>\n<meta property=\"article:modified_time\" content=\"2022-06-21T16:43:09+00:00\" \/>\n<meta property=\"og:image\" content=\"https:\/\/govalf.com\/wp-content\/uploads\/2022\/03\/ISOAFS-ALU.F-ECOSOFT-MARINE-1024x1024.png\" \/>\n\t<meta property=\"og:image:width\" content=\"1024\" \/>\n\t<meta property=\"og:image:height\" content=\"1024\" \/>\n\t<meta property=\"og:image:type\" content=\"image\/png\" \/>\n<meta name=\"twitter:card\" content=\"summary_large_image\" \/>\n<meta name=\"twitter:label1\" content=\"Dur\u00e9e de lecture estim\u00e9e\" \/>\n\t<meta name=\"twitter:data1\" content=\"1 minute\" \/>\n<script type=\"application\/ld+json\" class=\"yoast-schema-graph\">{\"@context\":\"https:\\\/\\\/schema.org\",\"@graph\":[{\"@type\":\"WebPage\",\"@id\":\"https:\\\/\\\/govalf.com\\\/fr\\\/product\\\/isoafs-alu-f-ecosoft-marine\\\/\",\"url\":\"https:\\\/\\\/govalf.com\\\/fr\\\/product\\\/isoafs-alu-f-ecosoft-marine\\\/\",\"name\":\"ISOAFS-ALU.F ECOSOFT MARINE - Go Valf Vana ve Pompa Sistemleri\",\"isPartOf\":{\"@id\":\"https:\\\/\\\/govalf.com\\\/ar\\\/#website\"},\"primaryImageOfPage\":{\"@id\":\"https:\\\/\\\/govalf.com\\\/fr\\\/product\\\/isoafs-alu-f-ecosoft-marine\\\/#primaryimage\"},\"image\":{\"@id\":\"https:\\\/\\\/govalf.com\\\/fr\\\/product\\\/isoafs-alu-f-ecosoft-marine\\\/#primaryimage\"},\"thumbnailUrl\":\"https:\\\/\\\/govalf.com\\\/wp-content\\\/uploads\\\/2022\\\/03\\\/ISOAFS-ALU.F-ECOSOFT-MARINE.png\",\"datePublished\":\"2022-03-22T11:02:01+00:00\",\"dateModified\":\"2022-06-21T16:43:09+00:00\",\"breadcrumb\":{\"@id\":\"https:\\\/\\\/govalf.com\\\/fr\\\/product\\\/isoafs-alu-f-ecosoft-marine\\\/#breadcrumb\"},\"inLanguage\":\"fr-FR\",\"potentialAction\":[{\"@type\":\"ReadAction\",\"target\":[\"https:\\\/\\\/govalf.com\\\/fr\\\/product\\\/isoafs-alu-f-ecosoft-marine\\\/\"]}]},{\"@type\":\"ImageObject\",\"inLanguage\":\"fr-FR\",\"@id\":\"https:\\\/\\\/govalf.com\\\/fr\\\/product\\\/isoafs-alu-f-ecosoft-marine\\\/#primaryimage\",\"url\":\"https:\\\/\\\/govalf.com\\\/wp-content\\\/uploads\\\/2022\\\/03\\\/ISOAFS-ALU.F-ECOSOFT-MARINE.png\",\"contentUrl\":\"https:\\\/\\\/govalf.com\\\/wp-content\\\/uploads\\\/2022\\\/03\\\/ISOAFS-ALU.F-ECOSOFT-MARINE.png\",\"width\":5000,\"height\":5000,\"caption\":\"Isoafs-Alu.F Ecosoft Marine\"},{\"@type\":\"BreadcrumbList\",\"@id\":\"https:\\\/\\\/govalf.com\\\/fr\\\/product\\\/isoafs-alu-f-ecosoft-marine\\\/#breadcrumb\",\"itemListElement\":[{\"@type\":\"ListItem\",\"position\":1,\"name\":\"Anasayfa\",\"item\":\"https:\\\/\\\/govalf.com\\\/fr\\\/\"},{\"@type\":\"ListItem\",\"position\":2,\"name\":\"Products\",\"item\":\"https:\\\/\\\/govalf.com\\\/ar\\\/urunler%d9%85%d9%86%d8%aa%d8%ac%d8%a7%d8%aa\\\/\"},{\"@type\":\"ListItem\",\"position\":3,\"name\":\"ISOAFS-ALU.F ECOSOFT MARINE\"}]},{\"@type\":\"WebSite\",\"@id\":\"https:\\\/\\\/govalf.com\\\/ar\\\/#website\",\"url\":\"https:\\\/\\\/govalf.com\\\/ar\\\/\",\"name\":\"Go Valf Vana ve Pompa Sistemleri\",\"description\":\"Yang\u0131n S\u00f6nd\u00fcrme Sistemleri ve Ekipmanlar\u0131\",\"publisher\":{\"@id\":\"https:\\\/\\\/govalf.com\\\/ar\\\/#organization\"},\"potentialAction\":[{\"@type\":\"SearchAction\",\"target\":{\"@type\":\"EntryPoint\",\"urlTemplate\":\"https:\\\/\\\/govalf.com\\\/ar\\\/?s={search_term_string}\"},\"query-input\":{\"@type\":\"PropertyValueSpecification\",\"valueRequired\":true,\"valueName\":\"search_term_string\"}}],\"inLanguage\":\"fr-FR\"},{\"@type\":\"Organization\",\"@id\":\"https:\\\/\\\/govalf.com\\\/ar\\\/#organization\",\"name\":\"Go Valf\",\"url\":\"https:\\\/\\\/govalf.com\\\/ar\\\/\",\"logo\":{\"@type\":\"ImageObject\",\"inLanguage\":\"fr-FR\",\"@id\":\"https:\\\/\\\/govalf.com\\\/ar\\\/#\\\/schema\\\/logo\\\/image\\\/\",\"url\":\"https:\\\/\\\/govalf.com\\\/wp-content\\\/uploads\\\/2022\\\/02\\\/go-valf-logo.png\",\"contentUrl\":\"https:\\\/\\\/govalf.com\\\/wp-content\\\/uploads\\\/2022\\\/02\\\/go-valf-logo.png\",\"width\":504,\"height\":120,\"caption\":\"Go Valf\"},\"image\":{\"@id\":\"https:\\\/\\\/govalf.com\\\/ar\\\/#\\\/schema\\\/logo\\\/image\\\/\"}}]}<\/script>\n<!-- \/ Yoast SEO plugin. -->","yoast_head_json":{"title":"ISOAFS-ALU.F ECOSOFT MARINE - Go Valf Vana ve Pompa Sistemleri","robots":{"index":"index","follow":"follow","max-snippet":"max-snippet:-1","max-image-preview":"max-image-preview:large","max-video-preview":"max-video-preview:-1"},"canonical":"https:\/\/govalf.com\/fr\/product\/isoafs-alu-f-ecosoft-marine\/","og_locale":"fr_FR","og_type":"article","og_title":"ISOAFS-ALU.F ECOSOFT MARINE - Go Valf Vana ve Pompa Sistemleri","og_description":"Isoafs-Alu.F Ecosoft Marine Isoafs-Alu.F Ecosoft Marine est une sorte de conduit d&rsquo;air flexible pr\u00e9f\u00e9r\u00e9 dans diff\u00e9rents domaines. Il est pr\u00e9f\u00e9r\u00e9 dans les syst\u00e8mes de ventilation ainsi que dans les syst\u00e8mes de climatisation fonctionnant \u00e0 basse et moyenne pression. Le conduit d&rsquo;air avec isolation thermique assure le passage de l&rsquo;air de mani\u00e8re efficace. Le produit, qui [&hellip;]","og_url":"https:\/\/govalf.com\/fr\/product\/isoafs-alu-f-ecosoft-marine\/","og_site_name":"Go Valf Vana ve Pompa Sistemleri","article_modified_time":"2022-06-21T16:43:09+00:00","og_image":[{"width":1024,"height":1024,"url":"https:\/\/govalf.com\/wp-content\/uploads\/2022\/03\/ISOAFS-ALU.F-ECOSOFT-MARINE-1024x1024.png","type":"image\/png"}],"twitter_card":"summary_large_image","twitter_misc":{"Dur\u00e9e de lecture estim\u00e9e":"1 minute"},"schema":{"@context":"https:\/\/schema.org","@graph":[{"@type":"WebPage","@id":"https:\/\/govalf.com\/fr\/product\/isoafs-alu-f-ecosoft-marine\/","url":"https:\/\/govalf.com\/fr\/product\/isoafs-alu-f-ecosoft-marine\/","name":"ISOAFS-ALU.F ECOSOFT MARINE - Go Valf Vana ve Pompa Sistemleri","isPartOf":{"@id":"https:\/\/govalf.com\/ar\/#website"},"primaryImageOfPage":{"@id":"https:\/\/govalf.com\/fr\/product\/isoafs-alu-f-ecosoft-marine\/#primaryimage"},"image":{"@id":"https:\/\/govalf.com\/fr\/product\/isoafs-alu-f-ecosoft-marine\/#primaryimage"},"thumbnailUrl":"https:\/\/govalf.com\/wp-content\/uploads\/2022\/03\/ISOAFS-ALU.F-ECOSOFT-MARINE.png","datePublished":"2022-03-22T11:02:01+00:00","dateModified":"2022-06-21T16:43:09+00:00","breadcrumb":{"@id":"https:\/\/govalf.com\/fr\/product\/isoafs-alu-f-ecosoft-marine\/#breadcrumb"},"inLanguage":"fr-FR","potentialAction":[{"@type":"ReadAction","target":["https:\/\/govalf.com\/fr\/product\/isoafs-alu-f-ecosoft-marine\/"]}]},{"@type":"ImageObject","inLanguage":"fr-FR","@id":"https:\/\/govalf.com\/fr\/product\/isoafs-alu-f-ecosoft-marine\/#primaryimage","url":"https:\/\/govalf.com\/wp-content\/uploads\/2022\/03\/ISOAFS-ALU.F-ECOSOFT-MARINE.png","contentUrl":"https:\/\/govalf.com\/wp-content\/uploads\/2022\/03\/ISOAFS-ALU.F-ECOSOFT-MARINE.png","width":5000,"height":5000,"caption":"Isoafs-Alu.F Ecosoft Marine"},{"@type":"BreadcrumbList","@id":"https:\/\/govalf.com\/fr\/product\/isoafs-alu-f-ecosoft-marine\/#breadcrumb","itemListElement":[{"@type":"ListItem","position":1,"name":"Anasayfa","item":"https:\/\/govalf.com\/fr\/"},{"@type":"ListItem","position":2,"name":"Products","item":"https:\/\/govalf.com\/ar\/urunler%d9%85%d9%86%d8%aa%d8%ac%d8%a7%d8%aa\/"},{"@type":"ListItem","position":3,"name":"ISOAFS-ALU.F ECOSOFT MARINE"}]},{"@type":"WebSite","@id":"https:\/\/govalf.com\/ar\/#website","url":"https:\/\/govalf.com\/ar\/","name":"Go Valf Vana ve Pompa Sistemleri","description":"Yang\u0131n S\u00f6nd\u00fcrme Sistemleri ve Ekipmanlar\u0131","publisher":{"@id":"https:\/\/govalf.com\/ar\/#organization"},"potentialAction":[{"@type":"SearchAction","target":{"@type":"EntryPoint","urlTemplate":"https:\/\/govalf.com\/ar\/?s={search_term_string}"},"query-input":{"@type":"PropertyValueSpecification","valueRequired":true,"valueName":"search_term_string"}}],"inLanguage":"fr-FR"},{"@type":"Organization","@id":"https:\/\/govalf.com\/ar\/#organization","name":"Go Valf","url":"https:\/\/govalf.com\/ar\/","logo":{"@type":"ImageObject","inLanguage":"fr-FR","@id":"https:\/\/govalf.com\/ar\/#\/schema\/logo\/image\/","url":"https:\/\/govalf.com\/wp-content\/uploads\/2022\/02\/go-valf-logo.png","contentUrl":"https:\/\/govalf.com\/wp-content\/uploads\/2022\/02\/go-valf-logo.png","width":504,"height":120,"caption":"Go Valf"},"image":{"@id":"https:\/\/govalf.com\/ar\/#\/schema\/logo\/image\/"}}]}},"_links":{"self":[{"href":"https:\/\/govalf.com\/fr\/wp-json\/wp\/v2\/product\/4239","targetHints":{"allow":["GET"]}}],"collection":[{"href":"https:\/\/govalf.com\/fr\/wp-json\/wp\/v2\/product"}],"about":[{"href":"https:\/\/govalf.com\/fr\/wp-json\/wp\/v2\/types\/product"}],"replies":[{"embeddable":true,"href":"https:\/\/govalf.com\/fr\/wp-json\/wp\/v2\/comments?post=4239"}],"wp:featuredmedia":[{"embeddable":true,"href":"https:\/\/govalf.com\/fr\/wp-json\/wp\/v2\/media\/3655"}],"wp:attachment":[{"href":"https:\/\/govalf.com\/fr\/wp-json\/wp\/v2\/media?parent=4239"}],"wp:term":[{"taxonomy":"product_brand","embeddable":true,"href":"https:\/\/govalf.com\/fr\/wp-json\/wp\/v2\/product_brand?post=4239"},{"taxonomy":"product_cat","embeddable":true,"href":"https:\/\/govalf.com\/fr\/wp-json\/wp\/v2\/product_cat?post=4239"},{"taxonomy":"product_tag","embeddable":true,"href":"https:\/\/govalf.com\/fr\/wp-json\/wp\/v2\/product_tag?post=4239"}],"curies":[{"name":"wp","href":"https:\/\/api.w.org\/{rel}","templated":true}]}}