{"id":4240,"date":"2022-03-22T11:06:17","date_gmt":"2022-03-22T11:06:17","guid":{"rendered":"https:\/\/govalf.com\/product\/conduit-flexible-en-aluminium-certifie-marine\/"},"modified":"2022-06-21T16:57:12","modified_gmt":"2022-06-21T16:57:12","slug":"conduit-flexible-en-aluminium-certifie-marine","status":"publish","type":"product","link":"https:\/\/govalf.com\/fr\/product\/conduit-flexible-en-aluminium-certifie-marine\/","title":{"rendered":"Conduits d&rsquo;air flexibles en aluminium certifi\u00e9s marins"},"content":{"rendered":"<p>Conduits d&rsquo;air flexibles en aluminium certifi\u00e9s marins<\/p>\n<p>Les conduits d&rsquo;air flexibles en aluminium certifi\u00e9s marins permettent \u00e0 la fois de transf\u00e9rer l&rsquo;air de l&rsquo;environnement vers l&rsquo;ext\u00e9rieur et de transf\u00e9rer l&rsquo;air ext\u00e9rieur vers l&rsquo;int\u00e9rieur. Il a une fonction bidirectionnelle et est donc pr\u00e9f\u00e9r\u00e9 dans les syst\u00e8mes de ventilation. Ces types de conduits d&rsquo;air, qui sont g\u00e9n\u00e9ralement utilis\u00e9s dans les zones industrielles, sont \u00e9galement pr\u00e9f\u00e9r\u00e9s dans diff\u00e9rentes zones.<\/p>\n<p>Il a une forme non isol\u00e9e. Les produits certifi\u00e9s Marine permettent une utilisation \u00e0 long terme car ils ont des surfaces int\u00e9rieures et ext\u00e9rieures en aluminium. Les conduits d&rsquo;air conviennent aux syst\u00e8mes de climatisation et de ventilation fonctionnant \u00e0 basse et moyenne pression. Ses caract\u00e9ristiques et son design innovant permettent au produit d&rsquo;attirer l&rsquo;attention avec un large \u00e9ventail d&rsquo;utilisations.<\/p>\n<h2>Qu&rsquo;est-ce que les conduits d&rsquo;air flexibles en aluminium certifi\u00e9s marins et \u00e0 quoi servent-ils?<\/h2>\n<p>Les conduits d&rsquo;air permettent de fournir le flux d&rsquo;air dans un environnement de mani\u00e8re syst\u00e9matique. Pour cette raison, on sait qu&rsquo;il intervient comme \u00e9l\u00e9ment de base dans les syst\u00e8mes de climatisation et de ventilation. Les conduits d&rsquo;air flexibles en aluminium certifi\u00e9s marins, situ\u00e9s entre le ventilateur et les points de sortie des conduits et dot\u00e9s d&rsquo;un syst\u00e8me de tunnel de tuyauterie, assurent la circulation de l&rsquo;air.<\/p>\n<p>Il est possible de lister les caract\u00e9ristiques de ce type de conduits d&rsquo;air comme suit:<\/p>\n<ul>\n<li>Les surfaces int\u00e9rieures et ext\u00e9rieures ont une structure en aluminium.<\/li>\n<li>Produit conform\u00e9ment au r\u00e8glement sur les \u00e9quipements maritimes. Il a un certificat marin.<\/li>\n<li>Il poss\u00e8de des propri\u00e9t\u00e9s \u00e9lev\u00e9es de flexibilit\u00e9, de flexion et de compressibilit\u00e9. De cette fa\u00e7on, il offre une utilisation confortable.<\/li>\n<li>Le produit est test\u00e9 et class\u00e9 selon les normes EN 13180.<\/li>\n<li>Il appartient \u00e0 la cat\u00e9gorie des conduits d&rsquo;air flexibles et contribue \u00e0 une ventilation efficace de l&rsquo;environnement.<\/li>\n<\/ul>\n<p>Les conduits d&rsquo;air, qui sont pr\u00e9f\u00e9r\u00e9s dans de nombreux domaines gr\u00e2ce \u00e0 leurs caract\u00e9ristiques, sont l&rsquo;une des parties les plus efficaces des syst\u00e8mes de ventilation et de climatisation.<\/p>\n<h3>Qu&rsquo;est-ce que les conduits d&rsquo;air flexibles en aluminium certifi\u00e9s marins?<\/h3>\n<p>Les conduits d&rsquo;air flexibles en aluminium certifi\u00e9s marins, qui sont form\u00e9s en supportant un mat\u00e9riau en aluminium multicouche et lamin\u00e9 avec du fil d&rsquo;acier, assurent une ventilation efficace de l&rsquo;environnement. Les conduits d&rsquo;air sont situ\u00e9s entre le ventilateur et les points de sortie des conduits. De cette fa\u00e7on, il permet \u00e0 l&rsquo;air de se d\u00e9placer \u00e0 travers un certain syst\u00e8me.<\/p>\n<p>Conduits d&rsquo;air certifi\u00e9s marins;<\/p>\n<ul>\n<li>Il peut \u00eatre facilement transport\u00e9 gr\u00e2ce \u00e0 sa compressibilit\u00e9 et sa fonction de flexion.<\/li>\n<li>La production est effectu\u00e9e conform\u00e9ment au r\u00e8glement sur les \u00e9quipements maritimes.<\/li>\n<li>Il a une tr\u00e8s haute r\u00e9sistance au feu et offre une utilisation en toute s\u00e9curit\u00e9.<\/li>\n<li>Il est pr\u00e9f\u00e9r\u00e9 dans de tels syst\u00e8mes car il a \u00e9t\u00e9 d\u00e9velopp\u00e9 pour les syst\u00e8mes de ventilation et de climatisation.<\/li>\n<\/ul>\n<h3>Que font les conduits d&rsquo;air flexibles en aluminium certifi\u00e9s marins?<\/h3>\n<p>Les conduits d&rsquo;air flexibles en aluminium certifi\u00e9s marins sont les produits inclus dans les conduits d&rsquo;air flexibles. Le conduit d&rsquo;air non isol\u00e9 offre \u00e9galement une utilisation confortable et s\u00fbre avec ses surfaces int\u00e9rieures et ext\u00e9rieures en aluminium. Le produit, qui est fabriqu\u00e9 selon la norme EN 13180, a \u00e9t\u00e9 test\u00e9 et approuv\u00e9.<\/p>\n<p>Il r\u00e9pond \u00e9galement aux normes nationales fran\u00e7aises de r\u00e9action au feu et est un produit certifi\u00e9 M0. Le produit, qui attire l&rsquo;attention avec ses caract\u00e9ristiques innovantes, permet aux syst\u00e8mes de ventilation et de climatisation d&rsquo;obtenir une structure efficace.<\/p>\n<h3>O\u00f9 sont utilis\u00e9s les conduits d&rsquo;air flexibles en aluminium certifi\u00e9s marins?<\/h3>\n<p>Les conduits d&rsquo;air flexibles en aluminium certifi\u00e9s marins ont un large domaine d&rsquo;utilisation gr\u00e2ce \u00e0 leurs caract\u00e9ristiques. Il est utilis\u00e9 dans de nombreux domaines o\u00f9 les conduits d&rsquo;air, les syst\u00e8mes de ventilation et de climatisation sont pr\u00e9f\u00e9r\u00e9s, principalement dans les zones industrielles. Ce type de conduits d&rsquo;air est pr\u00e9f\u00e9r\u00e9 dans les zones int\u00e9rieures et ext\u00e9rieures des h\u00f4pitaux et des laboratoires.<\/p>\n<p>Puisqu&rsquo;il s&rsquo;agit d&rsquo;un produit n\u00e9cessaire dans presque tous les secteurs, il est possible d&rsquo;affirmer que son domaine d&rsquo;utilisation est large. Les conduits d&rsquo;air produits avec des mat\u00e9riaux durables et de qualit\u00e9 garantissent une utilisation \u00e0 long terme. De plus, il permet d&rsquo;obtenir un flux d&rsquo;air efficace.<\/p>\n","protected":false},"excerpt":{"rendered":"<p>Conduits d&rsquo;air flexibles en aluminium certifi\u00e9s marins Les conduits d&rsquo;air flexibles en aluminium certifi\u00e9s marins permettent \u00e0 la fois de transf\u00e9rer l&rsquo;air de l&rsquo;environnement vers l&rsquo;ext\u00e9rieur et de transf\u00e9rer l&rsquo;air ext\u00e9rieur vers l&rsquo;int\u00e9rieur. Il a une fonction bidirectionnelle et est donc pr\u00e9f\u00e9r\u00e9 dans les syst\u00e8mes de ventilation. Ces types de conduits d&rsquo;air, qui sont g\u00e9n\u00e9ralement [&hellip;]<\/p>\n","protected":false},"featured_media":3646,"comment_status":"open","ping_status":"closed","template":"","meta":{"_acf_changed":false},"product_brand":[],"product_cat":[116],"product_tag":[],"class_list":{"0":"post-4240","1":"product","2":"type-product","3":"status-publish","4":"has-post-thumbnail","6":"product_cat-canaux-dair-flexibles","8":"first","9":"instock","10":"shipping-taxable","11":"product-type-simple"},"acf":[],"yoast_head":"<!-- This site is optimized with the Yoast SEO plugin v27.4 - https:\/\/yoast.com\/product\/yoast-seo-wordpress\/ -->\n<title>Conduits d&#039;air flexibles en aluminium certifi\u00e9s marins - Go Valf Vana ve Pompa Sistemleri<\/title>\n<meta name=\"robots\" content=\"index, follow, max-snippet:-1, max-image-preview:large, max-video-preview:-1\" \/>\n<link rel=\"canonical\" href=\"https:\/\/govalf.com\/fr\/product\/conduit-flexible-en-aluminium-certifie-marine\/\" \/>\n<meta property=\"og:locale\" content=\"fr_FR\" \/>\n<meta property=\"og:type\" content=\"article\" \/>\n<meta property=\"og:title\" content=\"Conduits d&#039;air flexibles en aluminium certifi\u00e9s marins - Go Valf Vana ve Pompa Sistemleri\" \/>\n<meta property=\"og:description\" content=\"Conduits d&rsquo;air flexibles en aluminium certifi\u00e9s marins Les conduits d&rsquo;air flexibles en aluminium certifi\u00e9s marins permettent \u00e0 la fois de transf\u00e9rer l&rsquo;air de l&rsquo;environnement vers l&rsquo;ext\u00e9rieur et de transf\u00e9rer l&rsquo;air ext\u00e9rieur vers l&rsquo;int\u00e9rieur. Il a une fonction bidirectionnelle et est donc pr\u00e9f\u00e9r\u00e9 dans les syst\u00e8mes de ventilation. Ces types de conduits d&rsquo;air, qui sont g\u00e9n\u00e9ralement [&hellip;]\" \/>\n<meta property=\"og:url\" content=\"https:\/\/govalf.com\/fr\/product\/conduit-flexible-en-aluminium-certifie-marine\/\" \/>\n<meta property=\"og:site_name\" content=\"Go Valf Vana ve Pompa Sistemleri\" \/>\n<meta property=\"article:modified_time\" content=\"2022-06-21T16:57:12+00:00\" \/>\n<meta property=\"og:image\" content=\"https:\/\/govalf.com\/wp-content\/uploads\/2022\/03\/Esnek-Hava-Kanallari-1024x1024.png\" \/>\n\t<meta property=\"og:image:width\" content=\"1024\" \/>\n\t<meta property=\"og:image:height\" content=\"1024\" \/>\n\t<meta property=\"og:image:type\" content=\"image\/png\" \/>\n<meta name=\"twitter:card\" content=\"summary_large_image\" \/>\n<meta name=\"twitter:label1\" content=\"Dur\u00e9e de lecture estim\u00e9e\" \/>\n\t<meta name=\"twitter:data1\" content=\"2 minutes\" \/>\n<script type=\"application\/ld+json\" class=\"yoast-schema-graph\">{\"@context\":\"https:\\\/\\\/schema.org\",\"@graph\":[{\"@type\":\"WebPage\",\"@id\":\"https:\\\/\\\/govalf.com\\\/fr\\\/product\\\/conduit-flexible-en-aluminium-certifie-marine\\\/\",\"url\":\"https:\\\/\\\/govalf.com\\\/fr\\\/product\\\/conduit-flexible-en-aluminium-certifie-marine\\\/\",\"name\":\"Conduits d'air flexibles en aluminium certifi\u00e9s marins - Go Valf Vana ve Pompa Sistemleri\",\"isPartOf\":{\"@id\":\"https:\\\/\\\/govalf.com\\\/ar\\\/#website\"},\"primaryImageOfPage\":{\"@id\":\"https:\\\/\\\/govalf.com\\\/fr\\\/product\\\/conduit-flexible-en-aluminium-certifie-marine\\\/#primaryimage\"},\"image\":{\"@id\":\"https:\\\/\\\/govalf.com\\\/fr\\\/product\\\/conduit-flexible-en-aluminium-certifie-marine\\\/#primaryimage\"},\"thumbnailUrl\":\"https:\\\/\\\/govalf.com\\\/wp-content\\\/uploads\\\/2022\\\/03\\\/Esnek-Hava-Kanallari.png\",\"datePublished\":\"2022-03-22T11:06:17+00:00\",\"dateModified\":\"2022-06-21T16:57:12+00:00\",\"breadcrumb\":{\"@id\":\"https:\\\/\\\/govalf.com\\\/fr\\\/product\\\/conduit-flexible-en-aluminium-certifie-marine\\\/#breadcrumb\"},\"inLanguage\":\"fr-FR\",\"potentialAction\":[{\"@type\":\"ReadAction\",\"target\":[\"https:\\\/\\\/govalf.com\\\/fr\\\/product\\\/conduit-flexible-en-aluminium-certifie-marine\\\/\"]}]},{\"@type\":\"ImageObject\",\"inLanguage\":\"fr-FR\",\"@id\":\"https:\\\/\\\/govalf.com\\\/fr\\\/product\\\/conduit-flexible-en-aluminium-certifie-marine\\\/#primaryimage\",\"url\":\"https:\\\/\\\/govalf.com\\\/wp-content\\\/uploads\\\/2022\\\/03\\\/Esnek-Hava-Kanallari.png\",\"contentUrl\":\"https:\\\/\\\/govalf.com\\\/wp-content\\\/uploads\\\/2022\\\/03\\\/Esnek-Hava-Kanallari.png\",\"width\":5000,\"height\":5000,\"caption\":\"Esnek Hava Kanallar\u0131\"},{\"@type\":\"BreadcrumbList\",\"@id\":\"https:\\\/\\\/govalf.com\\\/fr\\\/product\\\/conduit-flexible-en-aluminium-certifie-marine\\\/#breadcrumb\",\"itemListElement\":[{\"@type\":\"ListItem\",\"position\":1,\"name\":\"Anasayfa\",\"item\":\"https:\\\/\\\/govalf.com\\\/fr\\\/\"},{\"@type\":\"ListItem\",\"position\":2,\"name\":\"Products\",\"item\":\"https:\\\/\\\/govalf.com\\\/ar\\\/urunler%d9%85%d9%86%d8%aa%d8%ac%d8%a7%d8%aa\\\/\"},{\"@type\":\"ListItem\",\"position\":3,\"name\":\"Conduits d&rsquo;air flexibles en aluminium certifi\u00e9s marins\"}]},{\"@type\":\"WebSite\",\"@id\":\"https:\\\/\\\/govalf.com\\\/ar\\\/#website\",\"url\":\"https:\\\/\\\/govalf.com\\\/ar\\\/\",\"name\":\"Go Valf Vana ve Pompa Sistemleri\",\"description\":\"Yang\u0131n S\u00f6nd\u00fcrme Sistemleri ve Ekipmanlar\u0131\",\"publisher\":{\"@id\":\"https:\\\/\\\/govalf.com\\\/ar\\\/#organization\"},\"potentialAction\":[{\"@type\":\"SearchAction\",\"target\":{\"@type\":\"EntryPoint\",\"urlTemplate\":\"https:\\\/\\\/govalf.com\\\/ar\\\/?s={search_term_string}\"},\"query-input\":{\"@type\":\"PropertyValueSpecification\",\"valueRequired\":true,\"valueName\":\"search_term_string\"}}],\"inLanguage\":\"fr-FR\"},{\"@type\":\"Organization\",\"@id\":\"https:\\\/\\\/govalf.com\\\/ar\\\/#organization\",\"name\":\"Go Valf\",\"url\":\"https:\\\/\\\/govalf.com\\\/ar\\\/\",\"logo\":{\"@type\":\"ImageObject\",\"inLanguage\":\"fr-FR\",\"@id\":\"https:\\\/\\\/govalf.com\\\/ar\\\/#\\\/schema\\\/logo\\\/image\\\/\",\"url\":\"https:\\\/\\\/govalf.com\\\/wp-content\\\/uploads\\\/2022\\\/02\\\/go-valf-logo.png\",\"contentUrl\":\"https:\\\/\\\/govalf.com\\\/wp-content\\\/uploads\\\/2022\\\/02\\\/go-valf-logo.png\",\"width\":504,\"height\":120,\"caption\":\"Go Valf\"},\"image\":{\"@id\":\"https:\\\/\\\/govalf.com\\\/ar\\\/#\\\/schema\\\/logo\\\/image\\\/\"}}]}<\/script>\n<!-- \/ Yoast SEO plugin. -->","yoast_head_json":{"title":"Conduits d'air flexibles en aluminium certifi\u00e9s marins - Go Valf Vana ve Pompa Sistemleri","robots":{"index":"index","follow":"follow","max-snippet":"max-snippet:-1","max-image-preview":"max-image-preview:large","max-video-preview":"max-video-preview:-1"},"canonical":"https:\/\/govalf.com\/fr\/product\/conduit-flexible-en-aluminium-certifie-marine\/","og_locale":"fr_FR","og_type":"article","og_title":"Conduits d'air flexibles en aluminium certifi\u00e9s marins - Go Valf Vana ve Pompa Sistemleri","og_description":"Conduits d&rsquo;air flexibles en aluminium certifi\u00e9s marins Les conduits d&rsquo;air flexibles en aluminium certifi\u00e9s marins permettent \u00e0 la fois de transf\u00e9rer l&rsquo;air de l&rsquo;environnement vers l&rsquo;ext\u00e9rieur et de transf\u00e9rer l&rsquo;air ext\u00e9rieur vers l&rsquo;int\u00e9rieur. Il a une fonction bidirectionnelle et est donc pr\u00e9f\u00e9r\u00e9 dans les syst\u00e8mes de ventilation. Ces types de conduits d&rsquo;air, qui sont g\u00e9n\u00e9ralement [&hellip;]","og_url":"https:\/\/govalf.com\/fr\/product\/conduit-flexible-en-aluminium-certifie-marine\/","og_site_name":"Go Valf Vana ve Pompa Sistemleri","article_modified_time":"2022-06-21T16:57:12+00:00","og_image":[{"width":1024,"height":1024,"url":"https:\/\/govalf.com\/wp-content\/uploads\/2022\/03\/Esnek-Hava-Kanallari-1024x1024.png","type":"image\/png"}],"twitter_card":"summary_large_image","twitter_misc":{"Dur\u00e9e de lecture estim\u00e9e":"2 minutes"},"schema":{"@context":"https:\/\/schema.org","@graph":[{"@type":"WebPage","@id":"https:\/\/govalf.com\/fr\/product\/conduit-flexible-en-aluminium-certifie-marine\/","url":"https:\/\/govalf.com\/fr\/product\/conduit-flexible-en-aluminium-certifie-marine\/","name":"Conduits d'air flexibles en aluminium certifi\u00e9s marins - Go Valf Vana ve Pompa Sistemleri","isPartOf":{"@id":"https:\/\/govalf.com\/ar\/#website"},"primaryImageOfPage":{"@id":"https:\/\/govalf.com\/fr\/product\/conduit-flexible-en-aluminium-certifie-marine\/#primaryimage"},"image":{"@id":"https:\/\/govalf.com\/fr\/product\/conduit-flexible-en-aluminium-certifie-marine\/#primaryimage"},"thumbnailUrl":"https:\/\/govalf.com\/wp-content\/uploads\/2022\/03\/Esnek-Hava-Kanallari.png","datePublished":"2022-03-22T11:06:17+00:00","dateModified":"2022-06-21T16:57:12+00:00","breadcrumb":{"@id":"https:\/\/govalf.com\/fr\/product\/conduit-flexible-en-aluminium-certifie-marine\/#breadcrumb"},"inLanguage":"fr-FR","potentialAction":[{"@type":"ReadAction","target":["https:\/\/govalf.com\/fr\/product\/conduit-flexible-en-aluminium-certifie-marine\/"]}]},{"@type":"ImageObject","inLanguage":"fr-FR","@id":"https:\/\/govalf.com\/fr\/product\/conduit-flexible-en-aluminium-certifie-marine\/#primaryimage","url":"https:\/\/govalf.com\/wp-content\/uploads\/2022\/03\/Esnek-Hava-Kanallari.png","contentUrl":"https:\/\/govalf.com\/wp-content\/uploads\/2022\/03\/Esnek-Hava-Kanallari.png","width":5000,"height":5000,"caption":"Esnek Hava Kanallar\u0131"},{"@type":"BreadcrumbList","@id":"https:\/\/govalf.com\/fr\/product\/conduit-flexible-en-aluminium-certifie-marine\/#breadcrumb","itemListElement":[{"@type":"ListItem","position":1,"name":"Anasayfa","item":"https:\/\/govalf.com\/fr\/"},{"@type":"ListItem","position":2,"name":"Products","item":"https:\/\/govalf.com\/ar\/urunler%d9%85%d9%86%d8%aa%d8%ac%d8%a7%d8%aa\/"},{"@type":"ListItem","position":3,"name":"Conduits d&rsquo;air flexibles en aluminium certifi\u00e9s marins"}]},{"@type":"WebSite","@id":"https:\/\/govalf.com\/ar\/#website","url":"https:\/\/govalf.com\/ar\/","name":"Go Valf Vana ve Pompa Sistemleri","description":"Yang\u0131n S\u00f6nd\u00fcrme Sistemleri ve Ekipmanlar\u0131","publisher":{"@id":"https:\/\/govalf.com\/ar\/#organization"},"potentialAction":[{"@type":"SearchAction","target":{"@type":"EntryPoint","urlTemplate":"https:\/\/govalf.com\/ar\/?s={search_term_string}"},"query-input":{"@type":"PropertyValueSpecification","valueRequired":true,"valueName":"search_term_string"}}],"inLanguage":"fr-FR"},{"@type":"Organization","@id":"https:\/\/govalf.com\/ar\/#organization","name":"Go Valf","url":"https:\/\/govalf.com\/ar\/","logo":{"@type":"ImageObject","inLanguage":"fr-FR","@id":"https:\/\/govalf.com\/ar\/#\/schema\/logo\/image\/","url":"https:\/\/govalf.com\/wp-content\/uploads\/2022\/02\/go-valf-logo.png","contentUrl":"https:\/\/govalf.com\/wp-content\/uploads\/2022\/02\/go-valf-logo.png","width":504,"height":120,"caption":"Go Valf"},"image":{"@id":"https:\/\/govalf.com\/ar\/#\/schema\/logo\/image\/"}}]}},"_links":{"self":[{"href":"https:\/\/govalf.com\/fr\/wp-json\/wp\/v2\/product\/4240","targetHints":{"allow":["GET"]}}],"collection":[{"href":"https:\/\/govalf.com\/fr\/wp-json\/wp\/v2\/product"}],"about":[{"href":"https:\/\/govalf.com\/fr\/wp-json\/wp\/v2\/types\/product"}],"replies":[{"embeddable":true,"href":"https:\/\/govalf.com\/fr\/wp-json\/wp\/v2\/comments?post=4240"}],"wp:featuredmedia":[{"embeddable":true,"href":"https:\/\/govalf.com\/fr\/wp-json\/wp\/v2\/media\/3646"}],"wp:attachment":[{"href":"https:\/\/govalf.com\/fr\/wp-json\/wp\/v2\/media?parent=4240"}],"wp:term":[{"taxonomy":"product_brand","embeddable":true,"href":"https:\/\/govalf.com\/fr\/wp-json\/wp\/v2\/product_brand?post=4240"},{"taxonomy":"product_cat","embeddable":true,"href":"https:\/\/govalf.com\/fr\/wp-json\/wp\/v2\/product_cat?post=4240"},{"taxonomy":"product_tag","embeddable":true,"href":"https:\/\/govalf.com\/fr\/wp-json\/wp\/v2\/product_tag?post=4240"}],"curies":[{"name":"wp","href":"https:\/\/api.w.org\/{rel}","templated":true}]}}