{"id":4243,"date":"2022-03-05T08:09:07","date_gmt":"2022-03-22T11:12:00","guid":{"rendered":"https:\/\/govalf.com\/product\/arroseur-pendant\/"},"modified":"2022-06-22T06:08:11","modified_gmt":"2022-06-22T06:08:11","slug":"arroseur-pendant","status":"publish","type":"product","link":"https:\/\/govalf.com\/fr\/product\/arroseur-pendant\/","title":{"rendered":"Pendent Sprinkler"},"content":{"rendered":"<h1><\/h1>\n<p>Les gicleurs pendants sont les syst\u00e8mes qui d\u00e9marrent le syst\u00e8me d&rsquo;alarme et effectuent la premi\u00e8re intervention en cas d&rsquo;incendie \u00e9ventuel. La t\u00e2che de base de tous les \u00e9quipements produits dans diff\u00e9rentes tailles et longueurs est la m\u00eame. Comme il dispose d&rsquo;un syst\u00e8me sp\u00e9cial, le syst\u00e8me est activ\u00e9 lors d&rsquo;un incendie. En emp\u00eachant la propagation du feu, la s\u00e9curit\u00e9 des personnes et des biens est assur\u00e9e.<\/p>\n<p>Les gicleurs, qui sont \u00e9valu\u00e9s dans les \u00e9quipements d&rsquo;incendie, ont deux types diff\u00e9rents. Les gicleurs humides retiennent le liquide dans l&rsquo;ensemble. De cette fa\u00e7on, en cas d&rsquo;incendie \u00e9ventuel, la croissance du feu est emp\u00each\u00e9e jusqu&rsquo;\u00e0 ce qu&rsquo;une intervention professionnelle soit effectu\u00e9e. Ses caract\u00e9ristiques innovantes et son syst\u00e8me technologique ont fait du sprinkler l&rsquo;un des produits les plus appr\u00e9ci\u00e9s dans le syst\u00e8me d&rsquo;extinction d&rsquo;incendie.<\/p>\n<p>Qu&rsquo;est-ce qu&rsquo;un arroseur suspendu et \u00e0 quoi sert-il ?<\/p>\n<p>Les gicleurs suspendus, qui sont suspendus aux tuyaux au-dessus du plafond et ont une place particuli\u00e8re dans les \u00e9quipements d&rsquo;incendie, sont les produits qui effectuent la premi\u00e8re r\u00e9ponse au feu en cas d&rsquo;incendie \u00e9ventuel. Il existe des arroseurs avec diff\u00e9rentes tailles de trous et caract\u00e9ristiques de pulv\u00e9risation. Les gicleurs, qui sont g\u00e9n\u00e9ralement pr\u00e9f\u00e9r\u00e9s dans les plafonds suspendus, comprennent g\u00e9n\u00e9ralement les caract\u00e9ristiques suivantes\u00a0:<\/p>\n<ul>\n<li>Offert en deux cat\u00e9gories, arroseurs humides et secs.<\/li>\n<li>Il dispose d&rsquo;un syst\u00e8me innovant, effectue la premi\u00e8re intervention lors d&rsquo;un incendie.<\/li>\n<li>Le liquide dans le tube de verre est bris\u00e9 lors d&rsquo;un incendie.<\/li>\n<li>Un syst\u00e8me avanc\u00e9 est utilis\u00e9 pour pulv\u00e9riser de l&rsquo;eau sous pression autour.<\/li>\n<li>Gr\u00e2ce \u00e0 ses rev\u00eatements, une r\u00e9sistance \u00e0 la corrosion est assur\u00e9e.<\/li>\n<li>Il a des anneaux appel\u00e9s rosettes.<\/li>\n<\/ul>\n<p>Chacune des caract\u00e9ristiques sp\u00e9cifi\u00e9es permet d&rsquo;utiliser des gicleurs dans les \u00e9quipements d&rsquo;incendie dans de nombreux domaines. Chacune de ses caract\u00e9ristiques garantit une utilisation s\u00fbre du produit.<\/p>\n<p>Qu&rsquo;est-ce qu&rsquo;un arroseur suspendu ?<\/p>\n<p>Les syst\u00e8mes d&rsquo;extinction d&rsquo;incendie sont importants pour prot\u00e9ger la s\u00e9curit\u00e9 des personnes et des biens. Pour cette raison, l&rsquo;utilisation de chaque produit du syst\u00e8me est n\u00e9cessaire pour une r\u00e9ponse efficace au feu. L&rsquo;arroseur pendant est l&rsquo;un de ces produits. Les gicleurs, qui sont g\u00e9n\u00e9ralement utilis\u00e9s dans les plafonds suspendus, disposent d&rsquo;un r\u00e9seau de canalisations sp\u00e9cialement con\u00e7u.<\/p>\n<p>Le r\u00e9seau de canalisations est plac\u00e9 dans la zone pour couvrir la zone \u00e0 utiliser. La cloison en verre du produit a une fonction d&rsquo;\u00e9tanch\u00e9it\u00e9. Le liquide dans le tube de verre est lib\u00e9r\u00e9 par aspersion avec le bris du verre lors de l&rsquo;incendie. G\u00e9n\u00e9ralement, il a une puissance de pulv\u00e9risation de 6 m\u00e8tres de large. De cette fa\u00e7on, une grande zone est intervenue.<\/p>\n<p>Que fait l&rsquo;arroseur pendant ?<\/p>\n<p>Pandent Sprinkler est l&rsquo;un des \u00e9quipements d&rsquo;extinction d&rsquo;incendie aux fonctionnalit\u00e9s innovantes. Il comprend des fonctionnalit\u00e9s qui garantissent une utilisation s\u00fbre et facile. Con\u00e7u avec diff\u00e9rents mod\u00e8les et couleurs, l&rsquo;arroseur est un produit utilis\u00e9 dans les espaces couverts de plafonds suspendus. L&rsquo;arroseur, qui s&rsquo;utilise avec sa rosace, attire l&rsquo;attention par son aspect esth\u00e9tique.<\/p>\n<p>Il est \u00e9galement possible de consid\u00e9rer le syst\u00e8me de gicleurs, qui \u00e9teint 95 % des incendies, comme une alarme incendie. Par cons\u00e9quent, il est possible de dire qu&rsquo;ils sont utilis\u00e9s dans la plupart des b\u00e2timents. Le principe de fonctionnement de base peut \u00eatre r\u00e9sum\u00e9 comme l&rsquo;explosion du tube de verre lors d&rsquo;un incendie et la propagation du liquide qu&rsquo;il contient sur une grande surface. Gr\u00e2ce \u00e0 la fourniture d&rsquo;un \u00e9coulement de liquide sur l&rsquo;appareil, l&rsquo;incendie peut \u00eatre intervenu en temps opportun.<\/p>\n<p>O\u00f9 l&rsquo;arroseur suspendu est-il utilis\u00e9\u00a0?<\/p>\n<p>L&rsquo;arroseur suspendu est l&rsquo;un des syst\u00e8mes d&rsquo;incendie avec une large zone d&rsquo;utilisation. Le produit, qui est pr\u00e9f\u00e9r\u00e9 dans diff\u00e9rents domaines tels que les r\u00e9sidences, les bureaux et les magasins, est utilis\u00e9 dans les plafonds suspendus. Il est connu que le syst\u00e8me, qui doit \u00eatre utilis\u00e9 dans les zones o\u00f9 la tuyauterie est cach\u00e9e, contient des caract\u00e9ristiques innovantes.<\/p>\n<p>Le syst\u00e8me, qui attire l&rsquo;attention par sa conception qui permet une utilisation en toute s\u00e9curit\u00e9, fournit un d\u00e9bit de liquide instantan\u00e9 en cas d&rsquo;incendie \u00e9ventuel. Ainsi, le feu est emp\u00each\u00e9 de se d\u00e9velopper en intervenant en temps opportun. Bien qu&rsquo;il existe des arroseurs de diff\u00e9rents mod\u00e8les et caract\u00e9ristiques, on peut dire que le principe de fonctionnement de base est le m\u00eame pour tous. Il est \u00e9galement facile \u00e0 assembler. On sait qu&rsquo;il se d\u00e9marque parmi les \u00e9quipements incendie par sa facilit\u00e9 d&rsquo;utilisation.<\/p>\n","protected":false},"excerpt":{"rendered":"<p>Les gicleurs pendants sont les syst\u00e8mes qui d\u00e9marrent le syst\u00e8me d&rsquo;alarme et effectuent la premi\u00e8re intervention en cas d&rsquo;incendie \u00e9ventuel. La t\u00e2che de base de tous les \u00e9quipements produits dans diff\u00e9rentes tailles et longueurs est la m\u00eame. Comme il dispose d&rsquo;un syst\u00e8me sp\u00e9cial, le syst\u00e8me est activ\u00e9 lors d&rsquo;un incendie. En emp\u00eachant la propagation du [&hellip;]<\/p>\n","protected":false},"featured_media":3543,"comment_status":"open","ping_status":"closed","template":"","meta":{"_acf_changed":false},"product_brand":[],"product_cat":[118],"product_tag":[],"class_list":{"0":"post-4243","1":"product","2":"type-product","3":"status-publish","4":"has-post-thumbnail","6":"product_cat-equipement-dincendie","8":"first","9":"instock","10":"shipping-taxable","11":"purchasable","12":"product-type-simple"},"acf":[],"yoast_head":"<!-- This site is optimized with the Yoast SEO plugin v27.4 - https:\/\/yoast.com\/product\/yoast-seo-wordpress\/ -->\n<title>Pendent Sprinkler - Go Valf Vana ve Pompa Sistemleri<\/title>\n<meta name=\"robots\" content=\"index, follow, max-snippet:-1, max-image-preview:large, max-video-preview:-1\" \/>\n<link rel=\"canonical\" href=\"https:\/\/govalf.com\/fr\/product\/arroseur-pendant\/\" \/>\n<meta property=\"og:locale\" content=\"fr_FR\" \/>\n<meta property=\"og:type\" content=\"article\" \/>\n<meta property=\"og:title\" content=\"Pendent Sprinkler - Go Valf Vana ve Pompa Sistemleri\" \/>\n<meta property=\"og:description\" content=\"Les gicleurs pendants sont les syst\u00e8mes qui d\u00e9marrent le syst\u00e8me d&rsquo;alarme et effectuent la premi\u00e8re intervention en cas d&rsquo;incendie \u00e9ventuel. La t\u00e2che de base de tous les \u00e9quipements produits dans diff\u00e9rentes tailles et longueurs est la m\u00eame. Comme il dispose d&rsquo;un syst\u00e8me sp\u00e9cial, le syst\u00e8me est activ\u00e9 lors d&rsquo;un incendie. En emp\u00eachant la propagation du [&hellip;]\" \/>\n<meta property=\"og:url\" content=\"https:\/\/govalf.com\/fr\/product\/arroseur-pendant\/\" \/>\n<meta property=\"og:site_name\" content=\"Go Valf Vana ve Pompa Sistemleri\" \/>\n<meta property=\"article:modified_time\" content=\"2022-06-22T06:08:11+00:00\" \/>\n<meta property=\"og:image\" content=\"https:\/\/govalf.com\/wp-content\/uploads\/2022\/03\/PENDENT-SPRI\u0307NKLER-1024x1024.png\" \/>\n\t<meta property=\"og:image:width\" content=\"1024\" \/>\n\t<meta property=\"og:image:height\" content=\"1024\" \/>\n\t<meta property=\"og:image:type\" content=\"image\/png\" \/>\n<meta name=\"twitter:card\" content=\"summary_large_image\" \/>\n<meta name=\"twitter:label1\" content=\"Dur\u00e9e de lecture estim\u00e9e\" \/>\n\t<meta name=\"twitter:data1\" content=\"1 minute\" \/>\n<script type=\"application\/ld+json\" class=\"yoast-schema-graph\">{\"@context\":\"https:\\\/\\\/schema.org\",\"@graph\":[{\"@type\":\"WebPage\",\"@id\":\"https:\\\/\\\/govalf.com\\\/fr\\\/product\\\/arroseur-pendant\\\/\",\"url\":\"https:\\\/\\\/govalf.com\\\/fr\\\/product\\\/arroseur-pendant\\\/\",\"name\":\"Pendent Sprinkler - Go Valf Vana ve Pompa Sistemleri\",\"isPartOf\":{\"@id\":\"http:\\\/\\\/govalf.com\\\/ru\\\/#website\"},\"primaryImageOfPage\":{\"@id\":\"https:\\\/\\\/govalf.com\\\/fr\\\/product\\\/arroseur-pendant\\\/#primaryimage\"},\"image\":{\"@id\":\"https:\\\/\\\/govalf.com\\\/fr\\\/product\\\/arroseur-pendant\\\/#primaryimage\"},\"thumbnailUrl\":\"https:\\\/\\\/govalf.com\\\/wp-content\\\/uploads\\\/2022\\\/03\\\/PENDENT-SPRI\u0307NKLER.png\",\"datePublished\":\"2022-03-22T11:12:00+00:00\",\"dateModified\":\"2022-06-22T06:08:11+00:00\",\"breadcrumb\":{\"@id\":\"https:\\\/\\\/govalf.com\\\/fr\\\/product\\\/arroseur-pendant\\\/#breadcrumb\"},\"inLanguage\":\"fr-FR\",\"potentialAction\":[{\"@type\":\"ReadAction\",\"target\":[\"https:\\\/\\\/govalf.com\\\/fr\\\/product\\\/arroseur-pendant\\\/\"]}]},{\"@type\":\"ImageObject\",\"inLanguage\":\"fr-FR\",\"@id\":\"https:\\\/\\\/govalf.com\\\/fr\\\/product\\\/arroseur-pendant\\\/#primaryimage\",\"url\":\"https:\\\/\\\/govalf.com\\\/wp-content\\\/uploads\\\/2022\\\/03\\\/PENDENT-SPRI\u0307NKLER.png\",\"contentUrl\":\"https:\\\/\\\/govalf.com\\\/wp-content\\\/uploads\\\/2022\\\/03\\\/PENDENT-SPRI\u0307NKLER.png\",\"width\":5000,\"height\":5000,\"caption\":\"Pendent Sprinkler\"},{\"@type\":\"BreadcrumbList\",\"@id\":\"https:\\\/\\\/govalf.com\\\/fr\\\/product\\\/arroseur-pendant\\\/#breadcrumb\",\"itemListElement\":[{\"@type\":\"ListItem\",\"position\":1,\"name\":\"Anasayfa\",\"item\":\"http:\\\/\\\/govalf.com\\\/fr\\\/\"},{\"@type\":\"ListItem\",\"position\":2,\"name\":\"Products\",\"item\":\"http:\\\/\\\/govalf.com\\\/fr\\\/des-produits\\\/\"},{\"@type\":\"ListItem\",\"position\":3,\"name\":\"Pendent Sprinkler\"}]},{\"@type\":\"WebSite\",\"@id\":\"http:\\\/\\\/govalf.com\\\/ru\\\/#website\",\"url\":\"http:\\\/\\\/govalf.com\\\/ru\\\/\",\"name\":\"Go Valf Vana ve Pompa Sistemleri\",\"description\":\"Yang\u0131n S\u00f6nd\u00fcrme Sistemleri ve Ekipmanlar\u0131\",\"publisher\":{\"@id\":\"http:\\\/\\\/govalf.com\\\/ru\\\/#organization\"},\"potentialAction\":[{\"@type\":\"SearchAction\",\"target\":{\"@type\":\"EntryPoint\",\"urlTemplate\":\"http:\\\/\\\/govalf.com\\\/ru\\\/?s={search_term_string}\"},\"query-input\":{\"@type\":\"PropertyValueSpecification\",\"valueRequired\":true,\"valueName\":\"search_term_string\"}}],\"inLanguage\":\"fr-FR\"},{\"@type\":\"Organization\",\"@id\":\"http:\\\/\\\/govalf.com\\\/ru\\\/#organization\",\"name\":\"Go Valf\",\"url\":\"http:\\\/\\\/govalf.com\\\/ru\\\/\",\"logo\":{\"@type\":\"ImageObject\",\"inLanguage\":\"fr-FR\",\"@id\":\"http:\\\/\\\/govalf.com\\\/ru\\\/#\\\/schema\\\/logo\\\/image\\\/\",\"url\":\"https:\\\/\\\/govalf.com\\\/wp-content\\\/uploads\\\/2022\\\/02\\\/go-valf-logo.png\",\"contentUrl\":\"https:\\\/\\\/govalf.com\\\/wp-content\\\/uploads\\\/2022\\\/02\\\/go-valf-logo.png\",\"width\":504,\"height\":120,\"caption\":\"Go Valf\"},\"image\":{\"@id\":\"http:\\\/\\\/govalf.com\\\/ru\\\/#\\\/schema\\\/logo\\\/image\\\/\"}}]}<\/script>\n<!-- \/ Yoast SEO plugin. -->","yoast_head_json":{"title":"Pendent Sprinkler - Go Valf Vana ve Pompa Sistemleri","robots":{"index":"index","follow":"follow","max-snippet":"max-snippet:-1","max-image-preview":"max-image-preview:large","max-video-preview":"max-video-preview:-1"},"canonical":"https:\/\/govalf.com\/fr\/product\/arroseur-pendant\/","og_locale":"fr_FR","og_type":"article","og_title":"Pendent Sprinkler - Go Valf Vana ve Pompa Sistemleri","og_description":"Les gicleurs pendants sont les syst\u00e8mes qui d\u00e9marrent le syst\u00e8me d&rsquo;alarme et effectuent la premi\u00e8re intervention en cas d&rsquo;incendie \u00e9ventuel. La t\u00e2che de base de tous les \u00e9quipements produits dans diff\u00e9rentes tailles et longueurs est la m\u00eame. Comme il dispose d&rsquo;un syst\u00e8me sp\u00e9cial, le syst\u00e8me est activ\u00e9 lors d&rsquo;un incendie. En emp\u00eachant la propagation du [&hellip;]","og_url":"https:\/\/govalf.com\/fr\/product\/arroseur-pendant\/","og_site_name":"Go Valf Vana ve Pompa Sistemleri","article_modified_time":"2022-06-22T06:08:11+00:00","og_image":[{"width":1024,"height":1024,"url":"https:\/\/govalf.com\/wp-content\/uploads\/2022\/03\/PENDENT-SPRI\u0307NKLER-1024x1024.png","type":"image\/png"}],"twitter_card":"summary_large_image","twitter_misc":{"Dur\u00e9e de lecture estim\u00e9e":"1 minute"},"schema":{"@context":"https:\/\/schema.org","@graph":[{"@type":"WebPage","@id":"https:\/\/govalf.com\/fr\/product\/arroseur-pendant\/","url":"https:\/\/govalf.com\/fr\/product\/arroseur-pendant\/","name":"Pendent Sprinkler - Go Valf Vana ve Pompa Sistemleri","isPartOf":{"@id":"http:\/\/govalf.com\/ru\/#website"},"primaryImageOfPage":{"@id":"https:\/\/govalf.com\/fr\/product\/arroseur-pendant\/#primaryimage"},"image":{"@id":"https:\/\/govalf.com\/fr\/product\/arroseur-pendant\/#primaryimage"},"thumbnailUrl":"https:\/\/govalf.com\/wp-content\/uploads\/2022\/03\/PENDENT-SPRI\u0307NKLER.png","datePublished":"2022-03-22T11:12:00+00:00","dateModified":"2022-06-22T06:08:11+00:00","breadcrumb":{"@id":"https:\/\/govalf.com\/fr\/product\/arroseur-pendant\/#breadcrumb"},"inLanguage":"fr-FR","potentialAction":[{"@type":"ReadAction","target":["https:\/\/govalf.com\/fr\/product\/arroseur-pendant\/"]}]},{"@type":"ImageObject","inLanguage":"fr-FR","@id":"https:\/\/govalf.com\/fr\/product\/arroseur-pendant\/#primaryimage","url":"https:\/\/govalf.com\/wp-content\/uploads\/2022\/03\/PENDENT-SPRI\u0307NKLER.png","contentUrl":"https:\/\/govalf.com\/wp-content\/uploads\/2022\/03\/PENDENT-SPRI\u0307NKLER.png","width":5000,"height":5000,"caption":"Pendent Sprinkler"},{"@type":"BreadcrumbList","@id":"https:\/\/govalf.com\/fr\/product\/arroseur-pendant\/#breadcrumb","itemListElement":[{"@type":"ListItem","position":1,"name":"Anasayfa","item":"http:\/\/govalf.com\/fr\/"},{"@type":"ListItem","position":2,"name":"Products","item":"http:\/\/govalf.com\/fr\/des-produits\/"},{"@type":"ListItem","position":3,"name":"Pendent Sprinkler"}]},{"@type":"WebSite","@id":"http:\/\/govalf.com\/ru\/#website","url":"http:\/\/govalf.com\/ru\/","name":"Go Valf Vana ve Pompa Sistemleri","description":"Yang\u0131n S\u00f6nd\u00fcrme Sistemleri ve Ekipmanlar\u0131","publisher":{"@id":"http:\/\/govalf.com\/ru\/#organization"},"potentialAction":[{"@type":"SearchAction","target":{"@type":"EntryPoint","urlTemplate":"http:\/\/govalf.com\/ru\/?s={search_term_string}"},"query-input":{"@type":"PropertyValueSpecification","valueRequired":true,"valueName":"search_term_string"}}],"inLanguage":"fr-FR"},{"@type":"Organization","@id":"http:\/\/govalf.com\/ru\/#organization","name":"Go Valf","url":"http:\/\/govalf.com\/ru\/","logo":{"@type":"ImageObject","inLanguage":"fr-FR","@id":"http:\/\/govalf.com\/ru\/#\/schema\/logo\/image\/","url":"https:\/\/govalf.com\/wp-content\/uploads\/2022\/02\/go-valf-logo.png","contentUrl":"https:\/\/govalf.com\/wp-content\/uploads\/2022\/02\/go-valf-logo.png","width":504,"height":120,"caption":"Go Valf"},"image":{"@id":"http:\/\/govalf.com\/ru\/#\/schema\/logo\/image\/"}}]}},"_links":{"self":[{"href":"https:\/\/govalf.com\/fr\/wp-json\/wp\/v2\/product\/4243","targetHints":{"allow":["GET"]}}],"collection":[{"href":"https:\/\/govalf.com\/fr\/wp-json\/wp\/v2\/product"}],"about":[{"href":"https:\/\/govalf.com\/fr\/wp-json\/wp\/v2\/types\/product"}],"replies":[{"embeddable":true,"href":"https:\/\/govalf.com\/fr\/wp-json\/wp\/v2\/comments?post=4243"}],"wp:featuredmedia":[{"embeddable":true,"href":"https:\/\/govalf.com\/fr\/wp-json\/wp\/v2\/media\/3543"}],"wp:attachment":[{"href":"https:\/\/govalf.com\/fr\/wp-json\/wp\/v2\/media?parent=4243"}],"wp:term":[{"taxonomy":"product_brand","embeddable":true,"href":"https:\/\/govalf.com\/fr\/wp-json\/wp\/v2\/product_brand?post=4243"},{"taxonomy":"product_cat","embeddable":true,"href":"https:\/\/govalf.com\/fr\/wp-json\/wp\/v2\/product_cat?post=4243"},{"taxonomy":"product_tag","embeddable":true,"href":"https:\/\/govalf.com\/fr\/wp-json\/wp\/v2\/product_tag?post=4243"}],"curies":[{"name":"wp","href":"https:\/\/api.w.org\/{rel}","templated":true}]}}