{"id":4362,"date":"2022-02-17T18:56:25","date_gmt":"2022-03-22T13:12:32","guid":{"rendered":"https:\/\/govalf.com\/product\/interrupteur-de-debit\/"},"modified":"2022-06-22T06:55:16","modified_gmt":"2022-06-22T06:55:16","slug":"interrupteur-de-debit","status":"publish","type":"product","link":"https:\/\/govalf.com\/fr\/product\/interrupteur-de-debit\/","title":{"rendered":"Interrupteur De D\u00e9bit"},"content":{"rendered":"<p><strong>Interrupteur de d\u00e9bit<\/strong><\/p>\n<p>L&rsquo;interrupteur de d\u00e9bit est un type d&rsquo;interrupteur utilis\u00e9 dans les syst\u00e8mes d&rsquo;extinction d&rsquo;incendie sous eau. La t\u00e2che du commutateur de d\u00e9bit, qui a une fonction tr\u00e8s critique, dans le syst\u00e8me est de d\u00e9tecter l&rsquo;incendie local en recevant les informations d&rsquo;alarme incendie. Par cons\u00e9quent, on peut dire que les interrupteurs de d\u00e9bit ont une fonction tr\u00e8s vitale dans le syst\u00e8me de gicleurs. Les interrupteurs de d\u00e9bit jouent un r\u00f4le important dans la d\u00e9termination du point de feu. La cl\u00e9, qui d\u00e9tecte dans quelle r\u00e9gion se situe le feu, assure que la premi\u00e8re intervention a lieu dans cette r\u00e9gion. Le m\u00e9canisme en forme de feuille \u00e0 l&rsquo;extr\u00e9mit\u00e9 des interrupteurs de d\u00e9bit permet de monter l&rsquo;interrupteur de deux mani\u00e8res diff\u00e9rentes. Si vous le souhaitez, il est possible de monter les d\u00e9bitm\u00e8tres en position horizontale ou verticale.<\/p>\n<p><strong>Qu&rsquo;est-ce qu&rsquo;un Flow Switch et \u00e0 quoi sert-il ?<\/strong><\/p>\n<p>Le commutateur de d\u00e9bit est le composant le plus important des syst\u00e8mes d&rsquo;extinction d&rsquo;incendie \u00e0 conduite humide, appel\u00e9s commutateurs de d\u00e9bit. Le contr\u00f4leur de d\u00e9bit, qui peut transmettre des signaux \u00e9lectriques, est le m\u00e9canisme qui d\u00e9clenche l&rsquo;intervention incendie en agissant conform\u00e9ment \u00e0 la destination de l&rsquo;ensemble de l&rsquo;installation. Les interrupteurs de d\u00e9bit, qui ont un principe de fonctionnement sp\u00e9cial, emp\u00eachent \u00e9galement d&rsquo;\u00e9ventuelles fausses alarmes pouvant survenir dans le syst\u00e8me d&rsquo;incendie.<\/p>\n<p>Les interrupteurs de d\u00e9bit disposent \u00e9galement d&rsquo;un m\u00e9canisme de surveillance sp\u00e9cial pour \u00e9viter les fausses alarmes. Gr\u00e2ce \u00e0 ce m\u00e9canisme, d&rsquo;\u00e9ventuelles fausses alarmes peuvent \u00eatre d\u00e9tect\u00e9es dans un d\u00e9lai de 80 \u00e0 90 secondes. Les contr\u00f4leurs de d\u00e9bit, qui disposent \u00e9galement d&rsquo;une minuterie, se distinguent par leur \u00e9quipement qui emp\u00eache les fausses alarmes.<\/p>\n<p><strong>Qu&rsquo;est-ce qu&rsquo;un Flow Switch ?<\/strong><\/p>\n<p>Les interrupteurs de d\u00e9bit sont les interrupteurs qui transmettent des informations sur le d\u00e9bit d&rsquo;eau au centre lorsqu&rsquo;un gicleur est activ\u00e9 dans l&rsquo;installation de gicleurs. Ainsi, il fournit non seulement la premi\u00e8re r\u00e9ponse \u00e0 l&rsquo;incendie, mais active \u00e9galement l&rsquo;installation. Le principe de fonctionnement du contr\u00f4leur de d\u00e9bit repose sur l&rsquo;utilisation la plus saine des composants dans l&rsquo;ensemble du syst\u00e8me de gicleurs.<\/p>\n<p>Le contr\u00f4leur de d\u00e9bit fournit des informations sur le d\u00e9bit d&rsquo;eau \u00e0 la suite de l&rsquo;explosion de l&rsquo;eau stagnante dans le syst\u00e8me en cas d&rsquo;incendie \u00e9ventuel. Ces informations peuvent provenir de diff\u00e9rentes installations de gicleurs. Par cons\u00e9quent, il est vital que le syst\u00e8me sache de quelle zone ou unit\u00e9 provient l&rsquo;information sur l&rsquo;\u00e9clatement du gicleur. L&rsquo;interrupteur de d\u00e9bit d\u00e9tecte dans quelle zone l&rsquo;incendie s&rsquo;est produit et notifie le syst\u00e8me avec les informations qu&rsquo;il envoie \u00e9lectriquement.<\/p>\n<p><strong>Que fait Flow Switch ?<\/strong><\/p>\n<p>Le Flow Switch a une fonction sp\u00e9ciale dans les syst\u00e8mes d&rsquo;extinction d&rsquo;incendie sous eau pour assurer le bon fonctionnement de l&rsquo;installation. La fonction la plus importante du contr\u00f4leur de d\u00e9bit est de d\u00e9terminer o\u00f9 l&rsquo;incendie s&rsquo;est produit pendant l&rsquo;incendie et de le transmettre au syst\u00e8me. Ainsi, il garantit que le syst\u00e8me fonctionne de mani\u00e8re saine et efficace.<\/p>\n<p>Les interrupteurs de d\u00e9bit peuvent \u00eatre mont\u00e9s horizontalement ou verticalement. Le processus d&rsquo;assemblage des interrupteurs de d\u00e9bit doit absolument \u00eatre effectu\u00e9 par des personnes exp\u00e9riment\u00e9es et expertes dans ce domaine. Sinon, de graves probl\u00e8mes peuvent survenir concernant le fonctionnement du syst\u00e8me de gicleurs au moment appropri\u00e9, et l&rsquo;ensemble de la t\u00e2che du syst\u00e8me peut \u00eatre d\u00e9sactiv\u00e9.<\/p>\n<p><strong>O\u00f9 est utilis\u00e9 le commutateur de d\u00e9bit\u00a0?<\/strong><\/p>\n<p>L&rsquo;interrupteur de d\u00e9bit est utilis\u00e9 dans les syst\u00e8mes d&rsquo;extinction d&rsquo;incendie sous eau comme sp\u00e9cifi\u00e9. Les d\u00e9bitm\u00e8tres sont disponibles en diff\u00e9rents mod\u00e8les et diam\u00e8tres. Par cons\u00e9quent, il est possible de pr\u00e9f\u00e9rer les contr\u00f4leurs de d\u00e9bit dans diff\u00e9rentes normes en fonction de leurs mod\u00e8les et diam\u00e8tres dans les syst\u00e8mes de conduites sous eau. Pour que le contr\u00f4leur de d\u00e9bit fonctionne correctement dans le syst\u00e8me, il doit \u00eatre correctement connect\u00e9.<\/p>\n<p>Le raccordement \u00e9lectrique doit \u00e9galement \u00eatre effectu\u00e9 dans les travaux de montage et de fixation qui doivent \u00eatre effectu\u00e9s par des experts dans le domaine. Des pr\u00e9cautions doivent \u00eatre prises dans l&rsquo;entretien des syst\u00e8mes de gicleurs contre les risques d&rsquo;incendie possibles. En plus des travaux de maintenance de routine, tous les probl\u00e8mes qui surviennent dans le syst\u00e8me doivent \u00eatre r\u00e9par\u00e9s d\u00e8s que possible. Comme pour chaque partie du syst\u00e8me, les interrupteurs de d\u00e9bit doivent \u00eatre suivis attentivement pendant le processus de maintenance et de r\u00e9paration.<\/p>\n","protected":false},"excerpt":{"rendered":"<p>Interrupteur de d\u00e9bit L&rsquo;interrupteur de d\u00e9bit est un type d&rsquo;interrupteur utilis\u00e9 dans les syst\u00e8mes d&rsquo;extinction d&rsquo;incendie sous eau. La t\u00e2che du commutateur de d\u00e9bit, qui a une fonction tr\u00e8s critique, dans le syst\u00e8me est de d\u00e9tecter l&rsquo;incendie local en recevant les informations d&rsquo;alarme incendie. Par cons\u00e9quent, on peut dire que les interrupteurs de d\u00e9bit ont [&hellip;]<\/p>\n","protected":false},"featured_media":5374,"comment_status":"closed","ping_status":"closed","template":"","meta":{"_acf_changed":false},"product_brand":[],"product_cat":[118],"product_tag":[],"class_list":{"0":"post-4362","1":"product","2":"type-product","3":"status-publish","4":"has-post-thumbnail","6":"product_cat-equipement-dincendie","8":"first","9":"instock","10":"shipping-taxable","11":"purchasable","12":"product-type-simple"},"acf":[],"yoast_head":"<!-- This site is optimized with the Yoast SEO plugin v27.4 - https:\/\/yoast.com\/product\/yoast-seo-wordpress\/ -->\n<title>Interrupteur De D\u00e9bit - Go Valf Vana ve Pompa Sistemleri<\/title>\n<meta name=\"robots\" content=\"index, follow, max-snippet:-1, max-image-preview:large, max-video-preview:-1\" \/>\n<link rel=\"canonical\" href=\"https:\/\/govalf.com\/fr\/product\/interrupteur-de-debit\/\" \/>\n<meta property=\"og:locale\" content=\"fr_FR\" \/>\n<meta property=\"og:type\" content=\"article\" \/>\n<meta property=\"og:title\" content=\"Interrupteur De D\u00e9bit - Go Valf Vana ve Pompa Sistemleri\" \/>\n<meta property=\"og:description\" content=\"Interrupteur de d\u00e9bit L&rsquo;interrupteur de d\u00e9bit est un type d&rsquo;interrupteur utilis\u00e9 dans les syst\u00e8mes d&rsquo;extinction d&rsquo;incendie sous eau. La t\u00e2che du commutateur de d\u00e9bit, qui a une fonction tr\u00e8s critique, dans le syst\u00e8me est de d\u00e9tecter l&rsquo;incendie local en recevant les informations d&rsquo;alarme incendie. Par cons\u00e9quent, on peut dire que les interrupteurs de d\u00e9bit ont [&hellip;]\" \/>\n<meta property=\"og:url\" content=\"https:\/\/govalf.com\/fr\/product\/interrupteur-de-debit\/\" \/>\n<meta property=\"og:site_name\" content=\"Go Valf Vana ve Pompa Sistemleri\" \/>\n<meta property=\"article:modified_time\" content=\"2022-06-22T06:55:16+00:00\" \/>\n<meta property=\"og:image\" content=\"https:\/\/govalf.com\/wp-content\/uploads\/2022\/03\/Interrupteur-de-de\u0301bit-scaled.webp\" \/>\n\t<meta property=\"og:image:width\" content=\"2560\" \/>\n\t<meta property=\"og:image:height\" content=\"2560\" \/>\n\t<meta property=\"og:image:type\" content=\"image\/webp\" \/>\n<meta name=\"twitter:card\" content=\"summary_large_image\" \/>\n<meta name=\"twitter:label1\" content=\"Dur\u00e9e de lecture estim\u00e9e\" \/>\n\t<meta name=\"twitter:data1\" content=\"1 minute\" \/>\n<script type=\"application\/ld+json\" class=\"yoast-schema-graph\">{\"@context\":\"https:\\\/\\\/schema.org\",\"@graph\":[{\"@type\":\"WebPage\",\"@id\":\"https:\\\/\\\/govalf.com\\\/fr\\\/product\\\/interrupteur-de-debit\\\/\",\"url\":\"https:\\\/\\\/govalf.com\\\/fr\\\/product\\\/interrupteur-de-debit\\\/\",\"name\":\"Interrupteur De D\u00e9bit - Go Valf Vana ve Pompa Sistemleri\",\"isPartOf\":{\"@id\":\"http:\\\/\\\/govalf.com\\\/ru\\\/#website\"},\"primaryImageOfPage\":{\"@id\":\"https:\\\/\\\/govalf.com\\\/fr\\\/product\\\/interrupteur-de-debit\\\/#primaryimage\"},\"image\":{\"@id\":\"https:\\\/\\\/govalf.com\\\/fr\\\/product\\\/interrupteur-de-debit\\\/#primaryimage\"},\"thumbnailUrl\":\"https:\\\/\\\/govalf.com\\\/wp-content\\\/uploads\\\/2022\\\/03\\\/Interrupteur-de-de\u0301bit-scaled.webp\",\"datePublished\":\"2022-03-22T13:12:32+00:00\",\"dateModified\":\"2022-06-22T06:55:16+00:00\",\"breadcrumb\":{\"@id\":\"https:\\\/\\\/govalf.com\\\/fr\\\/product\\\/interrupteur-de-debit\\\/#breadcrumb\"},\"inLanguage\":\"fr-FR\",\"potentialAction\":[{\"@type\":\"ReadAction\",\"target\":[\"https:\\\/\\\/govalf.com\\\/fr\\\/product\\\/interrupteur-de-debit\\\/\"]}]},{\"@type\":\"ImageObject\",\"inLanguage\":\"fr-FR\",\"@id\":\"https:\\\/\\\/govalf.com\\\/fr\\\/product\\\/interrupteur-de-debit\\\/#primaryimage\",\"url\":\"https:\\\/\\\/govalf.com\\\/wp-content\\\/uploads\\\/2022\\\/03\\\/Interrupteur-de-de\u0301bit-scaled.webp\",\"contentUrl\":\"https:\\\/\\\/govalf.com\\\/wp-content\\\/uploads\\\/2022\\\/03\\\/Interrupteur-de-de\u0301bit-scaled.webp\",\"width\":2560,\"height\":2560,\"caption\":\"Interrupteur de de\u0301bit\"},{\"@type\":\"BreadcrumbList\",\"@id\":\"https:\\\/\\\/govalf.com\\\/fr\\\/product\\\/interrupteur-de-debit\\\/#breadcrumb\",\"itemListElement\":[{\"@type\":\"ListItem\",\"position\":1,\"name\":\"Anasayfa\",\"item\":\"http:\\\/\\\/govalf.com\\\/fr\\\/\"},{\"@type\":\"ListItem\",\"position\":2,\"name\":\"Products\",\"item\":\"http:\\\/\\\/govalf.com\\\/fr\\\/des-produits\\\/\"},{\"@type\":\"ListItem\",\"position\":3,\"name\":\"Interrupteur De D\u00e9bit\"}]},{\"@type\":\"WebSite\",\"@id\":\"http:\\\/\\\/govalf.com\\\/ru\\\/#website\",\"url\":\"http:\\\/\\\/govalf.com\\\/ru\\\/\",\"name\":\"Go Valf Vana ve Pompa Sistemleri\",\"description\":\"Yang\u0131n S\u00f6nd\u00fcrme Sistemleri ve Ekipmanlar\u0131\",\"publisher\":{\"@id\":\"http:\\\/\\\/govalf.com\\\/ru\\\/#organization\"},\"potentialAction\":[{\"@type\":\"SearchAction\",\"target\":{\"@type\":\"EntryPoint\",\"urlTemplate\":\"http:\\\/\\\/govalf.com\\\/ru\\\/?s={search_term_string}\"},\"query-input\":{\"@type\":\"PropertyValueSpecification\",\"valueRequired\":true,\"valueName\":\"search_term_string\"}}],\"inLanguage\":\"fr-FR\"},{\"@type\":\"Organization\",\"@id\":\"http:\\\/\\\/govalf.com\\\/ru\\\/#organization\",\"name\":\"Go Valf\",\"url\":\"http:\\\/\\\/govalf.com\\\/ru\\\/\",\"logo\":{\"@type\":\"ImageObject\",\"inLanguage\":\"fr-FR\",\"@id\":\"http:\\\/\\\/govalf.com\\\/ru\\\/#\\\/schema\\\/logo\\\/image\\\/\",\"url\":\"https:\\\/\\\/govalf.com\\\/wp-content\\\/uploads\\\/2022\\\/02\\\/go-valf-logo.png\",\"contentUrl\":\"https:\\\/\\\/govalf.com\\\/wp-content\\\/uploads\\\/2022\\\/02\\\/go-valf-logo.png\",\"width\":504,\"height\":120,\"caption\":\"Go Valf\"},\"image\":{\"@id\":\"http:\\\/\\\/govalf.com\\\/ru\\\/#\\\/schema\\\/logo\\\/image\\\/\"}}]}<\/script>\n<!-- \/ Yoast SEO plugin. -->","yoast_head_json":{"title":"Interrupteur De D\u00e9bit - Go Valf Vana ve Pompa Sistemleri","robots":{"index":"index","follow":"follow","max-snippet":"max-snippet:-1","max-image-preview":"max-image-preview:large","max-video-preview":"max-video-preview:-1"},"canonical":"https:\/\/govalf.com\/fr\/product\/interrupteur-de-debit\/","og_locale":"fr_FR","og_type":"article","og_title":"Interrupteur De D\u00e9bit - Go Valf Vana ve Pompa Sistemleri","og_description":"Interrupteur de d\u00e9bit L&rsquo;interrupteur de d\u00e9bit est un type d&rsquo;interrupteur utilis\u00e9 dans les syst\u00e8mes d&rsquo;extinction d&rsquo;incendie sous eau. La t\u00e2che du commutateur de d\u00e9bit, qui a une fonction tr\u00e8s critique, dans le syst\u00e8me est de d\u00e9tecter l&rsquo;incendie local en recevant les informations d&rsquo;alarme incendie. Par cons\u00e9quent, on peut dire que les interrupteurs de d\u00e9bit ont [&hellip;]","og_url":"https:\/\/govalf.com\/fr\/product\/interrupteur-de-debit\/","og_site_name":"Go Valf Vana ve Pompa Sistemleri","article_modified_time":"2022-06-22T06:55:16+00:00","og_image":[{"width":2560,"height":2560,"url":"https:\/\/govalf.com\/wp-content\/uploads\/2022\/03\/Interrupteur-de-de\u0301bit-scaled.webp","type":"image\/webp"}],"twitter_card":"summary_large_image","twitter_misc":{"Dur\u00e9e de lecture estim\u00e9e":"1 minute"},"schema":{"@context":"https:\/\/schema.org","@graph":[{"@type":"WebPage","@id":"https:\/\/govalf.com\/fr\/product\/interrupteur-de-debit\/","url":"https:\/\/govalf.com\/fr\/product\/interrupteur-de-debit\/","name":"Interrupteur De D\u00e9bit - Go Valf Vana ve Pompa Sistemleri","isPartOf":{"@id":"http:\/\/govalf.com\/ru\/#website"},"primaryImageOfPage":{"@id":"https:\/\/govalf.com\/fr\/product\/interrupteur-de-debit\/#primaryimage"},"image":{"@id":"https:\/\/govalf.com\/fr\/product\/interrupteur-de-debit\/#primaryimage"},"thumbnailUrl":"https:\/\/govalf.com\/wp-content\/uploads\/2022\/03\/Interrupteur-de-de\u0301bit-scaled.webp","datePublished":"2022-03-22T13:12:32+00:00","dateModified":"2022-06-22T06:55:16+00:00","breadcrumb":{"@id":"https:\/\/govalf.com\/fr\/product\/interrupteur-de-debit\/#breadcrumb"},"inLanguage":"fr-FR","potentialAction":[{"@type":"ReadAction","target":["https:\/\/govalf.com\/fr\/product\/interrupteur-de-debit\/"]}]},{"@type":"ImageObject","inLanguage":"fr-FR","@id":"https:\/\/govalf.com\/fr\/product\/interrupteur-de-debit\/#primaryimage","url":"https:\/\/govalf.com\/wp-content\/uploads\/2022\/03\/Interrupteur-de-de\u0301bit-scaled.webp","contentUrl":"https:\/\/govalf.com\/wp-content\/uploads\/2022\/03\/Interrupteur-de-de\u0301bit-scaled.webp","width":2560,"height":2560,"caption":"Interrupteur de de\u0301bit"},{"@type":"BreadcrumbList","@id":"https:\/\/govalf.com\/fr\/product\/interrupteur-de-debit\/#breadcrumb","itemListElement":[{"@type":"ListItem","position":1,"name":"Anasayfa","item":"http:\/\/govalf.com\/fr\/"},{"@type":"ListItem","position":2,"name":"Products","item":"http:\/\/govalf.com\/fr\/des-produits\/"},{"@type":"ListItem","position":3,"name":"Interrupteur De D\u00e9bit"}]},{"@type":"WebSite","@id":"http:\/\/govalf.com\/ru\/#website","url":"http:\/\/govalf.com\/ru\/","name":"Go Valf Vana ve Pompa Sistemleri","description":"Yang\u0131n S\u00f6nd\u00fcrme Sistemleri ve Ekipmanlar\u0131","publisher":{"@id":"http:\/\/govalf.com\/ru\/#organization"},"potentialAction":[{"@type":"SearchAction","target":{"@type":"EntryPoint","urlTemplate":"http:\/\/govalf.com\/ru\/?s={search_term_string}"},"query-input":{"@type":"PropertyValueSpecification","valueRequired":true,"valueName":"search_term_string"}}],"inLanguage":"fr-FR"},{"@type":"Organization","@id":"http:\/\/govalf.com\/ru\/#organization","name":"Go Valf","url":"http:\/\/govalf.com\/ru\/","logo":{"@type":"ImageObject","inLanguage":"fr-FR","@id":"http:\/\/govalf.com\/ru\/#\/schema\/logo\/image\/","url":"https:\/\/govalf.com\/wp-content\/uploads\/2022\/02\/go-valf-logo.png","contentUrl":"https:\/\/govalf.com\/wp-content\/uploads\/2022\/02\/go-valf-logo.png","width":504,"height":120,"caption":"Go Valf"},"image":{"@id":"http:\/\/govalf.com\/ru\/#\/schema\/logo\/image\/"}}]}},"_links":{"self":[{"href":"https:\/\/govalf.com\/fr\/wp-json\/wp\/v2\/product\/4362","targetHints":{"allow":["GET"]}}],"collection":[{"href":"https:\/\/govalf.com\/fr\/wp-json\/wp\/v2\/product"}],"about":[{"href":"https:\/\/govalf.com\/fr\/wp-json\/wp\/v2\/types\/product"}],"replies":[{"embeddable":true,"href":"https:\/\/govalf.com\/fr\/wp-json\/wp\/v2\/comments?post=4362"}],"wp:featuredmedia":[{"embeddable":true,"href":"https:\/\/govalf.com\/fr\/wp-json\/wp\/v2\/media\/5374"}],"wp:attachment":[{"href":"https:\/\/govalf.com\/fr\/wp-json\/wp\/v2\/media?parent=4362"}],"wp:term":[{"taxonomy":"product_brand","embeddable":true,"href":"https:\/\/govalf.com\/fr\/wp-json\/wp\/v2\/product_brand?post=4362"},{"taxonomy":"product_cat","embeddable":true,"href":"https:\/\/govalf.com\/fr\/wp-json\/wp\/v2\/product_cat?post=4362"},{"taxonomy":"product_tag","embeddable":true,"href":"https:\/\/govalf.com\/fr\/wp-json\/wp\/v2\/product_tag?post=4362"}],"curies":[{"name":"wp","href":"https:\/\/api.w.org\/{rel}","templated":true}]}}