{"id":4380,"date":"2022-02-17T18:52:09","date_gmt":"2022-03-22T13:34:08","guid":{"rendered":"https:\/\/govalf.com\/product\/soupape-dalarme-humide\/"},"modified":"2022-06-21T17:04:25","modified_gmt":"2022-06-21T17:04:25","slug":"soupape-dalarme-humide","status":"publish","type":"product","link":"https:\/\/govalf.com\/fr\/product\/soupape-dalarme-humide\/","title":{"rendered":"Soupape d&rsquo;alarme Humide"},"content":{"rendered":"<p>Soupape d&rsquo;alarme humide<\/p>\n<p>La vanne d&rsquo;alarme humide est un type de vanne de contr\u00f4le et est utilis\u00e9e dans les syst\u00e8mes de gicleurs sous eau pour activer les alarmes \u00e9lectriques et m\u00e9caniques ainsi que le d\u00e9bit d&rsquo;eau. La vanne d&rsquo;alarme, qui est utilis\u00e9e dans les applications humides o\u00f9 il n&rsquo;y a pas de risque de gel, pr\u00e9sente des caract\u00e9ristiques innovantes. Il y a de l&rsquo;eau sous pression dans le syst\u00e8me. Les gicleurs activ\u00e9s en cas d&rsquo;incendie d\u00e9chargent le syst\u00e8me.<\/p>\n<p>On peut dire qu&rsquo;ils s&rsquo;imposent comme l&rsquo;un des outils permettant une intervention pr\u00e9coce lors d&rsquo;un incendie. Le syst\u00e8me, qui donne une alarme m\u00e9canique avec l&rsquo;effet de l&rsquo;eau, est tr\u00e8s utile car il ne n\u00e9cessite pas d&rsquo;entretien m\u00e9canique. De plus, il a la capacit\u00e9 de produire une grande quantit\u00e9 de son. Il a un principe de fonctionnement tr\u00e8s simple et permet une utilisation \u00e0 long terme.<\/p>\n<h2>Qu&rsquo;est-ce qu&rsquo;une vanne d&rsquo;alarme humide et ce qu&rsquo;elle fait?<\/h2>\n<p>Wet Alarm Valve, qui poss\u00e8de des caract\u00e9ristiques innovantes et technologiques, est une sorte d&rsquo;\u00e9quipement d&rsquo;incendie. La soupape de commande, qui est con\u00e7ue pour \u00eatre utilis\u00e9e dans les extincteurs de type humide, permet une intervention pr\u00e9coce sur le feu gr\u00e2ce \u00e0 son principe de fonctionnement. En g\u00e9n\u00e9ral, cela fonctionne \u00e0 travers les \u00e9tapes qui peuvent \u00eatre \u00e9num\u00e9r\u00e9es comme suit:<\/p>\n<ul>\n<li>L&rsquo;eau sous pression est toujours fournie, et de plus, la chambre de retard est constamment remplie.<\/li>\n<li>Avec le remplissage de la cellule, le pressostat de la cellule se d\u00e9clenche et une progression syst\u00e9matique est r\u00e9alis\u00e9e.<\/li>\n<li>Il donne acc\u00e8s au gong \u00e0 eau avec le pressostat d\u00e9livrant l&rsquo;information d&rsquo;alarme \u00e0 l&rsquo;automatisme.<\/li>\n<li>Ensuite, le feu est intervenu en donnant une alarme m\u00e9canique.<\/li>\n<\/ul>\n<p>L&rsquo;eau sous pression dans la section de canalisation des extincteurs de type humide intervient syst\u00e9matiquement dans la zone d&rsquo;incendie d\u00e8s que le gicleur est activ\u00e9.<\/p>\n<h3>Qu&rsquo;est-ce qu&rsquo;une vanne d&rsquo;alarme humide?<\/h3>\n<p>Wet Alarm Valve est un syst\u00e8me qui donne une alarme en cas d&rsquo;incendie. Il fournit une alarme sonore et une intervention en cas d&rsquo;incendie. Le syst\u00e8me, qui comprend de nombreuses fonctionnalit\u00e9s, attire l&rsquo;attention avec les caract\u00e9ristiques suivantes:<\/p>\n<ul>\n<li>Le gong du moteur dans le syst\u00e8me avertit le syst\u00e8me en donnant une alarme m\u00e9canique avec l&rsquo;effet de l&rsquo;eau.<\/li>\n<li>Le temps de retard est utilis\u00e9 pour \u00e9viter les fausses alarmes, permettant \u00e0 l&rsquo;alarme de sonner au bon moment.<\/li>\n<li>La partie qui donne l&rsquo;information \u00e9lectrique \u00e0 l&rsquo;automatisme est le pressostat. Il a une fonction de d\u00e9tection sensible.<\/li>\n<\/ul>\n<p>Les vannes d&rsquo;alarme humides se trouvent dans les syst\u00e8mes d&rsquo;extinction d&rsquo;incendie de type humide. De tels syst\u00e8mes sont reli\u00e9s \u00e0 une source d&rsquo;eau. Il a un tuyau avec de l&rsquo;eau \u00e0 l&rsquo;int\u00e9rieur. Ainsi, au moment de l&rsquo;incendie, le gicleur est ouvert et l&rsquo;eau est transf\u00e9r\u00e9e dans l&rsquo;environnement. Comme il existe des vannes d&rsquo;alarme humides dans les syst\u00e8mes d&rsquo;extinction d&rsquo;incendie de type humide, le syst\u00e8me est activ\u00e9 en cas d&rsquo;incendie et une alarme sonore retentit.<\/p>\n<h3>Que fait une vanne d&rsquo;alarme humide?<\/h3>\n<p>Wet Alarm Valve, qui contribue \u00e0 \u00e9teindre l&rsquo;incendie avec son principe de fonctionnement de base, intervient dans les applications o\u00f9 il n&rsquo;y a pas de risque de gel. De telles vannes, qui font partie des syst\u00e8mes d&rsquo;extinction d&rsquo;incendie de type humide, donnent une alarme m\u00e9canique lorsque le syst\u00e8me est d\u00e9clench\u00e9 en cas d&rsquo;incendie.<\/p>\n<p>Ainsi, il emp\u00eache le feu de se d\u00e9velopper en fournissant une r\u00e9ponse rapide au feu. Bien qu&rsquo;il existe diff\u00e9rents mod\u00e8les, le principe de fonctionnement de base de chaque produit peut se r\u00e9sumer \u00e0 donner une alarme en cas d&rsquo;incendie. Ce produit, qui attire l&rsquo;attention gr\u00e2ce \u00e0 ses caract\u00e9ristiques, a \u00e9galement une large gamme d&rsquo;utilisations.<\/p>\n<h3>O\u00f9 utiliser la vanne d&rsquo;alarme humide?<\/h3>\n<p>Les vannes d&rsquo;alarme humides sont un produit pr\u00e9f\u00e9r\u00e9 dans les zones commerciales et r\u00e9sidentielles. C&rsquo;est une partie de l&rsquo;extincteur de type humide. Les extincteurs de type humide, qui sont g\u00e9n\u00e9ralement install\u00e9s dans des zones o\u00f9 il n&rsquo;y a pas d&rsquo;objets de valeur, donnent une alarme en cas d&rsquo;incendie gr\u00e2ce \u00e0 la Wet Alarm Valve.<\/p>\n<p>L&rsquo;eau sous pression dans le syst\u00e8me pulv\u00e9rise de l&rsquo;eau dans l&rsquo;environnement en fonction d&rsquo;un certain niveau d&rsquo;\u00e9ruption pour la lutte contre les incendies. De cette fa\u00e7on, on voit que le feu peut \u00eatre intervenu beaucoup plus facilement. De plus, la croissance du feu est emp\u00each\u00e9e de cette mani\u00e8re.<\/p>\n","protected":false},"excerpt":{"rendered":"<p>Les vannes d&rsquo;alarme humides sont con\u00e7ues pour des applications humides sans gel. L&rsquo;eau sous pression en attente dans l&rsquo;installation est \u00e9vacu\u00e9e avec le sprinkler activ\u00e9 en raison de l&rsquo;incendie. Pendant que le syst\u00e8me d&rsquo;eau sous pression d\u00e9charg\u00e9e est aliment\u00e9 en continu, la cellule de retard est remplie. L&rsquo;interrupteur d&rsquo;alarme de pression sur la cellule de retard remplie est d\u00e9clench\u00e9. L&rsquo;\u00e9tat d&rsquo;alarme est transmis au syst\u00e8me d&rsquo;automatisation ou au syst\u00e8me d&rsquo;alarme incendie via le pressostat d&rsquo;alarme. Avec la g\u00e2chette du pressostat, l&rsquo;eau atteint le gong du moteur hydraulique et fournit l&rsquo;alarme m\u00e9canique.<\/p>\n","protected":false},"featured_media":4382,"comment_status":"closed","ping_status":"closed","template":"","meta":{"_acf_changed":false},"product_brand":[],"product_cat":[118],"product_tag":[],"class_list":{"0":"post-4380","1":"product","2":"type-product","3":"status-publish","4":"has-post-thumbnail","6":"product_cat-equipement-dincendie","8":"first","9":"instock","10":"shipping-taxable","11":"purchasable","12":"product-type-simple"},"acf":[],"yoast_head":"<!-- This site is optimized with the Yoast SEO plugin v27.4 - https:\/\/yoast.com\/product\/yoast-seo-wordpress\/ -->\n<title>Soupape d&#039;alarme Humide - Go Valf Vana ve Pompa Sistemleri<\/title>\n<meta name=\"robots\" content=\"index, follow, max-snippet:-1, max-image-preview:large, max-video-preview:-1\" \/>\n<link rel=\"canonical\" href=\"https:\/\/govalf.com\/fr\/product\/soupape-dalarme-humide\/\" \/>\n<meta property=\"og:locale\" content=\"fr_FR\" \/>\n<meta property=\"og:type\" content=\"article\" \/>\n<meta property=\"og:title\" content=\"Soupape d&#039;alarme Humide - Go Valf Vana ve Pompa Sistemleri\" \/>\n<meta property=\"og:description\" content=\"Les vannes d&#039;alarme humides sont con\u00e7ues pour des applications humides sans gel. L&#039;eau sous pression en attente dans l&#039;installation est \u00e9vacu\u00e9e avec le sprinkler activ\u00e9 en raison de l&#039;incendie. Pendant que le syst\u00e8me d&#039;eau sous pression d\u00e9charg\u00e9e est aliment\u00e9 en continu, la cellule de retard est remplie. L&#039;interrupteur d&#039;alarme de pression sur la cellule de retard remplie est d\u00e9clench\u00e9. L&#039;\u00e9tat d&#039;alarme est transmis au syst\u00e8me d&#039;automatisation ou au syst\u00e8me d&#039;alarme incendie via le pressostat d&#039;alarme. Avec la g\u00e2chette du pressostat, l&#039;eau atteint le gong du moteur hydraulique et fournit l&#039;alarme m\u00e9canique.\" \/>\n<meta property=\"og:url\" content=\"https:\/\/govalf.com\/fr\/product\/soupape-dalarme-humide\/\" \/>\n<meta property=\"og:site_name\" content=\"Go Valf Vana ve Pompa Sistemleri\" \/>\n<meta property=\"article:modified_time\" content=\"2022-06-21T17:04:25+00:00\" \/>\n<meta property=\"og:image\" content=\"https:\/\/govalf.com\/wp-content\/uploads\/2022\/03\/Islak-Alarm-Vanasi-2-768x768-2.png\" \/>\n\t<meta property=\"og:image:width\" content=\"768\" \/>\n\t<meta property=\"og:image:height\" content=\"768\" \/>\n\t<meta property=\"og:image:type\" content=\"image\/png\" \/>\n<meta name=\"twitter:card\" content=\"summary_large_image\" \/>\n<meta name=\"twitter:label1\" content=\"Dur\u00e9e de lecture estim\u00e9e\" \/>\n\t<meta name=\"twitter:data1\" content=\"4 minutes\" \/>\n<script type=\"application\/ld+json\" class=\"yoast-schema-graph\">{\"@context\":\"https:\\\/\\\/schema.org\",\"@graph\":[{\"@type\":\"WebPage\",\"@id\":\"https:\\\/\\\/govalf.com\\\/fr\\\/product\\\/soupape-dalarme-humide\\\/\",\"url\":\"https:\\\/\\\/govalf.com\\\/fr\\\/product\\\/soupape-dalarme-humide\\\/\",\"name\":\"Soupape d'alarme Humide - Go Valf Vana ve Pompa Sistemleri\",\"isPartOf\":{\"@id\":\"http:\\\/\\\/govalf.com\\\/ru\\\/#website\"},\"primaryImageOfPage\":{\"@id\":\"https:\\\/\\\/govalf.com\\\/fr\\\/product\\\/soupape-dalarme-humide\\\/#primaryimage\"},\"image\":{\"@id\":\"https:\\\/\\\/govalf.com\\\/fr\\\/product\\\/soupape-dalarme-humide\\\/#primaryimage\"},\"thumbnailUrl\":\"https:\\\/\\\/govalf.com\\\/wp-content\\\/uploads\\\/2022\\\/03\\\/Islak-Alarm-Vanasi-2-768x768-2.png\",\"datePublished\":\"2022-03-22T13:34:08+00:00\",\"dateModified\":\"2022-06-21T17:04:25+00:00\",\"breadcrumb\":{\"@id\":\"https:\\\/\\\/govalf.com\\\/fr\\\/product\\\/soupape-dalarme-humide\\\/#breadcrumb\"},\"inLanguage\":\"fr-FR\",\"potentialAction\":[{\"@type\":\"ReadAction\",\"target\":[\"https:\\\/\\\/govalf.com\\\/fr\\\/product\\\/soupape-dalarme-humide\\\/\"]}]},{\"@type\":\"ImageObject\",\"inLanguage\":\"fr-FR\",\"@id\":\"https:\\\/\\\/govalf.com\\\/fr\\\/product\\\/soupape-dalarme-humide\\\/#primaryimage\",\"url\":\"https:\\\/\\\/govalf.com\\\/wp-content\\\/uploads\\\/2022\\\/03\\\/Islak-Alarm-Vanasi-2-768x768-2.png\",\"contentUrl\":\"https:\\\/\\\/govalf.com\\\/wp-content\\\/uploads\\\/2022\\\/03\\\/Islak-Alarm-Vanasi-2-768x768-2.png\",\"width\":768,\"height\":768},{\"@type\":\"BreadcrumbList\",\"@id\":\"https:\\\/\\\/govalf.com\\\/fr\\\/product\\\/soupape-dalarme-humide\\\/#breadcrumb\",\"itemListElement\":[{\"@type\":\"ListItem\",\"position\":1,\"name\":\"Anasayfa\",\"item\":\"http:\\\/\\\/govalf.com\\\/fr\\\/\"},{\"@type\":\"ListItem\",\"position\":2,\"name\":\"Products\",\"item\":\"http:\\\/\\\/govalf.com\\\/fr\\\/des-produits\\\/\"},{\"@type\":\"ListItem\",\"position\":3,\"name\":\"Soupape d&rsquo;alarme Humide\"}]},{\"@type\":\"WebSite\",\"@id\":\"http:\\\/\\\/govalf.com\\\/ru\\\/#website\",\"url\":\"http:\\\/\\\/govalf.com\\\/ru\\\/\",\"name\":\"Go Valf Vana ve Pompa Sistemleri\",\"description\":\"Yang\u0131n S\u00f6nd\u00fcrme Sistemleri ve Ekipmanlar\u0131\",\"publisher\":{\"@id\":\"http:\\\/\\\/govalf.com\\\/ru\\\/#organization\"},\"potentialAction\":[{\"@type\":\"SearchAction\",\"target\":{\"@type\":\"EntryPoint\",\"urlTemplate\":\"http:\\\/\\\/govalf.com\\\/ru\\\/?s={search_term_string}\"},\"query-input\":{\"@type\":\"PropertyValueSpecification\",\"valueRequired\":true,\"valueName\":\"search_term_string\"}}],\"inLanguage\":\"fr-FR\"},{\"@type\":\"Organization\",\"@id\":\"http:\\\/\\\/govalf.com\\\/ru\\\/#organization\",\"name\":\"Go Valf\",\"url\":\"http:\\\/\\\/govalf.com\\\/ru\\\/\",\"logo\":{\"@type\":\"ImageObject\",\"inLanguage\":\"fr-FR\",\"@id\":\"http:\\\/\\\/govalf.com\\\/ru\\\/#\\\/schema\\\/logo\\\/image\\\/\",\"url\":\"https:\\\/\\\/govalf.com\\\/wp-content\\\/uploads\\\/2022\\\/02\\\/go-valf-logo.png\",\"contentUrl\":\"https:\\\/\\\/govalf.com\\\/wp-content\\\/uploads\\\/2022\\\/02\\\/go-valf-logo.png\",\"width\":504,\"height\":120,\"caption\":\"Go Valf\"},\"image\":{\"@id\":\"http:\\\/\\\/govalf.com\\\/ru\\\/#\\\/schema\\\/logo\\\/image\\\/\"}}]}<\/script>\n<!-- \/ Yoast SEO plugin. -->","yoast_head_json":{"title":"Soupape d'alarme Humide - Go Valf Vana ve Pompa Sistemleri","robots":{"index":"index","follow":"follow","max-snippet":"max-snippet:-1","max-image-preview":"max-image-preview:large","max-video-preview":"max-video-preview:-1"},"canonical":"https:\/\/govalf.com\/fr\/product\/soupape-dalarme-humide\/","og_locale":"fr_FR","og_type":"article","og_title":"Soupape d'alarme Humide - Go Valf Vana ve Pompa Sistemleri","og_description":"Les vannes d'alarme humides sont con\u00e7ues pour des applications humides sans gel. L'eau sous pression en attente dans l'installation est \u00e9vacu\u00e9e avec le sprinkler activ\u00e9 en raison de l'incendie. Pendant que le syst\u00e8me d'eau sous pression d\u00e9charg\u00e9e est aliment\u00e9 en continu, la cellule de retard est remplie. L'interrupteur d'alarme de pression sur la cellule de retard remplie est d\u00e9clench\u00e9. L'\u00e9tat d'alarme est transmis au syst\u00e8me d'automatisation ou au syst\u00e8me d'alarme incendie via le pressostat d'alarme. Avec la g\u00e2chette du pressostat, l'eau atteint le gong du moteur hydraulique et fournit l'alarme m\u00e9canique.","og_url":"https:\/\/govalf.com\/fr\/product\/soupape-dalarme-humide\/","og_site_name":"Go Valf Vana ve Pompa Sistemleri","article_modified_time":"2022-06-21T17:04:25+00:00","og_image":[{"width":768,"height":768,"url":"https:\/\/govalf.com\/wp-content\/uploads\/2022\/03\/Islak-Alarm-Vanasi-2-768x768-2.png","type":"image\/png"}],"twitter_card":"summary_large_image","twitter_misc":{"Dur\u00e9e de lecture estim\u00e9e":"4 minutes"},"schema":{"@context":"https:\/\/schema.org","@graph":[{"@type":"WebPage","@id":"https:\/\/govalf.com\/fr\/product\/soupape-dalarme-humide\/","url":"https:\/\/govalf.com\/fr\/product\/soupape-dalarme-humide\/","name":"Soupape d'alarme Humide - Go Valf Vana ve Pompa Sistemleri","isPartOf":{"@id":"http:\/\/govalf.com\/ru\/#website"},"primaryImageOfPage":{"@id":"https:\/\/govalf.com\/fr\/product\/soupape-dalarme-humide\/#primaryimage"},"image":{"@id":"https:\/\/govalf.com\/fr\/product\/soupape-dalarme-humide\/#primaryimage"},"thumbnailUrl":"https:\/\/govalf.com\/wp-content\/uploads\/2022\/03\/Islak-Alarm-Vanasi-2-768x768-2.png","datePublished":"2022-03-22T13:34:08+00:00","dateModified":"2022-06-21T17:04:25+00:00","breadcrumb":{"@id":"https:\/\/govalf.com\/fr\/product\/soupape-dalarme-humide\/#breadcrumb"},"inLanguage":"fr-FR","potentialAction":[{"@type":"ReadAction","target":["https:\/\/govalf.com\/fr\/product\/soupape-dalarme-humide\/"]}]},{"@type":"ImageObject","inLanguage":"fr-FR","@id":"https:\/\/govalf.com\/fr\/product\/soupape-dalarme-humide\/#primaryimage","url":"https:\/\/govalf.com\/wp-content\/uploads\/2022\/03\/Islak-Alarm-Vanasi-2-768x768-2.png","contentUrl":"https:\/\/govalf.com\/wp-content\/uploads\/2022\/03\/Islak-Alarm-Vanasi-2-768x768-2.png","width":768,"height":768},{"@type":"BreadcrumbList","@id":"https:\/\/govalf.com\/fr\/product\/soupape-dalarme-humide\/#breadcrumb","itemListElement":[{"@type":"ListItem","position":1,"name":"Anasayfa","item":"http:\/\/govalf.com\/fr\/"},{"@type":"ListItem","position":2,"name":"Products","item":"http:\/\/govalf.com\/fr\/des-produits\/"},{"@type":"ListItem","position":3,"name":"Soupape d&rsquo;alarme Humide"}]},{"@type":"WebSite","@id":"http:\/\/govalf.com\/ru\/#website","url":"http:\/\/govalf.com\/ru\/","name":"Go Valf Vana ve Pompa Sistemleri","description":"Yang\u0131n S\u00f6nd\u00fcrme Sistemleri ve Ekipmanlar\u0131","publisher":{"@id":"http:\/\/govalf.com\/ru\/#organization"},"potentialAction":[{"@type":"SearchAction","target":{"@type":"EntryPoint","urlTemplate":"http:\/\/govalf.com\/ru\/?s={search_term_string}"},"query-input":{"@type":"PropertyValueSpecification","valueRequired":true,"valueName":"search_term_string"}}],"inLanguage":"fr-FR"},{"@type":"Organization","@id":"http:\/\/govalf.com\/ru\/#organization","name":"Go Valf","url":"http:\/\/govalf.com\/ru\/","logo":{"@type":"ImageObject","inLanguage":"fr-FR","@id":"http:\/\/govalf.com\/ru\/#\/schema\/logo\/image\/","url":"https:\/\/govalf.com\/wp-content\/uploads\/2022\/02\/go-valf-logo.png","contentUrl":"https:\/\/govalf.com\/wp-content\/uploads\/2022\/02\/go-valf-logo.png","width":504,"height":120,"caption":"Go Valf"},"image":{"@id":"http:\/\/govalf.com\/ru\/#\/schema\/logo\/image\/"}}]}},"_links":{"self":[{"href":"https:\/\/govalf.com\/fr\/wp-json\/wp\/v2\/product\/4380","targetHints":{"allow":["GET"]}}],"collection":[{"href":"https:\/\/govalf.com\/fr\/wp-json\/wp\/v2\/product"}],"about":[{"href":"https:\/\/govalf.com\/fr\/wp-json\/wp\/v2\/types\/product"}],"replies":[{"embeddable":true,"href":"https:\/\/govalf.com\/fr\/wp-json\/wp\/v2\/comments?post=4380"}],"wp:featuredmedia":[{"embeddable":true,"href":"https:\/\/govalf.com\/fr\/wp-json\/wp\/v2\/media\/4382"}],"wp:attachment":[{"href":"https:\/\/govalf.com\/fr\/wp-json\/wp\/v2\/media?parent=4380"}],"wp:term":[{"taxonomy":"product_brand","embeddable":true,"href":"https:\/\/govalf.com\/fr\/wp-json\/wp\/v2\/product_brand?post=4380"},{"taxonomy":"product_cat","embeddable":true,"href":"https:\/\/govalf.com\/fr\/wp-json\/wp\/v2\/product_cat?post=4380"},{"taxonomy":"product_tag","embeddable":true,"href":"https:\/\/govalf.com\/fr\/wp-json\/wp\/v2\/product_tag?post=4380"}],"curies":[{"name":"wp","href":"https:\/\/api.w.org\/{rel}","templated":true}]}}