{"id":6899,"date":"2022-06-28T13:07:12","date_gmt":"2022-06-28T13:07:12","guid":{"rendered":"https:\/\/govalf.com\/urun\/kuru-tip-su-sayaclari\/"},"modified":"2022-09-27T08:55:44","modified_gmt":"2022-09-27T08:55:44","slug":"compteurs-deau-de-type-sec","status":"publish","type":"product","link":"https:\/\/govalf.com\/fr\/product\/compteurs-deau-de-type-sec\/","title":{"rendered":"Compteurs D&rsquo;eau de Type Sec"},"content":{"rendered":"<p><strong>Compteurs d&rsquo;eau de type sec; <\/strong>Un compteur d&rsquo;eau est un instrument de mesure con\u00e7u pour mesurer, m\u00e9moriser et afficher en continu le volume d&rsquo;eau qui le traverse. Dans notre administration, on utilise des compteurs d&rsquo;eau froide de type sec de diam\u00e8tre nominal DN 20 mm, L=190 mm, longueur B, \u00e0 turbine, multi-jets et dispositif de comptage prot\u00e9g\u00e9 de l&rsquo;eau (avec glyc\u00e9rine). Le d\u00e9bit nominal dudit compteur d&rsquo;eau est de 1,5 m3\/h selon le R\u00e8glement Compteurs d&rsquo;Eau Froide 75\/33\/AT du Minist\u00e8re de la Science, de l&rsquo;Industrie et de la Technologie, et le d\u00e9bit continu est de 2,5 m3\/h selon le 204 \/22\/AT MI &#8211; 001 R\u00e8glement sur les instruments de mesure. La classe de pr\u00e9cision (mesure m\u00e9trologique) de ce compteur d&rsquo;eau est \u00ab\u00a0B\u00a0\u00bb selon le r\u00e8glement 75\/33\/AT sur les compteurs d&rsquo;eau froide du minist\u00e8re des Sciences, de l&rsquo;Industrie et de la Technologie, et la plage de mesure est Q3 \/ Q1 \u00ab\u00a0R 100\u00a0\u00bb selon au r\u00e8glement 2004\/22 AT BI \u2013 001 Instruments de mesure est en cours.<\/p>\n<p>&nbsp;<\/p>\n<p><strong>Qu&rsquo;est-ce que les compteurs d&rsquo;eau de type sec, qu&rsquo;est-ce que c&rsquo;est?<\/strong><\/p>\n<p>Les compteurs d&rsquo;eau sont des instruments de mesure qui d\u00e9terminent la quantit\u00e9 d&rsquo;eau utilis\u00e9e en se connectant \u00e0 l&rsquo;entr\u00e9e de l&rsquo;installation d&rsquo;eau pour mesurer la consommation d&rsquo;eau froide et chaude. La loi sur l&rsquo;efficacit\u00e9 \u00e9nerg\u00e9tique (r\u00e9glementation sur le partage de la chaleur) impose la mise en place de syst\u00e8mes de partage des co\u00fbts dans les b\u00e2timents o\u00f9 l&rsquo;eau chaude sanitaire est obtenue \u00e0 partir de syst\u00e8mes centraux. Les compteurs d&rsquo;eau peuvent \u00eatre \u00e9quip\u00e9s d&rsquo;un module sans fil ou d&rsquo;un module filaire \u00e0 tout moment et facilement. C&rsquo;est un appareil qui mesure la quantit\u00e9 d&rsquo;eau chaude passant par la ligne d&rsquo;arriv\u00e9e d&rsquo;eau sur la base de m3 ou de litres. Il convient \u00e0 toutes sortes de diam\u00e8tres et de formes de montage. Le sens du compteur doit \u00eatre le m\u00eame que le sens d&rsquo;\u00e9coulement de l&rsquo;eau. Les ensembles de compteurs doivent \u00eatre horizontaux, avec les unit\u00e9s de calcul vers le haut. Afin d&rsquo;\u00e9viter les reflux, des clapets anti-retour peuvent \u00eatre install\u00e9s dans les d\u00e9rivations avant les compteurs. L&rsquo;environnement des appareils doit \u00eatre laiss\u00e9 ouvert afin de ne pas causer de probl\u00e8mes de communication. Le module de communication du compteur doit \u00eatre prot\u00e9g\u00e9 de tout choc et contact avec l&rsquo;eau. Diff\u00e9rents types d&rsquo;options de compteur sont disponibles. Le compteur d&rsquo;eau est fabriqu\u00e9 pour r\u00e9pondre \u00e0 toutes sortes de besoins de mesure d&rsquo;eau de 15 mm de diam\u00e8tre \u00e0 800 mm de diam\u00e8tre.<\/p>\n<p><strong>Que sont les compteurs d&rsquo;eau de type sec?<\/strong><\/p>\n<p>Les compteurs d&rsquo;eau sont des instruments de mesure qui d\u00e9terminent la quantit\u00e9 d&rsquo;eau utilis\u00e9e en se connectant \u00e0 l&rsquo;entr\u00e9e de l&rsquo;installation d&rsquo;eau pour mesurer la consommation d&rsquo;eau froide et chaude.<\/p>\n<p>La loi sur l&rsquo;efficacit\u00e9 \u00e9nerg\u00e9tique (r\u00e9glementation sur le partage de la chaleur) impose la mise en place de syst\u00e8mes de partage des co\u00fbts dans les b\u00e2timents o\u00f9 l&rsquo;eau chaude sanitaire est obtenue \u00e0 partir de syst\u00e8mes centraux. Les compteurs d&rsquo;eau peuvent \u00eatre \u00e9quip\u00e9s d&rsquo;un module sans fil ou d&rsquo;un module filaire \u00e0 tout moment et facilement. C&rsquo;est un appareil qui mesure la quantit\u00e9 d&rsquo;eau chaude passant par la ligne d&rsquo;arriv\u00e9e d&rsquo;eau sur la base de m3 ou de litres. Il convient \u00e0 toutes sortes de diam\u00e8tres et de formes de montage. Le sens du compteur doit \u00eatre le m\u00eame que le sens d&rsquo;\u00e9coulement de l&rsquo;eau. Les ensembles de compteurs doivent \u00eatre horizontaux, avec les unit\u00e9s de calcul vers le haut. Afin d&rsquo;\u00e9viter les reflux, des clapets anti-retour peuvent \u00eatre install\u00e9s dans les d\u00e9rivations avant les compteurs. Les appareils doivent rester ouverts pour \u00e9viter les probl\u00e8mes de communication. Le module de communication du compteur doit \u00eatre prot\u00e9g\u00e9 de tout choc et contact avec l&rsquo;eau. Diff\u00e9rents types d&rsquo;options de compteur sont disponibles.<\/p>\n<p><strong>Que font les compteurs d&rsquo;eau de type sec?<\/strong><\/p>\n<p>C&rsquo;est un instrument de mesure qui aide l&rsquo;administration de l&rsquo;eau \u00e0 collecter le co\u00fbt de l&rsquo;eau utilis\u00e9e. Il affiche la quantit\u00e9 d&rsquo;eau qui le traverse en volume (m\u00b3) sur un \u00e9cran au-dessus.<\/p>\n<p>&nbsp;<\/p>\n<p>&nbsp;<\/p>\n<p><strong>O\u00f9 sont utilis\u00e9s les compteurs d&rsquo;eau de type sec?<\/strong><\/p>\n<p>Selon la nouvelle r\u00e9glementation, des compteurs de type domestique doivent \u00eatre plac\u00e9s \u00e0 l&rsquo;entr\u00e9e de l&rsquo;appartement comme dans les heures d&rsquo;\u00e9lectricit\u00e9 des appartements. Les mettre dans des cercles n&rsquo;est pas adapt\u00e9 \u00e0 la lecture du compteur.<\/p>\n<p>S&rsquo;il n&rsquo;y a pas d&rsquo;endroit appropri\u00e9 dans le b\u00e2timent, le compteur est plac\u00e9 dans un trou d&rsquo;homme \u00e0 construire dans le jardin. Le trou d&rsquo;homme est isol\u00e9 avec une taille qui peut \u00eatre saisie \u00e0 des fins d&rsquo;entretien et de r\u00e9paration et \u00e0 une profondeur pour prot\u00e9ger le compteur du gel. Une cr\u00e9pine doit \u00eatre plac\u00e9e pour \u00e9vacuer l&rsquo;eau qui peut entrer dans le trou d&rsquo;homme et la cr\u00e9pine doit \u00eatre connect\u00e9e au syst\u00e8me d&rsquo;\u00e9vacuation des eaux us\u00e9es. Lors de la connexion du compteur \u00e0 l&rsquo;installation, le compteur est connect\u00e9 de mani\u00e8re \u00e0 ce qu&rsquo;il n&rsquo;y ait pas d&rsquo;air \u00e0 l&rsquo;int\u00e9rieur. Si le compteur est plus haut que le tuyau, l&rsquo;air s&rsquo;accumule, et s&rsquo;il est plus bas, les s\u00e9diments s&rsquo;accumulent. La tuyauterie doit \u00eatre r\u00e9alis\u00e9e de mani\u00e8re \u00e0 ce que le compteur soit toujours rempli d&rsquo;eau. La fa\u00e7on de le faire est de faire en sorte que le tuyau d&rsquo;\u00e9coulement soit plus haut que le compteur. Une vanne doit \u00eatre plac\u00e9e avant et apr\u00e8s le compteur. S&rsquo;il y a un r\u00e9servoir d&rsquo;eau, un hydrophore ou une chaudi\u00e8re dans l&rsquo;installation, un clapet anti-retour doit \u00eatre plac\u00e9 apr\u00e8s le compteur pour emp\u00eacher l&rsquo;eau de s&rsquo;\u00e9couler dans l&rsquo;installation de ville. Le raccordement du compteur \u00e0 l&rsquo;installation se fait \u00e0 l&rsquo;aide des unions aux deux extr\u00e9mit\u00e9s.<\/p>\n<ul>\n<li>Il doit y avoir un syst\u00e8me de filtrage avant le compteur dans l&rsquo;installation.<\/li>\n<li>La position la plus appropri\u00e9e pour le compteur sp\u00e9cifi\u00e9e dans les manuels de montage doit \u00eatre s\u00e9lectionn\u00e9e et s&rsquo;il existe une installation existante, son ad\u00e9quation au compteur doit \u00eatre v\u00e9rifi\u00e9e.<\/li>\n<li>Le compteur d&rsquo;eau doit \u00eatre plac\u00e9 dans un bo\u00eetier de compteur facilement lisible, l\u00e9ger, \u00e0 l&rsquo;abri du gel et facile d&rsquo;acc\u00e8s, adapt\u00e9 \u00e0 l&rsquo;entretien et \u00e0 la r\u00e9paration.<\/li>\n<\/ul>\n<p>Normes<strong><br \/>\n<\/strong>Le d\u00e9bit nominal dudit compteur d&rsquo;eau est de 1,5 m3\/h selon le R\u00e8glement Compteurs d&rsquo;Eau Froide 75\/33\/AT du Minist\u00e8re de la Science, de l&rsquo;Industrie et de la Technologie, et le d\u00e9bit continu est de 2,5 m3\/h selon le 204 \/22\/AT MI 001 R\u00e8glement sur les instruments de mesure. La classe de pr\u00e9cision (mesure m\u00e9trologique) de ce compteur d&rsquo;eau est \u00ab\u00a0B\u00a0\u00bb selon le r\u00e8glement 75\/33\/AT sur les compteurs d&rsquo;eau froide du minist\u00e8re des Sciences, de l&rsquo;Industrie et de la Technologie, et la plage de mesure est Q3 \/ Q1 \u00ab\u00a0R 100\u00a0\u00bb selon au r\u00e8glement 2004\/22 AT BI \u2013 001 Instruments de mesure est en cours.<\/p>\n<p>&nbsp;<\/p>\n<p>CARACT\u00c9RISTIQUES<\/p>\n<ul>\n<li>Certifi\u00e9 MID (directive sur les instruments de mesure)<\/li>\n<li>Longue dur\u00e9e de vie gr\u00e2ce \u00e0 sa conception multifaisceaux<\/li>\n<li>Faible perte de charge<\/li>\n<li>Haute sensibilit\u00e9 au d\u00e9bit initial<\/li>\n<li>M\u00e9canisme de protection magn\u00e9tique sous vide<\/li>\n<li>Couvercle rotatif \u00e0 360\u00b0<\/li>\n<li>Corps en laiton peint \u00e9lectrostatique r\u00e9sistant \u00e0 la corrosion<\/li>\n<li>Peinture avec peinture en poudre e\/p int\u00e9rieure\/ext\u00e9rieure<\/li>\n<li>Avec clapet anti-retour<\/li>\n<li>Double filtre<\/li>\n<li>Fonctionnement durable et sans entretien<\/li>\n<li>5 ans de garantie<\/li>\n<\/ul>\n<p>TEMP\u00c9RATURE<br \/>\n+50 \u00b0C<\/p>\n<p><u>Contact<\/u><\/p>\n<p>&nbsp;<\/p>\n","protected":false},"excerpt":{"rendered":"<p>Compteurs d&rsquo;eau de type sec; Un compteur d&rsquo;eau est un instrument de mesure con\u00e7u pour mesurer, m\u00e9moriser et afficher en continu le volume d&rsquo;eau qui le traverse. Dans notre administration, on utilise des compteurs d&rsquo;eau froide de type sec de diam\u00e8tre nominal DN 20 mm, L=190 mm, longueur B, \u00e0 turbine, multi-jets et dispositif de [&hellip;]<\/p>\n","protected":false},"featured_media":5821,"comment_status":"open","ping_status":"closed","template":"","meta":{"_acf_changed":false},"product_brand":[],"product_cat":[237],"product_tag":[],"class_list":{"0":"post-6899","1":"product","2":"type-product","3":"status-publish","4":"has-post-thumbnail","6":"product_cat-compteur-deau","8":"first","9":"instock","10":"shipping-taxable","11":"product-type-simple"},"acf":[],"yoast_head":"<!-- This site is optimized with the Yoast SEO plugin v27.4 - https:\/\/yoast.com\/product\/yoast-seo-wordpress\/ -->\n<title>Compteurs D&#039;eau de Type Sec - GOVALF<\/title>\n<meta name=\"description\" content=\"Compteurs d&#039;eau de type sec; Un compteur d&#039;eau est un instrument de mesure con\u00e7u pour mesurer, m\u00e9moriser et afficher en continu le volume\" \/>\n<meta name=\"robots\" content=\"index, follow, max-snippet:-1, max-image-preview:large, max-video-preview:-1\" \/>\n<link rel=\"canonical\" href=\"https:\/\/govalf.com\/fr\/product\/compteurs-deau-de-type-sec\/\" \/>\n<meta property=\"og:locale\" content=\"fr_FR\" \/>\n<meta property=\"og:type\" content=\"article\" \/>\n<meta property=\"og:title\" content=\"Compteurs D&#039;eau de Type Sec - GOVALF\" \/>\n<meta property=\"og:description\" content=\"Compteurs d&#039;eau de type sec; Un compteur d&#039;eau est un instrument de mesure con\u00e7u pour mesurer, m\u00e9moriser et afficher en continu le volume\" \/>\n<meta property=\"og:url\" content=\"https:\/\/govalf.com\/fr\/product\/compteurs-deau-de-type-sec\/\" \/>\n<meta property=\"og:site_name\" content=\"Go Valf Vana ve Pompa Sistemleri\" \/>\n<meta property=\"article:modified_time\" content=\"2022-09-27T08:55:44+00:00\" \/>\n<meta property=\"og:image\" content=\"https:\/\/govalf.com\/wp-content\/uploads\/2022\/06\/Kuru-Tip-Su-Sayac\u0327lari-.png\" \/>\n\t<meta property=\"og:image:width\" content=\"1024\" \/>\n\t<meta property=\"og:image:height\" content=\"1024\" \/>\n\t<meta property=\"og:image:type\" content=\"image\/png\" \/>\n<meta name=\"twitter:card\" content=\"summary_large_image\" \/>\n<meta name=\"twitter:label1\" content=\"Dur\u00e9e de lecture estim\u00e9e\" \/>\n\t<meta name=\"twitter:data1\" content=\"6 minutes\" \/>\n<script type=\"application\/ld+json\" class=\"yoast-schema-graph\">{\"@context\":\"https:\\\/\\\/schema.org\",\"@graph\":[{\"@type\":\"WebPage\",\"@id\":\"https:\\\/\\\/govalf.com\\\/fr\\\/product\\\/compteurs-deau-de-type-sec\\\/\",\"url\":\"https:\\\/\\\/govalf.com\\\/fr\\\/product\\\/compteurs-deau-de-type-sec\\\/\",\"name\":\"Compteurs D'eau de Type Sec - GOVALF\",\"isPartOf\":{\"@id\":\"http:\\\/\\\/govalf.com\\\/ru\\\/#website\"},\"primaryImageOfPage\":{\"@id\":\"https:\\\/\\\/govalf.com\\\/fr\\\/product\\\/compteurs-deau-de-type-sec\\\/#primaryimage\"},\"image\":{\"@id\":\"https:\\\/\\\/govalf.com\\\/fr\\\/product\\\/compteurs-deau-de-type-sec\\\/#primaryimage\"},\"thumbnailUrl\":\"https:\\\/\\\/govalf.com\\\/wp-content\\\/uploads\\\/2022\\\/06\\\/Kuru-Tip-Su-Sayac\u0327lari-.png\",\"datePublished\":\"2022-06-28T13:07:12+00:00\",\"dateModified\":\"2022-09-27T08:55:44+00:00\",\"description\":\"Compteurs d'eau de type sec; Un compteur d'eau est un instrument de mesure con\u00e7u pour mesurer, m\u00e9moriser et afficher en continu le volume\",\"breadcrumb\":{\"@id\":\"https:\\\/\\\/govalf.com\\\/fr\\\/product\\\/compteurs-deau-de-type-sec\\\/#breadcrumb\"},\"inLanguage\":\"fr-FR\",\"potentialAction\":[{\"@type\":\"ReadAction\",\"target\":[\"https:\\\/\\\/govalf.com\\\/fr\\\/product\\\/compteurs-deau-de-type-sec\\\/\"]}]},{\"@type\":\"ImageObject\",\"inLanguage\":\"fr-FR\",\"@id\":\"https:\\\/\\\/govalf.com\\\/fr\\\/product\\\/compteurs-deau-de-type-sec\\\/#primaryimage\",\"url\":\"https:\\\/\\\/govalf.com\\\/wp-content\\\/uploads\\\/2022\\\/06\\\/Kuru-Tip-Su-Sayac\u0327lari-.png\",\"contentUrl\":\"https:\\\/\\\/govalf.com\\\/wp-content\\\/uploads\\\/2022\\\/06\\\/Kuru-Tip-Su-Sayac\u0327lari-.png\",\"width\":1024,\"height\":1024},{\"@type\":\"BreadcrumbList\",\"@id\":\"https:\\\/\\\/govalf.com\\\/fr\\\/product\\\/compteurs-deau-de-type-sec\\\/#breadcrumb\",\"itemListElement\":[{\"@type\":\"ListItem\",\"position\":1,\"name\":\"Anasayfa\",\"item\":\"http:\\\/\\\/govalf.com\\\/fr\\\/\"},{\"@type\":\"ListItem\",\"position\":2,\"name\":\"Products\",\"item\":\"http:\\\/\\\/govalf.com\\\/fr\\\/des-produits\\\/\"},{\"@type\":\"ListItem\",\"position\":3,\"name\":\"Compteurs D&rsquo;eau de Type Sec\"}]},{\"@type\":\"WebSite\",\"@id\":\"http:\\\/\\\/govalf.com\\\/ru\\\/#website\",\"url\":\"http:\\\/\\\/govalf.com\\\/ru\\\/\",\"name\":\"Go Valf Vana ve Pompa Sistemleri\",\"description\":\"Yang\u0131n S\u00f6nd\u00fcrme Sistemleri ve Ekipmanlar\u0131\",\"publisher\":{\"@id\":\"http:\\\/\\\/govalf.com\\\/ru\\\/#organization\"},\"potentialAction\":[{\"@type\":\"SearchAction\",\"target\":{\"@type\":\"EntryPoint\",\"urlTemplate\":\"http:\\\/\\\/govalf.com\\\/ru\\\/?s={search_term_string}\"},\"query-input\":{\"@type\":\"PropertyValueSpecification\",\"valueRequired\":true,\"valueName\":\"search_term_string\"}}],\"inLanguage\":\"fr-FR\"},{\"@type\":\"Organization\",\"@id\":\"http:\\\/\\\/govalf.com\\\/ru\\\/#organization\",\"name\":\"Go Valf\",\"url\":\"http:\\\/\\\/govalf.com\\\/ru\\\/\",\"logo\":{\"@type\":\"ImageObject\",\"inLanguage\":\"fr-FR\",\"@id\":\"http:\\\/\\\/govalf.com\\\/ru\\\/#\\\/schema\\\/logo\\\/image\\\/\",\"url\":\"https:\\\/\\\/govalf.com\\\/wp-content\\\/uploads\\\/2022\\\/02\\\/go-valf-logo.png\",\"contentUrl\":\"https:\\\/\\\/govalf.com\\\/wp-content\\\/uploads\\\/2022\\\/02\\\/go-valf-logo.png\",\"width\":504,\"height\":120,\"caption\":\"Go Valf\"},\"image\":{\"@id\":\"http:\\\/\\\/govalf.com\\\/ru\\\/#\\\/schema\\\/logo\\\/image\\\/\"}}]}<\/script>\n<!-- \/ Yoast SEO plugin. -->","yoast_head_json":{"title":"Compteurs D'eau de Type Sec - GOVALF","description":"Compteurs d'eau de type sec; Un compteur d'eau est un instrument de mesure con\u00e7u pour mesurer, m\u00e9moriser et afficher en continu le volume","robots":{"index":"index","follow":"follow","max-snippet":"max-snippet:-1","max-image-preview":"max-image-preview:large","max-video-preview":"max-video-preview:-1"},"canonical":"https:\/\/govalf.com\/fr\/product\/compteurs-deau-de-type-sec\/","og_locale":"fr_FR","og_type":"article","og_title":"Compteurs D'eau de Type Sec - GOVALF","og_description":"Compteurs d'eau de type sec; Un compteur d'eau est un instrument de mesure con\u00e7u pour mesurer, m\u00e9moriser et afficher en continu le volume","og_url":"https:\/\/govalf.com\/fr\/product\/compteurs-deau-de-type-sec\/","og_site_name":"Go Valf Vana ve Pompa Sistemleri","article_modified_time":"2022-09-27T08:55:44+00:00","og_image":[{"width":1024,"height":1024,"url":"https:\/\/govalf.com\/wp-content\/uploads\/2022\/06\/Kuru-Tip-Su-Sayac\u0327lari-.png","type":"image\/png"}],"twitter_card":"summary_large_image","twitter_misc":{"Dur\u00e9e de lecture estim\u00e9e":"6 minutes"},"schema":{"@context":"https:\/\/schema.org","@graph":[{"@type":"WebPage","@id":"https:\/\/govalf.com\/fr\/product\/compteurs-deau-de-type-sec\/","url":"https:\/\/govalf.com\/fr\/product\/compteurs-deau-de-type-sec\/","name":"Compteurs D'eau de Type Sec - GOVALF","isPartOf":{"@id":"http:\/\/govalf.com\/ru\/#website"},"primaryImageOfPage":{"@id":"https:\/\/govalf.com\/fr\/product\/compteurs-deau-de-type-sec\/#primaryimage"},"image":{"@id":"https:\/\/govalf.com\/fr\/product\/compteurs-deau-de-type-sec\/#primaryimage"},"thumbnailUrl":"https:\/\/govalf.com\/wp-content\/uploads\/2022\/06\/Kuru-Tip-Su-Sayac\u0327lari-.png","datePublished":"2022-06-28T13:07:12+00:00","dateModified":"2022-09-27T08:55:44+00:00","description":"Compteurs d'eau de type sec; Un compteur d'eau est un instrument de mesure con\u00e7u pour mesurer, m\u00e9moriser et afficher en continu le volume","breadcrumb":{"@id":"https:\/\/govalf.com\/fr\/product\/compteurs-deau-de-type-sec\/#breadcrumb"},"inLanguage":"fr-FR","potentialAction":[{"@type":"ReadAction","target":["https:\/\/govalf.com\/fr\/product\/compteurs-deau-de-type-sec\/"]}]},{"@type":"ImageObject","inLanguage":"fr-FR","@id":"https:\/\/govalf.com\/fr\/product\/compteurs-deau-de-type-sec\/#primaryimage","url":"https:\/\/govalf.com\/wp-content\/uploads\/2022\/06\/Kuru-Tip-Su-Sayac\u0327lari-.png","contentUrl":"https:\/\/govalf.com\/wp-content\/uploads\/2022\/06\/Kuru-Tip-Su-Sayac\u0327lari-.png","width":1024,"height":1024},{"@type":"BreadcrumbList","@id":"https:\/\/govalf.com\/fr\/product\/compteurs-deau-de-type-sec\/#breadcrumb","itemListElement":[{"@type":"ListItem","position":1,"name":"Anasayfa","item":"http:\/\/govalf.com\/fr\/"},{"@type":"ListItem","position":2,"name":"Products","item":"http:\/\/govalf.com\/fr\/des-produits\/"},{"@type":"ListItem","position":3,"name":"Compteurs D&rsquo;eau de Type Sec"}]},{"@type":"WebSite","@id":"http:\/\/govalf.com\/ru\/#website","url":"http:\/\/govalf.com\/ru\/","name":"Go Valf Vana ve Pompa Sistemleri","description":"Yang\u0131n S\u00f6nd\u00fcrme Sistemleri ve Ekipmanlar\u0131","publisher":{"@id":"http:\/\/govalf.com\/ru\/#organization"},"potentialAction":[{"@type":"SearchAction","target":{"@type":"EntryPoint","urlTemplate":"http:\/\/govalf.com\/ru\/?s={search_term_string}"},"query-input":{"@type":"PropertyValueSpecification","valueRequired":true,"valueName":"search_term_string"}}],"inLanguage":"fr-FR"},{"@type":"Organization","@id":"http:\/\/govalf.com\/ru\/#organization","name":"Go Valf","url":"http:\/\/govalf.com\/ru\/","logo":{"@type":"ImageObject","inLanguage":"fr-FR","@id":"http:\/\/govalf.com\/ru\/#\/schema\/logo\/image\/","url":"https:\/\/govalf.com\/wp-content\/uploads\/2022\/02\/go-valf-logo.png","contentUrl":"https:\/\/govalf.com\/wp-content\/uploads\/2022\/02\/go-valf-logo.png","width":504,"height":120,"caption":"Go Valf"},"image":{"@id":"http:\/\/govalf.com\/ru\/#\/schema\/logo\/image\/"}}]}},"_links":{"self":[{"href":"https:\/\/govalf.com\/fr\/wp-json\/wp\/v2\/product\/6899","targetHints":{"allow":["GET"]}}],"collection":[{"href":"https:\/\/govalf.com\/fr\/wp-json\/wp\/v2\/product"}],"about":[{"href":"https:\/\/govalf.com\/fr\/wp-json\/wp\/v2\/types\/product"}],"replies":[{"embeddable":true,"href":"https:\/\/govalf.com\/fr\/wp-json\/wp\/v2\/comments?post=6899"}],"wp:featuredmedia":[{"embeddable":true,"href":"https:\/\/govalf.com\/fr\/wp-json\/wp\/v2\/media\/5821"}],"wp:attachment":[{"href":"https:\/\/govalf.com\/fr\/wp-json\/wp\/v2\/media?parent=6899"}],"wp:term":[{"taxonomy":"product_brand","embeddable":true,"href":"https:\/\/govalf.com\/fr\/wp-json\/wp\/v2\/product_brand?post=6899"},{"taxonomy":"product_cat","embeddable":true,"href":"https:\/\/govalf.com\/fr\/wp-json\/wp\/v2\/product_cat?post=6899"},{"taxonomy":"product_tag","embeddable":true,"href":"https:\/\/govalf.com\/fr\/wp-json\/wp\/v2\/product_tag?post=6899"}],"curies":[{"name":"wp","href":"https:\/\/api.w.org\/{rel}","templated":true}]}}