{"id":7124,"date":"2022-08-04T18:06:21","date_gmt":"2022-08-04T18:06:21","guid":{"rendered":"https:\/\/govalf.com\/urun\/woltman-tipi-su-sayaclari\/"},"modified":"2023-01-06T10:50:29","modified_gmt":"2023-01-06T10:50:29","slug":"compteurs-deau-de-type-woltman","status":"publish","type":"product","link":"https:\/\/govalf.com\/fr\/product\/compteurs-deau-de-type-woltman\/","title":{"rendered":"Compteurs d&rsquo;eau de type Woltman"},"content":{"rendered":"<p><strong>Compteurs d&rsquo;eau de type Woltman <\/strong>Les compteurs d&rsquo;eau de type Woltman sont les compteurs d&rsquo;eau pr\u00e9f\u00e9r\u00e9s pour les mesures de d\u00e9bit \u00e9lev\u00e9. Gr\u00e2ce \u00e0 leur conception, ils disposent d&rsquo;une large plage de mesure de d\u00e9bit et peuvent en m\u00eame temps mesurer avec pr\u00e9cision pendant de nombreuses ann\u00e9es.<\/p>\n<p>&nbsp;<\/p>\n<p><strong>Que sont les compteurs d&rsquo;eau de type Woltman et que font-ils ?<\/strong><\/p>\n<p>Les compteurs d&rsquo;eau Woltman sont des compteurs soigneusement d\u00e9velopp\u00e9s, robustes et durables qui permettent une mesure pr\u00e9cise m\u00eame dans les conditions les plus difficiles. Les compteurs d&rsquo;eau utilis\u00e9s dans les r\u00e9sidences ont des roues compl\u00e8tement s\u00e8ches avec couplage magn\u00e9tique pour garder en m\u00e9moire la consommation d&rsquo;eau chaude. Dans les compteurs d&rsquo;eau froide, on utilise en particulier des turbines humides \u00e0 faible perte de charge.<\/p>\n<p>AVANTAGES<\/p>\n<p>&nbsp;<\/p>\n<ul>\n<li>\u2022 Approuv\u00e9 MID.<\/li>\n<li>\u2022 Large plage de mesure et faible d\u00e9bit initial,<\/li>\n<li>\u2022 Le nouveau design, qui peut \u00eatre remplac\u00e9 par le pulseur sans enlever le joint,<\/li>\n<li>\u2022 Accessoires permettant la lecture \u00e0 distance du d\u00e9bit total et instantan\u00e9,<\/li>\n<li>\u2022 Faible co\u00fbt d&rsquo;investissement initial,<\/li>\n<li>\u2022 Pi\u00e8ces de rechange et service,<\/li>\n<\/ul>\n<p>&nbsp;<\/p>\n<p>CARACT\u00c9RISTIQUES<\/p>\n<p>&nbsp;<\/p>\n<ul>\n<li>\u2022 Certifi\u00e9 MID (directive sur les instruments de mesure)<\/li>\n<li>\u2022 Compatibilit\u00e9 pour tous les types de connexion (inclin\u00e9e, verticale, horizontale)<\/li>\n<li>\u2022 Conception de type Woltman pour les zones industrielles<\/li>\n<li>\u2022 Faible perte de charge<\/li>\n<li>\u2022 Lisibilit\u00e9 optique<\/li>\n<li>\u2022 M\u00e9canisme prot\u00e9g\u00e9 IP68<\/li>\n<li>M\u00e9canisme prot\u00e9g\u00e9 contre le vide et le magn\u00e9tisme<\/li>\n<li>Peinture avec peinture en poudre e\/p int\u00e9rieure\/ext\u00e9rieure<\/li>\n<li>Fonctionnement durable et sans entretien<\/li>\n<\/ul>\n<p>TEMP\u00c9RATURE<br \/>\n+50 \u00b0C<\/p>\n<p><strong>B\u0130Z K\u0130M\u0130Z ?<\/strong><\/p>\n<p>En tant qu&rsquo;\u00e9quipe GoValf, nous fournissons \u00e0 nos clients des solutions de fourniture d&rsquo;installations m\u00e9caniques conformes aux technologies actuelles en Turquie et dans les pays voisins depuis 2009. Tout en offrant les marques les plus exclusives de Turquie et du monde \u00e0 nos clients aux prix les plus abordables, nous en ajoutons chaque jour de nouvelles \u00e0 nos solutions.<\/p>\n<p>Aujourd&rsquo;hui, nous classons nos d\u00e9partements dans les mati\u00e8res suivantes et offrons \u00e0 nos clients des services privil\u00e9gi\u00e9s de la base \u00e0 la livraison dans leurs projets avec nos \u00e9quipes expertes et pr\u00e8s de 100 marques:<\/p>\n<ul>\n<li>Mat\u00e9riel d&rsquo;installation,<\/li>\n<li>Syst\u00e8mes et \u00e9quipements d&rsquo;extinction d&rsquo;incendie,<\/li>\n<li>Pompes et Surpresseurs,<\/li>\n<li>Solutions de chauffage,<\/li>\n<li>Climatisation et ventilation<\/li>\n<\/ul>\n<p>Dans notre secteur o\u00f9 la concurrence s&rsquo;intensifie de jour en jour, nous avons augment\u00e9 notre qualit\u00e9 et notre diversit\u00e9 avec divers produits que nous fabriquons en suivant les technologies.<\/p>\n<p>Nous concevons, coulons, fabriquons, assemblons, testons et contr\u00f4lons les produits que nous fabriquons dans nos propres installations avec notre propre \u00e9quipe d&rsquo;experts.<\/p>\n<p><strong>Notre principe de satisfaction client<\/strong><\/p>\n<p>Notre priorit\u00e9 est la tranquillit\u00e9 et le bonheur de nos clients. Nous servons nos clients avec l&rsquo;assurance de GoValf. Avec notre compr\u00e9hension d&rsquo;un travail s\u00fbr, de haute qualit\u00e9, stable et de prix comp\u00e9titifs, nous travaillons de toutes nos forces pour \u00eatre en coop\u00e9ration non seulement pour aujourd&rsquo;hui mais pour toujours. La confiance de nos clients en nous est notre plus grand capital.<\/p>\n<p>Dans nos services, nous veillons \u00e0 vous offrir les prix les plus abordables et les services de la plus haute qualit\u00e9 en r\u00e9alisant une coop\u00e9ration saine avec les fournisseurs, en harmonie avec les demandes des clients, avec des solutions d&rsquo;ing\u00e9nierie bas\u00e9es sur des donn\u00e9es et des informations.<\/p>\n<p><a href=\"https:\/\/govalf.com\/iletisim\/\">Contact<\/a><\/p>\n<p>&nbsp;<\/p>\n","protected":false},"excerpt":{"rendered":"<p>Compteurs d&rsquo;eau de type Woltman Les compteurs d&rsquo;eau de type Woltman sont les compteurs d&rsquo;eau pr\u00e9f\u00e9r\u00e9s pour les mesures de d\u00e9bit \u00e9lev\u00e9. Gr\u00e2ce \u00e0 leur conception, ils disposent d&rsquo;une large plage de mesure de d\u00e9bit et peuvent en m\u00eame temps mesurer avec pr\u00e9cision pendant de nombreuses ann\u00e9es. &nbsp; Que sont les compteurs d&rsquo;eau de type [&hellip;]<\/p>\n","protected":false},"featured_media":8410,"comment_status":"open","ping_status":"closed","template":"","meta":{"_acf_changed":false},"product_brand":[],"product_cat":[237],"product_tag":[],"class_list":{"0":"post-7124","1":"product","2":"type-product","3":"status-publish","4":"has-post-thumbnail","6":"product_cat-compteur-deau","8":"first","9":"instock","10":"shipping-taxable","11":"product-type-simple"},"acf":[],"yoast_head":"<!-- This site is optimized with the Yoast SEO plugin v27.4 - https:\/\/yoast.com\/product\/yoast-seo-wordpress\/ -->\n<title>Compteurs d&#039;eau de type Woltman - GOVALF<\/title>\n<meta name=\"description\" content=\"Compteurs d&#039;eau de type Woltman Les compteurs d&#039;eau de type Woltman sont les compteurs d&#039;eau pr\u00e9f\u00e9r\u00e9s pour les mesures de d\u00e9bit \u00e9lev\u00e9\" \/>\n<meta name=\"robots\" content=\"index, follow, max-snippet:-1, max-image-preview:large, max-video-preview:-1\" \/>\n<link rel=\"canonical\" href=\"https:\/\/govalf.com\/fr\/product\/compteurs-deau-de-type-woltman\/\" \/>\n<meta property=\"og:locale\" content=\"fr_FR\" \/>\n<meta property=\"og:type\" content=\"article\" \/>\n<meta property=\"og:title\" content=\"Compteurs d&#039;eau de type Woltman - GOVALF\" \/>\n<meta property=\"og:description\" content=\"Compteurs d&#039;eau de type Woltman Les compteurs d&#039;eau de type Woltman sont les compteurs d&#039;eau pr\u00e9f\u00e9r\u00e9s pour les mesures de d\u00e9bit \u00e9lev\u00e9\" \/>\n<meta property=\"og:url\" content=\"https:\/\/govalf.com\/fr\/product\/compteurs-deau-de-type-woltman\/\" \/>\n<meta property=\"og:site_name\" content=\"Go Valf Vana ve Pompa Sistemleri\" \/>\n<meta property=\"article:modified_time\" content=\"2023-01-06T10:50:29+00:00\" \/>\n<meta property=\"og:image\" content=\"https:\/\/govalf.com\/wp-content\/uploads\/2022\/08\/Compteurs-deau-de-type-Woltman.png\" \/>\n\t<meta property=\"og:image:width\" content=\"1024\" \/>\n\t<meta property=\"og:image:height\" content=\"1024\" \/>\n\t<meta property=\"og:image:type\" content=\"image\/png\" \/>\n<meta name=\"twitter:card\" content=\"summary_large_image\" \/>\n<meta name=\"twitter:label1\" content=\"Dur\u00e9e de lecture estim\u00e9e\" \/>\n\t<meta name=\"twitter:data1\" content=\"3 minutes\" \/>\n<script type=\"application\/ld+json\" class=\"yoast-schema-graph\">{\"@context\":\"https:\\\/\\\/schema.org\",\"@graph\":[{\"@type\":\"WebPage\",\"@id\":\"https:\\\/\\\/govalf.com\\\/fr\\\/product\\\/compteurs-deau-de-type-woltman\\\/\",\"url\":\"https:\\\/\\\/govalf.com\\\/fr\\\/product\\\/compteurs-deau-de-type-woltman\\\/\",\"name\":\"Compteurs d'eau de type Woltman - GOVALF\",\"isPartOf\":{\"@id\":\"http:\\\/\\\/govalf.com\\\/ru\\\/#website\"},\"primaryImageOfPage\":{\"@id\":\"https:\\\/\\\/govalf.com\\\/fr\\\/product\\\/compteurs-deau-de-type-woltman\\\/#primaryimage\"},\"image\":{\"@id\":\"https:\\\/\\\/govalf.com\\\/fr\\\/product\\\/compteurs-deau-de-type-woltman\\\/#primaryimage\"},\"thumbnailUrl\":\"https:\\\/\\\/govalf.com\\\/wp-content\\\/uploads\\\/2022\\\/08\\\/Compteurs-deau-de-type-Woltman.png\",\"datePublished\":\"2022-08-04T18:06:21+00:00\",\"dateModified\":\"2023-01-06T10:50:29+00:00\",\"description\":\"Compteurs d'eau de type Woltman Les compteurs d'eau de type Woltman sont les compteurs d'eau pr\u00e9f\u00e9r\u00e9s pour les mesures de d\u00e9bit \u00e9lev\u00e9\",\"breadcrumb\":{\"@id\":\"https:\\\/\\\/govalf.com\\\/fr\\\/product\\\/compteurs-deau-de-type-woltman\\\/#breadcrumb\"},\"inLanguage\":\"fr-FR\",\"potentialAction\":[{\"@type\":\"ReadAction\",\"target\":[\"https:\\\/\\\/govalf.com\\\/fr\\\/product\\\/compteurs-deau-de-type-woltman\\\/\"]}]},{\"@type\":\"ImageObject\",\"inLanguage\":\"fr-FR\",\"@id\":\"https:\\\/\\\/govalf.com\\\/fr\\\/product\\\/compteurs-deau-de-type-woltman\\\/#primaryimage\",\"url\":\"https:\\\/\\\/govalf.com\\\/wp-content\\\/uploads\\\/2022\\\/08\\\/Compteurs-deau-de-type-Woltman.png\",\"contentUrl\":\"https:\\\/\\\/govalf.com\\\/wp-content\\\/uploads\\\/2022\\\/08\\\/Compteurs-deau-de-type-Woltman.png\",\"width\":1024,\"height\":1024,\"caption\":\"Compteurs d'eau de type Woltman\"},{\"@type\":\"BreadcrumbList\",\"@id\":\"https:\\\/\\\/govalf.com\\\/fr\\\/product\\\/compteurs-deau-de-type-woltman\\\/#breadcrumb\",\"itemListElement\":[{\"@type\":\"ListItem\",\"position\":1,\"name\":\"Anasayfa\",\"item\":\"http:\\\/\\\/govalf.com\\\/fr\\\/\"},{\"@type\":\"ListItem\",\"position\":2,\"name\":\"Products\",\"item\":\"http:\\\/\\\/govalf.com\\\/fr\\\/des-produits\\\/\"},{\"@type\":\"ListItem\",\"position\":3,\"name\":\"Compteurs d&rsquo;eau de type Woltman\"}]},{\"@type\":\"WebSite\",\"@id\":\"http:\\\/\\\/govalf.com\\\/ru\\\/#website\",\"url\":\"http:\\\/\\\/govalf.com\\\/ru\\\/\",\"name\":\"Go Valf Vana ve Pompa Sistemleri\",\"description\":\"Yang\u0131n S\u00f6nd\u00fcrme Sistemleri ve Ekipmanlar\u0131\",\"publisher\":{\"@id\":\"http:\\\/\\\/govalf.com\\\/ru\\\/#organization\"},\"potentialAction\":[{\"@type\":\"SearchAction\",\"target\":{\"@type\":\"EntryPoint\",\"urlTemplate\":\"http:\\\/\\\/govalf.com\\\/ru\\\/?s={search_term_string}\"},\"query-input\":{\"@type\":\"PropertyValueSpecification\",\"valueRequired\":true,\"valueName\":\"search_term_string\"}}],\"inLanguage\":\"fr-FR\"},{\"@type\":\"Organization\",\"@id\":\"http:\\\/\\\/govalf.com\\\/ru\\\/#organization\",\"name\":\"Go Valf\",\"url\":\"http:\\\/\\\/govalf.com\\\/ru\\\/\",\"logo\":{\"@type\":\"ImageObject\",\"inLanguage\":\"fr-FR\",\"@id\":\"http:\\\/\\\/govalf.com\\\/ru\\\/#\\\/schema\\\/logo\\\/image\\\/\",\"url\":\"https:\\\/\\\/govalf.com\\\/wp-content\\\/uploads\\\/2022\\\/02\\\/go-valf-logo.png\",\"contentUrl\":\"https:\\\/\\\/govalf.com\\\/wp-content\\\/uploads\\\/2022\\\/02\\\/go-valf-logo.png\",\"width\":504,\"height\":120,\"caption\":\"Go Valf\"},\"image\":{\"@id\":\"http:\\\/\\\/govalf.com\\\/ru\\\/#\\\/schema\\\/logo\\\/image\\\/\"}}]}<\/script>\n<!-- \/ Yoast SEO plugin. -->","yoast_head_json":{"title":"Compteurs d'eau de type Woltman - GOVALF","description":"Compteurs d'eau de type Woltman Les compteurs d'eau de type Woltman sont les compteurs d'eau pr\u00e9f\u00e9r\u00e9s pour les mesures de d\u00e9bit \u00e9lev\u00e9","robots":{"index":"index","follow":"follow","max-snippet":"max-snippet:-1","max-image-preview":"max-image-preview:large","max-video-preview":"max-video-preview:-1"},"canonical":"https:\/\/govalf.com\/fr\/product\/compteurs-deau-de-type-woltman\/","og_locale":"fr_FR","og_type":"article","og_title":"Compteurs d'eau de type Woltman - GOVALF","og_description":"Compteurs d'eau de type Woltman Les compteurs d'eau de type Woltman sont les compteurs d'eau pr\u00e9f\u00e9r\u00e9s pour les mesures de d\u00e9bit \u00e9lev\u00e9","og_url":"https:\/\/govalf.com\/fr\/product\/compteurs-deau-de-type-woltman\/","og_site_name":"Go Valf Vana ve Pompa Sistemleri","article_modified_time":"2023-01-06T10:50:29+00:00","og_image":[{"width":1024,"height":1024,"url":"https:\/\/govalf.com\/wp-content\/uploads\/2022\/08\/Compteurs-deau-de-type-Woltman.png","type":"image\/png"}],"twitter_card":"summary_large_image","twitter_misc":{"Dur\u00e9e de lecture estim\u00e9e":"3 minutes"},"schema":{"@context":"https:\/\/schema.org","@graph":[{"@type":"WebPage","@id":"https:\/\/govalf.com\/fr\/product\/compteurs-deau-de-type-woltman\/","url":"https:\/\/govalf.com\/fr\/product\/compteurs-deau-de-type-woltman\/","name":"Compteurs d'eau de type Woltman - GOVALF","isPartOf":{"@id":"http:\/\/govalf.com\/ru\/#website"},"primaryImageOfPage":{"@id":"https:\/\/govalf.com\/fr\/product\/compteurs-deau-de-type-woltman\/#primaryimage"},"image":{"@id":"https:\/\/govalf.com\/fr\/product\/compteurs-deau-de-type-woltman\/#primaryimage"},"thumbnailUrl":"https:\/\/govalf.com\/wp-content\/uploads\/2022\/08\/Compteurs-deau-de-type-Woltman.png","datePublished":"2022-08-04T18:06:21+00:00","dateModified":"2023-01-06T10:50:29+00:00","description":"Compteurs d'eau de type Woltman Les compteurs d'eau de type Woltman sont les compteurs d'eau pr\u00e9f\u00e9r\u00e9s pour les mesures de d\u00e9bit \u00e9lev\u00e9","breadcrumb":{"@id":"https:\/\/govalf.com\/fr\/product\/compteurs-deau-de-type-woltman\/#breadcrumb"},"inLanguage":"fr-FR","potentialAction":[{"@type":"ReadAction","target":["https:\/\/govalf.com\/fr\/product\/compteurs-deau-de-type-woltman\/"]}]},{"@type":"ImageObject","inLanguage":"fr-FR","@id":"https:\/\/govalf.com\/fr\/product\/compteurs-deau-de-type-woltman\/#primaryimage","url":"https:\/\/govalf.com\/wp-content\/uploads\/2022\/08\/Compteurs-deau-de-type-Woltman.png","contentUrl":"https:\/\/govalf.com\/wp-content\/uploads\/2022\/08\/Compteurs-deau-de-type-Woltman.png","width":1024,"height":1024,"caption":"Compteurs d'eau de type Woltman"},{"@type":"BreadcrumbList","@id":"https:\/\/govalf.com\/fr\/product\/compteurs-deau-de-type-woltman\/#breadcrumb","itemListElement":[{"@type":"ListItem","position":1,"name":"Anasayfa","item":"http:\/\/govalf.com\/fr\/"},{"@type":"ListItem","position":2,"name":"Products","item":"http:\/\/govalf.com\/fr\/des-produits\/"},{"@type":"ListItem","position":3,"name":"Compteurs d&rsquo;eau de type Woltman"}]},{"@type":"WebSite","@id":"http:\/\/govalf.com\/ru\/#website","url":"http:\/\/govalf.com\/ru\/","name":"Go Valf Vana ve Pompa Sistemleri","description":"Yang\u0131n S\u00f6nd\u00fcrme Sistemleri ve Ekipmanlar\u0131","publisher":{"@id":"http:\/\/govalf.com\/ru\/#organization"},"potentialAction":[{"@type":"SearchAction","target":{"@type":"EntryPoint","urlTemplate":"http:\/\/govalf.com\/ru\/?s={search_term_string}"},"query-input":{"@type":"PropertyValueSpecification","valueRequired":true,"valueName":"search_term_string"}}],"inLanguage":"fr-FR"},{"@type":"Organization","@id":"http:\/\/govalf.com\/ru\/#organization","name":"Go Valf","url":"http:\/\/govalf.com\/ru\/","logo":{"@type":"ImageObject","inLanguage":"fr-FR","@id":"http:\/\/govalf.com\/ru\/#\/schema\/logo\/image\/","url":"https:\/\/govalf.com\/wp-content\/uploads\/2022\/02\/go-valf-logo.png","contentUrl":"https:\/\/govalf.com\/wp-content\/uploads\/2022\/02\/go-valf-logo.png","width":504,"height":120,"caption":"Go Valf"},"image":{"@id":"http:\/\/govalf.com\/ru\/#\/schema\/logo\/image\/"}}]}},"_links":{"self":[{"href":"https:\/\/govalf.com\/fr\/wp-json\/wp\/v2\/product\/7124","targetHints":{"allow":["GET"]}}],"collection":[{"href":"https:\/\/govalf.com\/fr\/wp-json\/wp\/v2\/product"}],"about":[{"href":"https:\/\/govalf.com\/fr\/wp-json\/wp\/v2\/types\/product"}],"replies":[{"embeddable":true,"href":"https:\/\/govalf.com\/fr\/wp-json\/wp\/v2\/comments?post=7124"}],"wp:featuredmedia":[{"embeddable":true,"href":"https:\/\/govalf.com\/fr\/wp-json\/wp\/v2\/media\/8410"}],"wp:attachment":[{"href":"https:\/\/govalf.com\/fr\/wp-json\/wp\/v2\/media?parent=7124"}],"wp:term":[{"taxonomy":"product_brand","embeddable":true,"href":"https:\/\/govalf.com\/fr\/wp-json\/wp\/v2\/product_brand?post=7124"},{"taxonomy":"product_cat","embeddable":true,"href":"https:\/\/govalf.com\/fr\/wp-json\/wp\/v2\/product_cat?post=7124"},{"taxonomy":"product_tag","embeddable":true,"href":"https:\/\/govalf.com\/fr\/wp-json\/wp\/v2\/product_tag?post=7124"}],"curies":[{"name":"wp","href":"https:\/\/api.w.org\/{rel}","templated":true}]}}