{"id":7149,"date":"2022-08-04T18:07:01","date_gmt":"2022-08-04T18:07:01","guid":{"rendered":"https:\/\/govalf.com\/urun\/sicak-su-sayaci\/"},"modified":"2022-10-06T11:17:00","modified_gmt":"2022-10-06T11:17:00","slug":"compteur-deau-chaude","status":"publish","type":"product","link":"https:\/\/govalf.com\/fr\/product\/compteur-deau-chaude\/","title":{"rendered":"Compteur d&rsquo;eau chaude"},"content":{"rendered":"<p><strong>Compteur d&rsquo;eau chaude; <\/strong>C&rsquo;est un appareil qui mesure la quantit\u00e9 d&rsquo;eau chaude passant par la ligne d&rsquo;arriv\u00e9e d&rsquo;eau chaude sanitaire sur laquelle il est plac\u00e9, sur la base de m\u00b3 ou de litres. Il a des mod\u00e8les m\u00e9caniques, ultrasoniques et volum\u00e9triques comme dans les compteurs de chaleur.<\/p>\n<p>&nbsp;<\/p>\n<p><strong>Qu&rsquo;est-ce qu&rsquo;un compteur d&rsquo;eau chaude et \u00e0 quoi sert-il ?<\/strong><\/p>\n<p>C&rsquo;est un instrument de mesure qui d\u00e9termine la quantit\u00e9 d&rsquo;eau utilis\u00e9e en se connectant \u00e0 l&rsquo;entr\u00e9e de l&rsquo;installation d&rsquo;eau pour mesurer la consommation d&rsquo;eau chaude. La loi sur l&rsquo;efficacit\u00e9 \u00e9nerg\u00e9tique (r\u00e9glementation sur le partage de la chaleur) impose la mise en place de syst\u00e8mes de partage des co\u00fbts dans les b\u00e2timents o\u00f9 l&rsquo;eau chaude sanitaire est obtenue \u00e0 partir de syst\u00e8mes centraux. C&rsquo;est un appareil qui mesure la quantit\u00e9 d&rsquo;eau chaude passant par la ligne d&rsquo;arriv\u00e9e d&rsquo;eau sur la base de m3 et de litres. Les appareils doivent rester ouverts pour \u00e9viter les probl\u00e8mes de communication. Le module de communication du compteur doit \u00eatre prot\u00e9g\u00e9 de tout choc et contact avec l&rsquo;eau. Diff\u00e9rents types d&rsquo;options de compteur sont disponibles. Il convient \u00e0 toutes sortes de diam\u00e8tres et de formes de montage. Le sens du compteur doit \u00eatre le m\u00eame que le sens d&rsquo;\u00e9coulement de l&rsquo;eau. Les ensembles de compteurs doivent \u00eatre horizontaux, avec les unit\u00e9s de calcul vers le haut. Afin d&rsquo;\u00e9viter les reflux, des clapets anti-retour peuvent \u00eatre install\u00e9s dans les d\u00e9rivations avant les compteurs.<\/p>\n<p>&nbsp;<\/p>\n<p>PROPRI\u00c9T\u00c9S<\/p>\n<p>&nbsp;<\/p>\n<ul>\n<li>Certifi\u00e9 MID (directive sur les instruments de mesure)<\/li>\n<li>Longue dur\u00e9e de vie gr\u00e2ce \u00e0 sa conception multifaisceaux<\/li>\n<li>Faible perte de charge<\/li>\n<li>Haute sensibilit\u00e9 au d\u00e9bit initial<\/li>\n<li>M\u00e9canisme de protection magn\u00e9tique sous vide<\/li>\n<li>Couvercle rotatif \u00e0 360\u00b0<\/li>\n<li>Corps en laiton peint \u00e9lectrostatique r\u00e9sistant \u00e0 la corrosion<\/li>\n<li>Peinture avec peinture en poudre e\/p int\u00e9rieure\/ext\u00e9rieure<\/li>\n<li>Avec clapet anti-retour<\/li>\n<li>Double filtre<\/li>\n<li>M\u00e9canisme prot\u00e9g\u00e9 IP68<\/li>\n<li>Fonctionnement durable et sans entretien<\/li>\n<li>5 ans de garantie<\/li>\n<li>Des ann\u00e9es de pi\u00e8ces de rechange et de service apr\u00e8s-vente<\/li>\n<\/ul>\n<p>TEMP\u00c9RATURE<br \/>\n+90\u00b0C<\/p>\n<p>&nbsp;<\/p>\n<p><strong>\u00c0 PROPOS DE NOUS<\/strong><\/p>\n<p><strong>GOVALF<\/strong><\/p>\n<p>En tant qu&rsquo;\u00e9quipe GoValf, nous fournissons \u00e0 nos clients des solutions de fourniture d&rsquo;installations m\u00e9caniques conformes aux technologies actuelles en Turquie et dans les pays voisins depuis 2009. Tout en offrant les marques les plus exclusives de Turquie et du monde \u00e0 nos clients aux prix les plus abordables, nous en ajoutons chaque jour de nouvelles \u00e0 nos solutions.<\/p>\n<p>Aujourd&rsquo;hui, nous classons nos d\u00e9partements dans les mati\u00e8res suivantes et offrons \u00e0 nos clients des services privil\u00e9gi\u00e9s de la base \u00e0 la livraison dans leurs projets avec nos \u00e9quipes expertes et pr\u00e8s de 100 marques:<\/p>\n<ul>\n<li>Mat\u00e9riel d&rsquo;installation,<\/li>\n<li>Syst\u00e8mes et \u00e9quipements d&rsquo;extinction d&rsquo;incendie,<\/li>\n<li>Pompes et Surpresseurs,<\/li>\n<li>Solutions de chauffage,<\/li>\n<li>Climatisation et ventilation<\/li>\n<\/ul>\n<p>Dans notre secteur o\u00f9 la concurrence s&rsquo;intensifie de jour en jour, nous avons augment\u00e9 notre qualit\u00e9 et notre diversit\u00e9 avec divers produits que nous fabriquons en suivant les technologies.<\/p>\n<p>Nous concevons, coulons, fabriquons, assemblons, testons et contr\u00f4lons les produits que nous fabriquons dans nos propres installations avec notre propre \u00e9quipe d&rsquo;experts.<\/p>\n<p><strong>Notre principe de satisfaction client<\/strong><\/p>\n<p>Notre priorit\u00e9 est la tranquillit\u00e9 et le bonheur de nos clients. Nous servons nos clients avec l&rsquo;assurance de GoValf. Avec notre compr\u00e9hension d&rsquo;un travail s\u00fbr, de haute qualit\u00e9, stable et de prix comp\u00e9titifs, nous travaillons de toutes nos forces pour \u00eatre en coop\u00e9ration non seulement pour aujourd&rsquo;hui mais pour toujours. La confiance de nos clients en nous est notre plus grand capital.<\/p>\n<p>Dans nos services, nous veillons \u00e0 vous offrir les prix les plus abordables et les services de la plus haute qualit\u00e9 en r\u00e9alisant une coop\u00e9ration saine avec les fournisseurs, en harmonie avec les demandes des clients, avec des solutions d&rsquo;ing\u00e9nierie bas\u00e9es sur des donn\u00e9es et des informations.<\/p>\n<p><a href=\"https:\/\/govalf.com\/iletisim\/\">Contact<\/a><\/p>\n<p>&nbsp;<\/p>\n<p>&nbsp;<\/p>\n<p>&nbsp;<\/p>\n<p>&nbsp;<\/p>\n","protected":false},"excerpt":{"rendered":"<p>Compteur d&rsquo;eau chaude; C&rsquo;est un appareil qui mesure la quantit\u00e9 d&rsquo;eau chaude passant par la ligne d&rsquo;arriv\u00e9e d&rsquo;eau chaude sanitaire sur laquelle il est plac\u00e9, sur la base de m\u00b3 ou de litres. Il a des mod\u00e8les m\u00e9caniques, ultrasoniques et volum\u00e9triques comme dans les compteurs de chaleur. &nbsp; Qu&rsquo;est-ce qu&rsquo;un compteur d&rsquo;eau chaude et \u00e0 [&hellip;]<\/p>\n","protected":false},"featured_media":6419,"comment_status":"open","ping_status":"closed","template":"","meta":{"_acf_changed":false},"product_brand":[],"product_cat":[237],"product_tag":[],"class_list":{"0":"post-7149","1":"product","2":"type-product","3":"status-publish","4":"has-post-thumbnail","6":"product_cat-compteur-deau","8":"first","9":"instock","10":"shipping-taxable","11":"product-type-simple"},"acf":[],"yoast_head":"<!-- This site is optimized with the Yoast SEO plugin v27.4 - https:\/\/yoast.com\/product\/yoast-seo-wordpress\/ -->\n<title>Compteur d&#039;eau chaude - GOVALF<\/title>\n<meta name=\"description\" content=\"Compteur d&#039;eau chaude; C&#039;est un appareil qui mesure la quantit\u00e9 d&#039;eau chaude passant par la ligne d&#039;arriv\u00e9e d&#039;eau chaude sanitaire\" \/>\n<meta name=\"robots\" content=\"index, follow, max-snippet:-1, max-image-preview:large, max-video-preview:-1\" \/>\n<link rel=\"canonical\" href=\"http:\/\/govalf.com\/fr\/product\/compteur-deau-chaude\/\" \/>\n<meta property=\"og:locale\" content=\"fr_FR\" \/>\n<meta property=\"og:type\" content=\"article\" \/>\n<meta property=\"og:title\" content=\"Compteur d&#039;eau chaude - GOVALF\" \/>\n<meta property=\"og:description\" content=\"Compteur d&#039;eau chaude; C&#039;est un appareil qui mesure la quantit\u00e9 d&#039;eau chaude passant par la ligne d&#039;arriv\u00e9e d&#039;eau chaude sanitaire\" \/>\n<meta property=\"og:url\" content=\"http:\/\/govalf.com\/fr\/product\/compteur-deau-chaude\/\" \/>\n<meta property=\"og:site_name\" content=\"Go Valf Vana ve Pompa Sistemleri\" \/>\n<meta property=\"article:modified_time\" content=\"2022-10-06T11:17:00+00:00\" \/>\n<meta property=\"og:image\" content=\"http:\/\/govalf.com\/wp-content\/uploads\/2022\/08\/Sicak-Su-Sayaci-.png\" \/>\n\t<meta property=\"og:image:width\" content=\"1024\" \/>\n\t<meta property=\"og:image:height\" content=\"1024\" \/>\n\t<meta property=\"og:image:type\" content=\"image\/png\" \/>\n<meta name=\"twitter:card\" content=\"summary_large_image\" \/>\n<meta name=\"twitter:label1\" content=\"Dur\u00e9e de lecture estim\u00e9e\" \/>\n\t<meta name=\"twitter:data1\" content=\"3 minutes\" \/>\n<script type=\"application\/ld+json\" class=\"yoast-schema-graph\">{\"@context\":\"https:\\\/\\\/schema.org\",\"@graph\":[{\"@type\":\"WebPage\",\"@id\":\"http:\\\/\\\/govalf.com\\\/fr\\\/product\\\/compteur-deau-chaude\\\/\",\"url\":\"http:\\\/\\\/govalf.com\\\/fr\\\/product\\\/compteur-deau-chaude\\\/\",\"name\":\"Compteur d'eau chaude - GOVALF\",\"isPartOf\":{\"@id\":\"http:\\\/\\\/govalf.com\\\/ru\\\/#website\"},\"primaryImageOfPage\":{\"@id\":\"http:\\\/\\\/govalf.com\\\/fr\\\/product\\\/compteur-deau-chaude\\\/#primaryimage\"},\"image\":{\"@id\":\"http:\\\/\\\/govalf.com\\\/fr\\\/product\\\/compteur-deau-chaude\\\/#primaryimage\"},\"thumbnailUrl\":\"https:\\\/\\\/govalf.com\\\/wp-content\\\/uploads\\\/2022\\\/08\\\/Sicak-Su-Sayaci-.png\",\"datePublished\":\"2022-08-04T18:07:01+00:00\",\"dateModified\":\"2022-10-06T11:17:00+00:00\",\"description\":\"Compteur d'eau chaude; C'est un appareil qui mesure la quantit\u00e9 d'eau chaude passant par la ligne d'arriv\u00e9e d'eau chaude sanitaire\",\"breadcrumb\":{\"@id\":\"http:\\\/\\\/govalf.com\\\/fr\\\/product\\\/compteur-deau-chaude\\\/#breadcrumb\"},\"inLanguage\":\"fr-FR\",\"potentialAction\":[{\"@type\":\"ReadAction\",\"target\":[\"http:\\\/\\\/govalf.com\\\/fr\\\/product\\\/compteur-deau-chaude\\\/\"]}]},{\"@type\":\"ImageObject\",\"inLanguage\":\"fr-FR\",\"@id\":\"http:\\\/\\\/govalf.com\\\/fr\\\/product\\\/compteur-deau-chaude\\\/#primaryimage\",\"url\":\"https:\\\/\\\/govalf.com\\\/wp-content\\\/uploads\\\/2022\\\/08\\\/Sicak-Su-Sayaci-.png\",\"contentUrl\":\"https:\\\/\\\/govalf.com\\\/wp-content\\\/uploads\\\/2022\\\/08\\\/Sicak-Su-Sayaci-.png\",\"width\":1024,\"height\":1024,\"caption\":\"S\u0131cak Su Sayac\u0131\"},{\"@type\":\"BreadcrumbList\",\"@id\":\"http:\\\/\\\/govalf.com\\\/fr\\\/product\\\/compteur-deau-chaude\\\/#breadcrumb\",\"itemListElement\":[{\"@type\":\"ListItem\",\"position\":1,\"name\":\"Anasayfa\",\"item\":\"http:\\\/\\\/govalf.com\\\/fr\\\/\"},{\"@type\":\"ListItem\",\"position\":2,\"name\":\"Products\",\"item\":\"http:\\\/\\\/govalf.com\\\/fr\\\/des-produits\\\/\"},{\"@type\":\"ListItem\",\"position\":3,\"name\":\"Compteur d&rsquo;eau chaude\"}]},{\"@type\":\"WebSite\",\"@id\":\"http:\\\/\\\/govalf.com\\\/ru\\\/#website\",\"url\":\"http:\\\/\\\/govalf.com\\\/ru\\\/\",\"name\":\"Go Valf Vana ve Pompa Sistemleri\",\"description\":\"Yang\u0131n S\u00f6nd\u00fcrme Sistemleri ve Ekipmanlar\u0131\",\"publisher\":{\"@id\":\"http:\\\/\\\/govalf.com\\\/ru\\\/#organization\"},\"potentialAction\":[{\"@type\":\"SearchAction\",\"target\":{\"@type\":\"EntryPoint\",\"urlTemplate\":\"http:\\\/\\\/govalf.com\\\/ru\\\/?s={search_term_string}\"},\"query-input\":{\"@type\":\"PropertyValueSpecification\",\"valueRequired\":true,\"valueName\":\"search_term_string\"}}],\"inLanguage\":\"fr-FR\"},{\"@type\":\"Organization\",\"@id\":\"http:\\\/\\\/govalf.com\\\/ru\\\/#organization\",\"name\":\"Go Valf\",\"url\":\"http:\\\/\\\/govalf.com\\\/ru\\\/\",\"logo\":{\"@type\":\"ImageObject\",\"inLanguage\":\"fr-FR\",\"@id\":\"http:\\\/\\\/govalf.com\\\/ru\\\/#\\\/schema\\\/logo\\\/image\\\/\",\"url\":\"https:\\\/\\\/govalf.com\\\/wp-content\\\/uploads\\\/2022\\\/02\\\/go-valf-logo.png\",\"contentUrl\":\"https:\\\/\\\/govalf.com\\\/wp-content\\\/uploads\\\/2022\\\/02\\\/go-valf-logo.png\",\"width\":504,\"height\":120,\"caption\":\"Go Valf\"},\"image\":{\"@id\":\"http:\\\/\\\/govalf.com\\\/ru\\\/#\\\/schema\\\/logo\\\/image\\\/\"}}]}<\/script>\n<!-- \/ Yoast SEO plugin. -->","yoast_head_json":{"title":"Compteur d'eau chaude - GOVALF","description":"Compteur d'eau chaude; C'est un appareil qui mesure la quantit\u00e9 d'eau chaude passant par la ligne d'arriv\u00e9e d'eau chaude sanitaire","robots":{"index":"index","follow":"follow","max-snippet":"max-snippet:-1","max-image-preview":"max-image-preview:large","max-video-preview":"max-video-preview:-1"},"canonical":"http:\/\/govalf.com\/fr\/product\/compteur-deau-chaude\/","og_locale":"fr_FR","og_type":"article","og_title":"Compteur d'eau chaude - GOVALF","og_description":"Compteur d'eau chaude; C'est un appareil qui mesure la quantit\u00e9 d'eau chaude passant par la ligne d'arriv\u00e9e d'eau chaude sanitaire","og_url":"http:\/\/govalf.com\/fr\/product\/compteur-deau-chaude\/","og_site_name":"Go Valf Vana ve Pompa Sistemleri","article_modified_time":"2022-10-06T11:17:00+00:00","og_image":[{"width":1024,"height":1024,"url":"http:\/\/govalf.com\/wp-content\/uploads\/2022\/08\/Sicak-Su-Sayaci-.png","type":"image\/png"}],"twitter_card":"summary_large_image","twitter_misc":{"Dur\u00e9e de lecture estim\u00e9e":"3 minutes"},"schema":{"@context":"https:\/\/schema.org","@graph":[{"@type":"WebPage","@id":"http:\/\/govalf.com\/fr\/product\/compteur-deau-chaude\/","url":"http:\/\/govalf.com\/fr\/product\/compteur-deau-chaude\/","name":"Compteur d'eau chaude - GOVALF","isPartOf":{"@id":"http:\/\/govalf.com\/ru\/#website"},"primaryImageOfPage":{"@id":"http:\/\/govalf.com\/fr\/product\/compteur-deau-chaude\/#primaryimage"},"image":{"@id":"http:\/\/govalf.com\/fr\/product\/compteur-deau-chaude\/#primaryimage"},"thumbnailUrl":"https:\/\/govalf.com\/wp-content\/uploads\/2022\/08\/Sicak-Su-Sayaci-.png","datePublished":"2022-08-04T18:07:01+00:00","dateModified":"2022-10-06T11:17:00+00:00","description":"Compteur d'eau chaude; C'est un appareil qui mesure la quantit\u00e9 d'eau chaude passant par la ligne d'arriv\u00e9e d'eau chaude sanitaire","breadcrumb":{"@id":"http:\/\/govalf.com\/fr\/product\/compteur-deau-chaude\/#breadcrumb"},"inLanguage":"fr-FR","potentialAction":[{"@type":"ReadAction","target":["http:\/\/govalf.com\/fr\/product\/compteur-deau-chaude\/"]}]},{"@type":"ImageObject","inLanguage":"fr-FR","@id":"http:\/\/govalf.com\/fr\/product\/compteur-deau-chaude\/#primaryimage","url":"https:\/\/govalf.com\/wp-content\/uploads\/2022\/08\/Sicak-Su-Sayaci-.png","contentUrl":"https:\/\/govalf.com\/wp-content\/uploads\/2022\/08\/Sicak-Su-Sayaci-.png","width":1024,"height":1024,"caption":"S\u0131cak Su Sayac\u0131"},{"@type":"BreadcrumbList","@id":"http:\/\/govalf.com\/fr\/product\/compteur-deau-chaude\/#breadcrumb","itemListElement":[{"@type":"ListItem","position":1,"name":"Anasayfa","item":"http:\/\/govalf.com\/fr\/"},{"@type":"ListItem","position":2,"name":"Products","item":"http:\/\/govalf.com\/fr\/des-produits\/"},{"@type":"ListItem","position":3,"name":"Compteur d&rsquo;eau chaude"}]},{"@type":"WebSite","@id":"http:\/\/govalf.com\/ru\/#website","url":"http:\/\/govalf.com\/ru\/","name":"Go Valf Vana ve Pompa Sistemleri","description":"Yang\u0131n S\u00f6nd\u00fcrme Sistemleri ve Ekipmanlar\u0131","publisher":{"@id":"http:\/\/govalf.com\/ru\/#organization"},"potentialAction":[{"@type":"SearchAction","target":{"@type":"EntryPoint","urlTemplate":"http:\/\/govalf.com\/ru\/?s={search_term_string}"},"query-input":{"@type":"PropertyValueSpecification","valueRequired":true,"valueName":"search_term_string"}}],"inLanguage":"fr-FR"},{"@type":"Organization","@id":"http:\/\/govalf.com\/ru\/#organization","name":"Go Valf","url":"http:\/\/govalf.com\/ru\/","logo":{"@type":"ImageObject","inLanguage":"fr-FR","@id":"http:\/\/govalf.com\/ru\/#\/schema\/logo\/image\/","url":"https:\/\/govalf.com\/wp-content\/uploads\/2022\/02\/go-valf-logo.png","contentUrl":"https:\/\/govalf.com\/wp-content\/uploads\/2022\/02\/go-valf-logo.png","width":504,"height":120,"caption":"Go Valf"},"image":{"@id":"http:\/\/govalf.com\/ru\/#\/schema\/logo\/image\/"}}]}},"_links":{"self":[{"href":"https:\/\/govalf.com\/fr\/wp-json\/wp\/v2\/product\/7149","targetHints":{"allow":["GET"]}}],"collection":[{"href":"https:\/\/govalf.com\/fr\/wp-json\/wp\/v2\/product"}],"about":[{"href":"https:\/\/govalf.com\/fr\/wp-json\/wp\/v2\/types\/product"}],"replies":[{"embeddable":true,"href":"https:\/\/govalf.com\/fr\/wp-json\/wp\/v2\/comments?post=7149"}],"wp:featuredmedia":[{"embeddable":true,"href":"https:\/\/govalf.com\/fr\/wp-json\/wp\/v2\/media\/6419"}],"wp:attachment":[{"href":"https:\/\/govalf.com\/fr\/wp-json\/wp\/v2\/media?parent=7149"}],"wp:term":[{"taxonomy":"product_brand","embeddable":true,"href":"https:\/\/govalf.com\/fr\/wp-json\/wp\/v2\/product_brand?post=7149"},{"taxonomy":"product_cat","embeddable":true,"href":"https:\/\/govalf.com\/fr\/wp-json\/wp\/v2\/product_cat?post=7149"},{"taxonomy":"product_tag","embeddable":true,"href":"https:\/\/govalf.com\/fr\/wp-json\/wp\/v2\/product_tag?post=7149"}],"curies":[{"name":"wp","href":"https:\/\/api.w.org\/{rel}","templated":true}]}}