{"id":8550,"date":"2023-01-10T05:17:15","date_gmt":"2023-01-10T05:17:15","guid":{"rendered":"https:\/\/govalf.com\/urun\/yatik-kapali-devre-boyler\/"},"modified":"2023-04-07T12:07:01","modified_gmt":"2023-04-07T12:07:01","slug":"chaudiere-a-circuit-ferme-horizontale","status":"publish","type":"product","link":"https:\/\/govalf.com\/fr\/product\/chaudiere-a-circuit-ferme-horizontale\/","title":{"rendered":"CHAUDI\u00c8RE \u00c0 CIRCUIT FERM\u00c9 HORIZONTALE"},"content":{"rendered":"<p>CHAUDI\u00c8RE \u00c0 CIRCUIT FERM\u00c9 HORIZONTALE ; Chaudi\u00e8re \u00e0 circuit avec couvercle plat offrant un grand confort d&rsquo;eau chaude ;<\/p>\n<p>Il fonctionne enti\u00e8rement compatible avec tous les syst\u00e8mes d&rsquo;\u00e9nergie solaire.<\/p>\n<p>Grand confort d&rsquo;eau potable entre -150-300L<\/p>\n<p>-Pression maximum de travail (Stockage) : 10 Bar<\/p>\n<p>-Pression de travail maximale (chemise): 3 Bar<\/p>\n<p>-Temp\u00e9rature maximale de fonctionnement (Entrep\u00f4t) : 95\u00b0C<\/p>\n<p>-Temp\u00e9rature maximale de travail (chemise): 110\u00b0C<\/p>\n<p>&#8211; Construction : Acier S235JR<\/p>\n<p>-Formation minimale de calcaire gr\u00e2ce \u00e0 sa surface lisse, protection hygi\u00e9nique contre l&rsquo;eau chaude et protection optimale contre la corrosion gr\u00e2ce \u00e0 son rev\u00eatement \u00e9maill\u00e9 de haute qualit\u00e9 conform\u00e9ment \u00e0 la norme DIN 4753<\/p>\n<p>-Protection d&rsquo;anode en magn\u00e9sium<\/p>\n<p>-Haute isolation thermique<\/p>\n<p>-Structure facile \u00e0 assembler et en grande partie sans entretien<\/p>\n<p>&#8211; Protection contre la corrosion avec rev\u00eatement ext\u00e9rieur en \u00e9mail<\/p>\n<p>-isolation<\/p>\n<p>150-300L : 42 kg\/m3 de mousse PU rigide sans HCFC<\/p>\n<p>-Rev\u00eatement de gaine ext\u00e9rieure<\/p>\n<p>150-300L : T\u00f4le galvanis\u00e9e enduite de poudre \u00e9lectrostatique<\/p>\n<p>-Con\u00e7u selon les normes TS 736 et TS EN 13445-3. CHAUDI\u00c8RE \u00c0 CIRCUIT FERM\u00c9 HORIZONTALE<\/p>\n<p><a href=\"http:\/\/Govalf.com\">GOVALF<\/a><\/p>\n<p>Chaudi\u00e8re Couch\u00e9e \u00e0 Circuit Ferm\u00e9<\/p>\n<p>Les chaudi\u00e8res couch\u00e9es \u00e0 circuit ferm\u00e9 sont un type d&rsquo;appareil utilis\u00e9 pour r\u00e9pondre aux besoins en eau chaude dans les maisons. Ces appareils offrent un rendement \u00e9lev\u00e9 et des \u00e9conomies d&rsquo;\u00e9nergie, offrant aux utilisateurs une eau chaude confortable avec une consommation d&rsquo;\u00e9nergie moindre.<\/p>\n<p>Conception En Circuit Ferm\u00e9<\/p>\n<p>Les chaudi\u00e8res couch\u00e9es \u00e0 circuit ferm\u00e9 sont un appareil qui a une conception en circuit ferm\u00e9. Cette conception r\u00e9duit la pression de l&rsquo;eau de l&rsquo;appareil, ce qui permet \u00e0 l&rsquo;eau de chauffer en utilisant moins d&rsquo;\u00e9nergie. De plus, la conception en circuit ferm\u00e9 entra\u00eene une consommation d&rsquo;\u00e9nergie moindre et une efficacit\u00e9 accrue en cr\u00e9ant un cycle dans lequel l&rsquo;eau n&rsquo;a pas besoin d&rsquo;\u00eatre chauff\u00e9e \u00e0 plusieurs reprises.<\/p>\n<p>Conception Inclinable<\/p>\n<p>Chaudi\u00e8res couch\u00e9es \u00e0 circuit ferm\u00e9, elles sont plac\u00e9es horizontalement. Cette conception permet \u00e0 l&rsquo;appareil de prendre moins de place et de faciliter son utilisation. De plus, la conception avec un placement couch\u00e9 permet \u00e0 l&rsquo;appareil de fonctionner de mani\u00e8re plus stable.<\/p>\n<p>Rendement \u00c9lev\u00e9<\/p>\n<p>Les chaudi\u00e8res couch\u00e9es \u00e0 circuit ferm\u00e9 vous aident \u00e0 \u00e9conomiser de l&rsquo;\u00e9nergie en offrant un rendement \u00e9lev\u00e9. Ces appareils consomment l&rsquo;\u00e9nergie n\u00e9cessaire \u00e0 la production d&rsquo;eau chaude de la mani\u00e8re la plus efficace et \u00e9vitent les pertes d&rsquo;\u00e9nergie inutiles. De plus, la conception en circuit ferm\u00e9 entra\u00eene une consommation d&rsquo;\u00e9nergie moindre et une efficacit\u00e9 accrue en cr\u00e9ant un cycle dans lequel l&rsquo;eau n&rsquo;a pas besoin d&rsquo;\u00eatre chauff\u00e9e \u00e0 plusieurs reprises.<\/p>\n<p>Moins De Consommation D&rsquo;\u00c9nergie<\/p>\n<p>Les chaudi\u00e8res couch\u00e9es \u00e0 circuit ferm\u00e9 sont un dispositif respectueux de l&rsquo;environnement en fournissant moins de consommation d&rsquo;\u00e9nergie. Ces appareils consomment l&rsquo;\u00e9nergie n\u00e9cessaire \u00e0 la production d&rsquo;eau chaude de la mani\u00e8re la plus efficace et \u00e9vitent les pertes d&rsquo;\u00e9nergie inutiles. De plus, la conception en circuit ferm\u00e9 permet de chauffer l&rsquo;eau en consommant moins d&rsquo;\u00e9nergie, ce qui se traduit par un rendement plus \u00e9lev\u00e9 avec une consommation d&rsquo;\u00e9nergie moindre.<\/p>\n<p>facilit\u00e9 d&rsquo;utilisation<\/p>\n<p>Les chaudi\u00e8res couch\u00e9es \u00e0 circuit ferm\u00e9 sont \u00e9galement avantageuses en termes de facilit\u00e9 d&rsquo;utilisation. Ces appareils prennent moins de place que les autres chaudi\u00e8res et peuvent \u00eatre facilement install\u00e9s. De plus, ils ne n\u00e9cessitent pas d&rsquo;entretien et peuvent \u00eatre utilis\u00e9s pendant de nombreuses ann\u00e9es sans probl\u00e8me<\/p>\n","protected":false},"excerpt":{"rendered":"<p>CHAUDI\u00c8RE \u00c0 CIRCUIT FERM\u00c9 HORIZONTALE ; Chaudi\u00e8re \u00e0 circuit avec couvercle plat offrant un grand confort d&rsquo;eau chaude ; Il fonctionne enti\u00e8rement compatible avec tous les syst\u00e8mes d&rsquo;\u00e9nergie solaire. Grand confort d&rsquo;eau potable entre -150-300L -Pression maximum de travail (Stockage) : 10 Bar -Pression de travail maximale (chemise): 3 Bar -Temp\u00e9rature maximale de fonctionnement (Entrep\u00f4t) [&hellip;]<\/p>\n","protected":false},"featured_media":8544,"comment_status":"open","ping_status":"closed","template":"","meta":{"_acf_changed":false},"product_brand":[],"product_cat":[404],"product_tag":[],"class_list":{"0":"post-8550","1":"product","2":"type-product","3":"status-publish","4":"has-post-thumbnail","6":"product_cat-chaudiere","8":"first","9":"instock","10":"shipping-taxable","11":"product-type-simple"},"acf":[],"yoast_head":"<!-- This site is optimized with the Yoast SEO plugin v27.4 - https:\/\/yoast.com\/product\/yoast-seo-wordpress\/ -->\n<title>CHAUDI\u00c8RE \u00c0 CIRCUIT FERM\u00c9 HORIZONTALE<\/title>\n<meta name=\"description\" content=\"CHAUDI\u00c8RE \u00c0 CIRCUIT FERM\u00c9 HORIZONTALE ; Chaudi\u00e8re \u00e0 circuit avec couvercle plat offrant un grand confort d&#039;eau chaude ; GOVALF\" \/>\n<meta name=\"robots\" content=\"index, follow, max-snippet:-1, max-image-preview:large, max-video-preview:-1\" \/>\n<link rel=\"canonical\" href=\"https:\/\/govalf.com\/fr\/product\/chaudiere-a-circuit-ferme-horizontale\/\" \/>\n<meta property=\"og:locale\" content=\"fr_FR\" \/>\n<meta property=\"og:type\" content=\"article\" \/>\n<meta property=\"og:title\" content=\"CHAUDI\u00c8RE \u00c0 CIRCUIT FERM\u00c9 HORIZONTALE\" \/>\n<meta property=\"og:description\" content=\"CHAUDI\u00c8RE \u00c0 CIRCUIT FERM\u00c9 HORIZONTALE ; Chaudi\u00e8re \u00e0 circuit avec couvercle plat offrant un grand confort d&#039;eau chaude ; GOVALF\" \/>\n<meta property=\"og:url\" content=\"https:\/\/govalf.com\/fr\/product\/chaudiere-a-circuit-ferme-horizontale\/\" \/>\n<meta property=\"og:site_name\" content=\"Go Valf Vana ve Pompa Sistemleri\" \/>\n<meta property=\"article:modified_time\" content=\"2023-04-07T12:07:01+00:00\" \/>\n<meta property=\"og:image\" content=\"https:\/\/govalf.com\/wp-content\/uploads\/2023\/01\/YATIK-KAPALI-DEVRE-BOYLER_.png\" \/>\n\t<meta property=\"og:image:width\" content=\"768\" \/>\n\t<meta property=\"og:image:height\" content=\"768\" \/>\n\t<meta property=\"og:image:type\" content=\"image\/png\" \/>\n<meta name=\"twitter:card\" content=\"summary_large_image\" \/>\n<meta name=\"twitter:label1\" content=\"Dur\u00e9e de lecture estim\u00e9e\" \/>\n\t<meta name=\"twitter:data1\" content=\"3 minutes\" \/>\n<script type=\"application\/ld+json\" class=\"yoast-schema-graph\">{\"@context\":\"https:\\\/\\\/schema.org\",\"@graph\":[{\"@type\":\"WebPage\",\"@id\":\"https:\\\/\\\/govalf.com\\\/fr\\\/product\\\/chaudiere-a-circuit-ferme-horizontale\\\/\",\"url\":\"https:\\\/\\\/govalf.com\\\/fr\\\/product\\\/chaudiere-a-circuit-ferme-horizontale\\\/\",\"name\":\"CHAUDI\u00c8RE \u00c0 CIRCUIT FERM\u00c9 HORIZONTALE\",\"isPartOf\":{\"@id\":\"https:\\\/\\\/govalf.com\\\/ar\\\/#website\"},\"primaryImageOfPage\":{\"@id\":\"https:\\\/\\\/govalf.com\\\/fr\\\/product\\\/chaudiere-a-circuit-ferme-horizontale\\\/#primaryimage\"},\"image\":{\"@id\":\"https:\\\/\\\/govalf.com\\\/fr\\\/product\\\/chaudiere-a-circuit-ferme-horizontale\\\/#primaryimage\"},\"thumbnailUrl\":\"https:\\\/\\\/govalf.com\\\/wp-content\\\/uploads\\\/2023\\\/01\\\/YATIK-KAPALI-DEVRE-BOYLER_.png\",\"datePublished\":\"2023-01-10T05:17:15+00:00\",\"dateModified\":\"2023-04-07T12:07:01+00:00\",\"description\":\"CHAUDI\u00c8RE \u00c0 CIRCUIT FERM\u00c9 HORIZONTALE ; Chaudi\u00e8re \u00e0 circuit avec couvercle plat offrant un grand confort d'eau chaude ; GOVALF\",\"breadcrumb\":{\"@id\":\"https:\\\/\\\/govalf.com\\\/fr\\\/product\\\/chaudiere-a-circuit-ferme-horizontale\\\/#breadcrumb\"},\"inLanguage\":\"fr-FR\",\"potentialAction\":[{\"@type\":\"ReadAction\",\"target\":[\"https:\\\/\\\/govalf.com\\\/fr\\\/product\\\/chaudiere-a-circuit-ferme-horizontale\\\/\"]}]},{\"@type\":\"ImageObject\",\"inLanguage\":\"fr-FR\",\"@id\":\"https:\\\/\\\/govalf.com\\\/fr\\\/product\\\/chaudiere-a-circuit-ferme-horizontale\\\/#primaryimage\",\"url\":\"https:\\\/\\\/govalf.com\\\/wp-content\\\/uploads\\\/2023\\\/01\\\/YATIK-KAPALI-DEVRE-BOYLER_.png\",\"contentUrl\":\"https:\\\/\\\/govalf.com\\\/wp-content\\\/uploads\\\/2023\\\/01\\\/YATIK-KAPALI-DEVRE-BOYLER_.png\",\"width\":768,\"height\":768},{\"@type\":\"BreadcrumbList\",\"@id\":\"https:\\\/\\\/govalf.com\\\/fr\\\/product\\\/chaudiere-a-circuit-ferme-horizontale\\\/#breadcrumb\",\"itemListElement\":[{\"@type\":\"ListItem\",\"position\":1,\"name\":\"Anasayfa\",\"item\":\"https:\\\/\\\/govalf.com\\\/fr\\\/\"},{\"@type\":\"ListItem\",\"position\":2,\"name\":\"Products\",\"item\":\"https:\\\/\\\/govalf.com\\\/ar\\\/urunler%d9%85%d9%86%d8%aa%d8%ac%d8%a7%d8%aa\\\/\"},{\"@type\":\"ListItem\",\"position\":3,\"name\":\"CHAUDI\u00c8RE \u00c0 CIRCUIT FERM\u00c9 HORIZONTALE\"}]},{\"@type\":\"WebSite\",\"@id\":\"https:\\\/\\\/govalf.com\\\/ar\\\/#website\",\"url\":\"https:\\\/\\\/govalf.com\\\/ar\\\/\",\"name\":\"Go Valf Vana ve Pompa Sistemleri\",\"description\":\"Yang\u0131n S\u00f6nd\u00fcrme Sistemleri ve Ekipmanlar\u0131\",\"publisher\":{\"@id\":\"https:\\\/\\\/govalf.com\\\/ar\\\/#organization\"},\"potentialAction\":[{\"@type\":\"SearchAction\",\"target\":{\"@type\":\"EntryPoint\",\"urlTemplate\":\"https:\\\/\\\/govalf.com\\\/ar\\\/?s={search_term_string}\"},\"query-input\":{\"@type\":\"PropertyValueSpecification\",\"valueRequired\":true,\"valueName\":\"search_term_string\"}}],\"inLanguage\":\"fr-FR\"},{\"@type\":\"Organization\",\"@id\":\"https:\\\/\\\/govalf.com\\\/ar\\\/#organization\",\"name\":\"Go Valf\",\"url\":\"https:\\\/\\\/govalf.com\\\/ar\\\/\",\"logo\":{\"@type\":\"ImageObject\",\"inLanguage\":\"fr-FR\",\"@id\":\"https:\\\/\\\/govalf.com\\\/ar\\\/#\\\/schema\\\/logo\\\/image\\\/\",\"url\":\"https:\\\/\\\/govalf.com\\\/wp-content\\\/uploads\\\/2022\\\/02\\\/go-valf-logo.png\",\"contentUrl\":\"https:\\\/\\\/govalf.com\\\/wp-content\\\/uploads\\\/2022\\\/02\\\/go-valf-logo.png\",\"width\":504,\"height\":120,\"caption\":\"Go Valf\"},\"image\":{\"@id\":\"https:\\\/\\\/govalf.com\\\/ar\\\/#\\\/schema\\\/logo\\\/image\\\/\"}}]}<\/script>\n<!-- \/ Yoast SEO plugin. -->","yoast_head_json":{"title":"CHAUDI\u00c8RE \u00c0 CIRCUIT FERM\u00c9 HORIZONTALE","description":"CHAUDI\u00c8RE \u00c0 CIRCUIT FERM\u00c9 HORIZONTALE ; Chaudi\u00e8re \u00e0 circuit avec couvercle plat offrant un grand confort d'eau chaude ; GOVALF","robots":{"index":"index","follow":"follow","max-snippet":"max-snippet:-1","max-image-preview":"max-image-preview:large","max-video-preview":"max-video-preview:-1"},"canonical":"https:\/\/govalf.com\/fr\/product\/chaudiere-a-circuit-ferme-horizontale\/","og_locale":"fr_FR","og_type":"article","og_title":"CHAUDI\u00c8RE \u00c0 CIRCUIT FERM\u00c9 HORIZONTALE","og_description":"CHAUDI\u00c8RE \u00c0 CIRCUIT FERM\u00c9 HORIZONTALE ; Chaudi\u00e8re \u00e0 circuit avec couvercle plat offrant un grand confort d'eau chaude ; GOVALF","og_url":"https:\/\/govalf.com\/fr\/product\/chaudiere-a-circuit-ferme-horizontale\/","og_site_name":"Go Valf Vana ve Pompa Sistemleri","article_modified_time":"2023-04-07T12:07:01+00:00","og_image":[{"width":768,"height":768,"url":"https:\/\/govalf.com\/wp-content\/uploads\/2023\/01\/YATIK-KAPALI-DEVRE-BOYLER_.png","type":"image\/png"}],"twitter_card":"summary_large_image","twitter_misc":{"Dur\u00e9e de lecture estim\u00e9e":"3 minutes"},"schema":{"@context":"https:\/\/schema.org","@graph":[{"@type":"WebPage","@id":"https:\/\/govalf.com\/fr\/product\/chaudiere-a-circuit-ferme-horizontale\/","url":"https:\/\/govalf.com\/fr\/product\/chaudiere-a-circuit-ferme-horizontale\/","name":"CHAUDI\u00c8RE \u00c0 CIRCUIT FERM\u00c9 HORIZONTALE","isPartOf":{"@id":"https:\/\/govalf.com\/ar\/#website"},"primaryImageOfPage":{"@id":"https:\/\/govalf.com\/fr\/product\/chaudiere-a-circuit-ferme-horizontale\/#primaryimage"},"image":{"@id":"https:\/\/govalf.com\/fr\/product\/chaudiere-a-circuit-ferme-horizontale\/#primaryimage"},"thumbnailUrl":"https:\/\/govalf.com\/wp-content\/uploads\/2023\/01\/YATIK-KAPALI-DEVRE-BOYLER_.png","datePublished":"2023-01-10T05:17:15+00:00","dateModified":"2023-04-07T12:07:01+00:00","description":"CHAUDI\u00c8RE \u00c0 CIRCUIT FERM\u00c9 HORIZONTALE ; Chaudi\u00e8re \u00e0 circuit avec couvercle plat offrant un grand confort d'eau chaude ; GOVALF","breadcrumb":{"@id":"https:\/\/govalf.com\/fr\/product\/chaudiere-a-circuit-ferme-horizontale\/#breadcrumb"},"inLanguage":"fr-FR","potentialAction":[{"@type":"ReadAction","target":["https:\/\/govalf.com\/fr\/product\/chaudiere-a-circuit-ferme-horizontale\/"]}]},{"@type":"ImageObject","inLanguage":"fr-FR","@id":"https:\/\/govalf.com\/fr\/product\/chaudiere-a-circuit-ferme-horizontale\/#primaryimage","url":"https:\/\/govalf.com\/wp-content\/uploads\/2023\/01\/YATIK-KAPALI-DEVRE-BOYLER_.png","contentUrl":"https:\/\/govalf.com\/wp-content\/uploads\/2023\/01\/YATIK-KAPALI-DEVRE-BOYLER_.png","width":768,"height":768},{"@type":"BreadcrumbList","@id":"https:\/\/govalf.com\/fr\/product\/chaudiere-a-circuit-ferme-horizontale\/#breadcrumb","itemListElement":[{"@type":"ListItem","position":1,"name":"Anasayfa","item":"https:\/\/govalf.com\/fr\/"},{"@type":"ListItem","position":2,"name":"Products","item":"https:\/\/govalf.com\/ar\/urunler%d9%85%d9%86%d8%aa%d8%ac%d8%a7%d8%aa\/"},{"@type":"ListItem","position":3,"name":"CHAUDI\u00c8RE \u00c0 CIRCUIT FERM\u00c9 HORIZONTALE"}]},{"@type":"WebSite","@id":"https:\/\/govalf.com\/ar\/#website","url":"https:\/\/govalf.com\/ar\/","name":"Go Valf Vana ve Pompa Sistemleri","description":"Yang\u0131n S\u00f6nd\u00fcrme Sistemleri ve Ekipmanlar\u0131","publisher":{"@id":"https:\/\/govalf.com\/ar\/#organization"},"potentialAction":[{"@type":"SearchAction","target":{"@type":"EntryPoint","urlTemplate":"https:\/\/govalf.com\/ar\/?s={search_term_string}"},"query-input":{"@type":"PropertyValueSpecification","valueRequired":true,"valueName":"search_term_string"}}],"inLanguage":"fr-FR"},{"@type":"Organization","@id":"https:\/\/govalf.com\/ar\/#organization","name":"Go Valf","url":"https:\/\/govalf.com\/ar\/","logo":{"@type":"ImageObject","inLanguage":"fr-FR","@id":"https:\/\/govalf.com\/ar\/#\/schema\/logo\/image\/","url":"https:\/\/govalf.com\/wp-content\/uploads\/2022\/02\/go-valf-logo.png","contentUrl":"https:\/\/govalf.com\/wp-content\/uploads\/2022\/02\/go-valf-logo.png","width":504,"height":120,"caption":"Go Valf"},"image":{"@id":"https:\/\/govalf.com\/ar\/#\/schema\/logo\/image\/"}}]}},"_links":{"self":[{"href":"https:\/\/govalf.com\/fr\/wp-json\/wp\/v2\/product\/8550","targetHints":{"allow":["GET"]}}],"collection":[{"href":"https:\/\/govalf.com\/fr\/wp-json\/wp\/v2\/product"}],"about":[{"href":"https:\/\/govalf.com\/fr\/wp-json\/wp\/v2\/types\/product"}],"replies":[{"embeddable":true,"href":"https:\/\/govalf.com\/fr\/wp-json\/wp\/v2\/comments?post=8550"}],"wp:featuredmedia":[{"embeddable":true,"href":"https:\/\/govalf.com\/fr\/wp-json\/wp\/v2\/media\/8544"}],"wp:attachment":[{"href":"https:\/\/govalf.com\/fr\/wp-json\/wp\/v2\/media?parent=8550"}],"wp:term":[{"taxonomy":"product_brand","embeddable":true,"href":"https:\/\/govalf.com\/fr\/wp-json\/wp\/v2\/product_brand?post=8550"},{"taxonomy":"product_cat","embeddable":true,"href":"https:\/\/govalf.com\/fr\/wp-json\/wp\/v2\/product_cat?post=8550"},{"taxonomy":"product_tag","embeddable":true,"href":"https:\/\/govalf.com\/fr\/wp-json\/wp\/v2\/product_tag?post=8550"}],"curies":[{"name":"wp","href":"https:\/\/api.w.org\/{rel}","templated":true}]}}