{"id":8554,"date":"2023-01-10T05:21:10","date_gmt":"2023-01-10T05:21:10","guid":{"rendered":"https:\/\/govalf.com\/urun\/tek-serpantinli-isi-pompasi-boyleri\/"},"modified":"2023-04-07T12:12:05","modified_gmt":"2023-04-07T12:12:05","slug":"tek-serpantinli-isi-pompasi-boyleri","status":"publish","type":"product","link":"https:\/\/govalf.com\/fr\/product\/tek-serpantinli-isi-pompasi-boyleri\/","title":{"rendered":"CHAUDI\u00c8RE POMPE \u00c0 CHALEUR SERPENTINE SIMPLE"},"content":{"rendered":"<p>CHAUDI\u00c8RE POMPE \u00c0 CHALEUR SERPENTINE SIMPLE ; Chaudi\u00e8re double serpentine en tube de cuivre offrant un grand confort d&rsquo;eau chaude ;<\/p>\n<p>&#8211; Il fonctionne enti\u00e8rement compatible avec les appareils \u00e0 condensation, les chaudi\u00e8res, la pompe \u00e0 chaleur et l&rsquo;\u00e9nergie solaire.<\/p>\n<p>Grand confort d&rsquo;eau potable entre -160-5000L<\/p>\n<p>-Pression maximum de travail (Stockage) : 10 Bar<\/p>\n<p>-Pression maximale de travail (Coil): 16 Bar<\/p>\n<p>-Temp\u00e9rature maximale de fonctionnement (Entrep\u00f4t) : 95\u00b0C<\/p>\n<p>-Temp\u00e9rature maximale de fonctionnement (bobine) : 120\u00b0C<\/p>\n<p>&#8211; Construction : Acier S235JR<\/p>\n<p>-Formation minimale de calcaire gr\u00e2ce \u00e0 sa surface lisse. Protection hygi\u00e9nique de l&rsquo;eau chaude et protection optimale contre la corrosion gr\u00e2ce au rev\u00eatement \u00e9maill\u00e9 de haute qualit\u00e9 selon DIN 4753-3<\/p>\n<p>-Protection d&rsquo;anode en magn\u00e9sium<\/p>\n<p>-Haute isolation thermique<\/p>\n<p>-Structure facile \u00e0 assembler et en grande partie sans entretien<\/p>\n<p>&#8211; Protection contre la corrosion avec rev\u00eatement ext\u00e9rieur en \u00e9mail<\/p>\n<p>-Manchon de capteur (1\/2&Prime;) et thermom\u00e8tre.<\/p>\n<p>-Possibilit\u00e9 de connexion de recirculation<\/p>\n<p>-isolation<\/p>\n<p>160-5000L :18 kg m3 PU souple \/ Mousse \u00e9ponge<\/p>\n<p>-Rev\u00eatement de gaine ext\u00e9rieure<\/p>\n<p>100-1000L : Termowen, qui fournit \u00e9galement une isolation thermique \u00e0 haute densit\u00e9<\/p>\n<p>1500-1000L : Cuir Artificiel (Vinlex)<\/p>\n<p>-Con\u00e7u selon les normes TS 736 et TS EN 13445-3.<\/p>\n<p>CHAUDI\u00c8RE POMPE \u00c0 CHALEUR SERPENTINE SIMPLE ; Chaudi\u00e8re double serpentine en tube de cuivre offrant un grand confort d&rsquo;eau chaude<\/p>\n<p>Chaudi\u00e8re \u00e0 Pompe \u00e0 Chaleur \u00e0 Simple Bobinage<\/p>\n<p>Les chaudi\u00e8res \u00e0 pompe \u00e0 chaleur \u00e0 simple bobinage sont des dispositifs tr\u00e8s efficaces utilis\u00e9s pour r\u00e9pondre aux besoins en eau chaude dans les maisons. Ces appareils fournissent une eau chaude confortable avec moins de consommation d&rsquo;\u00e9nergie, \u00e9conomisant de l&rsquo;\u00e9nergie.<\/p>\n<p>Technologie de Pompe \u00e0 Chaleur<\/p>\n<p>Les chaudi\u00e8res \u00e0 pompe \u00e0 chaleur \u00e0 simple serpentin sont fabriqu\u00e9es \u00e0 l&rsquo;aide de la technologie de pompe \u00e0 chaleur. La technologie des pompes \u00e0 chaleur collecte l&rsquo;\u00e9nergie de l&rsquo;environnement environnant en utilisant de l&rsquo;air, de l&rsquo;eau ou du sol, qu&rsquo;elle utilise ensuite pour la production d&rsquo;eau chaude. Cette technologie consomme moins d&rsquo;\u00e9nergie que les autres types de chaudi\u00e8res et est plus respectueuse de l&rsquo;environnement.<\/p>\n<p>Rendement \u00c9lev\u00e9<\/p>\n<p>La chaudi\u00e8re \u00e0 pompe \u00e0 chaleur \u00e0 simple serpentin vous aide \u00e0 \u00e9conomiser de l&rsquo;\u00e9nergie en offrant un rendement \u00e9lev\u00e9. Ces appareils consomment l&rsquo;\u00e9nergie n\u00e9cessaire \u00e0 la production d&rsquo;eau chaude de la mani\u00e8re la plus efficace et \u00e9vitent les pertes d&rsquo;\u00e9nergie inutiles. De plus, la technologie des pompes \u00e0 chaleur offre un rendement plus \u00e9lev\u00e9 gr\u00e2ce \u00e0 l&rsquo;utilisation de l&rsquo;\u00e9nergie dans l&rsquo;environnement.<\/p>\n<p>Moins De Consommation D&rsquo;\u00c9nergie<\/p>\n<p>La chaudi\u00e8re \u00e0 pompe \u00e0 chaleur \u00e0 simple serpentin est un appareil respectueux de l&rsquo;environnement en consommant moins d&rsquo;\u00e9nergie. Ces appareils consomment l&rsquo;\u00e9nergie n\u00e9cessaire \u00e0 la production d&rsquo;eau chaude de la mani\u00e8re la plus efficace et \u00e9vitent les pertes d&rsquo;\u00e9nergie inutiles. De plus, la technologie des pompes \u00e0 chaleur offre un rendement plus \u00e9lev\u00e9 avec une consommation d&rsquo;\u00e9nergie moindre gr\u00e2ce \u00e0 l&rsquo;utilisation de l&rsquo;\u00e9nergie dans l&rsquo;environnement.<\/p>\n<p>facilit\u00e9 d&rsquo;utilisation<\/p>\n<p>Les chaudi\u00e8res \u00e0 pompe \u00e0 chaleur \u00e0 simple serpentin sont \u00e9galement avantageuses en termes de facilit\u00e9 d&rsquo;utilisation. Ces appareils prennent moins de place que les autres chaudi\u00e8res et peuvent \u00eatre facilement install\u00e9s. De plus, ils ne n\u00e9cessitent pas d&rsquo;entretien et peuvent \u00eatre utilis\u00e9s pendant de nombreuses ann\u00e9es sans probl\u00e8me.<\/p>\n<p>Utilisation S\u00fbre<\/p>\n<p>Les chaudi\u00e8res \u00e0 pompe \u00e0 chaleur \u00e0 simple serpentin r\u00e9pondent au besoin d&rsquo;eau chaude \u00e0 la maison en offrant une utilisation s\u00fbre. Ces appareils s&rsquo;\u00e9teignent automatiquement en cas de surchauffe de l&rsquo;eau, garantissant une utilisation en toute s\u00e9curit\u00e9. De plus, la haute qualit\u00e9 et la durabilit\u00e9 de la chaudi\u00e8re permettent aux utilisateurs de l&rsquo;utiliser en toute s\u00e9curit\u00e9.<\/p>\n<p><a href=\"http:\/\/govalf.com\">GOVALF<\/a><\/p>\n","protected":false},"excerpt":{"rendered":"<p>CHAUDI\u00c8RE POMPE \u00c0 CHALEUR SERPENTINE SIMPLE ; Chaudi\u00e8re double serpentine en tube de cuivre offrant un grand confort d&rsquo;eau chaude ; &#8211; Il fonctionne enti\u00e8rement compatible avec les appareils \u00e0 condensation, les chaudi\u00e8res, la pompe \u00e0 chaleur et l&rsquo;\u00e9nergie solaire. Grand confort d&rsquo;eau potable entre -160-5000L -Pression maximum de travail (Stockage) : 10 Bar -Pression [&hellip;]<\/p>\n","protected":false},"featured_media":8523,"comment_status":"open","ping_status":"closed","template":"","meta":{"_acf_changed":false},"product_brand":[],"product_cat":[404],"product_tag":[],"class_list":{"0":"post-8554","1":"product","2":"type-product","3":"status-publish","4":"has-post-thumbnail","6":"product_cat-chaudiere","8":"first","9":"instock","10":"shipping-taxable","11":"product-type-simple"},"acf":[],"yoast_head":"<!-- This site is optimized with the Yoast SEO plugin v27.4 - https:\/\/yoast.com\/product\/yoast-seo-wordpress\/ -->\n<title>CHAUDI\u00c8RE POMPE \u00c0 CHALEUR SERPENTINE SIMPLE -<\/title>\n<meta name=\"description\" content=\"CHAUDI\u00c8RE POMPE \u00c0 CHALEUR SERPENTINE SIMPLE ; Chaudi\u00e8re double serpentine en tube de cuivre offrant un grand confort d&#039;eau chaude\" \/>\n<meta name=\"robots\" content=\"index, follow, max-snippet:-1, max-image-preview:large, max-video-preview:-1\" \/>\n<link rel=\"canonical\" href=\"https:\/\/govalf.com\/fr\/product\/tek-serpantinli-isi-pompasi-boyleri\/\" \/>\n<meta property=\"og:locale\" content=\"fr_FR\" \/>\n<meta property=\"og:type\" content=\"article\" \/>\n<meta property=\"og:title\" content=\"CHAUDI\u00c8RE POMPE \u00c0 CHALEUR SERPENTINE SIMPLE -\" \/>\n<meta property=\"og:description\" content=\"CHAUDI\u00c8RE POMPE \u00c0 CHALEUR SERPENTINE SIMPLE ; Chaudi\u00e8re double serpentine en tube de cuivre offrant un grand confort d&#039;eau chaude\" \/>\n<meta property=\"og:url\" content=\"https:\/\/govalf.com\/fr\/product\/tek-serpantinli-isi-pompasi-boyleri\/\" \/>\n<meta property=\"og:site_name\" content=\"Go Valf Vana ve Pompa Sistemleri\" \/>\n<meta property=\"article:modified_time\" content=\"2023-04-07T12:12:05+00:00\" \/>\n<meta property=\"og:image\" content=\"https:\/\/govalf.com\/wp-content\/uploads\/2023\/01\/TEK-SERPANTINLI-ISI-POMPASI-BOYLERI_.png\" \/>\n\t<meta property=\"og:image:width\" content=\"768\" \/>\n\t<meta property=\"og:image:height\" content=\"768\" \/>\n\t<meta property=\"og:image:type\" content=\"image\/png\" \/>\n<meta name=\"twitter:card\" content=\"summary_large_image\" \/>\n<meta name=\"twitter:label1\" content=\"Dur\u00e9e de lecture estim\u00e9e\" \/>\n\t<meta name=\"twitter:data1\" content=\"3 minutes\" \/>\n<script type=\"application\/ld+json\" class=\"yoast-schema-graph\">{\"@context\":\"https:\\\/\\\/schema.org\",\"@graph\":[{\"@type\":\"WebPage\",\"@id\":\"https:\\\/\\\/govalf.com\\\/fr\\\/product\\\/tek-serpantinli-isi-pompasi-boyleri\\\/\",\"url\":\"https:\\\/\\\/govalf.com\\\/fr\\\/product\\\/tek-serpantinli-isi-pompasi-boyleri\\\/\",\"name\":\"CHAUDI\u00c8RE POMPE \u00c0 CHALEUR SERPENTINE SIMPLE -\",\"isPartOf\":{\"@id\":\"https:\\\/\\\/govalf.com\\\/ar\\\/#website\"},\"primaryImageOfPage\":{\"@id\":\"https:\\\/\\\/govalf.com\\\/fr\\\/product\\\/tek-serpantinli-isi-pompasi-boyleri\\\/#primaryimage\"},\"image\":{\"@id\":\"https:\\\/\\\/govalf.com\\\/fr\\\/product\\\/tek-serpantinli-isi-pompasi-boyleri\\\/#primaryimage\"},\"thumbnailUrl\":\"https:\\\/\\\/govalf.com\\\/wp-content\\\/uploads\\\/2023\\\/01\\\/TEK-SERPANTINLI-ISI-POMPASI-BOYLERI_.png\",\"datePublished\":\"2023-01-10T05:21:10+00:00\",\"dateModified\":\"2023-04-07T12:12:05+00:00\",\"description\":\"CHAUDI\u00c8RE POMPE \u00c0 CHALEUR SERPENTINE SIMPLE ; Chaudi\u00e8re double serpentine en tube de cuivre offrant un grand confort d'eau chaude\",\"breadcrumb\":{\"@id\":\"https:\\\/\\\/govalf.com\\\/fr\\\/product\\\/tek-serpantinli-isi-pompasi-boyleri\\\/#breadcrumb\"},\"inLanguage\":\"fr-FR\",\"potentialAction\":[{\"@type\":\"ReadAction\",\"target\":[\"https:\\\/\\\/govalf.com\\\/fr\\\/product\\\/tek-serpantinli-isi-pompasi-boyleri\\\/\"]}]},{\"@type\":\"ImageObject\",\"inLanguage\":\"fr-FR\",\"@id\":\"https:\\\/\\\/govalf.com\\\/fr\\\/product\\\/tek-serpantinli-isi-pompasi-boyleri\\\/#primaryimage\",\"url\":\"https:\\\/\\\/govalf.com\\\/wp-content\\\/uploads\\\/2023\\\/01\\\/TEK-SERPANTINLI-ISI-POMPASI-BOYLERI_.png\",\"contentUrl\":\"https:\\\/\\\/govalf.com\\\/wp-content\\\/uploads\\\/2023\\\/01\\\/TEK-SERPANTINLI-ISI-POMPASI-BOYLERI_.png\",\"width\":768,\"height\":768},{\"@type\":\"BreadcrumbList\",\"@id\":\"https:\\\/\\\/govalf.com\\\/fr\\\/product\\\/tek-serpantinli-isi-pompasi-boyleri\\\/#breadcrumb\",\"itemListElement\":[{\"@type\":\"ListItem\",\"position\":1,\"name\":\"Anasayfa\",\"item\":\"https:\\\/\\\/govalf.com\\\/fr\\\/\"},{\"@type\":\"ListItem\",\"position\":2,\"name\":\"Products\",\"item\":\"https:\\\/\\\/govalf.com\\\/ar\\\/urunler%d9%85%d9%86%d8%aa%d8%ac%d8%a7%d8%aa\\\/\"},{\"@type\":\"ListItem\",\"position\":3,\"name\":\"CHAUDI\u00c8RE POMPE \u00c0 CHALEUR SERPENTINE SIMPLE\"}]},{\"@type\":\"WebSite\",\"@id\":\"https:\\\/\\\/govalf.com\\\/ar\\\/#website\",\"url\":\"https:\\\/\\\/govalf.com\\\/ar\\\/\",\"name\":\"Go Valf Vana ve Pompa Sistemleri\",\"description\":\"Yang\u0131n S\u00f6nd\u00fcrme Sistemleri ve Ekipmanlar\u0131\",\"publisher\":{\"@id\":\"https:\\\/\\\/govalf.com\\\/ar\\\/#organization\"},\"potentialAction\":[{\"@type\":\"SearchAction\",\"target\":{\"@type\":\"EntryPoint\",\"urlTemplate\":\"https:\\\/\\\/govalf.com\\\/ar\\\/?s={search_term_string}\"},\"query-input\":{\"@type\":\"PropertyValueSpecification\",\"valueRequired\":true,\"valueName\":\"search_term_string\"}}],\"inLanguage\":\"fr-FR\"},{\"@type\":\"Organization\",\"@id\":\"https:\\\/\\\/govalf.com\\\/ar\\\/#organization\",\"name\":\"Go Valf\",\"url\":\"https:\\\/\\\/govalf.com\\\/ar\\\/\",\"logo\":{\"@type\":\"ImageObject\",\"inLanguage\":\"fr-FR\",\"@id\":\"https:\\\/\\\/govalf.com\\\/ar\\\/#\\\/schema\\\/logo\\\/image\\\/\",\"url\":\"https:\\\/\\\/govalf.com\\\/wp-content\\\/uploads\\\/2022\\\/02\\\/go-valf-logo.png\",\"contentUrl\":\"https:\\\/\\\/govalf.com\\\/wp-content\\\/uploads\\\/2022\\\/02\\\/go-valf-logo.png\",\"width\":504,\"height\":120,\"caption\":\"Go Valf\"},\"image\":{\"@id\":\"https:\\\/\\\/govalf.com\\\/ar\\\/#\\\/schema\\\/logo\\\/image\\\/\"}}]}<\/script>\n<!-- \/ Yoast SEO plugin. -->","yoast_head_json":{"title":"CHAUDI\u00c8RE POMPE \u00c0 CHALEUR SERPENTINE SIMPLE -","description":"CHAUDI\u00c8RE POMPE \u00c0 CHALEUR SERPENTINE SIMPLE ; Chaudi\u00e8re double serpentine en tube de cuivre offrant un grand confort d'eau chaude","robots":{"index":"index","follow":"follow","max-snippet":"max-snippet:-1","max-image-preview":"max-image-preview:large","max-video-preview":"max-video-preview:-1"},"canonical":"https:\/\/govalf.com\/fr\/product\/tek-serpantinli-isi-pompasi-boyleri\/","og_locale":"fr_FR","og_type":"article","og_title":"CHAUDI\u00c8RE POMPE \u00c0 CHALEUR SERPENTINE SIMPLE -","og_description":"CHAUDI\u00c8RE POMPE \u00c0 CHALEUR SERPENTINE SIMPLE ; Chaudi\u00e8re double serpentine en tube de cuivre offrant un grand confort d'eau chaude","og_url":"https:\/\/govalf.com\/fr\/product\/tek-serpantinli-isi-pompasi-boyleri\/","og_site_name":"Go Valf Vana ve Pompa Sistemleri","article_modified_time":"2023-04-07T12:12:05+00:00","og_image":[{"width":768,"height":768,"url":"https:\/\/govalf.com\/wp-content\/uploads\/2023\/01\/TEK-SERPANTINLI-ISI-POMPASI-BOYLERI_.png","type":"image\/png"}],"twitter_card":"summary_large_image","twitter_misc":{"Dur\u00e9e de lecture estim\u00e9e":"3 minutes"},"schema":{"@context":"https:\/\/schema.org","@graph":[{"@type":"WebPage","@id":"https:\/\/govalf.com\/fr\/product\/tek-serpantinli-isi-pompasi-boyleri\/","url":"https:\/\/govalf.com\/fr\/product\/tek-serpantinli-isi-pompasi-boyleri\/","name":"CHAUDI\u00c8RE POMPE \u00c0 CHALEUR SERPENTINE SIMPLE -","isPartOf":{"@id":"https:\/\/govalf.com\/ar\/#website"},"primaryImageOfPage":{"@id":"https:\/\/govalf.com\/fr\/product\/tek-serpantinli-isi-pompasi-boyleri\/#primaryimage"},"image":{"@id":"https:\/\/govalf.com\/fr\/product\/tek-serpantinli-isi-pompasi-boyleri\/#primaryimage"},"thumbnailUrl":"https:\/\/govalf.com\/wp-content\/uploads\/2023\/01\/TEK-SERPANTINLI-ISI-POMPASI-BOYLERI_.png","datePublished":"2023-01-10T05:21:10+00:00","dateModified":"2023-04-07T12:12:05+00:00","description":"CHAUDI\u00c8RE POMPE \u00c0 CHALEUR SERPENTINE SIMPLE ; Chaudi\u00e8re double serpentine en tube de cuivre offrant un grand confort d'eau chaude","breadcrumb":{"@id":"https:\/\/govalf.com\/fr\/product\/tek-serpantinli-isi-pompasi-boyleri\/#breadcrumb"},"inLanguage":"fr-FR","potentialAction":[{"@type":"ReadAction","target":["https:\/\/govalf.com\/fr\/product\/tek-serpantinli-isi-pompasi-boyleri\/"]}]},{"@type":"ImageObject","inLanguage":"fr-FR","@id":"https:\/\/govalf.com\/fr\/product\/tek-serpantinli-isi-pompasi-boyleri\/#primaryimage","url":"https:\/\/govalf.com\/wp-content\/uploads\/2023\/01\/TEK-SERPANTINLI-ISI-POMPASI-BOYLERI_.png","contentUrl":"https:\/\/govalf.com\/wp-content\/uploads\/2023\/01\/TEK-SERPANTINLI-ISI-POMPASI-BOYLERI_.png","width":768,"height":768},{"@type":"BreadcrumbList","@id":"https:\/\/govalf.com\/fr\/product\/tek-serpantinli-isi-pompasi-boyleri\/#breadcrumb","itemListElement":[{"@type":"ListItem","position":1,"name":"Anasayfa","item":"https:\/\/govalf.com\/fr\/"},{"@type":"ListItem","position":2,"name":"Products","item":"https:\/\/govalf.com\/ar\/urunler%d9%85%d9%86%d8%aa%d8%ac%d8%a7%d8%aa\/"},{"@type":"ListItem","position":3,"name":"CHAUDI\u00c8RE POMPE \u00c0 CHALEUR SERPENTINE SIMPLE"}]},{"@type":"WebSite","@id":"https:\/\/govalf.com\/ar\/#website","url":"https:\/\/govalf.com\/ar\/","name":"Go Valf Vana ve Pompa Sistemleri","description":"Yang\u0131n S\u00f6nd\u00fcrme Sistemleri ve Ekipmanlar\u0131","publisher":{"@id":"https:\/\/govalf.com\/ar\/#organization"},"potentialAction":[{"@type":"SearchAction","target":{"@type":"EntryPoint","urlTemplate":"https:\/\/govalf.com\/ar\/?s={search_term_string}"},"query-input":{"@type":"PropertyValueSpecification","valueRequired":true,"valueName":"search_term_string"}}],"inLanguage":"fr-FR"},{"@type":"Organization","@id":"https:\/\/govalf.com\/ar\/#organization","name":"Go Valf","url":"https:\/\/govalf.com\/ar\/","logo":{"@type":"ImageObject","inLanguage":"fr-FR","@id":"https:\/\/govalf.com\/ar\/#\/schema\/logo\/image\/","url":"https:\/\/govalf.com\/wp-content\/uploads\/2022\/02\/go-valf-logo.png","contentUrl":"https:\/\/govalf.com\/wp-content\/uploads\/2022\/02\/go-valf-logo.png","width":504,"height":120,"caption":"Go Valf"},"image":{"@id":"https:\/\/govalf.com\/ar\/#\/schema\/logo\/image\/"}}]}},"_links":{"self":[{"href":"https:\/\/govalf.com\/fr\/wp-json\/wp\/v2\/product\/8554","targetHints":{"allow":["GET"]}}],"collection":[{"href":"https:\/\/govalf.com\/fr\/wp-json\/wp\/v2\/product"}],"about":[{"href":"https:\/\/govalf.com\/fr\/wp-json\/wp\/v2\/types\/product"}],"replies":[{"embeddable":true,"href":"https:\/\/govalf.com\/fr\/wp-json\/wp\/v2\/comments?post=8554"}],"wp:featuredmedia":[{"embeddable":true,"href":"https:\/\/govalf.com\/fr\/wp-json\/wp\/v2\/media\/8523"}],"wp:attachment":[{"href":"https:\/\/govalf.com\/fr\/wp-json\/wp\/v2\/media?parent=8554"}],"wp:term":[{"taxonomy":"product_brand","embeddable":true,"href":"https:\/\/govalf.com\/fr\/wp-json\/wp\/v2\/product_brand?post=8554"},{"taxonomy":"product_cat","embeddable":true,"href":"https:\/\/govalf.com\/fr\/wp-json\/wp\/v2\/product_cat?post=8554"},{"taxonomy":"product_tag","embeddable":true,"href":"https:\/\/govalf.com\/fr\/wp-json\/wp\/v2\/product_tag?post=8554"}],"curies":[{"name":"wp","href":"https:\/\/api.w.org\/{rel}","templated":true}]}}