{"id":8949,"date":"2023-04-07T08:07:14","date_gmt":"2023-04-07T08:07:14","guid":{"rendered":"https:\/\/govalf.com\/urun\/chaudiere-a-double-serpentin-en-tube-de-cuivre\/"},"modified":"2023-04-07T12:05:05","modified_gmt":"2023-04-07T12:05:05","slug":"chaudiere-serpentine-double-en-tube-de-cuivre","status":"publish","type":"product","link":"https:\/\/govalf.com\/fr\/product\/chaudiere-serpentine-double-en-tube-de-cuivre\/","title":{"rendered":"Chaudi\u00e8re Serpentine Double En Tube de Cuivre"},"content":{"rendered":"<p>Chaudi\u00e8re serpentine double en tube de cuivre ; Chaudi\u00e8re serpentine double en tube de cuivre offrant un confort d&rsquo;eau chaude \u00e9lev\u00e9;<\/p>\n<p>&#8211; Il fonctionne enti\u00e8rement compatible avec les appareils \u00e0 condensation, les chaudi\u00e8res, la pompe \u00e0 chaleur et l&rsquo;\u00e9nergie solaire.<\/p>\n<p>&#8211; Confort d&rsquo;utilisation \u00e9lev\u00e9 de l&rsquo;eau entre 160-5000 D\u00e9cl<\/p>\n<p>&#8211; Pression de service maximale (r\u00e9servoir): 10 Bars<\/p>\n<p>&#8211; Pression de service maximale (Serpentin): 16 Bars<\/p>\n<p>&#8211; Temp\u00e9rature maximale de fonctionnement (r\u00e9servoir): 95\u00b0C<\/p>\n<p>&#8211; Temp\u00e9rature maximale de fonctionnement (Serpentine): 120\u00b0C<\/p>\n<p>&#8211; Construction: acier 5235JR<\/p>\n<p>&#8211; Formation minimale de calcaire gr\u00e2ce \u00e0 sa surface lisse.Gr\u00e2ce au rev\u00eatement \u00e9maill\u00e9 de qualit\u00e9 sup\u00e9rieure conforme \u00e0 la norme DIN 4753-3, protection hygi\u00e9nique contre l&rsquo;eau chaude et protection optimale contre la corrosion<\/p>\n<p>&#8211; Protection d&rsquo;anode en magn\u00e9sium<\/p>\n<p>&#8211; Isolation thermique \u00e9lev\u00e9e<\/p>\n<p>&#8211; Construction facile \u00e0 installer et en grande partie sans entretien<\/p>\n<p>&#8211; Protection contre la corrosion avec rev\u00eatement \u00e9maill\u00e9 externe<\/p>\n<p>&#8211; Le capteur est \u00e9quip\u00e9 d&rsquo;un manchon (1\/2&Prime;) et d&rsquo;un thermom\u00e8tre.<\/p>\n<p>&#8211; Possibilit\u00e9 de connexion de recirculation<\/p>\n<p>-isolement<\/p>\n<p>160-5000L: 18 kg m3 mousse souple PU\/\u00e9ponge<\/p>\n<p>&#8211; Rev\u00eatement de la gaine ext\u00e9rieure<\/p>\n<p>&#8211; 100-1000L: Thermowen, qui fournit \u00e9galement une isolation thermique \u00e0 haute densit\u00e9<\/p>\n<p>1500-1000L: Cuir artificiel (Vinlex)<\/p>\n<p>&#8211; Con\u00e7u selon les normes TS 736 et TS EN 13445-3.<\/p>\n<h2>Capacit\u00e9 et Dimensions Principales<\/h2>\n<p>&nbsp;<\/p>\n<div class=\"responsive-table\">\n<table class=\"table\" width=\"1041\">\n<tbody>\n<tr>\n<td><strong>Bak\u0131r Borulu \u00c7ift Serpantinli Boyler<\/strong><\/td>\n<td><\/td>\n<td><strong>\u00a0WBC-B<\/strong><\/p>\n<p><strong>160<\/strong><\/td>\n<td><strong>\u00a0WBC-B<\/strong><\/p>\n<p><strong>200<\/strong><\/td>\n<td><strong>WBC-B<\/strong><\/p>\n<p><strong>300<\/strong><\/td>\n<td><strong>WBC-B<\/strong><\/p>\n<p><strong>400<\/strong><\/td>\n<td><strong>WBC-B<\/strong><\/p>\n<p><strong>500<\/strong><\/td>\n<td><strong>WBC-B<\/strong><\/p>\n<p><strong>800<\/strong><\/td>\n<td><strong>WBC-B<\/strong><\/p>\n<p><strong>1000<\/strong><\/td>\n<td><strong>WBC-B<\/strong><\/p>\n<p><strong>1500<\/strong><\/td>\n<td><strong>WBC-B<\/strong><\/p>\n<p><strong>2000<\/strong><\/td>\n<td><strong>WBC-B<\/strong><\/p>\n<p><strong>2500<\/strong><\/td>\n<td><strong>WBC-B<\/strong><\/p>\n<p><strong>3000<\/strong><\/td>\n<td><strong>WBC-B<\/strong><\/p>\n<p><strong>4000<\/strong><\/td>\n<td><strong>WBC-B<\/strong><\/p>\n<p><strong>5000<\/strong><\/td>\n<\/tr>\n<tr>\n<td><strong>Hacim<\/strong><\/td>\n<td>V (L)<\/td>\n<td>160<\/td>\n<td>200<\/td>\n<td>300<\/td>\n<td>400<\/td>\n<td>500<\/td>\n<td>800<\/td>\n<td>1000<\/td>\n<td>1500<\/td>\n<td>2000<\/td>\n<td>2500<\/td>\n<td>3000<\/td>\n<td>4000<\/td>\n<td>5000<\/td>\n<\/tr>\n<tr>\n<td><strong>\u00c7ap<\/strong><\/td>\n<td>D (mm)<\/td>\n<td>590<\/td>\n<td>590<\/td>\n<td>590<\/td>\n<td>750<\/td>\n<td>750<\/td>\n<td>1010<\/td>\n<td>1010<\/td>\n<td>1120<\/td>\n<td>1260<\/td>\n<td>1440<\/td>\n<td>1440<\/td>\n<td>1710<\/td>\n<td>1710<\/td>\n<\/tr>\n<tr>\n<td><strong>Y\u00fckselik<\/strong><\/td>\n<td>H (mm)<\/td>\n<td>1060<\/td>\n<td>1300<\/td>\n<td>1810<\/td>\n<td>1380<\/td>\n<td>1620<\/td>\n<td>1620<\/td>\n<td>2010<\/td>\n<td>2280<\/td>\n<td>2280<\/td>\n<td>2450<\/td>\n<td>2750<\/td>\n<td>2550<\/td>\n<td>3050<\/td>\n<\/tr>\n<tr>\n<td><strong>Su Giri\u015f \/ \u00c7\u0131k\u0131\u015f<\/strong><\/td>\n<td>N1 &#8211; N3<\/p>\n<p>(inch)<\/td>\n<td>3\/4&Prime;<\/td>\n<td>3\/4&Prime;<\/td>\n<td>1&Prime;<\/td>\n<td>1&Prime;<\/td>\n<td>1&Prime;<\/td>\n<td>1 1\/4&Prime;<\/td>\n<td>1 1\/4&Prime;<\/td>\n<td>1 1\/4&Prime;<\/td>\n<td>1 1\/4&Prime;<\/td>\n<td>1 1\/2&Prime;<\/td>\n<td>1 1\/2&Prime;<\/td>\n<td>2&Prime;<\/td>\n<td>2&Prime;<\/td>\n<\/tr>\n<tr>\n<td><strong>Serpantin Giri\u015f \/ \u00c7\u0131k\u0131\u015f<\/strong><\/td>\n<td>N6 &#8211; N7<\/p>\n<p>N9 &#8211; N10<\/p>\n<p>(inch)<\/td>\n<td>1 1\/4&Prime;<\/td>\n<td>1 1\/4&Prime;<\/td>\n<td>1 1\/4&Prime;<\/td>\n<td>1 1\/4&Prime;<\/td>\n<td>1 1\/4&Prime;<\/td>\n<td>1 1\/4&Prime;<\/td>\n<td>1 1\/4&Prime;<\/td>\n<td>1 1\/4&Prime;<\/td>\n<td>1 1\/4&Prime;<\/td>\n<td>1 1\/4&Prime;<\/td>\n<td>1 1\/4&Prime;<\/td>\n<td>1 1\/4&Prime;<\/td>\n<td>1 1\/4&Prime;<\/td>\n<\/tr>\n<tr>\n<td><strong>Sirk\u00fclasyon Ba\u011flant\u0131s\u0131<\/strong><\/p>\n<p>&nbsp;<\/td>\n<td>N2<\/p>\n<p>(inch)<\/td>\n<td>\u00a03\/4&Prime;<\/td>\n<td>\u00a03\/4&Prime;<\/td>\n<td>\u00a01&Prime;<\/td>\n<td>\u00a01&Prime;<\/td>\n<td>\u00a01&Prime;<\/td>\n<td>\u00a01 1\/4&Prime;<\/td>\n<td>\u00a01 1\/4&Prime;<\/td>\n<td>\u00a01 1\/4&Prime;<\/td>\n<td>\u00a01 1\/4&Prime;<\/td>\n<td>\u00a01 1\/2&Prime;<\/td>\n<td>\u00a01 1\/2&Prime;<\/td>\n<td>2&Prime;<\/td>\n<td>2&Prime;<\/td>\n<\/tr>\n<tr>\n<td><strong>Magnezyum Anot<\/strong><\/td>\n<td>N4<\/p>\n<p>(inch)<\/td>\n<td>1 1\/4&Prime;<\/td>\n<td>1 1\/4&Prime;<\/td>\n<td>1 1\/4&Prime;<\/td>\n<td>1 1\/4&Prime;<\/td>\n<td>1 1\/4&Prime;<\/td>\n<td>1 1\/4&Prime;<\/td>\n<td>1 1\/4&Prime;<\/td>\n<td>1 1\/4&Prime;<\/td>\n<td>1 1\/4&Prime;<\/td>\n<td>1 1\/4&Prime;<\/td>\n<td>1 1\/4&Prime;<\/td>\n<td>1 1\/4&Prime;<\/td>\n<td>1 1\/4&Prime;<\/td>\n<\/tr>\n<tr>\n<td><strong>\u0130lave Elektrikli Is\u0131t\u0131c\u0131<\/strong><\/td>\n<td>N8<\/p>\n<p>(inch)<\/td>\n<td>\u00a0\u00a01 1\/2&Prime;<\/td>\n<td>\u00a0\u00a01 1\/2&Prime;<\/td>\n<td>\u00a0\u00a01 1\/2&Prime;<\/td>\n<td>\u00a0\u00a01 1\/2&Prime;<\/td>\n<td>\u00a0\u00a01 1\/2&Prime;<\/td>\n<td>\u00a02&Prime;<\/td>\n<td>\u00a02&Prime;<\/td>\n<td>\u00a02&Prime;<\/td>\n<td>\u00a02&Prime;<\/td>\n<td>\u00a02&Prime;<\/td>\n<td>\u00a02&Prime;<\/td>\n<td>\u00a02&Prime;<\/td>\n<td>\u00a02&Prime;<\/td>\n<\/tr>\n<tr>\n<td><strong>\u00a0Termometre<\/strong><\/td>\n<td>N5<\/p>\n<p>(inch)<\/td>\n<td>1\/2&Prime;<\/td>\n<td>1\/2&Prime;<\/td>\n<td>1\/2&Prime;<\/td>\n<td>1\/2&Prime;<\/td>\n<td>1\/2&Prime;<\/td>\n<td>1\/2&Prime;<\/td>\n<td>1\/2&Prime;<\/td>\n<td>1\/2&Prime;<\/td>\n<td>1\/2&Prime;<\/td>\n<td>1\/2&Prime;<\/td>\n<td>1\/2&Prime;<\/td>\n<td>1\/2&Prime;<\/td>\n<td>1\/2&Prime;<\/td>\n<\/tr>\n<tr>\n<td><strong>Bo\u015flatma<\/strong><\/td>\n<td>N11<\/p>\n<p>(inch)<\/td>\n<td>1 1\/4&Prime;<\/td>\n<td>1 1\/4&Prime;<\/td>\n<td>1 1\/4&Prime;<\/td>\n<td>1 1\/4&Prime;<\/td>\n<td>1 1\/4&Prime;<\/td>\n<td>1 1\/4&Prime;<\/td>\n<td>1 1\/4&Prime;<\/td>\n<td>1 1\/4&Prime;<\/td>\n<td>1 1\/4&Prime;<\/td>\n<td>1 1\/4&Prime;<\/td>\n<td>1 1\/4&Prime;<\/td>\n<td>1 1\/4&Prime;<\/td>\n<td>1 1\/4&Prime;<\/td>\n<\/tr>\n<tr>\n<td><strong>Bo\u015f A\u011f\u0131rl\u0131\u011f\u0131<\/strong><\/td>\n<td>W (kg)<\/td>\n<td>78<\/td>\n<td>95<\/td>\n<td>108<\/td>\n<td>125<\/td>\n<td>156<\/td>\n<td>174<\/td>\n<td>224<\/td>\n<td>320<\/td>\n<td>418<\/td>\n<td>640<\/td>\n<td>815<\/td>\n<td>1100<\/td>\n<td>1250<\/td>\n<\/tr>\n<\/tbody>\n<\/table>\n<h2>Qu&rsquo;est-ce qu&rsquo;une chaudi\u00e8re \u00e0 double serpentin en tube de cuivre?<\/h2>\n<p>Chaudi\u00e8re \u00e0 Double Serpentin en Tube de Cuivre ; Les chaudi\u00e8res \u00e0 double serpentin en tube de cuivre sont l&rsquo;un des appareils les plus efficaces utilis\u00e9s pour r\u00e9pondre aux besoins en eau chaude. Ces appareils offrent des performances et une efficacit\u00e9 \u00e9lev\u00e9es, offrant aux utilisateurs de l&rsquo;eau chaude confortable.<\/p>\n<p>Conception \u00e0 Double Serpentin<\/p>\n<p>Ils mesurent des doubles bobines avec des tuyaux en cuivre, ont une conception avec deux bobines s\u00e9par\u00e9es. Cette conception r\u00e9pond au syst\u00e8me de chauffage de la maison par la premi\u00e8re serpentine, et la deuxi\u00e8me serpentine r\u00e9pond au besoin d&rsquo;eau chaude dans la maison. De cette mani\u00e8re, le syst\u00e8me de chauffage est \u00e9galement chauff\u00e9 pendant l&rsquo;utilisation de la chaudi\u00e8re et des \u00e9conomies d&rsquo;\u00e9nergie sont assur\u00e9es. De plus, la conception \u00e0 double serpentin am\u00e9liore les performances de l&rsquo;appareil, offrant une alimentation en eau chaude plus efficace.<\/p>\n<p>Structure de Tube de Cuivre<\/p>\n<p>Les tuyaux en cuivre sont l&rsquo;un des mat\u00e9riaux les plus efficaces pour la production d&rsquo;eau chaude. La conductivit\u00e9 du cuivre am\u00e9liore les performances de la chaudi\u00e8re dans la production d&rsquo;eau chaude et \u00e9conomise de l&rsquo;\u00e9nergie. De plus, la durabilit\u00e9 du cuivre assure la longue dur\u00e9e de vie de la chaudi\u00e8re. Pour cette raison, les chaudi\u00e8res \u00e0 double serpentin en tube de cuivre offrent des performances plus \u00e9lev\u00e9es et une longue dur\u00e9e de vie par rapport aux autres chaudi\u00e8res.<\/p>\n<p>Rendement \u00c9lev\u00e9<\/p>\n<p>Les chaudi\u00e8res \u00e0 double serpentin en tube de cuivre vous aident \u00e0 \u00e9conomiser de l&rsquo;\u00e9nergie en offrant un rendement \u00e9lev\u00e9. Ces appareils consomment l&rsquo;\u00e9nergie n\u00e9cessaire \u00e0 la production d&rsquo;eau chaude de la mani\u00e8re la plus efficace et \u00e9vitent les pertes d&rsquo;\u00e9nergie inutiles. De plus, la conception \u00e0 double serpentin offre une efficacit\u00e9 accrue en r\u00e9pondant au syst\u00e8me de chauffage et aux besoins en eau chaude d\u00e9coupl\u00e9s.<\/p>\n<p>facilit\u00e9 d&rsquo;utilisation<\/p>\n<p>Les doubles bobines de tubes en cuivre sont \u00e9galement avantageuses en termes de facilit\u00e9 d&rsquo;utilisation. Ces appareils prennent moins de place que les autres chaudi\u00e8res et peuvent \u00eatre facilement install\u00e9s. De plus, ils ne n\u00e9cessitent pas d&rsquo;entretien et peuvent \u00eatre utilis\u00e9s pendant de nombreuses ann\u00e9es sans probl\u00e8me.<\/p>\n<p>En cons\u00e9quence, ils enroulent une double bobine de tube en cuivre, offrant des performances, une efficacit\u00e9 et une facilit\u00e9 d&rsquo;utilisation \u00e9lev\u00e9es, r\u00e9pondant au mieux aux besoins des utilisateurs. Ces appareils vous permettent d&rsquo;\u00e9conomiser de l&rsquo;\u00e9nergie en permettant d&rsquo;utiliser des syst\u00e8mes d&rsquo;eau chaude et de chauffage d\u00e9coupl\u00e9s dans les maisons.<\/p>\n<p><a href=\"http:\/\/govalf.com\">GOVALF<\/a><\/p>\n<\/div>\n","protected":false},"excerpt":{"rendered":"<p>Chaudi\u00e8re serpentine double en tube de cuivre ; Chaudi\u00e8re serpentine double en tube de cuivre offrant un confort d&rsquo;eau chaude \u00e9lev\u00e9; &#8211; Il fonctionne enti\u00e8rement compatible avec les appareils \u00e0 condensation, les chaudi\u00e8res, la pompe \u00e0 chaleur et l&rsquo;\u00e9nergie solaire. &#8211; Confort d&rsquo;utilisation \u00e9lev\u00e9 de l&rsquo;eau entre 160-5000 D\u00e9cl &#8211; Pression de service maximale (r\u00e9servoir): [&hellip;]<\/p>\n","protected":false},"featured_media":8507,"comment_status":"open","ping_status":"closed","template":"","meta":{"_acf_changed":false},"product_brand":[],"product_cat":[404],"product_tag":[],"class_list":{"0":"post-8949","1":"product","2":"type-product","3":"status-publish","4":"has-post-thumbnail","6":"product_cat-chaudiere","8":"first","9":"instock","10":"shipping-taxable","11":"product-type-simple"},"acf":[],"yoast_head":"<!-- This site is optimized with the Yoast SEO plugin v27.4 - https:\/\/yoast.com\/product\/yoast-seo-wordpress\/ -->\n<title>Chaudi\u00e8re Serpentine Double En Tube de Cuivre<\/title>\n<meta name=\"description\" content=\"Chaudi\u00e8re serpentine double en tube de cuivre ; Chaudi\u00e8re serpentine double en tube de cuivre offrant un confort d&#039;eau chaude \u00e9lev\u00e9;\" \/>\n<meta name=\"robots\" content=\"index, follow, max-snippet:-1, max-image-preview:large, max-video-preview:-1\" \/>\n<link rel=\"canonical\" href=\"https:\/\/govalf.com\/fr\/product\/chaudiere-serpentine-double-en-tube-de-cuivre\/\" \/>\n<meta property=\"og:locale\" content=\"fr_FR\" \/>\n<meta property=\"og:type\" content=\"article\" \/>\n<meta property=\"og:title\" content=\"Chaudi\u00e8re Serpentine Double En Tube de Cuivre\" \/>\n<meta property=\"og:description\" content=\"Chaudi\u00e8re serpentine double en tube de cuivre ; Chaudi\u00e8re serpentine double en tube de cuivre offrant un confort d&#039;eau chaude \u00e9lev\u00e9;\" \/>\n<meta property=\"og:url\" content=\"https:\/\/govalf.com\/fr\/product\/chaudiere-serpentine-double-en-tube-de-cuivre\/\" \/>\n<meta property=\"og:site_name\" content=\"Go Valf Vana ve Pompa Sistemleri\" \/>\n<meta property=\"article:modified_time\" content=\"2023-04-07T12:05:05+00:00\" \/>\n<meta property=\"og:image\" content=\"https:\/\/govalf.com\/wp-content\/uploads\/2023\/01\/BAKIR-BORULU-CIFT-SERPANTINLI-BOYLER-2.png\" \/>\n\t<meta property=\"og:image:width\" content=\"768\" \/>\n\t<meta property=\"og:image:height\" content=\"768\" \/>\n\t<meta property=\"og:image:type\" content=\"image\/png\" \/>\n<meta name=\"twitter:card\" content=\"summary_large_image\" \/>\n<meta name=\"twitter:label1\" content=\"Dur\u00e9e de lecture estim\u00e9e\" \/>\n\t<meta name=\"twitter:data1\" content=\"4 minutes\" \/>\n<script type=\"application\/ld+json\" class=\"yoast-schema-graph\">{\"@context\":\"https:\\\/\\\/schema.org\",\"@graph\":[{\"@type\":\"WebPage\",\"@id\":\"https:\\\/\\\/govalf.com\\\/fr\\\/product\\\/chaudiere-serpentine-double-en-tube-de-cuivre\\\/\",\"url\":\"https:\\\/\\\/govalf.com\\\/fr\\\/product\\\/chaudiere-serpentine-double-en-tube-de-cuivre\\\/\",\"name\":\"Chaudi\u00e8re Serpentine Double En Tube de Cuivre\",\"isPartOf\":{\"@id\":\"https:\\\/\\\/govalf.com\\\/ar\\\/#website\"},\"primaryImageOfPage\":{\"@id\":\"https:\\\/\\\/govalf.com\\\/fr\\\/product\\\/chaudiere-serpentine-double-en-tube-de-cuivre\\\/#primaryimage\"},\"image\":{\"@id\":\"https:\\\/\\\/govalf.com\\\/fr\\\/product\\\/chaudiere-serpentine-double-en-tube-de-cuivre\\\/#primaryimage\"},\"thumbnailUrl\":\"https:\\\/\\\/govalf.com\\\/wp-content\\\/uploads\\\/2023\\\/01\\\/BAKIR-BORULU-CIFT-SERPANTINLI-BOYLER-2.png\",\"datePublished\":\"2023-04-07T08:07:14+00:00\",\"dateModified\":\"2023-04-07T12:05:05+00:00\",\"description\":\"Chaudi\u00e8re serpentine double en tube de cuivre ; Chaudi\u00e8re serpentine double en tube de cuivre offrant un confort d'eau chaude \u00e9lev\u00e9;\",\"breadcrumb\":{\"@id\":\"https:\\\/\\\/govalf.com\\\/fr\\\/product\\\/chaudiere-serpentine-double-en-tube-de-cuivre\\\/#breadcrumb\"},\"inLanguage\":\"fr-FR\",\"potentialAction\":[{\"@type\":\"ReadAction\",\"target\":[\"https:\\\/\\\/govalf.com\\\/fr\\\/product\\\/chaudiere-serpentine-double-en-tube-de-cuivre\\\/\"]}]},{\"@type\":\"ImageObject\",\"inLanguage\":\"fr-FR\",\"@id\":\"https:\\\/\\\/govalf.com\\\/fr\\\/product\\\/chaudiere-serpentine-double-en-tube-de-cuivre\\\/#primaryimage\",\"url\":\"https:\\\/\\\/govalf.com\\\/wp-content\\\/uploads\\\/2023\\\/01\\\/BAKIR-BORULU-CIFT-SERPANTINLI-BOYLER-2.png\",\"contentUrl\":\"https:\\\/\\\/govalf.com\\\/wp-content\\\/uploads\\\/2023\\\/01\\\/BAKIR-BORULU-CIFT-SERPANTINLI-BOYLER-2.png\",\"width\":768,\"height\":768},{\"@type\":\"BreadcrumbList\",\"@id\":\"https:\\\/\\\/govalf.com\\\/fr\\\/product\\\/chaudiere-serpentine-double-en-tube-de-cuivre\\\/#breadcrumb\",\"itemListElement\":[{\"@type\":\"ListItem\",\"position\":1,\"name\":\"Anasayfa\",\"item\":\"https:\\\/\\\/govalf.com\\\/fr\\\/\"},{\"@type\":\"ListItem\",\"position\":2,\"name\":\"Products\",\"item\":\"https:\\\/\\\/govalf.com\\\/ar\\\/urunler%d9%85%d9%86%d8%aa%d8%ac%d8%a7%d8%aa\\\/\"},{\"@type\":\"ListItem\",\"position\":3,\"name\":\"Chaudi\u00e8re Serpentine Double En Tube de Cuivre\"}]},{\"@type\":\"WebSite\",\"@id\":\"https:\\\/\\\/govalf.com\\\/ar\\\/#website\",\"url\":\"https:\\\/\\\/govalf.com\\\/ar\\\/\",\"name\":\"Go Valf Vana ve Pompa Sistemleri\",\"description\":\"Yang\u0131n S\u00f6nd\u00fcrme Sistemleri ve Ekipmanlar\u0131\",\"publisher\":{\"@id\":\"https:\\\/\\\/govalf.com\\\/ar\\\/#organization\"},\"potentialAction\":[{\"@type\":\"SearchAction\",\"target\":{\"@type\":\"EntryPoint\",\"urlTemplate\":\"https:\\\/\\\/govalf.com\\\/ar\\\/?s={search_term_string}\"},\"query-input\":{\"@type\":\"PropertyValueSpecification\",\"valueRequired\":true,\"valueName\":\"search_term_string\"}}],\"inLanguage\":\"fr-FR\"},{\"@type\":\"Organization\",\"@id\":\"https:\\\/\\\/govalf.com\\\/ar\\\/#organization\",\"name\":\"Go Valf\",\"url\":\"https:\\\/\\\/govalf.com\\\/ar\\\/\",\"logo\":{\"@type\":\"ImageObject\",\"inLanguage\":\"fr-FR\",\"@id\":\"https:\\\/\\\/govalf.com\\\/ar\\\/#\\\/schema\\\/logo\\\/image\\\/\",\"url\":\"https:\\\/\\\/govalf.com\\\/wp-content\\\/uploads\\\/2022\\\/02\\\/go-valf-logo.png\",\"contentUrl\":\"https:\\\/\\\/govalf.com\\\/wp-content\\\/uploads\\\/2022\\\/02\\\/go-valf-logo.png\",\"width\":504,\"height\":120,\"caption\":\"Go Valf\"},\"image\":{\"@id\":\"https:\\\/\\\/govalf.com\\\/ar\\\/#\\\/schema\\\/logo\\\/image\\\/\"}}]}<\/script>\n<!-- \/ Yoast SEO plugin. -->","yoast_head_json":{"title":"Chaudi\u00e8re Serpentine Double En Tube de Cuivre","description":"Chaudi\u00e8re serpentine double en tube de cuivre ; Chaudi\u00e8re serpentine double en tube de cuivre offrant un confort d'eau chaude \u00e9lev\u00e9;","robots":{"index":"index","follow":"follow","max-snippet":"max-snippet:-1","max-image-preview":"max-image-preview:large","max-video-preview":"max-video-preview:-1"},"canonical":"https:\/\/govalf.com\/fr\/product\/chaudiere-serpentine-double-en-tube-de-cuivre\/","og_locale":"fr_FR","og_type":"article","og_title":"Chaudi\u00e8re Serpentine Double En Tube de Cuivre","og_description":"Chaudi\u00e8re serpentine double en tube de cuivre ; Chaudi\u00e8re serpentine double en tube de cuivre offrant un confort d'eau chaude \u00e9lev\u00e9;","og_url":"https:\/\/govalf.com\/fr\/product\/chaudiere-serpentine-double-en-tube-de-cuivre\/","og_site_name":"Go Valf Vana ve Pompa Sistemleri","article_modified_time":"2023-04-07T12:05:05+00:00","og_image":[{"width":768,"height":768,"url":"https:\/\/govalf.com\/wp-content\/uploads\/2023\/01\/BAKIR-BORULU-CIFT-SERPANTINLI-BOYLER-2.png","type":"image\/png"}],"twitter_card":"summary_large_image","twitter_misc":{"Dur\u00e9e de lecture estim\u00e9e":"4 minutes"},"schema":{"@context":"https:\/\/schema.org","@graph":[{"@type":"WebPage","@id":"https:\/\/govalf.com\/fr\/product\/chaudiere-serpentine-double-en-tube-de-cuivre\/","url":"https:\/\/govalf.com\/fr\/product\/chaudiere-serpentine-double-en-tube-de-cuivre\/","name":"Chaudi\u00e8re Serpentine Double En Tube de Cuivre","isPartOf":{"@id":"https:\/\/govalf.com\/ar\/#website"},"primaryImageOfPage":{"@id":"https:\/\/govalf.com\/fr\/product\/chaudiere-serpentine-double-en-tube-de-cuivre\/#primaryimage"},"image":{"@id":"https:\/\/govalf.com\/fr\/product\/chaudiere-serpentine-double-en-tube-de-cuivre\/#primaryimage"},"thumbnailUrl":"https:\/\/govalf.com\/wp-content\/uploads\/2023\/01\/BAKIR-BORULU-CIFT-SERPANTINLI-BOYLER-2.png","datePublished":"2023-04-07T08:07:14+00:00","dateModified":"2023-04-07T12:05:05+00:00","description":"Chaudi\u00e8re serpentine double en tube de cuivre ; Chaudi\u00e8re serpentine double en tube de cuivre offrant un confort d'eau chaude \u00e9lev\u00e9;","breadcrumb":{"@id":"https:\/\/govalf.com\/fr\/product\/chaudiere-serpentine-double-en-tube-de-cuivre\/#breadcrumb"},"inLanguage":"fr-FR","potentialAction":[{"@type":"ReadAction","target":["https:\/\/govalf.com\/fr\/product\/chaudiere-serpentine-double-en-tube-de-cuivre\/"]}]},{"@type":"ImageObject","inLanguage":"fr-FR","@id":"https:\/\/govalf.com\/fr\/product\/chaudiere-serpentine-double-en-tube-de-cuivre\/#primaryimage","url":"https:\/\/govalf.com\/wp-content\/uploads\/2023\/01\/BAKIR-BORULU-CIFT-SERPANTINLI-BOYLER-2.png","contentUrl":"https:\/\/govalf.com\/wp-content\/uploads\/2023\/01\/BAKIR-BORULU-CIFT-SERPANTINLI-BOYLER-2.png","width":768,"height":768},{"@type":"BreadcrumbList","@id":"https:\/\/govalf.com\/fr\/product\/chaudiere-serpentine-double-en-tube-de-cuivre\/#breadcrumb","itemListElement":[{"@type":"ListItem","position":1,"name":"Anasayfa","item":"https:\/\/govalf.com\/fr\/"},{"@type":"ListItem","position":2,"name":"Products","item":"https:\/\/govalf.com\/ar\/urunler%d9%85%d9%86%d8%aa%d8%ac%d8%a7%d8%aa\/"},{"@type":"ListItem","position":3,"name":"Chaudi\u00e8re Serpentine Double En Tube de Cuivre"}]},{"@type":"WebSite","@id":"https:\/\/govalf.com\/ar\/#website","url":"https:\/\/govalf.com\/ar\/","name":"Go Valf Vana ve Pompa Sistemleri","description":"Yang\u0131n S\u00f6nd\u00fcrme Sistemleri ve Ekipmanlar\u0131","publisher":{"@id":"https:\/\/govalf.com\/ar\/#organization"},"potentialAction":[{"@type":"SearchAction","target":{"@type":"EntryPoint","urlTemplate":"https:\/\/govalf.com\/ar\/?s={search_term_string}"},"query-input":{"@type":"PropertyValueSpecification","valueRequired":true,"valueName":"search_term_string"}}],"inLanguage":"fr-FR"},{"@type":"Organization","@id":"https:\/\/govalf.com\/ar\/#organization","name":"Go Valf","url":"https:\/\/govalf.com\/ar\/","logo":{"@type":"ImageObject","inLanguage":"fr-FR","@id":"https:\/\/govalf.com\/ar\/#\/schema\/logo\/image\/","url":"https:\/\/govalf.com\/wp-content\/uploads\/2022\/02\/go-valf-logo.png","contentUrl":"https:\/\/govalf.com\/wp-content\/uploads\/2022\/02\/go-valf-logo.png","width":504,"height":120,"caption":"Go Valf"},"image":{"@id":"https:\/\/govalf.com\/ar\/#\/schema\/logo\/image\/"}}]}},"_links":{"self":[{"href":"https:\/\/govalf.com\/fr\/wp-json\/wp\/v2\/product\/8949","targetHints":{"allow":["GET"]}}],"collection":[{"href":"https:\/\/govalf.com\/fr\/wp-json\/wp\/v2\/product"}],"about":[{"href":"https:\/\/govalf.com\/fr\/wp-json\/wp\/v2\/types\/product"}],"replies":[{"embeddable":true,"href":"https:\/\/govalf.com\/fr\/wp-json\/wp\/v2\/comments?post=8949"}],"wp:featuredmedia":[{"embeddable":true,"href":"https:\/\/govalf.com\/fr\/wp-json\/wp\/v2\/media\/8507"}],"wp:attachment":[{"href":"https:\/\/govalf.com\/fr\/wp-json\/wp\/v2\/media?parent=8949"}],"wp:term":[{"taxonomy":"product_brand","embeddable":true,"href":"https:\/\/govalf.com\/fr\/wp-json\/wp\/v2\/product_brand?post=8949"},{"taxonomy":"product_cat","embeddable":true,"href":"https:\/\/govalf.com\/fr\/wp-json\/wp\/v2\/product_cat?post=8949"},{"taxonomy":"product_tag","embeddable":true,"href":"https:\/\/govalf.com\/fr\/wp-json\/wp\/v2\/product_tag?post=8949"}],"curies":[{"name":"wp","href":"https:\/\/api.w.org\/{rel}","templated":true}]}}