{"id":8957,"date":"2023-04-07T08:22:10","date_gmt":"2023-04-07T08:22:10","guid":{"rendered":"https:\/\/govalf.com\/urun\/chaudiere-electrique\/"},"modified":"2023-04-07T12:02:03","modified_gmt":"2023-04-07T12:02:03","slug":"chaudiere-electrique","status":"publish","type":"product","link":"https:\/\/govalf.com\/fr\/product\/chaudiere-electrique\/","title":{"rendered":"Chaudi\u00e8re \u00e9lectrique"},"content":{"rendered":"<p>Chaudi\u00e8re \u00e9lectrique; Une chaudi\u00e8re \u00e9lectrique qui fournit un stockage \u00e0 haut rendement pour tous les besoins et tous les syst\u00e8mes de chauffage;<\/p>\n<p>Adapt\u00e9 aux pr\u00e9f\u00e9rences des clients dans des chaudi\u00e8res adapt\u00e9es pouvant varier de -2 KW \u00e0 120 KW<\/p>\n<p>-100-5000L le plus grand confort d&rsquo;eau chaude pour tous les besoins<\/p>\n<p>&#8211; Pression de service maximale: 10 Bars<\/p>\n<p>&#8211; Temp\u00e9rature de fonctionnement maximale: 95\u00b0C &#8211;<\/p>\n<p>Construction: acier 52351R<\/p>\n<p>&#8211; Formation minimale de calcaire gr\u00e2ce \u00e0 sa surface lisse. Gr\u00e2ce au rev\u00eatement \u00e9maill\u00e9 de qualit\u00e9 sup\u00e9rieure conforme \u00e0 la norme DIN 4753-31e, protection hygi\u00e9nique contre l&rsquo;eau chaude et protection optimale contre la corrosion<\/p>\n<p>&#8211; Protection d&rsquo;anode en magn\u00e9sium<\/p>\n<p>&#8211; Isolation thermique \u00e9lev\u00e9e<\/p>\n<p>&#8211; Construction facile \u00e0 installer et en grande partie sans entretien<\/p>\n<p>&#8211; Protection contre la corrosion avec rev\u00eatement \u00e9maill\u00e9 externe<\/p>\n<p>&#8211; Le capteur est \u00e9quip\u00e9 d&rsquo;un manchon (1\/2&Prime;) et d&rsquo;un thermom\u00e8tre.<\/p>\n<p>&#8211; Possibilit\u00e9 de connexion de recirculation<\/p>\n<p>-isolement<\/p>\n<p>100-2000L: 42 kg\/m3 de mousse PU rigide sans HCFC<\/p>\n<p>2500-5000L:18 kg\/m3 mousse souple PU\/\u00e9ponge<\/p>\n<p>&#8211; Rev\u00eatement de la gaine ext\u00e9rieure<\/p>\n<p>100-500L: T\u00f4le galvanis\u00e9e enduite de poudre \u00e9lectrostatique \/ Cuir artificiel \/ Thermowen<\/p>\n<p>100-1000L: Thermowen, qui fournit \u00e9galement une isolation thermique \u00e0 haute densit\u00e9<\/p>\n<p>1500-5000L : Cuir artificiel (Vinlex)<\/p>\n<p>&#8211; Con\u00e7u selon les normes TS EN 13445-3.<\/p>\n<p>&nbsp;<\/p>\n<h2>Capacit\u00e9 et Dimensions Principales<\/h2>\n<p>&nbsp;<\/p>\n<div class=\"responsive-table\">\n<table class=\"table\" width=\"1041\">\n<tbody>\n<tr>\n<td><strong>Elektrikli\u00a0Boyler<\/strong><\/td>\n<td><\/td>\n<td><strong>WEB<\/strong><\/p>\n<p><strong>100<\/strong><\/td>\n<td><strong>\u00a0WEB<\/strong><\/p>\n<p><strong>160<\/strong><\/td>\n<td><strong>\u00a0WEB<\/strong><\/p>\n<p><strong>200<\/strong><\/td>\n<td><strong>\u00a0WEB<\/strong><\/p>\n<p><strong>300<\/strong><\/td>\n<td><strong>\u00a0WEB<\/strong><\/p>\n<p><strong>400<\/strong><\/td>\n<td><strong>\u00a0WEB<\/strong><\/p>\n<p><strong>500<\/strong><\/td>\n<td><strong>\u00a0WEB<\/strong><\/p>\n<p><strong>800<\/strong><\/td>\n<td><strong>\u00a0WEB<\/strong><\/p>\n<p><strong>1000<\/strong><\/td>\n<td><strong>\u00a0WEB<\/strong><\/p>\n<p><strong>1500<\/strong><\/td>\n<td><strong>\u00a0WEB<\/strong><\/p>\n<p><strong>2000<\/strong><\/td>\n<td><strong>\u00a0WEB<\/strong><\/p>\n<p><strong>2500<\/strong><\/td>\n<td><strong>\u00a0WEB<\/strong><\/p>\n<p><strong>3000<\/strong><\/td>\n<td><strong>\u00a0WEB<\/strong><\/p>\n<p><strong>4000<\/strong><\/td>\n<td><strong>\u00a0WEB<\/strong><\/p>\n<p><strong>5000<\/strong><\/td>\n<\/tr>\n<tr>\n<td><strong>Hacim<\/strong><\/td>\n<td>V (L)<\/td>\n<td>100<\/td>\n<td>160<\/td>\n<td>200<\/td>\n<td>300<\/td>\n<td>400<\/td>\n<td>500<\/td>\n<td>800<\/td>\n<td>1000<\/td>\n<td>1500<\/td>\n<td>2000<\/td>\n<td>2500<\/td>\n<td>3000<\/td>\n<td>4000<\/td>\n<td>5000<\/td>\n<\/tr>\n<tr>\n<td><strong>\u00c7ap<\/strong><\/td>\n<td>D (mm)<\/td>\n<td>490<\/td>\n<td>590<\/td>\n<td>590<\/td>\n<td>590<\/td>\n<td>750<\/td>\n<td>750<\/td>\n<td>950<\/td>\n<td>950<\/td>\n<td>1060<\/td>\n<td>1200<\/td>\n<td>1440<\/td>\n<td>1440<\/td>\n<td>1710<\/td>\n<td>1710<\/td>\n<\/tr>\n<tr>\n<td><strong>Y\u00fckselik<\/strong><\/td>\n<td>H (mm)<\/td>\n<td>1030<\/td>\n<td>1060<\/td>\n<td>1300<\/td>\n<td>1810<\/td>\n<td>1380<\/td>\n<td>1620<\/td>\n<td>1620<\/td>\n<td>2010<\/td>\n<td>2280<\/td>\n<td>2280<\/td>\n<td>2450<\/td>\n<td>2750<\/td>\n<td>2550<\/td>\n<td>3050<\/td>\n<\/tr>\n<tr>\n<td><strong>Elektrikli Is\u0131t\u0131c\u0131 Ba\u011flant\u0131s\u0131<\/strong><\/td>\n<td>N6<\/p>\n<p>(inch)<\/td>\n<td colspan=\"14\">M\u00dc\u015eTER\u0130 TALEB\u0130NE G\u00d6RE ISITICI SE\u00c7\u0130M\u0130 YAPILMAKTADIR.<\/td>\n<\/tr>\n<tr>\n<td><strong>Su Giri\u015f \/ \u00c7\u0131k\u0131\u015f<\/strong><\/td>\n<td>N1 &#8211; N3<\/p>\n<p>(inch)<\/td>\n<td>3\/4&Prime;<\/td>\n<td>3\/4&Prime;<\/td>\n<td>3\/4&Prime;<\/td>\n<td>1&Prime;<\/td>\n<td>1&Prime;<\/td>\n<td>1&Prime;<\/td>\n<td>1 1\/4&Prime;<\/td>\n<td>1 1\/4&Prime;<\/td>\n<td>1 1\/4&Prime;<\/td>\n<td>1 1\/4&Prime;<\/td>\n<td>1 1\/2&Prime;<\/td>\n<td>1 1\/2&Prime;<\/td>\n<td>2&Prime;<\/td>\n<td>2&Prime;<\/td>\n<\/tr>\n<tr>\n<td><strong>Sirk\u00fclasyon Ba\u011flant\u0131s\u0131<\/strong><\/td>\n<td>N2<\/p>\n<p>(inch)<\/td>\n<td>\u00a03\/4&Prime;<\/td>\n<td>\u00a03\/4&Prime;<\/td>\n<td>\u00a03\/4&Prime;<\/td>\n<td>\u00a01&Prime;<\/td>\n<td>\u00a01&Prime;<\/td>\n<td>\u00a01&Prime;<\/td>\n<td>\u00a01 1\/4&Prime;<\/td>\n<td>\u00a01 1\/4&Prime;<\/td>\n<td>\u00a01 1\/4&Prime;<\/td>\n<td>\u00a01 1\/4&Prime;<\/td>\n<td>\u00a01 1\/2&Prime;<\/td>\n<td>\u00a01 1\/2&Prime;<\/td>\n<td>2&Prime;<\/td>\n<td>2&Prime;<\/td>\n<\/tr>\n<tr>\n<td><strong>Bo\u015f A\u011f\u0131rl\u0131\u011f\u0131<\/strong><\/td>\n<td>W (kg)<\/td>\n<td colspan=\"14\">\u00dcR\u00dcNLER\u0130N A\u011eIRLIKLARI ISITICININ A\u011eIRLI\u011eINA G\u00d6RE DE\u011e\u0130\u015eKENL\u0130K G\u00d6STERMEKTED\u0130R.<\/td>\n<\/tr>\n<tr>\n<td><strong>\u00a0Termometre &amp; Sens\u00f6r<\/strong><\/td>\n<td>N5<\/td>\n<td>1\/2&Prime;<\/td>\n<td>1\/2&Prime;<\/td>\n<td>1\/2&Prime;<\/td>\n<td>1\/2&Prime;<\/td>\n<td>1\/2&Prime;<\/td>\n<td>1\/2&Prime;<\/td>\n<td>1\/2&Prime;<\/td>\n<td>1\/2&Prime;<\/td>\n<td>1\/2&Prime;<\/td>\n<td>1\/2&Prime;<\/td>\n<td>1\/2&Prime;<\/td>\n<td>1\/2&Prime;<\/td>\n<td>1\/2&Prime;<\/td>\n<td>1\/2&Prime;<\/td>\n<\/tr>\n<tr>\n<td><strong>Magnezyum Anot<\/strong><\/td>\n<td>N4<\/p>\n<p>(inch)<\/td>\n<td>1 1\/4&Prime;<\/td>\n<td>1 1\/4&Prime;<\/td>\n<td>1 1\/4&Prime;<\/td>\n<td>1 1\/4&Prime;<\/td>\n<td>1 1\/4&Prime;<\/td>\n<td>1 1\/4&Prime;<\/td>\n<td>1 1\/4&Prime;<\/td>\n<td>1 1\/4&Prime;<\/td>\n<td>1 1\/4&Prime;<\/td>\n<td>1 1\/4&Prime;<\/td>\n<td>1 1\/4&Prime;<\/td>\n<td>1 1\/4&Prime;<\/td>\n<td>1 1\/4&Prime;<\/td>\n<td>1 1\/4&Prime;<\/td>\n<\/tr>\n<tr>\n<td><strong>Bo\u015flatma<\/strong><\/td>\n<td>N8<\/p>\n<p>(inch)<\/td>\n<td>1 1\/4&Prime;<\/td>\n<td>1 1\/4&Prime;<\/td>\n<td>1 1\/4&Prime;<\/td>\n<td>1 1\/4&Prime;<\/td>\n<td>1 1\/4&Prime;<\/td>\n<td>1 1\/4&Prime;<\/td>\n<td>1 1\/4&Prime;<\/td>\n<td>1 1\/4&Prime;<\/td>\n<td>1 1\/4&Prime;<\/td>\n<td>1 1\/4&Prime;<\/td>\n<td>1 1\/4&Prime;<\/td>\n<td>1 1\/4&Prime;<\/td>\n<td>1 1\/4&Prime;<\/td>\n<td>1 1\/4&Prime;<\/td>\n<\/tr>\n<tr>\n<td><strong>Temizleme Flan\u015f\u0131<\/strong><\/td>\n<td>N7<\/p>\n<p>(inch)<\/td>\n<td>4&Prime;<\/td>\n<td>4&Prime;<\/td>\n<td>4&Prime;<\/td>\n<td>4&Prime;<\/td>\n<td>4&Prime;<\/td>\n<td>4&Prime;<\/td>\n<td>5&Prime;<\/td>\n<td>5&Prime;<\/td>\n<td>5&Prime;<\/td>\n<td>\u00a05&Prime;<\/td>\n<td>\u00a05&Prime;<\/td>\n<td>5&Prime;<\/td>\n<td>\u00a05&Prime;<\/td>\n<td>\u00a05&Prime;<\/td>\n<\/tr>\n<\/tbody>\n<\/table>\n<\/div>\n<h2>QU&rsquo;EST-CE QU&rsquo;UNE CHAUDI\u00c8RE \u00c9LECTRIQUE<\/h2>\n<p>Les chaudi\u00e8res \u00e9lectriques sont l&rsquo;un des appareils les plus fr\u00e9quemment pr\u00e9f\u00e9r\u00e9s pour r\u00e9pondre aux besoins en eau chaude dans les maisons. Ces appareils sont des produits technologiques qui facilitent la vie des utilisateurs et fournissent de l&rsquo;eau chaude confortable. Les chaudi\u00e8res \u00e9lectriques chauffent l&rsquo;eau rapidement et fournissent instantan\u00e9ment de l&rsquo;eau chaude aux utilisateurs. De plus, ils sont avantageux en termes de facilit\u00e9 d&rsquo;utilisation et ne n\u00e9cessitent pas d&rsquo;entretien. Un autre avantage important de ces appareils est l&rsquo;\u00e9conomie d&rsquo;\u00e9nergie.<\/p>\n<p>Les \u00e9conomies d&rsquo;\u00e9nergie sont un probl\u00e8me important aujourd&rsquo;hui, et les chaudi\u00e8res \u00e9lectriques ont \u00e9galement un r\u00f4le important \u00e0 cet \u00e9gard. Ces appareils sont con\u00e7us de mani\u00e8re \u00e9co\u00e9nerg\u00e9tique et consomment la bonne quantit\u00e9 d&rsquo;\u00e9nergie n\u00e9cessaire pour chauffer l&rsquo;eau. Sur certains mod\u00e8les, ils \u00e9conomisent de l&rsquo;\u00e9nergie en s&rsquo;\u00e9teignant automatiquement lorsque l&rsquo;eau chaude n&rsquo;est pas utilis\u00e9e. De plus, la temp\u00e9rature de l&rsquo;eau peut \u00eatre ajust\u00e9e et ainsi \u00e9viter une consommation d&rsquo;\u00e9nergie inutile. Gr\u00e2ce \u00e0 cela, les propri\u00e9taires peuvent \u00e0 la fois prot\u00e9ger l&rsquo;environnement et r\u00e9duire leurs factures.<\/p>\n<p>Les chaudi\u00e8res \u00e9lectriques sont \u00e9galement importantes pour fournir de l&rsquo;eau chaude confortable. Ces appareils sont id\u00e9aux pour r\u00e9pondre aux besoins en eau chaude dans les maisons et fournissent de l&rsquo;eau chaude chaque fois que les utilisateurs ont besoin d&rsquo;eau chaude dans leur salle de bain, leur douche ou leur lavabo. Les chaudi\u00e8res \u00e9lectriques am\u00e9liorent la qualit\u00e9 de vie des utilisateurs et leur permettent de vivre une vie plus confortable \u00e0 la maison.<\/p>\n<p>Les chaudi\u00e8res \u00e9lectriques prennent moins de place que les autres syst\u00e8mes d&rsquo;eau chaude et peuvent g\u00e9n\u00e9ralement \u00eatre facilement install\u00e9es. De cette mani\u00e8re, ils sont \u00e9galement avantageux en termes de facilit\u00e9 d&rsquo;utilisation. De plus, ces appareils ne n\u00e9cessitent pas d&rsquo;entretien et peuvent \u00eatre utilis\u00e9s pendant de nombreuses ann\u00e9es sans probl\u00e8me. Gr\u00e2ce \u00e0 cela, les propri\u00e9taires pr\u00e9f\u00e8rent les chaudi\u00e8res \u00e9lectriques, \u00e9conomisant \u00e0 la fois du temps et de l&rsquo;argent.<\/p>\n<p>En cons\u00e9quence, les chaudi\u00e8res \u00e9lectriques sont importantes pour les \u00e9conomies d&rsquo;\u00e9nergie, l&rsquo;approvisionnement en eau chaude confortable et la facilit\u00e9 d&rsquo;utilisation. Ces appareils sont id\u00e9aux pour r\u00e9pondre au besoin d&rsquo;eau chaude dans les maisons et sont souvent pr\u00e9f\u00e9r\u00e9s par les utilisateurs. Lors de l&rsquo;achat d&rsquo;une chaudi\u00e8re \u00e9lectrique, vous pouvez \u00e0 la fois prot\u00e9ger l&rsquo;environnement et r\u00e9duire vos factures en choisissant des mod\u00e8les \u00e9conomes en \u00e9nergie.<\/p>\n<p><a href=\"https:\/\/govalf.com\/\">GOVALF<\/a><\/p>\n","protected":false},"excerpt":{"rendered":"<p>Chaudi\u00e8re \u00e9lectrique; Une chaudi\u00e8re \u00e9lectrique qui fournit un stockage \u00e0 haut rendement pour tous les besoins et tous les syst\u00e8mes de chauffage; Adapt\u00e9 aux pr\u00e9f\u00e9rences des clients dans des chaudi\u00e8res adapt\u00e9es pouvant varier de -2 KW \u00e0 120 KW -100-5000L le plus grand confort d&rsquo;eau chaude pour tous les besoins &#8211; Pression de service maximale: [&hellip;]<\/p>\n","protected":false},"featured_media":8485,"comment_status":"open","ping_status":"closed","template":"","meta":{"_acf_changed":false},"product_brand":[],"product_cat":[404],"product_tag":[],"class_list":{"0":"post-8957","1":"product","2":"type-product","3":"status-publish","4":"has-post-thumbnail","6":"product_cat-chaudiere","8":"first","9":"instock","10":"shipping-taxable","11":"product-type-simple"},"acf":[],"yoast_head":"<!-- This site is optimized with the Yoast SEO plugin v27.4 - https:\/\/yoast.com\/product\/yoast-seo-wordpress\/ -->\n<title>Chaudi\u00e8re \u00e9lectrique - Go Valf Vana ve Pompa Sistemleri<\/title>\n<meta name=\"description\" content=\"Chaudi\u00e8re \u00e9lectrique; Une chaudi\u00e8re \u00e9lectrique qui fournit un stockage \u00e0 haut rendement pour tous les besoins et tous les syst\u00e8mes de chauffage;\" \/>\n<meta name=\"robots\" content=\"index, follow, max-snippet:-1, max-image-preview:large, max-video-preview:-1\" \/>\n<link rel=\"canonical\" href=\"https:\/\/govalf.com\/fr\/product\/chaudiere-electrique\/\" \/>\n<meta property=\"og:locale\" content=\"fr_FR\" \/>\n<meta property=\"og:type\" content=\"article\" \/>\n<meta property=\"og:title\" content=\"Chaudi\u00e8re \u00e9lectrique - Go Valf Vana ve Pompa Sistemleri\" \/>\n<meta property=\"og:description\" content=\"Chaudi\u00e8re \u00e9lectrique; Une chaudi\u00e8re \u00e9lectrique qui fournit un stockage \u00e0 haut rendement pour tous les besoins et tous les syst\u00e8mes de chauffage;\" \/>\n<meta property=\"og:url\" content=\"https:\/\/govalf.com\/fr\/product\/chaudiere-electrique\/\" \/>\n<meta property=\"og:site_name\" content=\"Go Valf Vana ve Pompa Sistemleri\" \/>\n<meta property=\"article:modified_time\" content=\"2023-04-07T12:02:03+00:00\" \/>\n<meta property=\"og:image\" content=\"https:\/\/govalf.com\/wp-content\/uploads\/2023\/01\/ELEKTRIKLI-BOYLER-2.png\" \/>\n\t<meta property=\"og:image:width\" content=\"768\" \/>\n\t<meta property=\"og:image:height\" content=\"768\" \/>\n\t<meta property=\"og:image:type\" content=\"image\/png\" \/>\n<meta name=\"twitter:card\" content=\"summary_large_image\" \/>\n<meta name=\"twitter:label1\" content=\"Dur\u00e9e de lecture estim\u00e9e\" \/>\n\t<meta name=\"twitter:data1\" content=\"4 minutes\" \/>\n<script type=\"application\/ld+json\" class=\"yoast-schema-graph\">{\"@context\":\"https:\\\/\\\/schema.org\",\"@graph\":[{\"@type\":\"WebPage\",\"@id\":\"https:\\\/\\\/govalf.com\\\/fr\\\/product\\\/chaudiere-electrique\\\/\",\"url\":\"https:\\\/\\\/govalf.com\\\/fr\\\/product\\\/chaudiere-electrique\\\/\",\"name\":\"Chaudi\u00e8re \u00e9lectrique - Go Valf Vana ve Pompa Sistemleri\",\"isPartOf\":{\"@id\":\"https:\\\/\\\/govalf.com\\\/ar\\\/#website\"},\"primaryImageOfPage\":{\"@id\":\"https:\\\/\\\/govalf.com\\\/fr\\\/product\\\/chaudiere-electrique\\\/#primaryimage\"},\"image\":{\"@id\":\"https:\\\/\\\/govalf.com\\\/fr\\\/product\\\/chaudiere-electrique\\\/#primaryimage\"},\"thumbnailUrl\":\"https:\\\/\\\/govalf.com\\\/wp-content\\\/uploads\\\/2023\\\/01\\\/ELEKTRIKLI-BOYLER-2.png\",\"datePublished\":\"2023-04-07T08:22:10+00:00\",\"dateModified\":\"2023-04-07T12:02:03+00:00\",\"description\":\"Chaudi\u00e8re \u00e9lectrique; Une chaudi\u00e8re \u00e9lectrique qui fournit un stockage \u00e0 haut rendement pour tous les besoins et tous les syst\u00e8mes de chauffage;\",\"breadcrumb\":{\"@id\":\"https:\\\/\\\/govalf.com\\\/fr\\\/product\\\/chaudiere-electrique\\\/#breadcrumb\"},\"inLanguage\":\"fr-FR\",\"potentialAction\":[{\"@type\":\"ReadAction\",\"target\":[\"https:\\\/\\\/govalf.com\\\/fr\\\/product\\\/chaudiere-electrique\\\/\"]}]},{\"@type\":\"ImageObject\",\"inLanguage\":\"fr-FR\",\"@id\":\"https:\\\/\\\/govalf.com\\\/fr\\\/product\\\/chaudiere-electrique\\\/#primaryimage\",\"url\":\"https:\\\/\\\/govalf.com\\\/wp-content\\\/uploads\\\/2023\\\/01\\\/ELEKTRIKLI-BOYLER-2.png\",\"contentUrl\":\"https:\\\/\\\/govalf.com\\\/wp-content\\\/uploads\\\/2023\\\/01\\\/ELEKTRIKLI-BOYLER-2.png\",\"width\":768,\"height\":768},{\"@type\":\"BreadcrumbList\",\"@id\":\"https:\\\/\\\/govalf.com\\\/fr\\\/product\\\/chaudiere-electrique\\\/#breadcrumb\",\"itemListElement\":[{\"@type\":\"ListItem\",\"position\":1,\"name\":\"Anasayfa\",\"item\":\"https:\\\/\\\/govalf.com\\\/fr\\\/\"},{\"@type\":\"ListItem\",\"position\":2,\"name\":\"Products\",\"item\":\"https:\\\/\\\/govalf.com\\\/ar\\\/urunler%d9%85%d9%86%d8%aa%d8%ac%d8%a7%d8%aa\\\/\"},{\"@type\":\"ListItem\",\"position\":3,\"name\":\"Chaudi\u00e8re \u00e9lectrique\"}]},{\"@type\":\"WebSite\",\"@id\":\"https:\\\/\\\/govalf.com\\\/ar\\\/#website\",\"url\":\"https:\\\/\\\/govalf.com\\\/ar\\\/\",\"name\":\"Go Valf Vana ve Pompa Sistemleri\",\"description\":\"Yang\u0131n S\u00f6nd\u00fcrme Sistemleri ve Ekipmanlar\u0131\",\"publisher\":{\"@id\":\"https:\\\/\\\/govalf.com\\\/ar\\\/#organization\"},\"potentialAction\":[{\"@type\":\"SearchAction\",\"target\":{\"@type\":\"EntryPoint\",\"urlTemplate\":\"https:\\\/\\\/govalf.com\\\/ar\\\/?s={search_term_string}\"},\"query-input\":{\"@type\":\"PropertyValueSpecification\",\"valueRequired\":true,\"valueName\":\"search_term_string\"}}],\"inLanguage\":\"fr-FR\"},{\"@type\":\"Organization\",\"@id\":\"https:\\\/\\\/govalf.com\\\/ar\\\/#organization\",\"name\":\"Go Valf\",\"url\":\"https:\\\/\\\/govalf.com\\\/ar\\\/\",\"logo\":{\"@type\":\"ImageObject\",\"inLanguage\":\"fr-FR\",\"@id\":\"https:\\\/\\\/govalf.com\\\/ar\\\/#\\\/schema\\\/logo\\\/image\\\/\",\"url\":\"https:\\\/\\\/govalf.com\\\/wp-content\\\/uploads\\\/2022\\\/02\\\/go-valf-logo.png\",\"contentUrl\":\"https:\\\/\\\/govalf.com\\\/wp-content\\\/uploads\\\/2022\\\/02\\\/go-valf-logo.png\",\"width\":504,\"height\":120,\"caption\":\"Go Valf\"},\"image\":{\"@id\":\"https:\\\/\\\/govalf.com\\\/ar\\\/#\\\/schema\\\/logo\\\/image\\\/\"}}]}<\/script>\n<!-- \/ Yoast SEO plugin. -->","yoast_head_json":{"title":"Chaudi\u00e8re \u00e9lectrique - Go Valf Vana ve Pompa Sistemleri","description":"Chaudi\u00e8re \u00e9lectrique; Une chaudi\u00e8re \u00e9lectrique qui fournit un stockage \u00e0 haut rendement pour tous les besoins et tous les syst\u00e8mes de chauffage;","robots":{"index":"index","follow":"follow","max-snippet":"max-snippet:-1","max-image-preview":"max-image-preview:large","max-video-preview":"max-video-preview:-1"},"canonical":"https:\/\/govalf.com\/fr\/product\/chaudiere-electrique\/","og_locale":"fr_FR","og_type":"article","og_title":"Chaudi\u00e8re \u00e9lectrique - Go Valf Vana ve Pompa Sistemleri","og_description":"Chaudi\u00e8re \u00e9lectrique; Une chaudi\u00e8re \u00e9lectrique qui fournit un stockage \u00e0 haut rendement pour tous les besoins et tous les syst\u00e8mes de chauffage;","og_url":"https:\/\/govalf.com\/fr\/product\/chaudiere-electrique\/","og_site_name":"Go Valf Vana ve Pompa Sistemleri","article_modified_time":"2023-04-07T12:02:03+00:00","og_image":[{"width":768,"height":768,"url":"https:\/\/govalf.com\/wp-content\/uploads\/2023\/01\/ELEKTRIKLI-BOYLER-2.png","type":"image\/png"}],"twitter_card":"summary_large_image","twitter_misc":{"Dur\u00e9e de lecture estim\u00e9e":"4 minutes"},"schema":{"@context":"https:\/\/schema.org","@graph":[{"@type":"WebPage","@id":"https:\/\/govalf.com\/fr\/product\/chaudiere-electrique\/","url":"https:\/\/govalf.com\/fr\/product\/chaudiere-electrique\/","name":"Chaudi\u00e8re \u00e9lectrique - Go Valf Vana ve Pompa Sistemleri","isPartOf":{"@id":"https:\/\/govalf.com\/ar\/#website"},"primaryImageOfPage":{"@id":"https:\/\/govalf.com\/fr\/product\/chaudiere-electrique\/#primaryimage"},"image":{"@id":"https:\/\/govalf.com\/fr\/product\/chaudiere-electrique\/#primaryimage"},"thumbnailUrl":"https:\/\/govalf.com\/wp-content\/uploads\/2023\/01\/ELEKTRIKLI-BOYLER-2.png","datePublished":"2023-04-07T08:22:10+00:00","dateModified":"2023-04-07T12:02:03+00:00","description":"Chaudi\u00e8re \u00e9lectrique; Une chaudi\u00e8re \u00e9lectrique qui fournit un stockage \u00e0 haut rendement pour tous les besoins et tous les syst\u00e8mes de chauffage;","breadcrumb":{"@id":"https:\/\/govalf.com\/fr\/product\/chaudiere-electrique\/#breadcrumb"},"inLanguage":"fr-FR","potentialAction":[{"@type":"ReadAction","target":["https:\/\/govalf.com\/fr\/product\/chaudiere-electrique\/"]}]},{"@type":"ImageObject","inLanguage":"fr-FR","@id":"https:\/\/govalf.com\/fr\/product\/chaudiere-electrique\/#primaryimage","url":"https:\/\/govalf.com\/wp-content\/uploads\/2023\/01\/ELEKTRIKLI-BOYLER-2.png","contentUrl":"https:\/\/govalf.com\/wp-content\/uploads\/2023\/01\/ELEKTRIKLI-BOYLER-2.png","width":768,"height":768},{"@type":"BreadcrumbList","@id":"https:\/\/govalf.com\/fr\/product\/chaudiere-electrique\/#breadcrumb","itemListElement":[{"@type":"ListItem","position":1,"name":"Anasayfa","item":"https:\/\/govalf.com\/fr\/"},{"@type":"ListItem","position":2,"name":"Products","item":"https:\/\/govalf.com\/ar\/urunler%d9%85%d9%86%d8%aa%d8%ac%d8%a7%d8%aa\/"},{"@type":"ListItem","position":3,"name":"Chaudi\u00e8re \u00e9lectrique"}]},{"@type":"WebSite","@id":"https:\/\/govalf.com\/ar\/#website","url":"https:\/\/govalf.com\/ar\/","name":"Go Valf Vana ve Pompa Sistemleri","description":"Yang\u0131n S\u00f6nd\u00fcrme Sistemleri ve Ekipmanlar\u0131","publisher":{"@id":"https:\/\/govalf.com\/ar\/#organization"},"potentialAction":[{"@type":"SearchAction","target":{"@type":"EntryPoint","urlTemplate":"https:\/\/govalf.com\/ar\/?s={search_term_string}"},"query-input":{"@type":"PropertyValueSpecification","valueRequired":true,"valueName":"search_term_string"}}],"inLanguage":"fr-FR"},{"@type":"Organization","@id":"https:\/\/govalf.com\/ar\/#organization","name":"Go Valf","url":"https:\/\/govalf.com\/ar\/","logo":{"@type":"ImageObject","inLanguage":"fr-FR","@id":"https:\/\/govalf.com\/ar\/#\/schema\/logo\/image\/","url":"https:\/\/govalf.com\/wp-content\/uploads\/2022\/02\/go-valf-logo.png","contentUrl":"https:\/\/govalf.com\/wp-content\/uploads\/2022\/02\/go-valf-logo.png","width":504,"height":120,"caption":"Go Valf"},"image":{"@id":"https:\/\/govalf.com\/ar\/#\/schema\/logo\/image\/"}}]}},"_links":{"self":[{"href":"https:\/\/govalf.com\/fr\/wp-json\/wp\/v2\/product\/8957","targetHints":{"allow":["GET"]}}],"collection":[{"href":"https:\/\/govalf.com\/fr\/wp-json\/wp\/v2\/product"}],"about":[{"href":"https:\/\/govalf.com\/fr\/wp-json\/wp\/v2\/types\/product"}],"replies":[{"embeddable":true,"href":"https:\/\/govalf.com\/fr\/wp-json\/wp\/v2\/comments?post=8957"}],"wp:featuredmedia":[{"embeddable":true,"href":"https:\/\/govalf.com\/fr\/wp-json\/wp\/v2\/media\/8485"}],"wp:attachment":[{"href":"https:\/\/govalf.com\/fr\/wp-json\/wp\/v2\/media?parent=8957"}],"wp:term":[{"taxonomy":"product_brand","embeddable":true,"href":"https:\/\/govalf.com\/fr\/wp-json\/wp\/v2\/product_brand?post=8957"},{"taxonomy":"product_cat","embeddable":true,"href":"https:\/\/govalf.com\/fr\/wp-json\/wp\/v2\/product_cat?post=8957"},{"taxonomy":"product_tag","embeddable":true,"href":"https:\/\/govalf.com\/fr\/wp-json\/wp\/v2\/product_tag?post=8957"}],"curies":[{"name":"wp","href":"https:\/\/api.w.org\/{rel}","templated":true}]}}