{"id":2783,"date":"2022-02-17T18:52:09","date_gmt":"2022-02-17T18:52:09","guid":{"rendered":"https:\/\/govalf.com\/?post_type=product&#038;p=2783"},"modified":"2022-05-29T16:47:23","modified_gmt":"2022-05-29T16:47:23","slug":"islak-alarm-vanasi","status":"publish","type":"product","link":"https:\/\/govalf.com\/tr\/product\/islak-alarm-vanasi\/","title":{"rendered":"Islak Alarm Vanas\u0131"},"content":{"rendered":"<h1>Islak Alarm Vanas\u0131<\/h1>\n<p><strong>Islak Alarm Vanas\u0131<\/strong> bir t\u00fcr \u00e7ek vanad\u0131r ve \u0131slak borulu sprinkler sistemlerinde kullan\u0131larak su ak\u0131\u015f\u0131n\u0131n yan\u0131 s\u0131ra elektriksel ve mekanik alarmlar\u0131n aktive olmas\u0131n\u0131 sa\u011flar. Donma tehlikesi bulunmayan \u0131slak uygulamalarda kullan\u0131lan alarm vanas\u0131; yenilik\u00e7i \u00f6zelliklere sahiptir. Sistem i\u00e7erisinde bas\u0131n\u00e7l\u0131 su bulunur. Yang\u0131n durumunda devreye giren sprinkler; sistemi de\u015farj eder.<\/p>\n<p>Yang\u0131n esnas\u0131nda; erken m\u00fcdahaleyi m\u00fcmk\u00fcn k\u0131lan ara\u00e7lardan biri olarak \u00f6n plana \u00e7\u0131kt\u0131klar\u0131n\u0131 s\u00f6ylemek olanakl\u0131d\u0131r. Su etkisi ile mekanik alarm veren sistem; mekanik bak\u0131m gerektirmedi\u011fi i\u00e7in olduk\u00e7a kullan\u0131\u015fl\u0131d\u0131r. Bunun yan\u0131 s\u0131ra y\u00fcksek miktarda ses \u00fcretme kapasitesini b\u00fcnyesinde bar\u0131nd\u0131r\u0131r. Olduk\u00e7a basit bir \u00e7al\u0131\u015fma prensibine sahiptir; uzun s\u00fcreli kullan\u0131m\u0131 m\u00fcmk\u00fcn k\u0131lar.<\/p>\n<h2>Islak Alarm Vanas\u0131 Nedir; Ne \u0130\u015fe Yarar?<\/h2>\n<p>Yenilik\u00e7i ve teknolojik \u00f6zelliklere sahip olan <strong>Islak Alarm Vanas\u0131<\/strong>; bir t\u00fcr yang\u0131n ekipman\u0131d\u0131r. Islak tip yang\u0131n s\u00f6nd\u00fcrme cihazlar\u0131nda kullan\u0131lacak \u015fekilde tasarlanan \u00e7ek vana; sahip oldu\u011fu \u00e7al\u0131\u015fma prensibiyle yang\u0131na erken m\u00fcdahaleyi olanakl\u0131 hale getirir. Genel olarak a\u015fa\u011f\u0131daki gibi s\u0131ralanabilen ad\u0131mlar \u00fczerinden \u00e7al\u0131\u015f\u0131r:<\/p>\n<ul>\n<li>Bas\u0131n\u00e7l\u0131 su daima beslenir; bunun yan\u0131 s\u0131ra geciktirme h\u00fccresi de s\u00fcrekli dolar.<\/li>\n<li>H\u00fccrenin dolmas\u0131yla birlikte h\u00fccre \u00fczerinde yer alan bas\u0131n\u00e7 anahtar\u0131 tetiklenerek sistematik ilerleyi\u015f sa\u011flan\u0131r.<\/li>\n<li>Bas\u0131n\u00e7 anahtar\u0131n\u0131n otomasyon sistemine alarm bilgisi ula\u015ft\u0131rmas\u0131yla birlikte su gonga eri\u015fim sa\u011flar.<\/li>\n<li>Ard\u0131ndan mekanik alarm verilerek yang\u0131na m\u00fcdahale edilir.<\/li>\n<\/ul>\n<p>Islak tip yang\u0131n s\u00f6nd\u00fcrme cihazlar\u0131n\u0131n boru k\u0131sm\u0131nda yer alan bas\u0131n\u00e7l\u0131 su; sprinkler devreye girdi\u011fi anda yang\u0131n b\u00f6lgesinde de\u015farj olarak sistematik bir \u015fekilde yang\u0131na m\u00fcdahale ger\u00e7ekle\u015ftirilir.<\/p>\n<h3>Islak Alarm Vanas\u0131 Nedir?<\/h3>\n<p><b>Y<\/b>ang\u0131n an\u0131nda alarm veren bir sistemdir. Yang\u0131n ekipmanlar\u0131 i\u00e7erisinde yer alan ekipman; y\u00fcksek seste alarm \u00e7almas\u0131n\u0131 ve yang\u0131na m\u00fcdahaleyi sa\u011flar. Bir\u00e7ok \u00f6zelli\u011fi b\u00fcnyesinde bar\u0131nd\u0131ran sistem; \u015fu \u00f6zellikleriyle dikkatleri \u00fczerine \u00e7eker:<\/p>\n<ul>\n<li>Sistem i\u00e7erisinde yer alan motor gong; su etkisiyle birlikte mekanik alarm vererek sistemi uyar\u0131r.<\/li>\n<li>Geciktirme s\u00fcresi yanl\u0131\u015f alarm\u0131 \u00f6nlemek ad\u0131na kullan\u0131larak alarm\u0131n do\u011fru zamanda \u00e7almas\u0131n\u0131 sa\u011flar.<\/li>\n<li>Otomasyona elektriksel bilgi veren par\u00e7a bas\u0131n\u00e7 anahtar\u0131d\u0131r. Hassas alg\u0131lama \u00f6zelli\u011fine sahiptir.<\/li>\n<\/ul>\n<p>Islak alarm vanalar\u0131; \u0131slak tip yang\u0131n s\u00f6nd\u00fcrme sistemleri i\u00e7erisinde bulunur. Bu t\u00fcr sistemler bir su kayna\u011f\u0131na ba\u011fl\u0131d\u0131r. \u0130\u00e7erisinde bulunan su bulunan bir boruya sahiptir. B\u00f6ylelikle yang\u0131n an\u0131nda sprinkler a\u00e7\u0131larak su; ortama aktar\u0131l\u0131r. Islak tip yang\u0131n s\u00f6nd\u00fcrme sistemlerinin i\u00e7erisinde \u0131slak alarm vanalar\u0131 yer ald\u0131\u011f\u0131 i\u00e7in yang\u0131n an\u0131nda sistem devreye girerek y\u00fcksek sesli alarm \u00e7alar.<\/p>\n<h3>Islak Alarm Vanas\u0131 Ne \u0130\u015fe Yarar?<\/h3>\n<p>Temel \u00e7al\u0131\u015fma prensibi ile yang\u0131n\u0131n s\u00f6nd\u00fcr\u00fclmesine katk\u0131da bulunan <b>D<\/b>onma tehlikesi bulunmayan \u0131slak uygulamalarda yer al\u0131r. Islak tip yang\u0131n s\u00f6nd\u00fcrme sistemlerinin par\u00e7alar\u0131ndan biri olan bu t\u00fcr vanalar; yang\u0131n an\u0131nda sistemin tetiklenmesiyle birlikte mekanik alarm verir.<\/p>\n<p>B\u00f6ylelikle yang\u0131n\u0131n zaman\u0131nda m\u00fcdahale edilmesini sa\u011flayarak yang\u0131n\u0131n b\u00fcy\u00fcmesini engeller. Farkl\u0131 modelleri bulunmakla birlikte her \u00fcr\u00fcnde temel \u00e7al\u0131\u015fma prensibi; yang\u0131n an\u0131nda alarm verilmesi olarak \u00f6zetlenebilir. Sahip oldu\u011fu \u00f6zellikler sayesinde dikkat \u00e7eken \u00fcr\u00fcn; geni\u015f bir kullan\u0131m alan\u0131na da sahiptir.<\/p>\n<h3>Islak Alarm Vanas\u0131 Nerelerde Kullan\u0131l\u0131r?<\/h3>\n<p>Islak alarm vanalar\u0131; i\u015f ve ya\u015fam alanlar\u0131nda tercih edilen bir \u00fcr\u00fcnd\u00fcr. Islak tip yang\u0131n s\u00f6nd\u00fcrme cihaz\u0131 i\u00e7erisinde yer alan bir par\u00e7ad\u0131r. Genellikle de\u011ferli e\u015fyalar\u0131n bulunmad\u0131\u011f\u0131 alana monte edilen \u0131slak tip yang\u0131n s\u00f6nd\u00fcrme cihazlar\u0131;<strong>\u00a0Alarm Vanas\u0131<\/strong> sayesinde yang\u0131n an\u0131nda alarm verir.<\/p>\n<p>Ayr\u0131ca sistem i\u00e7erisinde yer alan bas\u0131n\u00e7l\u0131 su; yang\u0131na m\u00fcdahale i\u00e7in belirli bir p\u00fcsk\u00fcrme seviyesine g\u00f6re \u00e7evreye p\u00fcsk\u00fcr\u00fcr. Bu sayede yang\u0131na \u00e7ok daha kolay m\u00fcdahale edilebildi\u011fi g\u00f6r\u00fclmektedir. Ayr\u0131ca yang\u0131n\u0131n b\u00fcy\u00fcmesi de bu \u015fekilde engellenmi\u015f olur.<\/p>\n<p><a href=\"https:\/\/govalf.com\/iletisim\/\">\u0130leti\u015fim<\/a><\/p>\n<p>&nbsp;<\/p>\n","protected":false},"excerpt":{"rendered":"<p>Islak Alarm Vanalar\u0131, donma tehlikesi bar\u0131nd\u0131rmayan \u0131slak uygulamalar i\u00e7in tasarlanm\u0131\u015ft\u0131r. Tesisat i\u00e7erisinde bekleyen bas\u0131n\u00e7l\u0131 su, yang\u0131n sebebiyle devreye giren sprinkler ile de\u015farj edilir. Bo\u015falan bas\u0131n\u00e7l\u0131 su sistemi devaml\u0131 beslenirken, geciktirme hu\u0308cresi dolar. Dolan geciktirme hu\u0308cresi u\u0308zerinde bulunan bas\u0131n\u00e7 alarm anahtar\u0131 tetiklenir. Alarm durumu otomasyon sistemine veya yang\u0131n ihbar sistemine bas\u0131n\u00e7 alarm anahtar\u0131 vas\u0131tas\u0131yla ula\u015ft\u0131r\u0131l\u0131r. Bas\u0131n\u00e7 anahtar\u0131n\u0131n tetiklenmesiyle su, su motorlu gonga ula\u015f\u0131r ve mekanik alarm\u0131n verilmesini sa\u011flar.<\/p>\n","protected":false},"featured_media":3535,"comment_status":"closed","ping_status":"closed","template":"","meta":{"_acf_changed":false},"product_brand":[],"product_cat":[68],"product_tag":[],"class_list":{"0":"post-2783","1":"product","2":"type-product","3":"status-publish","4":"has-post-thumbnail","6":"product_cat-yangin","8":"first","9":"instock","10":"shipping-taxable","11":"purchasable","12":"product-type-simple"},"acf":[],"yoast_head":"<!-- This site is optimized with the Yoast SEO plugin v27.4 - https:\/\/yoast.com\/product\/yoast-seo-wordpress\/ -->\n<title>Islak Alarm Vanas\u0131 - Islak Alarm Vanas\u0131 Ne \u0130\u015fe Yarar?<\/title>\n<meta name=\"description\" content=\"Islak Alarm Vanas\u0131 bir t\u00fcr \u00e7ek vanad\u0131r ve \u0131slak borulu sprinkler sistemlerinde kullan\u0131larak su ak\u0131\u015f\u0131n\u0131n yan\u0131 s\u0131ra elektriksel ve\" \/>\n<meta name=\"robots\" content=\"index, follow, max-snippet:-1, max-image-preview:large, max-video-preview:-1\" \/>\n<link rel=\"canonical\" href=\"https:\/\/govalf.com\/tr\/product\/islak-alarm-vanasi\/\" \/>\n<meta property=\"og:locale\" content=\"tr_TR\" \/>\n<meta property=\"og:type\" content=\"article\" \/>\n<meta property=\"og:title\" content=\"Islak Alarm Vanas\u0131 - Islak Alarm Vanas\u0131 Ne \u0130\u015fe Yarar?\" \/>\n<meta property=\"og:description\" content=\"Islak Alarm Vanas\u0131 bir t\u00fcr \u00e7ek vanad\u0131r ve \u0131slak borulu sprinkler sistemlerinde kullan\u0131larak su ak\u0131\u015f\u0131n\u0131n yan\u0131 s\u0131ra elektriksel ve\" \/>\n<meta property=\"og:url\" content=\"https:\/\/govalf.com\/tr\/product\/islak-alarm-vanasi\/\" \/>\n<meta property=\"og:site_name\" content=\"Go Valf Vana ve Pompa Sistemleri\" \/>\n<meta property=\"article:modified_time\" content=\"2022-05-29T16:47:23+00:00\" \/>\n<meta property=\"og:image\" content=\"https:\/\/govalf.com\/wp-content\/uploads\/2022\/02\/Islak-Alarm-Vanasi-2-1024x1024.png\" \/>\n\t<meta property=\"og:image:width\" content=\"1024\" \/>\n\t<meta property=\"og:image:height\" content=\"1024\" \/>\n\t<meta property=\"og:image:type\" content=\"image\/png\" \/>\n<meta name=\"twitter:card\" content=\"summary_large_image\" \/>\n<meta name=\"twitter:label1\" content=\"Tahmini okuma s\u00fcresi\" \/>\n\t<meta name=\"twitter:data1\" content=\"4 dakika\" \/>\n<script type=\"application\/ld+json\" class=\"yoast-schema-graph\">{\"@context\":\"https:\\\/\\\/schema.org\",\"@graph\":[{\"@type\":\"WebPage\",\"@id\":\"https:\\\/\\\/govalf.com\\\/tr\\\/product\\\/islak-alarm-vanasi\\\/\",\"url\":\"https:\\\/\\\/govalf.com\\\/tr\\\/product\\\/islak-alarm-vanasi\\\/\",\"name\":\"Islak Alarm Vanas\u0131 - Islak Alarm Vanas\u0131 Ne \u0130\u015fe Yarar?\",\"isPartOf\":{\"@id\":\"http:\\\/\\\/govalf.com\\\/ru\\\/#website\"},\"primaryImageOfPage\":{\"@id\":\"https:\\\/\\\/govalf.com\\\/tr\\\/product\\\/islak-alarm-vanasi\\\/#primaryimage\"},\"image\":{\"@id\":\"https:\\\/\\\/govalf.com\\\/tr\\\/product\\\/islak-alarm-vanasi\\\/#primaryimage\"},\"thumbnailUrl\":\"https:\\\/\\\/govalf.com\\\/wp-content\\\/uploads\\\/2022\\\/02\\\/Islak-Alarm-Vanasi-2.png\",\"datePublished\":\"2022-02-17T18:52:09+00:00\",\"dateModified\":\"2022-05-29T16:47:23+00:00\",\"description\":\"Islak Alarm Vanas\u0131 bir t\u00fcr \u00e7ek vanad\u0131r ve \u0131slak borulu sprinkler sistemlerinde kullan\u0131larak su ak\u0131\u015f\u0131n\u0131n yan\u0131 s\u0131ra elektriksel ve\",\"breadcrumb\":{\"@id\":\"https:\\\/\\\/govalf.com\\\/tr\\\/product\\\/islak-alarm-vanasi\\\/#breadcrumb\"},\"inLanguage\":\"tr\",\"potentialAction\":[{\"@type\":\"ReadAction\",\"target\":[\"https:\\\/\\\/govalf.com\\\/tr\\\/product\\\/islak-alarm-vanasi\\\/\"]}]},{\"@type\":\"ImageObject\",\"inLanguage\":\"tr\",\"@id\":\"https:\\\/\\\/govalf.com\\\/tr\\\/product\\\/islak-alarm-vanasi\\\/#primaryimage\",\"url\":\"https:\\\/\\\/govalf.com\\\/wp-content\\\/uploads\\\/2022\\\/02\\\/Islak-Alarm-Vanasi-2.png\",\"contentUrl\":\"https:\\\/\\\/govalf.com\\\/wp-content\\\/uploads\\\/2022\\\/02\\\/Islak-Alarm-Vanasi-2.png\",\"width\":5000,\"height\":5000,\"caption\":\"Islak Alarm Vanas\u0131\"},{\"@type\":\"BreadcrumbList\",\"@id\":\"https:\\\/\\\/govalf.com\\\/tr\\\/product\\\/islak-alarm-vanasi\\\/#breadcrumb\",\"itemListElement\":[{\"@type\":\"ListItem\",\"position\":1,\"name\":\"Anasayfa\",\"item\":\"https:\\\/\\\/govalf.com\\\/tr\\\/\"},{\"@type\":\"ListItem\",\"position\":2,\"name\":\"Products\",\"item\":\"http:\\\/\\\/govalf.com\\\/fr\\\/des-produits\\\/\"},{\"@type\":\"ListItem\",\"position\":3,\"name\":\"Islak Alarm Vanas\u0131\"}]},{\"@type\":\"WebSite\",\"@id\":\"http:\\\/\\\/govalf.com\\\/ru\\\/#website\",\"url\":\"http:\\\/\\\/govalf.com\\\/ru\\\/\",\"name\":\"Go Valf Vana ve Pompa Sistemleri\",\"description\":\"Yang\u0131n S\u00f6nd\u00fcrme Sistemleri ve Ekipmanlar\u0131\",\"publisher\":{\"@id\":\"http:\\\/\\\/govalf.com\\\/ru\\\/#organization\"},\"potentialAction\":[{\"@type\":\"SearchAction\",\"target\":{\"@type\":\"EntryPoint\",\"urlTemplate\":\"http:\\\/\\\/govalf.com\\\/ru\\\/?s={search_term_string}\"},\"query-input\":{\"@type\":\"PropertyValueSpecification\",\"valueRequired\":true,\"valueName\":\"search_term_string\"}}],\"inLanguage\":\"tr\"},{\"@type\":\"Organization\",\"@id\":\"http:\\\/\\\/govalf.com\\\/ru\\\/#organization\",\"name\":\"Go Valf\",\"url\":\"http:\\\/\\\/govalf.com\\\/ru\\\/\",\"logo\":{\"@type\":\"ImageObject\",\"inLanguage\":\"tr\",\"@id\":\"http:\\\/\\\/govalf.com\\\/ru\\\/#\\\/schema\\\/logo\\\/image\\\/\",\"url\":\"https:\\\/\\\/govalf.com\\\/wp-content\\\/uploads\\\/2022\\\/02\\\/go-valf-logo.png\",\"contentUrl\":\"https:\\\/\\\/govalf.com\\\/wp-content\\\/uploads\\\/2022\\\/02\\\/go-valf-logo.png\",\"width\":504,\"height\":120,\"caption\":\"Go Valf\"},\"image\":{\"@id\":\"http:\\\/\\\/govalf.com\\\/ru\\\/#\\\/schema\\\/logo\\\/image\\\/\"}}]}<\/script>\n<!-- \/ Yoast SEO plugin. -->","yoast_head_json":{"title":"Islak Alarm Vanas\u0131 - Islak Alarm Vanas\u0131 Ne \u0130\u015fe Yarar?","description":"Islak Alarm Vanas\u0131 bir t\u00fcr \u00e7ek vanad\u0131r ve \u0131slak borulu sprinkler sistemlerinde kullan\u0131larak su ak\u0131\u015f\u0131n\u0131n yan\u0131 s\u0131ra elektriksel ve","robots":{"index":"index","follow":"follow","max-snippet":"max-snippet:-1","max-image-preview":"max-image-preview:large","max-video-preview":"max-video-preview:-1"},"canonical":"https:\/\/govalf.com\/tr\/product\/islak-alarm-vanasi\/","og_locale":"tr_TR","og_type":"article","og_title":"Islak Alarm Vanas\u0131 - Islak Alarm Vanas\u0131 Ne \u0130\u015fe Yarar?","og_description":"Islak Alarm Vanas\u0131 bir t\u00fcr \u00e7ek vanad\u0131r ve \u0131slak borulu sprinkler sistemlerinde kullan\u0131larak su ak\u0131\u015f\u0131n\u0131n yan\u0131 s\u0131ra elektriksel ve","og_url":"https:\/\/govalf.com\/tr\/product\/islak-alarm-vanasi\/","og_site_name":"Go Valf Vana ve Pompa Sistemleri","article_modified_time":"2022-05-29T16:47:23+00:00","og_image":[{"width":1024,"height":1024,"url":"https:\/\/govalf.com\/wp-content\/uploads\/2022\/02\/Islak-Alarm-Vanasi-2-1024x1024.png","type":"image\/png"}],"twitter_card":"summary_large_image","twitter_misc":{"Tahmini okuma s\u00fcresi":"4 dakika"},"schema":{"@context":"https:\/\/schema.org","@graph":[{"@type":"WebPage","@id":"https:\/\/govalf.com\/tr\/product\/islak-alarm-vanasi\/","url":"https:\/\/govalf.com\/tr\/product\/islak-alarm-vanasi\/","name":"Islak Alarm Vanas\u0131 - Islak Alarm Vanas\u0131 Ne \u0130\u015fe Yarar?","isPartOf":{"@id":"http:\/\/govalf.com\/ru\/#website"},"primaryImageOfPage":{"@id":"https:\/\/govalf.com\/tr\/product\/islak-alarm-vanasi\/#primaryimage"},"image":{"@id":"https:\/\/govalf.com\/tr\/product\/islak-alarm-vanasi\/#primaryimage"},"thumbnailUrl":"https:\/\/govalf.com\/wp-content\/uploads\/2022\/02\/Islak-Alarm-Vanasi-2.png","datePublished":"2022-02-17T18:52:09+00:00","dateModified":"2022-05-29T16:47:23+00:00","description":"Islak Alarm Vanas\u0131 bir t\u00fcr \u00e7ek vanad\u0131r ve \u0131slak borulu sprinkler sistemlerinde kullan\u0131larak su ak\u0131\u015f\u0131n\u0131n yan\u0131 s\u0131ra elektriksel ve","breadcrumb":{"@id":"https:\/\/govalf.com\/tr\/product\/islak-alarm-vanasi\/#breadcrumb"},"inLanguage":"tr","potentialAction":[{"@type":"ReadAction","target":["https:\/\/govalf.com\/tr\/product\/islak-alarm-vanasi\/"]}]},{"@type":"ImageObject","inLanguage":"tr","@id":"https:\/\/govalf.com\/tr\/product\/islak-alarm-vanasi\/#primaryimage","url":"https:\/\/govalf.com\/wp-content\/uploads\/2022\/02\/Islak-Alarm-Vanasi-2.png","contentUrl":"https:\/\/govalf.com\/wp-content\/uploads\/2022\/02\/Islak-Alarm-Vanasi-2.png","width":5000,"height":5000,"caption":"Islak Alarm Vanas\u0131"},{"@type":"BreadcrumbList","@id":"https:\/\/govalf.com\/tr\/product\/islak-alarm-vanasi\/#breadcrumb","itemListElement":[{"@type":"ListItem","position":1,"name":"Anasayfa","item":"https:\/\/govalf.com\/tr\/"},{"@type":"ListItem","position":2,"name":"Products","item":"http:\/\/govalf.com\/fr\/des-produits\/"},{"@type":"ListItem","position":3,"name":"Islak Alarm Vanas\u0131"}]},{"@type":"WebSite","@id":"http:\/\/govalf.com\/ru\/#website","url":"http:\/\/govalf.com\/ru\/","name":"Go Valf Vana ve Pompa Sistemleri","description":"Yang\u0131n S\u00f6nd\u00fcrme Sistemleri ve Ekipmanlar\u0131","publisher":{"@id":"http:\/\/govalf.com\/ru\/#organization"},"potentialAction":[{"@type":"SearchAction","target":{"@type":"EntryPoint","urlTemplate":"http:\/\/govalf.com\/ru\/?s={search_term_string}"},"query-input":{"@type":"PropertyValueSpecification","valueRequired":true,"valueName":"search_term_string"}}],"inLanguage":"tr"},{"@type":"Organization","@id":"http:\/\/govalf.com\/ru\/#organization","name":"Go Valf","url":"http:\/\/govalf.com\/ru\/","logo":{"@type":"ImageObject","inLanguage":"tr","@id":"http:\/\/govalf.com\/ru\/#\/schema\/logo\/image\/","url":"https:\/\/govalf.com\/wp-content\/uploads\/2022\/02\/go-valf-logo.png","contentUrl":"https:\/\/govalf.com\/wp-content\/uploads\/2022\/02\/go-valf-logo.png","width":504,"height":120,"caption":"Go Valf"},"image":{"@id":"http:\/\/govalf.com\/ru\/#\/schema\/logo\/image\/"}}]}},"_links":{"self":[{"href":"https:\/\/govalf.com\/tr\/wp-json\/wp\/v2\/product\/2783","targetHints":{"allow":["GET"]}}],"collection":[{"href":"https:\/\/govalf.com\/tr\/wp-json\/wp\/v2\/product"}],"about":[{"href":"https:\/\/govalf.com\/tr\/wp-json\/wp\/v2\/types\/product"}],"replies":[{"embeddable":true,"href":"https:\/\/govalf.com\/tr\/wp-json\/wp\/v2\/comments?post=2783"}],"wp:featuredmedia":[{"embeddable":true,"href":"https:\/\/govalf.com\/tr\/wp-json\/wp\/v2\/media\/3535"}],"wp:attachment":[{"href":"https:\/\/govalf.com\/tr\/wp-json\/wp\/v2\/media?parent=2783"}],"wp:term":[{"taxonomy":"product_brand","embeddable":true,"href":"https:\/\/govalf.com\/tr\/wp-json\/wp\/v2\/product_brand?post=2783"},{"taxonomy":"product_cat","embeddable":true,"href":"https:\/\/govalf.com\/tr\/wp-json\/wp\/v2\/product_cat?post=2783"},{"taxonomy":"product_tag","embeddable":true,"href":"https:\/\/govalf.com\/tr\/wp-json\/wp\/v2\/product_tag?post=2783"}],"curies":[{"name":"wp","href":"https:\/\/api.w.org\/{rel}","templated":true}]}}