{"id":3369,"date":"2022-03-05T08:09:07","date_gmt":"2022-03-05T08:09:07","guid":{"rendered":"https:\/\/govalf.com\/?post_type=product&#038;p=3369"},"modified":"2022-05-29T16:58:35","modified_gmt":"2022-05-29T16:58:35","slug":"pendent-sprinkler","status":"publish","type":"product","link":"https:\/\/govalf.com\/tr\/product\/pendent-sprinkler\/","title":{"rendered":"Pendent Sprinkler"},"content":{"rendered":"<h1>Pendent Sprinkler<\/h1>\n<p><strong>Pendent Sprinkler<\/strong>; alarm sisteminin ba\u015flang\u0131c\u0131 olan ve olas\u0131 bir yang\u0131n durumunda ilk m\u00fcdahaleyi ger\u00e7ekle\u015ftiren sistemlerdir. Farkl\u0131 ebat ve boyda \u00fcretilmekle birlikte hepsinde temel g\u00f6rev ayn\u0131d\u0131r. \u00d6zel bir sistemi bulundu\u011fu i\u00e7in yang\u0131n esnas\u0131nda sistem devreye girer. Yang\u0131n\u0131n b\u00fcy\u00fcmesini engelleyerek can ve mal g\u00fcvenli\u011fi sa\u011flan\u0131r.<\/p>\n<p>Yang\u0131n ekipmanlar\u0131 i\u00e7erisinde de\u011ferlendirilen sprinkler; iki farkl\u0131 t\u00fcre sahiptir. Islak sprinkler; d\u00fczenek i\u00e7erisinde s\u0131v\u0131 muhafaza eder. Bu sayede olas\u0131 bir yang\u0131n an\u0131nda; profesyonel m\u00fcdahale yap\u0131lana kadar yang\u0131n\u0131n b\u00fcy\u00fcmesi engellenir. Yenilik\u00e7i \u00f6zellikleri; teknolojik sistemi; sprinklerin yang\u0131n s\u00f6nd\u00fcrme sistemi i\u00e7erisinde en \u00e7ok tercih edilen \u00fcr\u00fcnlerden biri olmas\u0131n\u0131 sa\u011flam\u0131\u015ft\u0131r.<\/p>\n<h2>Pendent Sprinkler Nedir; Ne \u0130\u015fe Yarar?<\/h2>\n<p>Tavan \u00fcst\u00fc borulardan sarkan ve yang\u0131n ekipmanlar\u0131 i\u00e7erisinde kendisine \u00f6zel bir yer edinen <strong>Pendent Sprinkler<\/strong>; olas\u0131 bir yang\u0131n durumunda yang\u0131na ilk m\u00fcdahaleyi ger\u00e7ekle\u015ftiren \u00fcr\u00fcnlerdir. Farkl\u0131 delik boyutlar\u0131na ve p\u00fcsk\u00fcrtme \u00f6zelliklerine sahip sprinkler bulunmaktad\u0131r. Genellikle asma tavanlarda tercih edilen sprinkler; genel olarak \u015fu \u00f6zellikleri b\u00fcnyesinde bar\u0131nd\u0131r\u0131r:<\/p>\n<ul>\n<li>Islak ve kuru sprinkler olmak \u00fczere iki kategori \u00fczerinden sunulur.<\/li>\n<li>Yenilik\u00e7i bir sisteme sahiptir; yang\u0131n s\u0131ras\u0131nda ilk m\u00fcdahaleyi ger\u00e7ekle\u015ftirir.<\/li>\n<li>Cam t\u00fcp i\u00e7erisinde yer alan s\u0131v\u0131; yang\u0131n s\u0131ras\u0131nda k\u0131r\u0131l\u0131r.<\/li>\n<li>Bas\u0131n\u00e7l\u0131 suyun etrafa p\u00fcsk\u00fcrt\u00fclmesinde geli\u015fmi\u015f bir sistem kullan\u0131l\u0131r.<\/li>\n<li>Sahip oldu\u011fu kaplamalar sayesinde korozyona kar\u015f\u0131 dayan\u0131kl\u0131l\u0131k sa\u011flan\u0131r.<\/li>\n<li>Rozet ad\u0131 verilen halkalara sahiptir.<\/li>\n<\/ul>\n<p>Belirtilen \u00f6zelliklerin her biri; yang\u0131n ekipmanlar\u0131 i\u00e7erisinde yer alan sprinklerin bir\u00e7ok alanda kullan\u0131lmas\u0131n\u0131 m\u00fcmk\u00fcn k\u0131lar. Sahip oldu\u011fu \u00f6zelliklerin her biri; \u00fcr\u00fcn\u00fcn g\u00fcvenli \u015fekilde kullan\u0131lmas\u0131n\u0131 sa\u011flar.<\/p>\n<h3>Pendent Sprinkler Nedir?<\/h3>\n<p>Yang\u0131n s\u00f6nd\u00fcrme sistemleri; can ve mal g\u00fcvenli\u011finin korunabilmesi ad\u0131na \u00f6nemlidir. Bu nedenle sistem i\u00e7erisinde yer alan her bir \u00fcr\u00fcn\u00fcn kullan\u0131lmas\u0131; yang\u0131na etkili bir m\u00fcdahale i\u00e7in gereklidir. <strong>Pendent Sprinkler<\/strong>; bu \u00fcr\u00fcnlerden bir tanesidir. Genellikle asma tavanlarda kullan\u0131lan sprinkler; \u00f6zel tasarlanan bir boru a\u011f\u0131na sahiptir.<\/p>\n<p>Kullan\u0131lacak alan\u0131 kapsayacak \u015fekilde boru a\u011f\u0131; alana yerle\u015ftirilir. \u00dcr\u00fcn i\u00e7erisinde yer alan cam b\u00f6lme; s\u0131zd\u0131rmazl\u0131k \u00f6zelli\u011fine sahiptir. Cam t\u00fcp i\u00e7erisinde bulunan s\u0131v\u0131; yang\u0131n esnas\u0131nda cam\u0131n k\u0131r\u0131lmas\u0131 ile birlikte p\u00fcsk\u00fcrerek a\u00e7\u0131\u011fa \u00e7\u0131kar. Genellikle 6 mt geni\u015fli\u011finde p\u00fcsk\u00fcrtme g\u00fcc\u00fcne sahiptir. Bu sayede geni\u015f bir alana m\u00fcdahale edilir.<\/p>\n<h3>Pendent Sprinkler Ne \u0130\u015fe Yarar?<\/h3>\n<p><strong>Pandent Sprinkler<\/strong>; yenilik\u00e7i \u00f6zelliklere sahip yang\u0131n s\u00f6nd\u00fcrme ekipmanlar\u0131ndan bir tanesidir. G\u00fcvenli ve kolay kullan\u0131m\u0131 sa\u011flayan \u00f6zellikleri b\u00fcnyesinde bar\u0131nd\u0131r\u0131r. Farkl\u0131 model ve renklerle tasarlanan sprinkler; asma tavan ile kapat\u0131lm\u0131\u015f mekanlarda kullan\u0131lan bir \u00fcr\u00fcnd\u00fcr. Sahip oldu\u011fu rozet ile birlikte kullan\u0131lan sprinkler; estetik bir g\u00f6r\u00fcn\u00fcm\u00fcyle dikkatleri \u00fczerine \u00e7ekmektedir.<\/p>\n<p>Genellikle \u00e7\u0131kan yang\u0131nlar\u0131n %95\u2019ini s\u00f6nd\u00fcren sprinkleri yang\u0131n alarm\u0131 olarak d\u00fc\u015f\u00fcnmek de m\u00fcmk\u00fcnd\u00fcr. Bu nedenle \u00e7o\u011fu binada kullan\u0131ld\u0131klar\u0131n\u0131 s\u00f6ylemek m\u00fcmk\u00fcnd\u00fcr. Temel \u00e7al\u0131\u015fma prensibi; yang\u0131n esnas\u0131nda cam t\u00fcp\u00fcn patlayarak i\u00e7erisinde yer alan s\u0131v\u0131n\u0131n geni\u015f bir alana yay\u0131lmas\u0131 olarak \u00f6zetlenebilir. D\u00fczenek \u00fczerinden s\u0131v\u0131 ak\u0131\u015f\u0131n\u0131n sa\u011flanmas\u0131yla birlikte yang\u0131na zaman\u0131nda m\u00fcdahale edilebilir.<\/p>\n<h3>Pendent Sprinkler Nerelerde Kullan\u0131l\u0131r?<\/h3>\n<p><strong>Pendent Sprinkler<\/strong> geni\u015f bir kullan\u0131m alan\u0131na sahip yang\u0131n sistemlerinden bir tanesidir. Konut; ofis ve ma\u011faza olmak \u00fczere farkl\u0131 alanlarda tercih edilen \u00fcr\u00fcn; asma tavanlarda kullan\u0131l\u0131r. Borulaman\u0131n gizli oldu\u011fu alanlarda kullan\u0131lmas\u0131 gereken sistemin; yenilik\u00e7i \u00f6zellikleri b\u00fcnyesinde bar\u0131nd\u0131rd\u0131\u011f\u0131 bilinmektedir.<\/p>\n<p>G\u00fcvenli kullan\u0131m\u0131 m\u00fcmk\u00fcn k\u0131lan tasar\u0131m\u0131 ile dikkat \u00e7eken sistem; olas\u0131 bir yang\u0131n durumunda an\u0131nda s\u0131v\u0131 ak\u0131\u015f\u0131n\u0131 sa\u011flar. B\u00f6ylelikle zaman\u0131nda yang\u0131na m\u00fcdahale yap\u0131l\u0131r; yang\u0131n\u0131n b\u00fcy\u00fcmesi \u00f6nlenir. Farkl\u0131 model ve \u00f6zellikte sprinkler bulunmakla birlikte temel \u00e7al\u0131\u015fma prensibinin hepsinde ayn\u0131 oldu\u011fu s\u00f6ylenebilir. Ayr\u0131ca zahmetsiz bir \u015fekilde montaj\u0131 yap\u0131l\u0131r. Kolay kullan\u0131m\u0131 ile yang\u0131n ekipmanlar\u0131 i\u00e7erisinde \u00f6n plana \u00e7\u0131kt\u0131\u011f\u0131 bilinmektedir.<\/p>\n<p>&nbsp;<\/p>\n<p>Sprinkler, kullan\u0131m\u0131 kolay ve son derece g\u00fcvenlidir. Sprinkler, \u00f6zel olarak tasarlanan boru a\u011f\u0131 \u00fczerine korumaya ihtiya\u00e7 duyulan alan\u0131 kapsayacak \u015fekilde yerle\u015ftirilir. S\u0131zd\u0131rmazl\u0131k eleman\u0131n\u0131n \u00f6nemli par\u00e7alar\u0131ndan biri olan cam t\u00fcp i\u00e7indeki s\u0131v\u0131 yang\u0131n taraf\u0131ndan \u00fcretilen s\u0131cakl\u0131k nedeniyle geni\u015fler ve patlar. Yang\u0131n esnas\u0131nda ortam s\u0131cakl\u0131\u011f\u0131 beklenen maksimum ortam s\u0131cakl\u0131\u011f\u0131n\u0131n 30\u00b0C \u00fczerindeki s\u0131cakl\u0131klarda se\u00e7ilmesi gereklidir. Yang\u0131n \u00fczerindeki sprinkler cam t\u00fcp\u00fcn\u00fcn patlamas\u0131 ile bas\u0131n\u00e7 alt\u0131ndaki su deflekt\u00f6re (da\u011f\u0131t\u0131c\u0131) \u00e7arparak yang\u0131n \u00fczerine p\u00fcsk\u00fcrt\u00fcl\u00fcr. Sadece yang\u0131n esnas\u0131nda s\u0131cakl\u0131k art\u0131\u015f\u0131 olan sprinkler patlar ve su ak\u0131\u015f\u0131 sa\u011flan\u0131r.<\/p>\n<h3>Standartlar :<\/h3>\n<p>TSE &#8211; UL &#8211; FM &#8211; GOST &#8211; CE &#8211; LPCB<\/p>\n<p>Borulaman\u0131n gizli (asma tavan aras\u0131 gibi) oldu\u011fu yerlerde tercih edilir.<\/p>\n<p><strong>Uygulamalar<\/strong><\/p>\n<ul>\n<li>Konut<\/li>\n<li>Ma\u011faza<\/li>\n<li>Ofis<\/li>\n<\/ul>\n<p><a href=\"https:\/\/govalf.com\/iletisim\/\">\u0130leti\u015fim<\/a><\/p>\n","protected":false},"excerpt":{"rendered":"<p>Pendent Sprinkler Pendent Sprinkler; alarm sisteminin ba\u015flang\u0131c\u0131 olan ve olas\u0131 bir yang\u0131n durumunda ilk m\u00fcdahaleyi ger\u00e7ekle\u015ftiren sistemlerdir. Farkl\u0131 ebat ve boyda \u00fcretilmekle birlikte hepsinde temel g\u00f6rev ayn\u0131d\u0131r. \u00d6zel bir sistemi bulundu\u011fu i\u00e7in yang\u0131n esnas\u0131nda sistem devreye girer. Yang\u0131n\u0131n b\u00fcy\u00fcmesini engelleyerek can ve mal g\u00fcvenli\u011fi sa\u011flan\u0131r. Yang\u0131n ekipmanlar\u0131 i\u00e7erisinde de\u011ferlendirilen sprinkler; iki farkl\u0131 t\u00fcre sahiptir. Islak [&hellip;]<\/p>\n","protected":false},"featured_media":3540,"comment_status":"open","ping_status":"closed","template":"","meta":{"_acf_changed":false},"product_brand":[],"product_cat":[68],"product_tag":[],"class_list":{"0":"post-3369","1":"product","2":"type-product","3":"status-publish","4":"has-post-thumbnail","6":"product_cat-yangin","8":"first","9":"instock","10":"shipping-taxable","11":"purchasable","12":"product-type-simple"},"acf":[],"yoast_head":"<!-- This site is optimized with the Yoast SEO plugin v27.4 - https:\/\/yoast.com\/product\/yoast-seo-wordpress\/ -->\n<title>Pendent Sprinkler - Go Valf Vana ve Pompa Sistemleri<\/title>\n<meta name=\"description\" content=\"Pendent Sprinkler; alarm sisteminin ba\u015flang\u0131c\u0131 olan ve olas\u0131 bir yang\u0131n durumunda ilk m\u00fcdahaleyi ger\u00e7ekle\u015ftiren sistemlerdir. Farkl\u0131 ebat\" \/>\n<meta name=\"robots\" content=\"index, follow, max-snippet:-1, max-image-preview:large, max-video-preview:-1\" \/>\n<link rel=\"canonical\" href=\"https:\/\/govalf.com\/tr\/product\/pendent-sprinkler\/\" \/>\n<meta property=\"og:locale\" content=\"tr_TR\" \/>\n<meta property=\"og:type\" content=\"article\" \/>\n<meta property=\"og:title\" content=\"Pendent Sprinkler - Go Valf Vana ve Pompa Sistemleri\" \/>\n<meta property=\"og:description\" content=\"Pendent Sprinkler; alarm sisteminin ba\u015flang\u0131c\u0131 olan ve olas\u0131 bir yang\u0131n durumunda ilk m\u00fcdahaleyi ger\u00e7ekle\u015ftiren sistemlerdir. Farkl\u0131 ebat\" \/>\n<meta property=\"og:url\" content=\"https:\/\/govalf.com\/tr\/product\/pendent-sprinkler\/\" \/>\n<meta property=\"og:site_name\" content=\"Go Valf Vana ve Pompa Sistemleri\" \/>\n<meta property=\"article:modified_time\" content=\"2022-05-29T16:58:35+00:00\" \/>\n<meta property=\"og:image\" content=\"https:\/\/govalf.com\/wp-content\/uploads\/2022\/03\/PENDENT-SPRI\u0307NKLER-1024x1024.png\" \/>\n\t<meta property=\"og:image:width\" content=\"1024\" \/>\n\t<meta property=\"og:image:height\" content=\"1024\" \/>\n\t<meta property=\"og:image:type\" content=\"image\/png\" \/>\n<meta name=\"twitter:card\" content=\"summary_large_image\" \/>\n<meta name=\"twitter:label1\" content=\"Tahmini okuma s\u00fcresi\" \/>\n\t<meta name=\"twitter:data1\" content=\"5 dakika\" \/>\n<script type=\"application\/ld+json\" class=\"yoast-schema-graph\">{\"@context\":\"https:\\\/\\\/schema.org\",\"@graph\":[{\"@type\":\"WebPage\",\"@id\":\"https:\\\/\\\/govalf.com\\\/tr\\\/product\\\/pendent-sprinkler\\\/\",\"url\":\"https:\\\/\\\/govalf.com\\\/tr\\\/product\\\/pendent-sprinkler\\\/\",\"name\":\"Pendent Sprinkler - Go Valf Vana ve Pompa Sistemleri\",\"isPartOf\":{\"@id\":\"http:\\\/\\\/govalf.com\\\/ru\\\/#website\"},\"primaryImageOfPage\":{\"@id\":\"https:\\\/\\\/govalf.com\\\/tr\\\/product\\\/pendent-sprinkler\\\/#primaryimage\"},\"image\":{\"@id\":\"https:\\\/\\\/govalf.com\\\/tr\\\/product\\\/pendent-sprinkler\\\/#primaryimage\"},\"thumbnailUrl\":\"https:\\\/\\\/govalf.com\\\/wp-content\\\/uploads\\\/2022\\\/03\\\/PENDENT-SPRI\u0307NKLER.png\",\"datePublished\":\"2022-03-05T08:09:07+00:00\",\"dateModified\":\"2022-05-29T16:58:35+00:00\",\"description\":\"Pendent Sprinkler; alarm sisteminin ba\u015flang\u0131c\u0131 olan ve olas\u0131 bir yang\u0131n durumunda ilk m\u00fcdahaleyi ger\u00e7ekle\u015ftiren sistemlerdir. Farkl\u0131 ebat\",\"breadcrumb\":{\"@id\":\"https:\\\/\\\/govalf.com\\\/tr\\\/product\\\/pendent-sprinkler\\\/#breadcrumb\"},\"inLanguage\":\"tr\",\"potentialAction\":[{\"@type\":\"ReadAction\",\"target\":[\"https:\\\/\\\/govalf.com\\\/tr\\\/product\\\/pendent-sprinkler\\\/\"]}]},{\"@type\":\"ImageObject\",\"inLanguage\":\"tr\",\"@id\":\"https:\\\/\\\/govalf.com\\\/tr\\\/product\\\/pendent-sprinkler\\\/#primaryimage\",\"url\":\"https:\\\/\\\/govalf.com\\\/wp-content\\\/uploads\\\/2022\\\/03\\\/PENDENT-SPRI\u0307NKLER.png\",\"contentUrl\":\"https:\\\/\\\/govalf.com\\\/wp-content\\\/uploads\\\/2022\\\/03\\\/PENDENT-SPRI\u0307NKLER.png\",\"width\":5000,\"height\":5000,\"caption\":\"Pendent Sprinkler\"},{\"@type\":\"BreadcrumbList\",\"@id\":\"https:\\\/\\\/govalf.com\\\/tr\\\/product\\\/pendent-sprinkler\\\/#breadcrumb\",\"itemListElement\":[{\"@type\":\"ListItem\",\"position\":1,\"name\":\"Anasayfa\",\"item\":\"https:\\\/\\\/govalf.com\\\/tr\\\/\"},{\"@type\":\"ListItem\",\"position\":2,\"name\":\"Products\",\"item\":\"http:\\\/\\\/govalf.com\\\/fr\\\/des-produits\\\/\"},{\"@type\":\"ListItem\",\"position\":3,\"name\":\"Pendent Sprinkler\"}]},{\"@type\":\"WebSite\",\"@id\":\"http:\\\/\\\/govalf.com\\\/ru\\\/#website\",\"url\":\"http:\\\/\\\/govalf.com\\\/ru\\\/\",\"name\":\"Go Valf Vana ve Pompa Sistemleri\",\"description\":\"Yang\u0131n S\u00f6nd\u00fcrme Sistemleri ve Ekipmanlar\u0131\",\"publisher\":{\"@id\":\"http:\\\/\\\/govalf.com\\\/ru\\\/#organization\"},\"potentialAction\":[{\"@type\":\"SearchAction\",\"target\":{\"@type\":\"EntryPoint\",\"urlTemplate\":\"http:\\\/\\\/govalf.com\\\/ru\\\/?s={search_term_string}\"},\"query-input\":{\"@type\":\"PropertyValueSpecification\",\"valueRequired\":true,\"valueName\":\"search_term_string\"}}],\"inLanguage\":\"tr\"},{\"@type\":\"Organization\",\"@id\":\"http:\\\/\\\/govalf.com\\\/ru\\\/#organization\",\"name\":\"Go Valf\",\"url\":\"http:\\\/\\\/govalf.com\\\/ru\\\/\",\"logo\":{\"@type\":\"ImageObject\",\"inLanguage\":\"tr\",\"@id\":\"http:\\\/\\\/govalf.com\\\/ru\\\/#\\\/schema\\\/logo\\\/image\\\/\",\"url\":\"https:\\\/\\\/govalf.com\\\/wp-content\\\/uploads\\\/2022\\\/02\\\/go-valf-logo.png\",\"contentUrl\":\"https:\\\/\\\/govalf.com\\\/wp-content\\\/uploads\\\/2022\\\/02\\\/go-valf-logo.png\",\"width\":504,\"height\":120,\"caption\":\"Go Valf\"},\"image\":{\"@id\":\"http:\\\/\\\/govalf.com\\\/ru\\\/#\\\/schema\\\/logo\\\/image\\\/\"}}]}<\/script>\n<!-- \/ Yoast SEO plugin. -->","yoast_head_json":{"title":"Pendent Sprinkler - Go Valf Vana ve Pompa Sistemleri","description":"Pendent Sprinkler; alarm sisteminin ba\u015flang\u0131c\u0131 olan ve olas\u0131 bir yang\u0131n durumunda ilk m\u00fcdahaleyi ger\u00e7ekle\u015ftiren sistemlerdir. Farkl\u0131 ebat","robots":{"index":"index","follow":"follow","max-snippet":"max-snippet:-1","max-image-preview":"max-image-preview:large","max-video-preview":"max-video-preview:-1"},"canonical":"https:\/\/govalf.com\/tr\/product\/pendent-sprinkler\/","og_locale":"tr_TR","og_type":"article","og_title":"Pendent Sprinkler - Go Valf Vana ve Pompa Sistemleri","og_description":"Pendent Sprinkler; alarm sisteminin ba\u015flang\u0131c\u0131 olan ve olas\u0131 bir yang\u0131n durumunda ilk m\u00fcdahaleyi ger\u00e7ekle\u015ftiren sistemlerdir. Farkl\u0131 ebat","og_url":"https:\/\/govalf.com\/tr\/product\/pendent-sprinkler\/","og_site_name":"Go Valf Vana ve Pompa Sistemleri","article_modified_time":"2022-05-29T16:58:35+00:00","og_image":[{"width":1024,"height":1024,"url":"https:\/\/govalf.com\/wp-content\/uploads\/2022\/03\/PENDENT-SPRI\u0307NKLER-1024x1024.png","type":"image\/png"}],"twitter_card":"summary_large_image","twitter_misc":{"Tahmini okuma s\u00fcresi":"5 dakika"},"schema":{"@context":"https:\/\/schema.org","@graph":[{"@type":"WebPage","@id":"https:\/\/govalf.com\/tr\/product\/pendent-sprinkler\/","url":"https:\/\/govalf.com\/tr\/product\/pendent-sprinkler\/","name":"Pendent Sprinkler - Go Valf Vana ve Pompa Sistemleri","isPartOf":{"@id":"http:\/\/govalf.com\/ru\/#website"},"primaryImageOfPage":{"@id":"https:\/\/govalf.com\/tr\/product\/pendent-sprinkler\/#primaryimage"},"image":{"@id":"https:\/\/govalf.com\/tr\/product\/pendent-sprinkler\/#primaryimage"},"thumbnailUrl":"https:\/\/govalf.com\/wp-content\/uploads\/2022\/03\/PENDENT-SPRI\u0307NKLER.png","datePublished":"2022-03-05T08:09:07+00:00","dateModified":"2022-05-29T16:58:35+00:00","description":"Pendent Sprinkler; alarm sisteminin ba\u015flang\u0131c\u0131 olan ve olas\u0131 bir yang\u0131n durumunda ilk m\u00fcdahaleyi ger\u00e7ekle\u015ftiren sistemlerdir. Farkl\u0131 ebat","breadcrumb":{"@id":"https:\/\/govalf.com\/tr\/product\/pendent-sprinkler\/#breadcrumb"},"inLanguage":"tr","potentialAction":[{"@type":"ReadAction","target":["https:\/\/govalf.com\/tr\/product\/pendent-sprinkler\/"]}]},{"@type":"ImageObject","inLanguage":"tr","@id":"https:\/\/govalf.com\/tr\/product\/pendent-sprinkler\/#primaryimage","url":"https:\/\/govalf.com\/wp-content\/uploads\/2022\/03\/PENDENT-SPRI\u0307NKLER.png","contentUrl":"https:\/\/govalf.com\/wp-content\/uploads\/2022\/03\/PENDENT-SPRI\u0307NKLER.png","width":5000,"height":5000,"caption":"Pendent Sprinkler"},{"@type":"BreadcrumbList","@id":"https:\/\/govalf.com\/tr\/product\/pendent-sprinkler\/#breadcrumb","itemListElement":[{"@type":"ListItem","position":1,"name":"Anasayfa","item":"https:\/\/govalf.com\/tr\/"},{"@type":"ListItem","position":2,"name":"Products","item":"http:\/\/govalf.com\/fr\/des-produits\/"},{"@type":"ListItem","position":3,"name":"Pendent Sprinkler"}]},{"@type":"WebSite","@id":"http:\/\/govalf.com\/ru\/#website","url":"http:\/\/govalf.com\/ru\/","name":"Go Valf Vana ve Pompa Sistemleri","description":"Yang\u0131n S\u00f6nd\u00fcrme Sistemleri ve Ekipmanlar\u0131","publisher":{"@id":"http:\/\/govalf.com\/ru\/#organization"},"potentialAction":[{"@type":"SearchAction","target":{"@type":"EntryPoint","urlTemplate":"http:\/\/govalf.com\/ru\/?s={search_term_string}"},"query-input":{"@type":"PropertyValueSpecification","valueRequired":true,"valueName":"search_term_string"}}],"inLanguage":"tr"},{"@type":"Organization","@id":"http:\/\/govalf.com\/ru\/#organization","name":"Go Valf","url":"http:\/\/govalf.com\/ru\/","logo":{"@type":"ImageObject","inLanguage":"tr","@id":"http:\/\/govalf.com\/ru\/#\/schema\/logo\/image\/","url":"https:\/\/govalf.com\/wp-content\/uploads\/2022\/02\/go-valf-logo.png","contentUrl":"https:\/\/govalf.com\/wp-content\/uploads\/2022\/02\/go-valf-logo.png","width":504,"height":120,"caption":"Go Valf"},"image":{"@id":"http:\/\/govalf.com\/ru\/#\/schema\/logo\/image\/"}}]}},"_links":{"self":[{"href":"https:\/\/govalf.com\/tr\/wp-json\/wp\/v2\/product\/3369","targetHints":{"allow":["GET"]}}],"collection":[{"href":"https:\/\/govalf.com\/tr\/wp-json\/wp\/v2\/product"}],"about":[{"href":"https:\/\/govalf.com\/tr\/wp-json\/wp\/v2\/types\/product"}],"replies":[{"embeddable":true,"href":"https:\/\/govalf.com\/tr\/wp-json\/wp\/v2\/comments?post=3369"}],"wp:featuredmedia":[{"embeddable":true,"href":"https:\/\/govalf.com\/tr\/wp-json\/wp\/v2\/media\/3540"}],"wp:attachment":[{"href":"https:\/\/govalf.com\/tr\/wp-json\/wp\/v2\/media?parent=3369"}],"wp:term":[{"taxonomy":"product_brand","embeddable":true,"href":"https:\/\/govalf.com\/tr\/wp-json\/wp\/v2\/product_brand?post=3369"},{"taxonomy":"product_cat","embeddable":true,"href":"https:\/\/govalf.com\/tr\/wp-json\/wp\/v2\/product_cat?post=3369"},{"taxonomy":"product_tag","embeddable":true,"href":"https:\/\/govalf.com\/tr\/wp-json\/wp\/v2\/product_tag?post=3369"}],"curies":[{"name":"wp","href":"https:\/\/api.w.org\/{rel}","templated":true}]}}