{"id":3642,"date":"2022-03-06T14:59:16","date_gmt":"2022-03-06T14:59:16","guid":{"rendered":"https:\/\/govalf.com\/?post_type=product&#038;p=3642"},"modified":"2022-05-27T07:41:21","modified_gmt":"2022-05-27T07:41:21","slug":"marine-sertifikali-aluminyum-flexible-hava-kanallari","status":"publish","type":"product","link":"https:\/\/govalf.com\/tr\/product\/marine-sertifikali-aluminyum-flexible-hava-kanallari\/","title":{"rendered":"Marine Sertifikal\u0131 Al\u00fcminyum Flexible Hava Kanallar\u0131"},"content":{"rendered":"<h1>Marine Sertifikal\u0131 Al\u00fcminyum Flexible Hava Kanallar\u0131<\/h1>\n<p><strong>Marine Sertifikal\u0131 Al\u00fcminyum Flexible Hava Kanallar\u0131<\/strong>; ortamdaki havan\u0131n d\u0131\u015far\u0131 aktar\u0131lmas\u0131n\u0131 sa\u011flamakla birlikte d\u0131\u015far\u0131daki hava da i\u00e7eri aktar\u0131lmas\u0131n\u0131 da m\u00fcmk\u00fcn k\u0131lar. \u0130ki y\u00f6nl\u00fc bir i\u015fleve sahiptir; bu sayede havaland\u0131rma sistemlerinde tercih edilir. Genellikle end\u00fcstriyel alanlarda kullan\u0131lan bu t\u00fcr hava kanallar\u0131; farkl\u0131 alanlarda da tercih edilir.<\/p>\n<p>Yal\u0131t\u0131ms\u0131z yani izolesiz bir forma sahiptir. Marine sertifikal\u0131 \u00fcr\u00fcnler; al\u00fcminyum i\u00e7 ve d\u0131\u015f y\u00fczeye sahip oldu\u011fu i\u00e7in uzun s\u00fcreli kullan\u0131m\u0131 olanakl\u0131 hale getirir. Hava kanallar\u0131; d\u00fc\u015f\u00fck ve orta bas\u0131n\u00e7ta \u00e7al\u0131\u015fan iklimlendirme ve havaland\u0131rma sistemlerine uygundur. Sahip oldu\u011fu \u00f6zellikler ve yenilik\u00e7i tasar\u0131m\u0131; \u00fcr\u00fcn\u00fcn geni\u015f bir kullan\u0131m alan\u0131yla dikkatleri \u00fczerine \u00e7ekmesini sa\u011flar.<\/p>\n<h2>Nedir; Ne \u0130\u015fe Yarar?<\/h2>\n<p>Hava kanallar\u0131; bir ortamdaki hava ak\u0131\u015f\u0131n\u0131n sistemli bir \u015fekilde sa\u011flanabilmesini m\u00fcmk\u00fcn k\u0131lar. Bu nedenle hem iklimlendirme hem de havaland\u0131rma sistemlerinde temel unsur olarak yer ald\u0131\u011f\u0131 bilinmektedir. Fan ile kanal \u00e7\u0131k\u0131\u015f noktalar\u0131 aras\u0131nda yer alan ve boru t\u00fcnel sistemine sahip olan <strong>Flexible Hava Kanallar\u0131<\/strong>; hava ak\u0131\u015f\u0131n\u0131 sa\u011flar.<\/p>\n<p>Bu t\u00fcr hava kanallar\u0131n\u0131n bir\u00e7ok \u00f6zelli\u011fi bulunmakta olup bu \u00f6zellikleri genel hatlar\u0131yla \u015fu \u015fekilde s\u0131ralamak m\u00fcmk\u00fcnd\u00fcr:<\/p>\n<ul>\n<li>\u0130\u00e7 ve d\u0131\u015f y\u00fczeyi al\u00fcminyum yap\u0131ya sahiptir.<\/li>\n<li>Denizcilik Te\u00e7hizat Y\u00f6netmeli\u011fine uygun bir \u015fekilde \u00fcretilmi\u015ftir. Marine sertifikas\u0131na sahiptir.<\/li>\n<li>Esneme; b\u00fck\u00fclme ve s\u0131k\u0131\u015ft\u0131r\u0131labilme \u00f6zellikleri y\u00fcksek seviyededir. Bu sayede konforlu bir kullan\u0131m sa\u011flar.<\/li>\n<li>\u00dcr\u00fcn; EN 13180 standartlar\u0131na g\u00f6re test edilir ve s\u0131n\u0131fland\u0131r\u0131l\u0131r.<\/li>\n<li>Esnek hava kanallar\u0131 kategorisinde yer al\u0131r; ortam\u0131n efektif bir \u015fekilde havaland\u0131r\u0131lmas\u0131na katk\u0131da bulunur.<\/li>\n<\/ul>\n<p>Sahip oldu\u011fu \u00f6zellikleri sayesinde pek \u00e7ok alanda tercih edilen hava kanallar\u0131; havaland\u0131rma ve iklimlendirme sistemlerinin en etkili par\u00e7alar\u0131ndan bir tanesidir.<\/p>\n<h3>Marine Sertifikal\u0131 Al\u00fcminyum Flexible Hava Kanallar\u0131 Nedir?<\/h3>\n<p>\u00c7ok katl\u0131 ve laminasyonlu al\u00fcminyum malzemenin \u00e7elik tel ile desteklenmesiyle olu\u015fan <strong>Marine Sertifikal\u0131 Al\u00fcminyum Flexible Hava Kanallar\u0131<\/strong>; ortam\u0131n etkili bir \u015fekilde havaland\u0131r\u0131lmas\u0131n\u0131 sa\u011flar. Hava kanallar\u0131 fan ile kanal \u00e7\u0131k\u0131\u015f noktalar\u0131n\u0131n aras\u0131nda yer al\u0131r. Bu sayede havan\u0131n belirli bir sistem \u00fczerinden hareket etmesini sa\u011flar.<\/p>\n<p>Marine sertifikal\u0131 hava kanallar\u0131;<\/p>\n<ul>\n<li>S\u0131k\u0131\u015ft\u0131r\u0131labilme ve b\u00fck\u00fclme \u00f6zelli\u011fi sayesinde kolay bir \u015fekilde ta\u015f\u0131n\u0131r.<\/li>\n<li>Denizcilik Te\u00e7hizat Y\u00f6netmeli\u011fine uygun bir \u015fekilde \u00fcretimi ger\u00e7ekle\u015ftirilir.<\/li>\n<li>Ate\u015fe kar\u015f\u0131 direnci olduk\u00e7a y\u00fcksektir; g\u00fcvenli bir kullan\u0131m sunar.<\/li>\n<li>Havaland\u0131rma ve iklimlendirme sistemleri i\u00e7in geli\u015ftirildi\u011fi i\u00e7in bu t\u00fcr sistemlerde tercih edilir.<\/li>\n<\/ul>\n<h3>Marine Sertifikal\u0131 Al\u00fcminyum Flexible Hava Kanallar\u0131 Ne \u0130\u015fe Yarar?<\/h3>\n<p>Flexible hava kanallar\u0131 i\u00e7erisinde yer alan \u00fcr\u00fcnlerdir. Yal\u0131t\u0131ms\u0131z (izolesiz) olan hava kanal\u0131; ayn\u0131 zamanda al\u00fcminyum i\u00e7 ve d\u0131\u015f y\u00fczeyiyle konforlu ve g\u00fcvenli bir kullan\u0131m sunar. EN 13180 standard\u0131na g\u00f6re \u00fcretimi ger\u00e7ekle\u015ftirilen \u00fcr\u00fcn; test edilip onaylanm\u0131\u015ft\u0131r.<\/p>\n<p>Ayn\u0131 zamanda Fransa ulusal ate\u015fe tepki standartlar\u0131na sahiptir ve M0 sertifikal\u0131 bir \u00fcr\u00fcnd\u00fcr. Yenilik\u00e7i \u00f6zellikleriyle dikkat \u00e7eken \u00fcr\u00fcn; havaland\u0131rma ve iklimlendirme sistemlerinin efektif bir yap\u0131 elde etmesini sa\u011flar.<\/p>\n<h3>Marine Sertifikal\u0131 Al\u00fcminyum Flexible Hava Kanallar\u0131 Nerelerde Kullan\u0131l\u0131r?<\/h3>\n<p><b>S<\/b>ahip oldu\u011fu \u00f6zellikler sayesinde geni\u015f bir kullan\u0131m alan\u0131na sahiptir. Daha \u00e7ok end\u00fcstriyel alanlarda tercih edilen hava kanallar\u0131; havaland\u0131rma ve iklimlendirme sistemlerinin bulundu\u011fu pek \u00e7ok alanda kullan\u0131l\u0131r. Hastane; laboratuvarlar hem d\u0131\u015f hem de i\u00e7 mekanlarda bu t\u00fcr hava kanallar\u0131 tercih edilir.<\/p>\n<p>Hemen her sekt\u00f6rde ihtiya\u00e7 duyulan bir \u00fcr\u00fcn olmas\u0131 nedeniyle kullan\u0131m alan\u0131n\u0131n geni\u015f oldu\u011funu belirtmek m\u00fcmk\u00fcnd\u00fcr. Dayan\u0131kl\u0131; kaliteli malzemelerle \u00fcretilen hava kanallar\u0131; uzun s\u00fcreli kullan\u0131m\u0131 sa\u011flar. Bunun yan\u0131 s\u0131ra hava ak\u0131\u015f\u0131n\u0131n efektif bir \u015fekilde ger\u00e7ekle\u015fmesini de m\u00fcmk\u00fcn k\u0131lar.<\/p>\n<p>&nbsp;<\/p>\n<p>Du\u0308\u015fu\u0308k ve orta bas\u0131n\u00e7ta \u00e7al\u0131\u015fan havaland\u0131rma ve iklimlendirme sistemlerine uygun,<\/p>\n<p>Yal\u0131t\u0131ms\u0131z (izolesiz),<\/p>\n<p>Alu\u0308minyum i\u00e7 ve d\u0131\u015f y\u00fczeye sahip,<\/p>\n<p>MARINE sertifikal\u0131,<\/p>\n<p>Fransa ulusal ate\u015fe tepki standartlar\u0131na g\u00f6re M0 sertifikal\u0131 flexible hava kanal\u0131<\/p>\n<ul>\n<li>Du\u0308\u015fu\u0308k ve orta bas\u0131n\u00e7ta \u00e7al\u0131\u015fan havaland\u0131rma ve iklimlendirme sistemleri i\u00e7in geli\u015ftirilmi\u015f, yal\u0131t\u0131ms\u0131z (izolesiz) alu\u0308minyum flexible hava kanal\u0131d\u0131r.<\/li>\n<li>\u00c7ok katl\u0131 laminasyonlu al\u00fcminyum ve polyester malzemenin y\u00fcksek gerilimli helezon \u00e7elik tel ile takviyesiyle \u00fcretilmi\u015ftir.<\/li>\n<li>Boyutlar\u0131, toleranslar\u0131 ve mekanik dayan\u0131m \u00f6zellikleri EN 13180 standard\u0131na g\u00f6re test edilmekte, s\u0131n\u0131fland\u0131r\u0131lmakta ve sertifikaland\u0131r\u0131lmaktad\u0131r.<\/li>\n<li>ALUAFS.F MARINE flexible hava kanallar\u0131 s\u0131zd\u0131rmazd\u0131r.<\/li>\n<li>Son derece y\u00fcksek esneme, b\u00fck\u00fclme ve s\u0131k\u0131\u015ft\u0131r\u0131labilme \u00f6zelli\u011fine sahiptir. Oval, yuvarlak ve k\u00f6\u015fe birle\u015ftirme yerlerinde montaj\u0131 kolayd\u0131r.<\/li>\n<\/ul>\n<p>Marine sertifikas\u0131na sahiptir.\u00a0Yenilenen Denizcilik Te\u00e7hizat Y\u00f6netmeli\u011fi\u2019ne uyumluluk g\u00f6sterir. AB ve ABD\u2019ye kay\u0131tl\u0131 gemi te\u00e7hizatlar\u0131nda Marine sertifikal\u0131 \u00fcr\u00fcnlerin kullan\u0131lmas\u0131 zorunludur.<\/p>\n<p><a href=\"https:\/\/govalf.com\/iletisim\/\">\u0130leti\u015fim<\/a><\/p>\n","protected":false},"excerpt":{"rendered":"<p>Marine Sertifikal\u0131 Al\u00fcminyum Flexible Hava Kanallar\u0131 Marine Sertifikal\u0131 Al\u00fcminyum Flexible Hava Kanallar\u0131; ortamdaki havan\u0131n d\u0131\u015far\u0131 aktar\u0131lmas\u0131n\u0131 sa\u011flamakla birlikte d\u0131\u015far\u0131daki hava da i\u00e7eri aktar\u0131lmas\u0131n\u0131 da m\u00fcmk\u00fcn k\u0131lar. \u0130ki y\u00f6nl\u00fc bir i\u015fleve sahiptir; bu sayede havaland\u0131rma sistemlerinde tercih edilir. Genellikle end\u00fcstriyel alanlarda kullan\u0131lan bu t\u00fcr hava kanallar\u0131; farkl\u0131 alanlarda da tercih edilir. Yal\u0131t\u0131ms\u0131z yani izolesiz bir forma [&hellip;]<\/p>\n","protected":false},"featured_media":3643,"comment_status":"open","ping_status":"closed","template":"","meta":{"_acf_changed":false},"product_brand":[],"product_cat":[99],"product_tag":[],"class_list":{"0":"post-3642","1":"product","2":"type-product","3":"status-publish","4":"has-post-thumbnail","6":"product_cat-esnek-hava-kanallari","8":"first","9":"instock","10":"shipping-taxable","11":"product-type-simple"},"acf":[],"yoast_head":"<!-- This site is optimized with the Yoast SEO plugin v27.4 - https:\/\/yoast.com\/product\/yoast-seo-wordpress\/ -->\n<title>Marine Sertifikal\u0131 Al\u00fcminyum Flexible Hava Kanallar\u0131 - GOVALF<\/title>\n<meta name=\"description\" content=\"Marine Sertifikal\u0131 Al\u00fcminyum Flexible Hava Kanallar\u0131; ortamdaki havan\u0131n d\u0131\u015far\u0131 aktar\u0131lmas\u0131n\u0131 sa\u011flamakla birlikte d\u0131\u015far\u0131daki\" \/>\n<meta name=\"robots\" content=\"index, follow, max-snippet:-1, max-image-preview:large, max-video-preview:-1\" \/>\n<link rel=\"canonical\" href=\"https:\/\/govalf.com\/tr\/product\/marine-sertifikali-aluminyum-flexible-hava-kanallari\/\" \/>\n<meta property=\"og:locale\" content=\"tr_TR\" \/>\n<meta property=\"og:type\" content=\"article\" \/>\n<meta property=\"og:title\" content=\"Marine Sertifikal\u0131 Al\u00fcminyum Flexible Hava Kanallar\u0131 - GOVALF\" \/>\n<meta property=\"og:description\" content=\"Marine Sertifikal\u0131 Al\u00fcminyum Flexible Hava Kanallar\u0131; ortamdaki havan\u0131n d\u0131\u015far\u0131 aktar\u0131lmas\u0131n\u0131 sa\u011flamakla birlikte d\u0131\u015far\u0131daki\" \/>\n<meta property=\"og:url\" content=\"https:\/\/govalf.com\/tr\/product\/marine-sertifikali-aluminyum-flexible-hava-kanallari\/\" \/>\n<meta property=\"og:site_name\" content=\"Go Valf Vana ve Pompa Sistemleri\" \/>\n<meta property=\"article:modified_time\" content=\"2022-05-27T07:41:21+00:00\" \/>\n<meta property=\"og:image\" content=\"https:\/\/govalf.com\/wp-content\/uploads\/2022\/03\/Esnek-Hava-Kanallari-1024x1024.png\" \/>\n\t<meta property=\"og:image:width\" content=\"1024\" \/>\n\t<meta property=\"og:image:height\" content=\"1024\" \/>\n\t<meta property=\"og:image:type\" content=\"image\/png\" \/>\n<meta name=\"twitter:card\" content=\"summary_large_image\" \/>\n<meta name=\"twitter:label1\" content=\"Tahmini okuma s\u00fcresi\" \/>\n\t<meta name=\"twitter:data1\" content=\"4 dakika\" \/>\n<script type=\"application\/ld+json\" class=\"yoast-schema-graph\">{\"@context\":\"https:\\\/\\\/schema.org\",\"@graph\":[{\"@type\":\"WebPage\",\"@id\":\"https:\\\/\\\/govalf.com\\\/tr\\\/product\\\/marine-sertifikali-aluminyum-flexible-hava-kanallari\\\/\",\"url\":\"https:\\\/\\\/govalf.com\\\/tr\\\/product\\\/marine-sertifikali-aluminyum-flexible-hava-kanallari\\\/\",\"name\":\"Marine Sertifikal\u0131 Al\u00fcminyum Flexible Hava Kanallar\u0131 - GOVALF\",\"isPartOf\":{\"@id\":\"https:\\\/\\\/govalf.com\\\/ar\\\/#website\"},\"primaryImageOfPage\":{\"@id\":\"https:\\\/\\\/govalf.com\\\/tr\\\/product\\\/marine-sertifikali-aluminyum-flexible-hava-kanallari\\\/#primaryimage\"},\"image\":{\"@id\":\"https:\\\/\\\/govalf.com\\\/tr\\\/product\\\/marine-sertifikali-aluminyum-flexible-hava-kanallari\\\/#primaryimage\"},\"thumbnailUrl\":\"https:\\\/\\\/govalf.com\\\/wp-content\\\/uploads\\\/2022\\\/03\\\/Esnek-Hava-Kanallari.png\",\"datePublished\":\"2022-03-06T14:59:16+00:00\",\"dateModified\":\"2022-05-27T07:41:21+00:00\",\"description\":\"Marine Sertifikal\u0131 Al\u00fcminyum Flexible Hava Kanallar\u0131; ortamdaki havan\u0131n d\u0131\u015far\u0131 aktar\u0131lmas\u0131n\u0131 sa\u011flamakla birlikte d\u0131\u015far\u0131daki\",\"breadcrumb\":{\"@id\":\"https:\\\/\\\/govalf.com\\\/tr\\\/product\\\/marine-sertifikali-aluminyum-flexible-hava-kanallari\\\/#breadcrumb\"},\"inLanguage\":\"tr\",\"potentialAction\":[{\"@type\":\"ReadAction\",\"target\":[\"https:\\\/\\\/govalf.com\\\/tr\\\/product\\\/marine-sertifikali-aluminyum-flexible-hava-kanallari\\\/\"]}]},{\"@type\":\"ImageObject\",\"inLanguage\":\"tr\",\"@id\":\"https:\\\/\\\/govalf.com\\\/tr\\\/product\\\/marine-sertifikali-aluminyum-flexible-hava-kanallari\\\/#primaryimage\",\"url\":\"https:\\\/\\\/govalf.com\\\/wp-content\\\/uploads\\\/2022\\\/03\\\/Esnek-Hava-Kanallari.png\",\"contentUrl\":\"https:\\\/\\\/govalf.com\\\/wp-content\\\/uploads\\\/2022\\\/03\\\/Esnek-Hava-Kanallari.png\",\"width\":5000,\"height\":5000,\"caption\":\"Marine Sertifikal\u0131 Al\u00fcminyum Flexible Hava Kanallar\u0131\"},{\"@type\":\"BreadcrumbList\",\"@id\":\"https:\\\/\\\/govalf.com\\\/tr\\\/product\\\/marine-sertifikali-aluminyum-flexible-hava-kanallari\\\/#breadcrumb\",\"itemListElement\":[{\"@type\":\"ListItem\",\"position\":1,\"name\":\"Anasayfa\",\"item\":\"https:\\\/\\\/govalf.com\\\/tr\\\/\"},{\"@type\":\"ListItem\",\"position\":2,\"name\":\"Products\",\"item\":\"https:\\\/\\\/govalf.com\\\/ar\\\/urunler%d9%85%d9%86%d8%aa%d8%ac%d8%a7%d8%aa\\\/\"},{\"@type\":\"ListItem\",\"position\":3,\"name\":\"Marine Sertifikal\u0131 Al\u00fcminyum Flexible Hava Kanallar\u0131\"}]},{\"@type\":\"WebSite\",\"@id\":\"https:\\\/\\\/govalf.com\\\/ar\\\/#website\",\"url\":\"https:\\\/\\\/govalf.com\\\/ar\\\/\",\"name\":\"Go Valf Vana ve Pompa Sistemleri\",\"description\":\"Yang\u0131n S\u00f6nd\u00fcrme Sistemleri ve Ekipmanlar\u0131\",\"publisher\":{\"@id\":\"https:\\\/\\\/govalf.com\\\/ar\\\/#organization\"},\"potentialAction\":[{\"@type\":\"SearchAction\",\"target\":{\"@type\":\"EntryPoint\",\"urlTemplate\":\"https:\\\/\\\/govalf.com\\\/ar\\\/?s={search_term_string}\"},\"query-input\":{\"@type\":\"PropertyValueSpecification\",\"valueRequired\":true,\"valueName\":\"search_term_string\"}}],\"inLanguage\":\"tr\"},{\"@type\":\"Organization\",\"@id\":\"https:\\\/\\\/govalf.com\\\/ar\\\/#organization\",\"name\":\"Go Valf\",\"url\":\"https:\\\/\\\/govalf.com\\\/ar\\\/\",\"logo\":{\"@type\":\"ImageObject\",\"inLanguage\":\"tr\",\"@id\":\"https:\\\/\\\/govalf.com\\\/ar\\\/#\\\/schema\\\/logo\\\/image\\\/\",\"url\":\"https:\\\/\\\/govalf.com\\\/wp-content\\\/uploads\\\/2022\\\/02\\\/go-valf-logo.png\",\"contentUrl\":\"https:\\\/\\\/govalf.com\\\/wp-content\\\/uploads\\\/2022\\\/02\\\/go-valf-logo.png\",\"width\":504,\"height\":120,\"caption\":\"Go Valf\"},\"image\":{\"@id\":\"https:\\\/\\\/govalf.com\\\/ar\\\/#\\\/schema\\\/logo\\\/image\\\/\"}}]}<\/script>\n<!-- \/ Yoast SEO plugin. -->","yoast_head_json":{"title":"Marine Sertifikal\u0131 Al\u00fcminyum Flexible Hava Kanallar\u0131 - GOVALF","description":"Marine Sertifikal\u0131 Al\u00fcminyum Flexible Hava Kanallar\u0131; ortamdaki havan\u0131n d\u0131\u015far\u0131 aktar\u0131lmas\u0131n\u0131 sa\u011flamakla birlikte d\u0131\u015far\u0131daki","robots":{"index":"index","follow":"follow","max-snippet":"max-snippet:-1","max-image-preview":"max-image-preview:large","max-video-preview":"max-video-preview:-1"},"canonical":"https:\/\/govalf.com\/tr\/product\/marine-sertifikali-aluminyum-flexible-hava-kanallari\/","og_locale":"tr_TR","og_type":"article","og_title":"Marine Sertifikal\u0131 Al\u00fcminyum Flexible Hava Kanallar\u0131 - GOVALF","og_description":"Marine Sertifikal\u0131 Al\u00fcminyum Flexible Hava Kanallar\u0131; ortamdaki havan\u0131n d\u0131\u015far\u0131 aktar\u0131lmas\u0131n\u0131 sa\u011flamakla birlikte d\u0131\u015far\u0131daki","og_url":"https:\/\/govalf.com\/tr\/product\/marine-sertifikali-aluminyum-flexible-hava-kanallari\/","og_site_name":"Go Valf Vana ve Pompa Sistemleri","article_modified_time":"2022-05-27T07:41:21+00:00","og_image":[{"width":1024,"height":1024,"url":"https:\/\/govalf.com\/wp-content\/uploads\/2022\/03\/Esnek-Hava-Kanallari-1024x1024.png","type":"image\/png"}],"twitter_card":"summary_large_image","twitter_misc":{"Tahmini okuma s\u00fcresi":"4 dakika"},"schema":{"@context":"https:\/\/schema.org","@graph":[{"@type":"WebPage","@id":"https:\/\/govalf.com\/tr\/product\/marine-sertifikali-aluminyum-flexible-hava-kanallari\/","url":"https:\/\/govalf.com\/tr\/product\/marine-sertifikali-aluminyum-flexible-hava-kanallari\/","name":"Marine Sertifikal\u0131 Al\u00fcminyum Flexible Hava Kanallar\u0131 - GOVALF","isPartOf":{"@id":"https:\/\/govalf.com\/ar\/#website"},"primaryImageOfPage":{"@id":"https:\/\/govalf.com\/tr\/product\/marine-sertifikali-aluminyum-flexible-hava-kanallari\/#primaryimage"},"image":{"@id":"https:\/\/govalf.com\/tr\/product\/marine-sertifikali-aluminyum-flexible-hava-kanallari\/#primaryimage"},"thumbnailUrl":"https:\/\/govalf.com\/wp-content\/uploads\/2022\/03\/Esnek-Hava-Kanallari.png","datePublished":"2022-03-06T14:59:16+00:00","dateModified":"2022-05-27T07:41:21+00:00","description":"Marine Sertifikal\u0131 Al\u00fcminyum Flexible Hava Kanallar\u0131; ortamdaki havan\u0131n d\u0131\u015far\u0131 aktar\u0131lmas\u0131n\u0131 sa\u011flamakla birlikte d\u0131\u015far\u0131daki","breadcrumb":{"@id":"https:\/\/govalf.com\/tr\/product\/marine-sertifikali-aluminyum-flexible-hava-kanallari\/#breadcrumb"},"inLanguage":"tr","potentialAction":[{"@type":"ReadAction","target":["https:\/\/govalf.com\/tr\/product\/marine-sertifikali-aluminyum-flexible-hava-kanallari\/"]}]},{"@type":"ImageObject","inLanguage":"tr","@id":"https:\/\/govalf.com\/tr\/product\/marine-sertifikali-aluminyum-flexible-hava-kanallari\/#primaryimage","url":"https:\/\/govalf.com\/wp-content\/uploads\/2022\/03\/Esnek-Hava-Kanallari.png","contentUrl":"https:\/\/govalf.com\/wp-content\/uploads\/2022\/03\/Esnek-Hava-Kanallari.png","width":5000,"height":5000,"caption":"Marine Sertifikal\u0131 Al\u00fcminyum Flexible Hava Kanallar\u0131"},{"@type":"BreadcrumbList","@id":"https:\/\/govalf.com\/tr\/product\/marine-sertifikali-aluminyum-flexible-hava-kanallari\/#breadcrumb","itemListElement":[{"@type":"ListItem","position":1,"name":"Anasayfa","item":"https:\/\/govalf.com\/tr\/"},{"@type":"ListItem","position":2,"name":"Products","item":"https:\/\/govalf.com\/ar\/urunler%d9%85%d9%86%d8%aa%d8%ac%d8%a7%d8%aa\/"},{"@type":"ListItem","position":3,"name":"Marine Sertifikal\u0131 Al\u00fcminyum Flexible Hava Kanallar\u0131"}]},{"@type":"WebSite","@id":"https:\/\/govalf.com\/ar\/#website","url":"https:\/\/govalf.com\/ar\/","name":"Go Valf Vana ve Pompa Sistemleri","description":"Yang\u0131n S\u00f6nd\u00fcrme Sistemleri ve Ekipmanlar\u0131","publisher":{"@id":"https:\/\/govalf.com\/ar\/#organization"},"potentialAction":[{"@type":"SearchAction","target":{"@type":"EntryPoint","urlTemplate":"https:\/\/govalf.com\/ar\/?s={search_term_string}"},"query-input":{"@type":"PropertyValueSpecification","valueRequired":true,"valueName":"search_term_string"}}],"inLanguage":"tr"},{"@type":"Organization","@id":"https:\/\/govalf.com\/ar\/#organization","name":"Go Valf","url":"https:\/\/govalf.com\/ar\/","logo":{"@type":"ImageObject","inLanguage":"tr","@id":"https:\/\/govalf.com\/ar\/#\/schema\/logo\/image\/","url":"https:\/\/govalf.com\/wp-content\/uploads\/2022\/02\/go-valf-logo.png","contentUrl":"https:\/\/govalf.com\/wp-content\/uploads\/2022\/02\/go-valf-logo.png","width":504,"height":120,"caption":"Go Valf"},"image":{"@id":"https:\/\/govalf.com\/ar\/#\/schema\/logo\/image\/"}}]}},"_links":{"self":[{"href":"https:\/\/govalf.com\/tr\/wp-json\/wp\/v2\/product\/3642","targetHints":{"allow":["GET"]}}],"collection":[{"href":"https:\/\/govalf.com\/tr\/wp-json\/wp\/v2\/product"}],"about":[{"href":"https:\/\/govalf.com\/tr\/wp-json\/wp\/v2\/types\/product"}],"replies":[{"embeddable":true,"href":"https:\/\/govalf.com\/tr\/wp-json\/wp\/v2\/comments?post=3642"}],"wp:featuredmedia":[{"embeddable":true,"href":"https:\/\/govalf.com\/tr\/wp-json\/wp\/v2\/media\/3643"}],"wp:attachment":[{"href":"https:\/\/govalf.com\/tr\/wp-json\/wp\/v2\/media?parent=3642"}],"wp:term":[{"taxonomy":"product_brand","embeddable":true,"href":"https:\/\/govalf.com\/tr\/wp-json\/wp\/v2\/product_brand?post=3642"},{"taxonomy":"product_cat","embeddable":true,"href":"https:\/\/govalf.com\/tr\/wp-json\/wp\/v2\/product_cat?post=3642"},{"taxonomy":"product_tag","embeddable":true,"href":"https:\/\/govalf.com\/tr\/wp-json\/wp\/v2\/product_tag?post=3642"}],"curies":[{"name":"wp","href":"https:\/\/api.w.org\/{rel}","templated":true}]}}