{"id":3651,"date":"2022-03-06T15:05:32","date_gmt":"2022-03-06T15:05:32","guid":{"rendered":"https:\/\/govalf.com\/?post_type=product&#038;p=3651"},"modified":"2022-05-30T17:48:22","modified_gmt":"2022-05-30T17:48:22","slug":"isoafs-alu-f-ecosoft-marine","status":"publish","type":"product","link":"https:\/\/govalf.com\/tr\/product\/isoafs-alu-f-ecosoft-marine\/","title":{"rendered":"Isoafs-Alu.F Ecosoft Marine"},"content":{"rendered":"<h1>Isoafs-Alu.F Ecosoft Marine<\/h1>\n<p><strong>Isoafs-Alu.F Ecosoft Marine<\/strong> farkl\u0131 alanlarda tercih edilen bir t\u00fcr esnek hava kanal\u0131d\u0131r. D\u00fc\u015f\u00fck ve orta bas\u0131n\u00e7ta \u00e7al\u0131\u015fmakta olan iklimlendirme sistemlerinin yan\u0131 s\u0131ra havaland\u0131rma sistemlerinde de tercih edilir. Is\u0131 yal\u0131t\u0131m\u0131 bulunan hava kanal\u0131; efektif bir \u015fekilde havan\u0131n ge\u00e7i\u015fini sa\u011flar. Al\u00fcminyum hava kanallar\u0131 i\u00e7erisinde yer alan \u00fcr\u00fcn; uzun s\u00fcreli kullan\u0131m\u0131 olanakl\u0131 k\u0131lan \u00f6zelliklere sahiptir.<\/p>\n<p>Zor alevlenici \u00f6zelli\u011fi sayesinde g\u00fcvenli bir kullan\u0131m sa\u011flayan \u00fcr\u00fcn; etkili izolasyon sistemiyle dikkat \u00e7ekmektedir. Farkl\u0131 boyutlarda \u00fcr\u00fcnlerin bulunmas\u0131; \u00e7e\u015fitlili\u011fin de olduk\u00e7a fazla olmas\u0131n\u0131 sa\u011flar. \u0130zolasyon malzemesinin \u00fczerinde al\u00fcminyum ceket bulunur. Bu ceket; nem bariyeri olarak kullan\u0131l\u0131r.<\/p>\n<h2>Isoafs-Alu.F Ecosoft Marine Nedir; Ne \u0130\u015fe Yarar?<\/h2>\n<p>Esnek hava kanal\u0131 kategorisinde yer alan <strong>Isoafs-Alu.F Ecosoft Marine<\/strong>; geni\u015f bir kullan\u0131m alan\u0131na sahip bir \u00fcr\u00fcnd\u00fcr. \u00dcretim s\u0131ras\u0131nda \u00e7ok katl\u0131 laminasyonlu al\u00fcminyum ile polyester malzeme; y\u00fcksek gerilime sahip helezon \u00e7elik ile takviye edilmi\u015ftir. \u00dcr\u00fcn\u00fcn farkl\u0131 \u00f6zellikleri bulunmakta olup bu \u00f6zelliklerden baz\u0131lar\u0131 \u015fu \u015fekilde s\u0131ralanabilir:<\/p>\n<ul>\n<li>Esneme ve b\u00fck\u00fclme \u00f6zellikleri mevcuttur.<\/li>\n<li>S\u0131zd\u0131rmazl\u0131k \u00f6zelli\u011fi ile kolay kullan\u0131m imkan\u0131na sahiptir.<\/li>\n<li>S\u0131k\u0131\u015ft\u0131r\u0131labilme \u00f6zelli\u011fi; efektif kullan\u0131m sa\u011flar.<\/li>\n<li>\u00c7al\u0131\u015fma s\u0131cakl\u0131\u011f\u0131 aral\u0131\u011f\u0131 -30 ila +150 derecedir.<\/li>\n<\/ul>\n<p>\u00dcr\u00fcn\u00fcn imal edildi\u011fi s\u00fcre i\u00e7erisinde boyutlar\u0131; toleranslar\u0131 ve mekanik dayan\u0131m gibi \u00f6zelliklerinin tamam\u0131 EN 13180 standard\u0131na g\u00f6re test edilir ve bu \u015fekilde bir s\u0131n\u0131fland\u0131rma yap\u0131l\u0131r. Bunun yan\u0131 s\u0131ra \u00fcr\u00fcnlerin sertifikaland\u0131rma i\u015flemleri de ger\u00e7ekle\u015ftirilmektedir.<\/p>\n<h3>Isoafs-Alu.F Ecosoft Marine Nedir?<\/h3>\n<p><b>I<\/b>s\u0131 yal\u0131t\u0131m\u0131na sahip ve d\u00fc\u015f\u00fck ve orta bas\u0131n\u00e7ta \u00e7al\u0131\u015fan iklimlendirme ve havaland\u0131rma sistemleri i\u00e7in tasarlanan al\u00fcminyum flexible hava kanal\u0131 olarak tan\u0131mlanabilir. Y\u00fcksek esneme; s\u0131zd\u0131rmazl\u0131k ve b\u00fck\u00fclme \u00f6zelliklerini b\u00fcnyesinde bar\u0131nd\u0131r\u0131r. Oval; yuvarlak; k\u00f6\u015fe birle\u015ftirme yerleri bulunan \u00fcr\u00fcn\u00fcn montaj\u0131 bir hayli kolayd\u0131r.<\/p>\n<p>Yumu\u015fak ve cam y\u00fcn\u00fc ile izole edilmi\u015f bulunan \u00fcr\u00fcn; konforlu bir kullan\u0131m\u0131 m\u00fcmk\u00fcn k\u0131lar. Ayn\u0131 zamanda dayan\u0131kl\u0131l\u0131k seviyesi y\u00fcksek oldu\u011fu i\u00e7in uzun s\u00fcreli kullan\u0131ma sahiptir. Sahip oldu\u011fu \u00f6zelliklerin tamam\u0131; \u00fcr\u00fcn\u00fcn \u00f6zellikle havaland\u0131rma sistemleri i\u00e7in tercih edilmesini olanakl\u0131 hale getirmektedir.<\/p>\n<h3>Isoafs-Alu.F Ecosoft Marine Ne \u0130\u015fe Yarar?<\/h3>\n<p>\u00dcr\u00fcn\u00fcn sahip oldu\u011fu \u00f6zellikler; kullan\u0131m alan\u0131n\u0131n da geni\u015f olmas\u0131n\u0131 m\u00fcmk\u00fcn k\u0131lmaktad\u0131r. Esnek hava kanallar\u0131 i\u00e7erisinde yer alan \u00fcr\u00fcn; temel olarak iklimlendirme ile havaland\u0131rma sistemlerinde kullan\u0131l\u0131r. Bu t\u00fcr \u00fcr\u00fcnler i\u00e7in \u00f6zel olarak geli\u015ftirilmi\u015ftir. Bu nedenle kullan\u0131laca\u011f\u0131 alana g\u00f6re farkl\u0131 \u00f6zellikleri b\u00fcnyesinde bar\u0131nd\u0131r\u0131r. Bu \u00f6zellikler; \u00fcr\u00fcn\u00fcn avantajlar\u0131 olarak da de\u011ferlendirilebilir:<\/p>\n<ul>\n<li>Is\u0131 yal\u0131t\u0131m\u0131na sahiptir.<\/li>\n<li>A+ etiketli bir \u00fcr\u00fcnd\u00fcr.<\/li>\n<li>Formaldehit i\u00e7ermeyen cam y\u00fcn\u00fc ile izolasyonu ger\u00e7ekle\u015fmi\u015ftir.<\/li>\n<li>\u00dcr\u00fcn; EN 13180 standartlar\u0131na g\u00f6re \u00fcretilmi\u015ftir.<\/li>\n<li>Montaj\u0131 olduk\u00e7a kolayd\u0131r; bu sayede konforlu bir kullan\u0131m sa\u011flar.<\/li>\n<\/ul>\n<p>\u00c7ok ama\u00e7l\u0131 \u0131s\u0131 yal\u0131t\u0131ml\u0131 bir \u00fcr\u00fcn olmas\u0131ndan dolay\u0131 efektif bir kullan\u0131m sunar. Titiz ve sistemli bir \u015fekilde \u00fcretimi ger\u00e7ekle\u015ftirilmi\u015ftir. <b>D<\/b>ayan\u0131kl\u0131l\u0131k seviyesi y\u00fcksek oldu\u011fu i\u00e7in uzun s\u00fcreli ve efektif bir kullan\u0131m\u0131 olanakl\u0131 k\u0131lar.<\/p>\n<h3>Isoafs-Alu.F Ecosoft Marine Nerelerde Kullan\u0131l\u0131r?<\/h3>\n<p>Genel olarak havaland\u0131rma ve iklimlendirme sistemi i\u00e7in geli\u015ftirilen bir \u00fcr\u00fcn olan <strong>Isoafs-Alu.F Ecosoft Marine <\/strong>geni\u015f bir kullan\u0131m alan\u0131na sahiptir. Genellikle end\u00fcstriyel alanlarda tercih edilen \u00fcr\u00fcn; etkili bir havaland\u0131rma sistemini m\u00fcmk\u00fcn k\u0131lar. Farkl\u0131 \u00e7apta imal edilen \u00fcr\u00fcn\u00fcn; \u00e7al\u0131\u015fma s\u0131cakl\u0131\u011f\u0131 da olduk\u00e7a geni\u015f bir aral\u0131ktad\u0131r.<\/p>\n<p>\u00dcr\u00fcn; \u00e7ok katl\u0131 laminasyonlu al\u00fcminyum ile polyester malzemenin bir araya gelmesiyle tasarlanm\u0131\u015ft\u0131r. Y\u00fcksek gerilimli helezon \u00e7elik tel ile takviye edilerek olduk\u00e7a efektif bir \u00fcr\u00fcn kullan\u0131ma sunulmaktad\u0131r. Yenilik\u00e7i ve avantajl\u0131 \u00f6zellikleri b\u00fcnyesinde bar\u0131nd\u0131r\u0131r ve dayan\u0131kl\u0131l\u0131k seviyesi ile uzun s\u00fcreli kullan\u0131m\u0131 olanakl\u0131 k\u0131lar. Ayr\u0131ca EN 13180 standartlar\u0131na g\u00f6re \u00fcretildiklerini ve test edildiklerini belirtmek m\u00fcmk\u00fcnd\u00fcr.<\/p>\n<p><a href=\"https:\/\/govalf.com\/iletisim\/\">\u0130leti\u015fim<\/a><\/p>\n<p>&nbsp;<\/p>\n","protected":false},"excerpt":{"rendered":"<p>Isoafs-Alu.F Ecosoft Marine Isoafs-Alu.F Ecosoft Marine farkl\u0131 alanlarda tercih edilen bir t\u00fcr esnek hava kanal\u0131d\u0131r. D\u00fc\u015f\u00fck ve orta bas\u0131n\u00e7ta \u00e7al\u0131\u015fmakta olan iklimlendirme sistemlerinin yan\u0131 s\u0131ra havaland\u0131rma sistemlerinde de tercih edilir. Is\u0131 yal\u0131t\u0131m\u0131 bulunan hava kanal\u0131; efektif bir \u015fekilde havan\u0131n ge\u00e7i\u015fini sa\u011flar. Al\u00fcminyum hava kanallar\u0131 i\u00e7erisinde yer alan \u00fcr\u00fcn; uzun s\u00fcreli kullan\u0131m\u0131 olanakl\u0131 k\u0131lan \u00f6zelliklere sahiptir. [&hellip;]<\/p>\n","protected":false},"featured_media":3652,"comment_status":"open","ping_status":"closed","template":"","meta":{"_acf_changed":false},"product_brand":[],"product_cat":[99],"product_tag":[],"class_list":{"0":"post-3651","1":"product","2":"type-product","3":"status-publish","4":"has-post-thumbnail","6":"product_cat-esnek-hava-kanallari","8":"first","9":"instock","10":"shipping-taxable","11":"product-type-simple"},"acf":[],"yoast_head":"<!-- This site is optimized with the Yoast SEO plugin v27.4 - https:\/\/yoast.com\/product\/yoast-seo-wordpress\/ -->\n<title>Isoafs-Alu.F Ecosoft Marine - Go Valf Vana ve Pompa Sistemleri<\/title>\n<meta name=\"description\" content=\"Isoafs-Alu.F Ecosoft Marine farkl\u0131 alanlarda tercih edilen bir t\u00fcr esnek hava kanal\u0131d\u0131r. D\u00fc\u015f\u00fck ve orta bas\u0131n\u00e7ta \u00e7al\u0131\u015fmakta olan iklimlendirme\" \/>\n<meta name=\"robots\" content=\"index, follow, max-snippet:-1, max-image-preview:large, max-video-preview:-1\" \/>\n<link rel=\"canonical\" href=\"https:\/\/govalf.com\/tr\/product\/isoafs-alu-f-ecosoft-marine\/\" \/>\n<meta property=\"og:locale\" content=\"tr_TR\" \/>\n<meta property=\"og:type\" content=\"article\" \/>\n<meta property=\"og:title\" content=\"Isoafs-Alu.F Ecosoft Marine - Go Valf Vana ve Pompa Sistemleri\" \/>\n<meta property=\"og:description\" content=\"Isoafs-Alu.F Ecosoft Marine farkl\u0131 alanlarda tercih edilen bir t\u00fcr esnek hava kanal\u0131d\u0131r. D\u00fc\u015f\u00fck ve orta bas\u0131n\u00e7ta \u00e7al\u0131\u015fmakta olan iklimlendirme\" \/>\n<meta property=\"og:url\" content=\"https:\/\/govalf.com\/tr\/product\/isoafs-alu-f-ecosoft-marine\/\" \/>\n<meta property=\"og:site_name\" content=\"Go Valf Vana ve Pompa Sistemleri\" \/>\n<meta property=\"article:modified_time\" content=\"2022-05-30T17:48:22+00:00\" \/>\n<meta property=\"og:image\" content=\"https:\/\/govalf.com\/wp-content\/uploads\/2022\/03\/ISOAFS-ALU.F-ECOSOFT-MARINE-1024x1024.png\" \/>\n\t<meta property=\"og:image:width\" content=\"1024\" \/>\n\t<meta property=\"og:image:height\" content=\"1024\" \/>\n\t<meta property=\"og:image:type\" content=\"image\/png\" \/>\n<meta name=\"twitter:card\" content=\"summary_large_image\" \/>\n<meta name=\"twitter:label1\" content=\"Tahmini okuma s\u00fcresi\" \/>\n\t<meta name=\"twitter:data1\" content=\"4 dakika\" \/>\n<script type=\"application\/ld+json\" class=\"yoast-schema-graph\">{\"@context\":\"https:\\\/\\\/schema.org\",\"@graph\":[{\"@type\":\"WebPage\",\"@id\":\"https:\\\/\\\/govalf.com\\\/tr\\\/product\\\/isoafs-alu-f-ecosoft-marine\\\/\",\"url\":\"https:\\\/\\\/govalf.com\\\/tr\\\/product\\\/isoafs-alu-f-ecosoft-marine\\\/\",\"name\":\"Isoafs-Alu.F Ecosoft Marine - Go Valf Vana ve Pompa Sistemleri\",\"isPartOf\":{\"@id\":\"https:\\\/\\\/govalf.com\\\/ar\\\/#website\"},\"primaryImageOfPage\":{\"@id\":\"https:\\\/\\\/govalf.com\\\/tr\\\/product\\\/isoafs-alu-f-ecosoft-marine\\\/#primaryimage\"},\"image\":{\"@id\":\"https:\\\/\\\/govalf.com\\\/tr\\\/product\\\/isoafs-alu-f-ecosoft-marine\\\/#primaryimage\"},\"thumbnailUrl\":\"https:\\\/\\\/govalf.com\\\/wp-content\\\/uploads\\\/2022\\\/03\\\/ISOAFS-ALU.F-ECOSOFT-MARINE.png\",\"datePublished\":\"2022-03-06T15:05:32+00:00\",\"dateModified\":\"2022-05-30T17:48:22+00:00\",\"description\":\"Isoafs-Alu.F Ecosoft Marine farkl\u0131 alanlarda tercih edilen bir t\u00fcr esnek hava kanal\u0131d\u0131r. D\u00fc\u015f\u00fck ve orta bas\u0131n\u00e7ta \u00e7al\u0131\u015fmakta olan iklimlendirme\",\"breadcrumb\":{\"@id\":\"https:\\\/\\\/govalf.com\\\/tr\\\/product\\\/isoafs-alu-f-ecosoft-marine\\\/#breadcrumb\"},\"inLanguage\":\"tr\",\"potentialAction\":[{\"@type\":\"ReadAction\",\"target\":[\"https:\\\/\\\/govalf.com\\\/tr\\\/product\\\/isoafs-alu-f-ecosoft-marine\\\/\"]}]},{\"@type\":\"ImageObject\",\"inLanguage\":\"tr\",\"@id\":\"https:\\\/\\\/govalf.com\\\/tr\\\/product\\\/isoafs-alu-f-ecosoft-marine\\\/#primaryimage\",\"url\":\"https:\\\/\\\/govalf.com\\\/wp-content\\\/uploads\\\/2022\\\/03\\\/ISOAFS-ALU.F-ECOSOFT-MARINE.png\",\"contentUrl\":\"https:\\\/\\\/govalf.com\\\/wp-content\\\/uploads\\\/2022\\\/03\\\/ISOAFS-ALU.F-ECOSOFT-MARINE.png\",\"width\":5000,\"height\":5000,\"caption\":\"Isoafs-Alu.F Ecosoft Marine\"},{\"@type\":\"BreadcrumbList\",\"@id\":\"https:\\\/\\\/govalf.com\\\/tr\\\/product\\\/isoafs-alu-f-ecosoft-marine\\\/#breadcrumb\",\"itemListElement\":[{\"@type\":\"ListItem\",\"position\":1,\"name\":\"Anasayfa\",\"item\":\"https:\\\/\\\/govalf.com\\\/tr\\\/\"},{\"@type\":\"ListItem\",\"position\":2,\"name\":\"Products\",\"item\":\"https:\\\/\\\/govalf.com\\\/ar\\\/urunler%d9%85%d9%86%d8%aa%d8%ac%d8%a7%d8%aa\\\/\"},{\"@type\":\"ListItem\",\"position\":3,\"name\":\"Isoafs-Alu.F Ecosoft Marine\"}]},{\"@type\":\"WebSite\",\"@id\":\"https:\\\/\\\/govalf.com\\\/ar\\\/#website\",\"url\":\"https:\\\/\\\/govalf.com\\\/ar\\\/\",\"name\":\"Go Valf Vana ve Pompa Sistemleri\",\"description\":\"Yang\u0131n S\u00f6nd\u00fcrme Sistemleri ve Ekipmanlar\u0131\",\"publisher\":{\"@id\":\"https:\\\/\\\/govalf.com\\\/ar\\\/#organization\"},\"potentialAction\":[{\"@type\":\"SearchAction\",\"target\":{\"@type\":\"EntryPoint\",\"urlTemplate\":\"https:\\\/\\\/govalf.com\\\/ar\\\/?s={search_term_string}\"},\"query-input\":{\"@type\":\"PropertyValueSpecification\",\"valueRequired\":true,\"valueName\":\"search_term_string\"}}],\"inLanguage\":\"tr\"},{\"@type\":\"Organization\",\"@id\":\"https:\\\/\\\/govalf.com\\\/ar\\\/#organization\",\"name\":\"Go Valf\",\"url\":\"https:\\\/\\\/govalf.com\\\/ar\\\/\",\"logo\":{\"@type\":\"ImageObject\",\"inLanguage\":\"tr\",\"@id\":\"https:\\\/\\\/govalf.com\\\/ar\\\/#\\\/schema\\\/logo\\\/image\\\/\",\"url\":\"https:\\\/\\\/govalf.com\\\/wp-content\\\/uploads\\\/2022\\\/02\\\/go-valf-logo.png\",\"contentUrl\":\"https:\\\/\\\/govalf.com\\\/wp-content\\\/uploads\\\/2022\\\/02\\\/go-valf-logo.png\",\"width\":504,\"height\":120,\"caption\":\"Go Valf\"},\"image\":{\"@id\":\"https:\\\/\\\/govalf.com\\\/ar\\\/#\\\/schema\\\/logo\\\/image\\\/\"}}]}<\/script>\n<!-- \/ Yoast SEO plugin. -->","yoast_head_json":{"title":"Isoafs-Alu.F Ecosoft Marine - Go Valf Vana ve Pompa Sistemleri","description":"Isoafs-Alu.F Ecosoft Marine farkl\u0131 alanlarda tercih edilen bir t\u00fcr esnek hava kanal\u0131d\u0131r. D\u00fc\u015f\u00fck ve orta bas\u0131n\u00e7ta \u00e7al\u0131\u015fmakta olan iklimlendirme","robots":{"index":"index","follow":"follow","max-snippet":"max-snippet:-1","max-image-preview":"max-image-preview:large","max-video-preview":"max-video-preview:-1"},"canonical":"https:\/\/govalf.com\/tr\/product\/isoafs-alu-f-ecosoft-marine\/","og_locale":"tr_TR","og_type":"article","og_title":"Isoafs-Alu.F Ecosoft Marine - Go Valf Vana ve Pompa Sistemleri","og_description":"Isoafs-Alu.F Ecosoft Marine farkl\u0131 alanlarda tercih edilen bir t\u00fcr esnek hava kanal\u0131d\u0131r. D\u00fc\u015f\u00fck ve orta bas\u0131n\u00e7ta \u00e7al\u0131\u015fmakta olan iklimlendirme","og_url":"https:\/\/govalf.com\/tr\/product\/isoafs-alu-f-ecosoft-marine\/","og_site_name":"Go Valf Vana ve Pompa Sistemleri","article_modified_time":"2022-05-30T17:48:22+00:00","og_image":[{"width":1024,"height":1024,"url":"https:\/\/govalf.com\/wp-content\/uploads\/2022\/03\/ISOAFS-ALU.F-ECOSOFT-MARINE-1024x1024.png","type":"image\/png"}],"twitter_card":"summary_large_image","twitter_misc":{"Tahmini okuma s\u00fcresi":"4 dakika"},"schema":{"@context":"https:\/\/schema.org","@graph":[{"@type":"WebPage","@id":"https:\/\/govalf.com\/tr\/product\/isoafs-alu-f-ecosoft-marine\/","url":"https:\/\/govalf.com\/tr\/product\/isoafs-alu-f-ecosoft-marine\/","name":"Isoafs-Alu.F Ecosoft Marine - Go Valf Vana ve Pompa Sistemleri","isPartOf":{"@id":"https:\/\/govalf.com\/ar\/#website"},"primaryImageOfPage":{"@id":"https:\/\/govalf.com\/tr\/product\/isoafs-alu-f-ecosoft-marine\/#primaryimage"},"image":{"@id":"https:\/\/govalf.com\/tr\/product\/isoafs-alu-f-ecosoft-marine\/#primaryimage"},"thumbnailUrl":"https:\/\/govalf.com\/wp-content\/uploads\/2022\/03\/ISOAFS-ALU.F-ECOSOFT-MARINE.png","datePublished":"2022-03-06T15:05:32+00:00","dateModified":"2022-05-30T17:48:22+00:00","description":"Isoafs-Alu.F Ecosoft Marine farkl\u0131 alanlarda tercih edilen bir t\u00fcr esnek hava kanal\u0131d\u0131r. D\u00fc\u015f\u00fck ve orta bas\u0131n\u00e7ta \u00e7al\u0131\u015fmakta olan iklimlendirme","breadcrumb":{"@id":"https:\/\/govalf.com\/tr\/product\/isoafs-alu-f-ecosoft-marine\/#breadcrumb"},"inLanguage":"tr","potentialAction":[{"@type":"ReadAction","target":["https:\/\/govalf.com\/tr\/product\/isoafs-alu-f-ecosoft-marine\/"]}]},{"@type":"ImageObject","inLanguage":"tr","@id":"https:\/\/govalf.com\/tr\/product\/isoafs-alu-f-ecosoft-marine\/#primaryimage","url":"https:\/\/govalf.com\/wp-content\/uploads\/2022\/03\/ISOAFS-ALU.F-ECOSOFT-MARINE.png","contentUrl":"https:\/\/govalf.com\/wp-content\/uploads\/2022\/03\/ISOAFS-ALU.F-ECOSOFT-MARINE.png","width":5000,"height":5000,"caption":"Isoafs-Alu.F Ecosoft Marine"},{"@type":"BreadcrumbList","@id":"https:\/\/govalf.com\/tr\/product\/isoafs-alu-f-ecosoft-marine\/#breadcrumb","itemListElement":[{"@type":"ListItem","position":1,"name":"Anasayfa","item":"https:\/\/govalf.com\/tr\/"},{"@type":"ListItem","position":2,"name":"Products","item":"https:\/\/govalf.com\/ar\/urunler%d9%85%d9%86%d8%aa%d8%ac%d8%a7%d8%aa\/"},{"@type":"ListItem","position":3,"name":"Isoafs-Alu.F Ecosoft Marine"}]},{"@type":"WebSite","@id":"https:\/\/govalf.com\/ar\/#website","url":"https:\/\/govalf.com\/ar\/","name":"Go Valf Vana ve Pompa Sistemleri","description":"Yang\u0131n S\u00f6nd\u00fcrme Sistemleri ve Ekipmanlar\u0131","publisher":{"@id":"https:\/\/govalf.com\/ar\/#organization"},"potentialAction":[{"@type":"SearchAction","target":{"@type":"EntryPoint","urlTemplate":"https:\/\/govalf.com\/ar\/?s={search_term_string}"},"query-input":{"@type":"PropertyValueSpecification","valueRequired":true,"valueName":"search_term_string"}}],"inLanguage":"tr"},{"@type":"Organization","@id":"https:\/\/govalf.com\/ar\/#organization","name":"Go Valf","url":"https:\/\/govalf.com\/ar\/","logo":{"@type":"ImageObject","inLanguage":"tr","@id":"https:\/\/govalf.com\/ar\/#\/schema\/logo\/image\/","url":"https:\/\/govalf.com\/wp-content\/uploads\/2022\/02\/go-valf-logo.png","contentUrl":"https:\/\/govalf.com\/wp-content\/uploads\/2022\/02\/go-valf-logo.png","width":504,"height":120,"caption":"Go Valf"},"image":{"@id":"https:\/\/govalf.com\/ar\/#\/schema\/logo\/image\/"}}]}},"_links":{"self":[{"href":"https:\/\/govalf.com\/tr\/wp-json\/wp\/v2\/product\/3651","targetHints":{"allow":["GET"]}}],"collection":[{"href":"https:\/\/govalf.com\/tr\/wp-json\/wp\/v2\/product"}],"about":[{"href":"https:\/\/govalf.com\/tr\/wp-json\/wp\/v2\/types\/product"}],"replies":[{"embeddable":true,"href":"https:\/\/govalf.com\/tr\/wp-json\/wp\/v2\/comments?post=3651"}],"wp:featuredmedia":[{"embeddable":true,"href":"https:\/\/govalf.com\/tr\/wp-json\/wp\/v2\/media\/3652"}],"wp:attachment":[{"href":"https:\/\/govalf.com\/tr\/wp-json\/wp\/v2\/media?parent=3651"}],"wp:term":[{"taxonomy":"product_brand","embeddable":true,"href":"https:\/\/govalf.com\/tr\/wp-json\/wp\/v2\/product_brand?post=3651"},{"taxonomy":"product_cat","embeddable":true,"href":"https:\/\/govalf.com\/tr\/wp-json\/wp\/v2\/product_cat?post=3651"},{"taxonomy":"product_tag","embeddable":true,"href":"https:\/\/govalf.com\/tr\/wp-json\/wp\/v2\/product_tag?post=3651"}],"curies":[{"name":"wp","href":"https:\/\/api.w.org\/{rel}","templated":true}]}}