{"id":3657,"date":"2022-03-06T15:07:34","date_gmt":"2022-03-06T15:07:34","guid":{"rendered":"https:\/\/govalf.com\/?post_type=product&#038;p=3657"},"modified":"2022-05-27T07:13:47","modified_gmt":"2022-05-27T07:13:47","slug":"gemici-anemostad","status":"publish","type":"product","link":"https:\/\/govalf.com\/tr\/product\/gemici-anemostad\/","title":{"rendered":"Gemici Anemostad"},"content":{"rendered":"<h1>Gemici Anemostad<\/h1>\n<p><strong>Gemici anemostad<\/strong>; konfor havaland\u0131rma sistemlerinde s\u0131kl\u0131kla tercih edilen bir \u00fcr\u00fcnd\u00fcr. Geni\u015f kullan\u0131m alan\u0131na sahip olan \u00fcr\u00fcn; farkl\u0131 malzemelerden \u00fcretilebilir. Genellikle al\u00fcminyum malzemeden \u00fcretilse de bunun yan\u0131 s\u0131ra galvaniz sacdan imal edildi\u011fi de g\u00f6r\u00fclmektedir. Standart olarak yayl\u0131 imal edilmekte ve farkl\u0131 \u00e7e\u015fitleri b\u00fcnyesinde bar\u0131nd\u0131rmaktad\u0131r.<\/p>\n<p>D\u00fc\u015f\u00fck ya da orta bas\u0131n\u00e7l\u0131 so\u011futma; \u0131s\u0131tma; iklimlendirme ya da havaland\u0131rma sistemlerinde tercih edilen \u00fcr\u00fcn \u00f6zel bir tasar\u0131ma sahiptir. \u00dcfleme fonksiyonunun yan\u0131 s\u0131ra emi\u015f amac\u0131yla da tercih edilebilir. Sahip oldu\u011fu \u00f6zellikler sayesinde rahat ve kolay bir \u015fekilde montaj\u0131 ger\u00e7ekle\u015ftirilebilir.<\/p>\n<h2>Gemici Anemostad Nedir; Ne \u0130\u015fe Yarar?<\/h2>\n<p>Geni\u015f bir kullan\u0131m alan\u0131na sahip olan <strong>gemici anemostad<\/strong>; genellikle konfor havaland\u0131rma sistemlerinde kullan\u0131lan bir \u00fcr\u00fcn olarak sat\u0131\u015fa sunulur. D\u00fc\u015f\u00fck ya da orta bas\u0131n\u00e7l\u0131 iklimlendirme sistemlerinin yan\u0131 s\u0131ra havaland\u0131rma; so\u011futma ya da \u0131s\u0131tma sistemlerinde de tercih edilebilir. Kullan\u0131m alan\u0131n\u0131n farkl\u0131l\u0131k g\u00f6stermesi; \u00fcr\u00fcn fonksiyonunun da \u00e7e\u015fitlilik g\u00f6sterdi\u011fini belirtir.<\/p>\n<p>\u00dcfleme fonksiyonu; \u00fcr\u00fcn\u00fcn \u0131s\u0131tma ve so\u011futma sistemlerinde s\u0131kl\u0131kla tercih sebebi olmas\u0131n\u0131 sa\u011flar. Bunun yan\u0131 s\u0131ra emi\u015f g\u00fcc\u00fc; \u00fcr\u00fcn\u00fcn havaland\u0131rma sistemlerinin temel par\u00e7alar\u0131ndan biri olmas\u0131n\u0131 m\u00fcmk\u00fcn k\u0131lar. \u00dcr\u00fcn metal aksam i\u00e7ermez; \u00fcr\u00fcn\u00fcn tamam\u0131nda ABS plastik tercih edilmi\u015ftir. Y\u00fczey kalitesinin y\u00fcksek olmas\u0131; her ortamla uyum sa\u011flamas\u0131n\u0131 ve sorunsuz bir \u015fekilde kullan\u0131labilmesini olanakl\u0131 hale getirir.<\/p>\n<h3>Gemici Anemostad Nedir?<\/h3>\n<p>\u00d6zel tasar\u0131m \u00fcr\u00fcnler aras\u0131nda yer alan <strong>gemici anemostad<\/strong>; da\u011f\u0131t\u0131c\u0131 ya da toplay\u0131c\u0131 tip olarak farkl\u0131 alanlarda kullan\u0131labilen bir \u00fcr\u00fcnd\u00fcr. Banyo; tuvalet ba\u015fta olmak \u00fczere bir\u00e7ok alanda tercih edilen \u00fcr\u00fcn; y\u00fcksek emi\u015f g\u00fcc\u00fcne sahiptir. Bunun yan\u0131 s\u0131ra \u00fcfleme fonksiyonu; ortam\u0131n \u0131s\u0131 de\u011ferinin ayarlanmas\u0131 amac\u0131yla kullan\u0131labilmesine olanak tan\u0131r.<\/p>\n<p>\u00dcr\u00fcn\u00fcn imalat\u0131nda genellikle al\u00fcminyum ya da galvaniz sac kullan\u0131l\u0131r. Entegre yap\u0131s\u0131; par\u00e7alar aras\u0131 hava ka\u00e7aklar\u0131n\u0131n giderilebilmesini sa\u011flar. \u00dczerinde yer alan montaj bilezi\u011fi; \u00fcr\u00fcn\u00fcn h\u0131zl\u0131 ve pratik bir \u015fekilde montaj\u0131n\u0131 olanakl\u0131 hale getirir. Sahip oldu\u011fu \u00f6zellikler sayesinde anemostad tavan ve al\u0131n montaj\u0131na olduk\u00e7a uygun bir \u00fcr\u00fcn olarak sat\u0131\u015fa sunulur.<\/p>\n<h3>Gemici Anemostad Ne \u0130\u015fe Yarar?<\/h3>\n<p>Gemici anemostad; bir\u00e7ok \u00f6zelli\u011fi b\u00fcnyesinde bar\u0131nd\u0131ran ve s\u0131kl\u0131kla tercih edilen bir \u00fcr\u00fcnd\u00fcr. Sahip oldu\u011fu \u00f6zellikleri genel hatlar\u0131yla a\u015fa\u011f\u0131daki gibi s\u0131ralamak m\u00fcmk\u00fcnd\u00fcr:<\/p>\n<ul>\n<li>D\u00fc\u015f\u00fck ve orta bas\u0131n\u00e7ta \u00e7al\u0131\u015fabilen \u0131s\u0131tma ve so\u011futma sistemlerinin yan\u0131 s\u0131ra havaland\u0131rma sistemlerinde de tercih edilebilir.<\/li>\n<li>Aerodinamik tasar\u0131m\u0131; minimum bas\u0131n\u00e7 de\u011feri kayb\u0131 sunar.<\/li>\n<li>Y\u00fcksek y\u00fczey kalitesi; her ortamla estetik bir uyum sa\u011flamas\u0131n\u0131 m\u00fcmk\u00fcn k\u0131lar.<\/li>\n<li>Montaj bilezi\u011fi; \u00e7ok k\u0131sa s\u00fcrede montaj\u0131n\u0131 olanakl\u0131 hale getirir.<\/li>\n<li>\u00dcfleme ve emi\u015f kanallar\u0131nda rahatl\u0131kla tercih edilebilir.<\/li>\n<li>Genellikle k\u00f6r kasal\u0131 imal edilir. Bunun yan\u0131 s\u0131ra spot yayl\u0131 olarak da imal edilebilir.<\/li>\n<li>Banyo alanlar\u0131n\u0131n yan\u0131 s\u0131ra tuvalet ve du\u015f alanlar\u0131nda da tercih edilebilir.<\/li>\n<\/ul>\n<p>Belirtilen \u00f6zelliklerin her biri; \u00fcr\u00fcn\u00fcn geni\u015f bir kullan\u0131m alan\u0131na sahip olmas\u0131n\u0131 olanakl\u0131 k\u0131lar. Y\u00fcksek emi\u015f g\u00fcc\u00fc sayesinde havaland\u0131rma sistemlerinde tercih edilebilen \u00fcr\u00fcn; bunun yan\u0131 s\u0131ra \u0131s\u0131tma ve so\u011futma sistemlerinin bir par\u00e7as\u0131 olarak da kullan\u0131labilir.<\/p>\n<h3>Gemici Anemostad Nerelerde Kullan\u0131l\u0131r?<\/h3>\n<p>Yenilik\u00e7i \u00f6zellikleriyle dikkatleri \u00fczerine \u00e7eken <strong>gemici anemostad<\/strong>; farkl\u0131 alanlarda kullan\u0131labilen bir \u00fcr\u00fcn olma \u00f6zelli\u011fine sahiptir. Genellikle du\u015f ya da banyo alanlar\u0131nda kullan\u0131lsa da tuvalet alanlar\u0131nda da tercih edildi\u011fini s\u00f6ylemek m\u00fcmk\u00fcnd\u00fcr. \u00dcr\u00fcn\u00fcn g\u00f6bek k\u0131sm\u0131nda yer alan ayar c\u0131vatas\u0131; hava debisinin istenilen \u00f6l\u00e7\u00fcde ve kolay bir \u015fekilde ayarlanmas\u0131n\u0131 sa\u011flar.<\/p>\n<p>Montaj\u0131n belirlenen standartlarda ger\u00e7ekle\u015ftirilmesi; \u00fcr\u00fcnden \u00e7ok daha fazla verim al\u0131nmas\u0131n\u0131 olanakl\u0131 hale getirir. \u00dcr\u00fcnde yer alan montaj bilezi\u011fi; \u00fcr\u00fcn\u00fcn belirlenen alana k\u0131sa s\u00fcrede montaj edilmesini sa\u011flar. Ayr\u0131ca kaliteli yap\u0131s\u0131 sayesinde uzun s\u00fcreli kullan\u0131labilir.<\/p>\n<p>D\u00fc\u015f\u00fck ve orta bas\u0131n\u00e7ta \u00e7al\u0131\u015fan \u0131s\u0131tma, so\u011futma, havaland\u0131rma ve iklimlendirme sistemleri i\u00e7in \u00f6zel tasar\u0131m, hem \u00fcfleme hem de emi\u015f amac\u0131yla kullan\u0131labilir, aerodinamik tasar\u0131m\u0131 sayesinde \u00e7ok d\u00fc\u015f\u00fck bas\u0131n\u00e7 kayb\u0131 de\u011feri sunar, metal aksam i\u00e7ermeyen, tamam\u0131 ABS plastikten mamuld\u00fcr, y\u00fcksek y\u00fczey kalitesi sayesinde her ortamla estetik uyum sa\u011flar, entegre yap\u0131s\u0131 sayesinde par\u00e7alar aras\u0131 hava ka\u00e7aklar\u0131 giderilmi\u015ftir, montaj bilezi\u011fi sayesinde 1 dakikada kolay montaj imkan\u0131 sunar.<\/p>\n<ul>\n<li>D\u00fc\u015f\u00fck ve orta bas\u0131n\u00e7ta \u00e7al\u0131\u015fan \u0131s\u0131tma, so\u011futma, havaland\u0131rma ve iklimlendirme sistemleri i\u00e7in \u00f6zel tasar\u0131m<\/li>\n<li>Hem \u00fcfleme hem de emi\u015f amac\u0131yla kullan\u0131labilir<\/li>\n<li>Aerodinamik tasar\u0131m\u0131 sayesinde \u00e7ok d\u00fc\u015f\u00fck bas\u0131n\u00e7 kayb\u0131 de\u011feri sunar<\/li>\n<li>Metal aksam i\u00e7ermeyen, tamam\u0131 ABS plastikten mamuld\u00fcr<\/li>\n<li>Y\u00fcksek y\u00fczey kalitesi sayesinde her ortamla estetik uyum sa\u011flar<\/li>\n<li>Entegre yap\u0131s\u0131 sayesinde par\u00e7alar aras\u0131 hava ka\u00e7aklar\u0131 giderilmi\u015ftir<\/li>\n<li>Montaj bilezi\u011fi sayesinde 1 dakikada kolay montaj imkan\u0131 sunar<\/li>\n<\/ul>\n<p>&nbsp;<\/p>\n<p><a href=\"https:\/\/govalf.com\/iletisim\/\">\u0130leti\u015fim<\/a><\/p>\n<p>&nbsp;<\/p>\n","protected":false},"excerpt":{"rendered":"<p>Gemici Anemostad Gemici anemostad; konfor havaland\u0131rma sistemlerinde s\u0131kl\u0131kla tercih edilen bir \u00fcr\u00fcnd\u00fcr. Geni\u015f kullan\u0131m alan\u0131na sahip olan \u00fcr\u00fcn; farkl\u0131 malzemelerden \u00fcretilebilir. Genellikle al\u00fcminyum malzemeden \u00fcretilse de bunun yan\u0131 s\u0131ra galvaniz sacdan imal edildi\u011fi de g\u00f6r\u00fclmektedir. Standart olarak yayl\u0131 imal edilmekte ve farkl\u0131 \u00e7e\u015fitleri b\u00fcnyesinde bar\u0131nd\u0131rmaktad\u0131r. D\u00fc\u015f\u00fck ya da orta bas\u0131n\u00e7l\u0131 so\u011futma; \u0131s\u0131tma; iklimlendirme ya da [&hellip;]<\/p>\n","protected":false},"featured_media":3658,"comment_status":"open","ping_status":"closed","template":"","meta":{"_acf_changed":false},"product_brand":[],"product_cat":[99],"product_tag":[],"class_list":{"0":"post-3657","1":"product","2":"type-product","3":"status-publish","4":"has-post-thumbnail","6":"product_cat-esnek-hava-kanallari","8":"first","9":"instock","10":"shipping-taxable","11":"product-type-simple"},"acf":[],"yoast_head":"<!-- This site is optimized with the Yoast SEO plugin v27.4 - https:\/\/yoast.com\/product\/yoast-seo-wordpress\/ -->\n<title>Gemici Anemostad - Go Valf Vana ve Pompa Sistemleri<\/title>\n<meta name=\"description\" content=\"Gemici anemostad; konfor havaland\u0131rma sistemlerinde s\u0131kl\u0131kla tercih edilen bir \u00fcr\u00fcnd\u00fcr. Geni\u015f kullan\u0131m alan\u0131na sahip olan \u00fcr\u00fcn;\" \/>\n<meta name=\"robots\" content=\"index, follow, max-snippet:-1, max-image-preview:large, max-video-preview:-1\" \/>\n<link rel=\"canonical\" href=\"https:\/\/govalf.com\/tr\/product\/gemici-anemostad\/\" \/>\n<meta property=\"og:locale\" content=\"tr_TR\" \/>\n<meta property=\"og:type\" content=\"article\" \/>\n<meta property=\"og:title\" content=\"Gemici Anemostad - Go Valf Vana ve Pompa Sistemleri\" \/>\n<meta property=\"og:description\" content=\"Gemici anemostad; konfor havaland\u0131rma sistemlerinde s\u0131kl\u0131kla tercih edilen bir \u00fcr\u00fcnd\u00fcr. Geni\u015f kullan\u0131m alan\u0131na sahip olan \u00fcr\u00fcn;\" \/>\n<meta property=\"og:url\" content=\"https:\/\/govalf.com\/tr\/product\/gemici-anemostad\/\" \/>\n<meta property=\"og:site_name\" content=\"Go Valf Vana ve Pompa Sistemleri\" \/>\n<meta property=\"article:modified_time\" content=\"2022-05-27T07:13:47+00:00\" \/>\n<meta property=\"og:image\" content=\"https:\/\/govalf.com\/wp-content\/uploads\/2022\/03\/GEMI\u0307CI\u0307-ANEMOSTAD-1024x1024.png\" \/>\n\t<meta property=\"og:image:width\" content=\"1024\" \/>\n\t<meta property=\"og:image:height\" content=\"1024\" \/>\n\t<meta property=\"og:image:type\" content=\"image\/png\" \/>\n<meta name=\"twitter:card\" content=\"summary_large_image\" \/>\n<meta name=\"twitter:label1\" content=\"Tahmini okuma s\u00fcresi\" \/>\n\t<meta name=\"twitter:data1\" content=\"5 dakika\" \/>\n<script type=\"application\/ld+json\" class=\"yoast-schema-graph\">{\"@context\":\"https:\\\/\\\/schema.org\",\"@graph\":[{\"@type\":\"WebPage\",\"@id\":\"https:\\\/\\\/govalf.com\\\/tr\\\/product\\\/gemici-anemostad\\\/\",\"url\":\"https:\\\/\\\/govalf.com\\\/tr\\\/product\\\/gemici-anemostad\\\/\",\"name\":\"Gemici Anemostad - Go Valf Vana ve Pompa Sistemleri\",\"isPartOf\":{\"@id\":\"https:\\\/\\\/govalf.com\\\/ar\\\/#website\"},\"primaryImageOfPage\":{\"@id\":\"https:\\\/\\\/govalf.com\\\/tr\\\/product\\\/gemici-anemostad\\\/#primaryimage\"},\"image\":{\"@id\":\"https:\\\/\\\/govalf.com\\\/tr\\\/product\\\/gemici-anemostad\\\/#primaryimage\"},\"thumbnailUrl\":\"https:\\\/\\\/govalf.com\\\/wp-content\\\/uploads\\\/2022\\\/03\\\/GEMI\u0307CI\u0307-ANEMOSTAD.png\",\"datePublished\":\"2022-03-06T15:07:34+00:00\",\"dateModified\":\"2022-05-27T07:13:47+00:00\",\"description\":\"Gemici anemostad; konfor havaland\u0131rma sistemlerinde s\u0131kl\u0131kla tercih edilen bir \u00fcr\u00fcnd\u00fcr. Geni\u015f kullan\u0131m alan\u0131na sahip olan \u00fcr\u00fcn;\",\"breadcrumb\":{\"@id\":\"https:\\\/\\\/govalf.com\\\/tr\\\/product\\\/gemici-anemostad\\\/#breadcrumb\"},\"inLanguage\":\"tr\",\"potentialAction\":[{\"@type\":\"ReadAction\",\"target\":[\"https:\\\/\\\/govalf.com\\\/tr\\\/product\\\/gemici-anemostad\\\/\"]}]},{\"@type\":\"ImageObject\",\"inLanguage\":\"tr\",\"@id\":\"https:\\\/\\\/govalf.com\\\/tr\\\/product\\\/gemici-anemostad\\\/#primaryimage\",\"url\":\"https:\\\/\\\/govalf.com\\\/wp-content\\\/uploads\\\/2022\\\/03\\\/GEMI\u0307CI\u0307-ANEMOSTAD.png\",\"contentUrl\":\"https:\\\/\\\/govalf.com\\\/wp-content\\\/uploads\\\/2022\\\/03\\\/GEMI\u0307CI\u0307-ANEMOSTAD.png\",\"width\":5000,\"height\":5000,\"caption\":\"Gemici Anemostad\"},{\"@type\":\"BreadcrumbList\",\"@id\":\"https:\\\/\\\/govalf.com\\\/tr\\\/product\\\/gemici-anemostad\\\/#breadcrumb\",\"itemListElement\":[{\"@type\":\"ListItem\",\"position\":1,\"name\":\"Anasayfa\",\"item\":\"https:\\\/\\\/govalf.com\\\/tr\\\/\"},{\"@type\":\"ListItem\",\"position\":2,\"name\":\"Products\",\"item\":\"https:\\\/\\\/govalf.com\\\/ar\\\/urunler%d9%85%d9%86%d8%aa%d8%ac%d8%a7%d8%aa\\\/\"},{\"@type\":\"ListItem\",\"position\":3,\"name\":\"Gemici Anemostad\"}]},{\"@type\":\"WebSite\",\"@id\":\"https:\\\/\\\/govalf.com\\\/ar\\\/#website\",\"url\":\"https:\\\/\\\/govalf.com\\\/ar\\\/\",\"name\":\"Go Valf Vana ve Pompa Sistemleri\",\"description\":\"Yang\u0131n S\u00f6nd\u00fcrme Sistemleri ve Ekipmanlar\u0131\",\"publisher\":{\"@id\":\"https:\\\/\\\/govalf.com\\\/ar\\\/#organization\"},\"potentialAction\":[{\"@type\":\"SearchAction\",\"target\":{\"@type\":\"EntryPoint\",\"urlTemplate\":\"https:\\\/\\\/govalf.com\\\/ar\\\/?s={search_term_string}\"},\"query-input\":{\"@type\":\"PropertyValueSpecification\",\"valueRequired\":true,\"valueName\":\"search_term_string\"}}],\"inLanguage\":\"tr\"},{\"@type\":\"Organization\",\"@id\":\"https:\\\/\\\/govalf.com\\\/ar\\\/#organization\",\"name\":\"Go Valf\",\"url\":\"https:\\\/\\\/govalf.com\\\/ar\\\/\",\"logo\":{\"@type\":\"ImageObject\",\"inLanguage\":\"tr\",\"@id\":\"https:\\\/\\\/govalf.com\\\/ar\\\/#\\\/schema\\\/logo\\\/image\\\/\",\"url\":\"https:\\\/\\\/govalf.com\\\/wp-content\\\/uploads\\\/2022\\\/02\\\/go-valf-logo.png\",\"contentUrl\":\"https:\\\/\\\/govalf.com\\\/wp-content\\\/uploads\\\/2022\\\/02\\\/go-valf-logo.png\",\"width\":504,\"height\":120,\"caption\":\"Go Valf\"},\"image\":{\"@id\":\"https:\\\/\\\/govalf.com\\\/ar\\\/#\\\/schema\\\/logo\\\/image\\\/\"}}]}<\/script>\n<!-- \/ Yoast SEO plugin. -->","yoast_head_json":{"title":"Gemici Anemostad - Go Valf Vana ve Pompa Sistemleri","description":"Gemici anemostad; konfor havaland\u0131rma sistemlerinde s\u0131kl\u0131kla tercih edilen bir \u00fcr\u00fcnd\u00fcr. Geni\u015f kullan\u0131m alan\u0131na sahip olan \u00fcr\u00fcn;","robots":{"index":"index","follow":"follow","max-snippet":"max-snippet:-1","max-image-preview":"max-image-preview:large","max-video-preview":"max-video-preview:-1"},"canonical":"https:\/\/govalf.com\/tr\/product\/gemici-anemostad\/","og_locale":"tr_TR","og_type":"article","og_title":"Gemici Anemostad - Go Valf Vana ve Pompa Sistemleri","og_description":"Gemici anemostad; konfor havaland\u0131rma sistemlerinde s\u0131kl\u0131kla tercih edilen bir \u00fcr\u00fcnd\u00fcr. Geni\u015f kullan\u0131m alan\u0131na sahip olan \u00fcr\u00fcn;","og_url":"https:\/\/govalf.com\/tr\/product\/gemici-anemostad\/","og_site_name":"Go Valf Vana ve Pompa Sistemleri","article_modified_time":"2022-05-27T07:13:47+00:00","og_image":[{"width":1024,"height":1024,"url":"https:\/\/govalf.com\/wp-content\/uploads\/2022\/03\/GEMI\u0307CI\u0307-ANEMOSTAD-1024x1024.png","type":"image\/png"}],"twitter_card":"summary_large_image","twitter_misc":{"Tahmini okuma s\u00fcresi":"5 dakika"},"schema":{"@context":"https:\/\/schema.org","@graph":[{"@type":"WebPage","@id":"https:\/\/govalf.com\/tr\/product\/gemici-anemostad\/","url":"https:\/\/govalf.com\/tr\/product\/gemici-anemostad\/","name":"Gemici Anemostad - Go Valf Vana ve Pompa Sistemleri","isPartOf":{"@id":"https:\/\/govalf.com\/ar\/#website"},"primaryImageOfPage":{"@id":"https:\/\/govalf.com\/tr\/product\/gemici-anemostad\/#primaryimage"},"image":{"@id":"https:\/\/govalf.com\/tr\/product\/gemici-anemostad\/#primaryimage"},"thumbnailUrl":"https:\/\/govalf.com\/wp-content\/uploads\/2022\/03\/GEMI\u0307CI\u0307-ANEMOSTAD.png","datePublished":"2022-03-06T15:07:34+00:00","dateModified":"2022-05-27T07:13:47+00:00","description":"Gemici anemostad; konfor havaland\u0131rma sistemlerinde s\u0131kl\u0131kla tercih edilen bir \u00fcr\u00fcnd\u00fcr. Geni\u015f kullan\u0131m alan\u0131na sahip olan \u00fcr\u00fcn;","breadcrumb":{"@id":"https:\/\/govalf.com\/tr\/product\/gemici-anemostad\/#breadcrumb"},"inLanguage":"tr","potentialAction":[{"@type":"ReadAction","target":["https:\/\/govalf.com\/tr\/product\/gemici-anemostad\/"]}]},{"@type":"ImageObject","inLanguage":"tr","@id":"https:\/\/govalf.com\/tr\/product\/gemici-anemostad\/#primaryimage","url":"https:\/\/govalf.com\/wp-content\/uploads\/2022\/03\/GEMI\u0307CI\u0307-ANEMOSTAD.png","contentUrl":"https:\/\/govalf.com\/wp-content\/uploads\/2022\/03\/GEMI\u0307CI\u0307-ANEMOSTAD.png","width":5000,"height":5000,"caption":"Gemici Anemostad"},{"@type":"BreadcrumbList","@id":"https:\/\/govalf.com\/tr\/product\/gemici-anemostad\/#breadcrumb","itemListElement":[{"@type":"ListItem","position":1,"name":"Anasayfa","item":"https:\/\/govalf.com\/tr\/"},{"@type":"ListItem","position":2,"name":"Products","item":"https:\/\/govalf.com\/ar\/urunler%d9%85%d9%86%d8%aa%d8%ac%d8%a7%d8%aa\/"},{"@type":"ListItem","position":3,"name":"Gemici Anemostad"}]},{"@type":"WebSite","@id":"https:\/\/govalf.com\/ar\/#website","url":"https:\/\/govalf.com\/ar\/","name":"Go Valf Vana ve Pompa Sistemleri","description":"Yang\u0131n S\u00f6nd\u00fcrme Sistemleri ve Ekipmanlar\u0131","publisher":{"@id":"https:\/\/govalf.com\/ar\/#organization"},"potentialAction":[{"@type":"SearchAction","target":{"@type":"EntryPoint","urlTemplate":"https:\/\/govalf.com\/ar\/?s={search_term_string}"},"query-input":{"@type":"PropertyValueSpecification","valueRequired":true,"valueName":"search_term_string"}}],"inLanguage":"tr"},{"@type":"Organization","@id":"https:\/\/govalf.com\/ar\/#organization","name":"Go Valf","url":"https:\/\/govalf.com\/ar\/","logo":{"@type":"ImageObject","inLanguage":"tr","@id":"https:\/\/govalf.com\/ar\/#\/schema\/logo\/image\/","url":"https:\/\/govalf.com\/wp-content\/uploads\/2022\/02\/go-valf-logo.png","contentUrl":"https:\/\/govalf.com\/wp-content\/uploads\/2022\/02\/go-valf-logo.png","width":504,"height":120,"caption":"Go Valf"},"image":{"@id":"https:\/\/govalf.com\/ar\/#\/schema\/logo\/image\/"}}]}},"_links":{"self":[{"href":"https:\/\/govalf.com\/tr\/wp-json\/wp\/v2\/product\/3657","targetHints":{"allow":["GET"]}}],"collection":[{"href":"https:\/\/govalf.com\/tr\/wp-json\/wp\/v2\/product"}],"about":[{"href":"https:\/\/govalf.com\/tr\/wp-json\/wp\/v2\/types\/product"}],"replies":[{"embeddable":true,"href":"https:\/\/govalf.com\/tr\/wp-json\/wp\/v2\/comments?post=3657"}],"wp:featuredmedia":[{"embeddable":true,"href":"https:\/\/govalf.com\/tr\/wp-json\/wp\/v2\/media\/3658"}],"wp:attachment":[{"href":"https:\/\/govalf.com\/tr\/wp-json\/wp\/v2\/media?parent=3657"}],"wp:term":[{"taxonomy":"product_brand","embeddable":true,"href":"https:\/\/govalf.com\/tr\/wp-json\/wp\/v2\/product_brand?post=3657"},{"taxonomy":"product_cat","embeddable":true,"href":"https:\/\/govalf.com\/tr\/wp-json\/wp\/v2\/product_cat?post=3657"},{"taxonomy":"product_tag","embeddable":true,"href":"https:\/\/govalf.com\/tr\/wp-json\/wp\/v2\/product_tag?post=3657"}],"curies":[{"name":"wp","href":"https:\/\/api.w.org\/{rel}","templated":true}]}}