{"id":3720,"date":"2022-03-11T11:30:53","date_gmt":"2022-03-11T11:30:53","guid":{"rendered":"https:\/\/govalf.com\/?post_type=product&#038;p=3720"},"modified":"2022-05-29T16:41:36","modified_gmt":"2022-05-29T16:41:36","slug":"slot-difuzor","status":"publish","type":"product","link":"https:\/\/govalf.com\/tr\/product\/slot-difuzor\/","title":{"rendered":"Slot Dif\u00fcz\u00f6r"},"content":{"rendered":"<h1><strong>Slot Dif\u00fcz\u00f6r <\/strong><\/h1>\n<p><strong>Slot Dif\u00fcz\u00f6r<\/strong>; iklimlendirmenin hemen her alan\u0131nda kullan\u0131labilen bir par\u00e7ad\u0131r. Hava da\u011f\u0131l\u0131m\u0131n\u0131 optimize etme g\u00f6revine sahip olan bu par\u00e7a, ayn\u0131 zamanda hava debisini ayarlama i\u015flevine de sahiptir. Dolay\u0131s\u0131yla Slot Dif\u00fcz\u00f6r\u00fcn iklimlendirme \u00e7\u00f6z\u00fcmlerinde olduk\u00e7a kritik bir g\u00f6revi oldu\u011fu s\u00f6ylenebilir. Sistemin ama\u00e7lar\u0131na uygun \u015fekilde \u00e7al\u0131\u015fmas\u0131n\u0131 sa\u011flayan bu par\u00e7a, uzun ve ince bir yap\u0131ya sahiptir. Tasar\u0131m\u0131n\u0131n di\u011fer dif\u00fcz\u00f6rlere g\u00f6re estetik bir yap\u0131ya sahip olmas\u0131, ya\u015fam alanlar\u0131nda dekoratif olarak da kullan\u0131labilmesini m\u00fcmk\u00fcn k\u0131lar. \u00d6zellikle merkezi \u0131s\u0131nma ya da so\u011futma \u00e7\u00f6z\u00fcmlerinde Slot Dif\u00fcz\u00f6rler yayg\u0131n olarak kullan\u0131l\u0131r.<\/p>\n<h2><strong>Slot Dif\u00fcz\u00f6r Nedir, Ne \u0130\u015fe Yarar?<\/strong><\/h2>\n<p><strong>Slot Dif\u00fcz\u00f6r<\/strong>, bir di\u011fer ismi \u201cLineer Slot Dif\u00fcz\u00f6r\u00fc\u201d olan iklimlendirme sistemlerinin bir par\u00e7as\u0131d\u0131r. Merkezi sistemlerde bu par\u00e7an\u0131n g\u00f6revi; yap\u0131 i\u00e7indeki havay\u0131 da\u011f\u0131tmakt\u0131r. Bu g\u00f6revi metal kanallar kullanarak ger\u00e7ekle\u015ftirir. Dif\u00fcz\u00f6r\u00fcn \u00e7al\u0131\u015fma prensibi ise bir odada bulunan havan\u0131n farkl\u0131 terminaller yard\u0131m\u0131yla di\u011fer odalara aktar\u0131lmas\u0131n\u0131 sa\u011flama \u00fczerinedir.<\/p>\n<p>B\u00f6ylelikle hava ak\u0131\u015f\u0131 iyile\u015ftirilir ve talep edilen standarda sahip olur. Ayn\u0131 zamanda \u0131s\u0131nma ve so\u011futma \u00e7\u00f6z\u00fcmlerinde de yine Slot Dif\u00fcz\u00f6r\u00fcn bu i\u015flevinin kullan\u0131lmas\u0131 m\u00fcmk\u00fcnd\u00fcr. Merkezi olarak \u00fcretilen so\u011fuk ya da s\u0131cak hava yine terminaller yard\u0131m\u0131yla farkl\u0131 kanallara da\u011f\u0131t\u0131labilir. Dif\u00fcz\u00f6rler, \u00e7o\u011funlukla merkezden ald\u0131\u011f\u0131 havay\u0131 da\u011f\u0131tmak ad\u0131na ayarlanabilir kanatlara sahiptir. Bu kanatlar, havan\u0131n kontrol edilerek inisiyatif do\u011frultusunda taleplere en uygun \u015fekilde da\u011f\u0131t\u0131labilmesini sa\u011flar.<\/p>\n<h3><strong>Slot Dif\u00fcz\u00f6r Nedir?<\/strong><\/h3>\n<p><strong>Slot Dif\u00fcz\u00f6r<\/strong>, \u00f6zellikle in\u015faat sekt\u00f6r\u00fcnde yayg\u0131n olarak tercih edilen bir havaland\u0131rma \u00e7\u00f6z\u00fcm\u00fcd\u00fcr. \u00c7o\u011funlukla tavanlara konumland\u0131r\u0131lan bu par\u00e7alar talep edilmesi durumunda al\u00e7\u0131pan ve duvar i\u00e7in de uygunluk ta\u015f\u0131r. Hatta talep edilmesi durumunda dif\u00fcz\u00f6r\u00fcn zemin b\u00f6lgelerinden birine konumland\u0131r\u0131lmas\u0131 da olanakl\u0131d\u0131r. Geni\u015f yelpazeli kullan\u0131m alan\u0131 olmas\u0131, Slot Dif\u00fcz\u00f6r\u00fcn s\u0131kl\u0131kla tercih edilmesinin en \u00f6nemli nedenidir.<\/p>\n<p>Slot Dif\u00fcz\u00f6r\u00fcn sa\u011flad\u0131\u011f\u0131 en \u00f6nemli avantaj, klasik dif\u00fcz\u00f6rlere g\u00f6re tasar\u0131m\u0131n\u0131n daha verimli bir yap\u0131ya sahip olmas\u0131d\u0131r. Geleneksel tasar\u0131mlarda oval ve yuvarlak tasar\u0131mlar benimsenirken bu tasar\u0131m, par\u00e7an\u0131n oda i\u00e7erisinde uygun \u015fekilde konumland\u0131r\u0131lmas\u0131na engel te\u015fkil edebilir. Slot Dif\u00fcz\u00f6rde ise durum bundan farkl\u0131d\u0131r. \u0130nce ve uzun yap\u0131ya sahip olmas\u0131, estetik anlamda her alanda kullan\u0131labilmesini sa\u011flam\u0131\u015ft\u0131r.<\/p>\n<h3><strong>Slot Dif\u00fcz\u00f6r Ne \u0130\u015fe Yarar?<\/strong><\/h3>\n<p><strong>Slot Dif\u00fcz\u00f6r<\/strong> dikey ve yatay at\u0131\u015flar yapmak i\u00e7in uygun bir tasar\u0131ma sahiptir. Dolay\u0131s\u0131yla konumland\u0131r\u0131l\u0131rken bu durumun da \u00f6nemli bir avantaj vadetti\u011fi s\u00f6ylenebilir. ETIAL \u2013 60 standartlar\u0131na uygun olan dif\u00fcz\u00f6r, tasar\u0131m\u0131n yan\u0131 s\u0131ra renklendirme konusunda da kullan\u0131c\u0131ya cazip avantajlar sunar. Arzu edilmesi durumunda elektrostatik toz boyalarla boyanmas\u0131 olanakl\u0131d\u0131r.<\/p>\n<p>Boyanabiliyor olmas\u0131, tasar\u0131m\u0131n\u0131n ortamda kolay adapte olmas\u0131 ve kullan\u0131m kolayl\u0131klar\u0131 nedeniyle Slot Dif\u00fcz\u00f6rler, dif\u00fcz\u00f6rler aras\u0131nda en \u00e7ok tercih edilenleridir. Bununla birlikte di\u011fer dif\u00fcz\u00f6rlere g\u00f6re biraz daha maliyetli oldu\u011funu s\u00f6ylemek olanakl\u0131d\u0131r. Slot Dif\u00fcz\u00f6rler; 1, 2,3 ya da 4 slottan olu\u015fan modellere sahiptir. \u0130htiya\u00e7lara g\u00f6re slot say\u0131s\u0131nda tercihte bulunarak iklimlendirme konusunda en verimli \u00e7\u00f6z\u00fcm elde etmek m\u00fcmk\u00fcnd\u00fcr.<\/p>\n<h3><strong>Slot Dif\u00fcz\u00f6r Nerelerde Kullan\u0131l\u0131r? <\/strong><\/h3>\n<p><strong>Slot Dif\u00fcz\u00f6r<\/strong>, iklimlendirme talebinin oldu\u011fu hemen her alanda kullan\u0131m i\u00e7in uygundur. Dif\u00fcz\u00f6rden en verimli at\u0131\u015f standard\u0131 elde etmek i\u00e7in konumlanaca\u011f\u0131 b\u00f6lgeye dikkat edilmelidir. Monte s\u00fcrecinde \u00e7e\u015fitli ek uygulamalarla olas\u0131 sorunlar \u00e7\u00f6z\u00fclebilir. G\u00fcn\u00fcm\u00fczde en yayg\u0131n olarak plenum kutular kullan\u0131lmak suretiyle monte edilir.<\/p>\n<p>Plenum kutular, en verimli at\u0131\u015f karakteristi\u011fi elde edilmesini sa\u011flarken ayn\u0131 zamanda izolasyon konusunda da etkiye sahiptir. Ayr\u0131ca bu kutulara ilave olarak kullan\u0131lan klapeler, dif\u00fcz\u00f6r\u00fcn kolayl\u0131kla ayarlanabilmesini imkanl\u0131 hale getirir. Slot Dif\u00fcz\u00f6rlerin monte s\u00fcrecinde ses izolasyonunun daha efektif bi\u00e7imde sa\u011flanmas\u0131 ad\u0131na galvaniz sacdan \u00fcretilen kutular da tercih edilebilir. Bu kutular, etkili bir ses izolasyonu sa\u011flarken akusti\u011fi de koruyacakt\u0131r.<\/p>\n<p><span style=\"font-size: 10.5pt; line-height: 107%; background: white;\">CHA tipi slot dif\u00fcz\u00f6rler tavan uygulamalar\u0131 i\u00e7in tasarlanm\u0131\u015flard\u0131r. Uygulama gereksinimlerine ba\u011fl\u0131 olarak hava debisini ayarlamak ve hava da\u011f\u0131l\u0131m\u0131n\u0131 optimize etmek i\u00e7in aksesuarlar\u0131 ile birlikte da\u011f\u0131t\u0131c\u0131 ve toplay\u0131c\u0131 sistemlerde kullan\u0131l\u0131rlar.\u00a0<\/span><\/p>\n<p><span style=\"font-size: 10.5pt; line-height: 107%; background: white;\">Kanatlar\u0131 ayarlanabilir \u00f6zelliktedirler. Kanat karakteristi\u011fi bak\u0131m\u0131ndan de\u011fi\u015fken efektif alanl\u0131 olup, yatay ve d\u00fc\u015fey at\u0131\u015flara uygundurlar. Y\u00fcksekli\u011fi 4 metreye kadar olan ortamlar i\u00e7in \u00f6nerilirler. \u00d6nerilen s\u0131cakl\u0131k fark\u0131 +\/- 10 \u00baC\u2019t\u0131r.<\/span><\/p>\n<p><a href=\"https:\/\/govalf.com\/iletisim\/\">\u0130leti\u015fim<\/a><\/p>\n","protected":false},"excerpt":{"rendered":"<p>Slot Dif\u00fcz\u00f6r Slot Dif\u00fcz\u00f6r; iklimlendirmenin hemen her alan\u0131nda kullan\u0131labilen bir par\u00e7ad\u0131r. Hava da\u011f\u0131l\u0131m\u0131n\u0131 optimize etme g\u00f6revine sahip olan bu par\u00e7a, ayn\u0131 zamanda hava debisini ayarlama i\u015flevine de sahiptir. Dolay\u0131s\u0131yla Slot Dif\u00fcz\u00f6r\u00fcn iklimlendirme \u00e7\u00f6z\u00fcmlerinde olduk\u00e7a kritik bir g\u00f6revi oldu\u011fu s\u00f6ylenebilir. Sistemin ama\u00e7lar\u0131na uygun \u015fekilde \u00e7al\u0131\u015fmas\u0131n\u0131 sa\u011flayan bu par\u00e7a, uzun ve ince bir yap\u0131ya sahiptir. Tasar\u0131m\u0131n\u0131n di\u011fer [&hellip;]<\/p>\n","protected":false},"featured_media":3721,"comment_status":"open","ping_status":"closed","template":"","meta":{"_acf_changed":false},"product_brand":[],"product_cat":[99],"product_tag":[],"class_list":{"0":"post-3720","1":"product","2":"type-product","3":"status-publish","4":"has-post-thumbnail","6":"product_cat-esnek-hava-kanallari","8":"first","9":"instock","10":"shipping-taxable","11":"product-type-simple"},"acf":[],"yoast_head":"<!-- This site is optimized with the Yoast SEO plugin v27.4 - https:\/\/yoast.com\/product\/yoast-seo-wordpress\/ -->\n<title>Slot Dif\u00fcz\u00f6r - Go Valf Vana ve Pompa Sistemleri<\/title>\n<meta name=\"description\" content=\"Slot Dif\u00fcz\u00f6r; iklimlendirmenin hemen her alan\u0131nda kullan\u0131labilen bir par\u00e7ad\u0131r. Hava da\u011f\u0131l\u0131m\u0131n\u0131 optimize etme g\u00f6revine sahip olan bu par\u00e7a\" \/>\n<meta name=\"robots\" content=\"index, follow, max-snippet:-1, max-image-preview:large, max-video-preview:-1\" \/>\n<link rel=\"canonical\" href=\"https:\/\/govalf.com\/tr\/product\/slot-difuzor\/\" \/>\n<meta property=\"og:locale\" content=\"tr_TR\" \/>\n<meta property=\"og:type\" content=\"article\" \/>\n<meta property=\"og:title\" content=\"Slot Dif\u00fcz\u00f6r - Go Valf Vana ve Pompa Sistemleri\" \/>\n<meta property=\"og:description\" content=\"Slot Dif\u00fcz\u00f6r; iklimlendirmenin hemen her alan\u0131nda kullan\u0131labilen bir par\u00e7ad\u0131r. Hava da\u011f\u0131l\u0131m\u0131n\u0131 optimize etme g\u00f6revine sahip olan bu par\u00e7a\" \/>\n<meta property=\"og:url\" content=\"https:\/\/govalf.com\/tr\/product\/slot-difuzor\/\" \/>\n<meta property=\"og:site_name\" content=\"Go Valf Vana ve Pompa Sistemleri\" \/>\n<meta property=\"article:modified_time\" content=\"2022-05-29T16:41:36+00:00\" \/>\n<meta property=\"og:image\" content=\"https:\/\/govalf.com\/wp-content\/uploads\/2022\/03\/SLOT-DI\u0307FU\u0308ZO\u0308R-1024x1024.png\" \/>\n\t<meta property=\"og:image:width\" content=\"1024\" \/>\n\t<meta property=\"og:image:height\" content=\"1024\" \/>\n\t<meta property=\"og:image:type\" content=\"image\/png\" \/>\n<meta name=\"twitter:card\" content=\"summary_large_image\" \/>\n<meta name=\"twitter:label1\" content=\"Tahmini okuma s\u00fcresi\" \/>\n\t<meta name=\"twitter:data1\" content=\"4 dakika\" \/>\n<script type=\"application\/ld+json\" class=\"yoast-schema-graph\">{\"@context\":\"https:\\\/\\\/schema.org\",\"@graph\":[{\"@type\":\"WebPage\",\"@id\":\"https:\\\/\\\/govalf.com\\\/tr\\\/product\\\/slot-difuzor\\\/\",\"url\":\"https:\\\/\\\/govalf.com\\\/tr\\\/product\\\/slot-difuzor\\\/\",\"name\":\"Slot Dif\u00fcz\u00f6r - Go Valf Vana ve Pompa Sistemleri\",\"isPartOf\":{\"@id\":\"https:\\\/\\\/govalf.com\\\/ar\\\/#website\"},\"primaryImageOfPage\":{\"@id\":\"https:\\\/\\\/govalf.com\\\/tr\\\/product\\\/slot-difuzor\\\/#primaryimage\"},\"image\":{\"@id\":\"https:\\\/\\\/govalf.com\\\/tr\\\/product\\\/slot-difuzor\\\/#primaryimage\"},\"thumbnailUrl\":\"https:\\\/\\\/govalf.com\\\/wp-content\\\/uploads\\\/2022\\\/03\\\/SLOT-DI\u0307FU\u0308ZO\u0308R.png\",\"datePublished\":\"2022-03-11T11:30:53+00:00\",\"dateModified\":\"2022-05-29T16:41:36+00:00\",\"description\":\"Slot Dif\u00fcz\u00f6r; iklimlendirmenin hemen her alan\u0131nda kullan\u0131labilen bir par\u00e7ad\u0131r. Hava da\u011f\u0131l\u0131m\u0131n\u0131 optimize etme g\u00f6revine sahip olan bu par\u00e7a\",\"breadcrumb\":{\"@id\":\"https:\\\/\\\/govalf.com\\\/tr\\\/product\\\/slot-difuzor\\\/#breadcrumb\"},\"inLanguage\":\"tr\",\"potentialAction\":[{\"@type\":\"ReadAction\",\"target\":[\"https:\\\/\\\/govalf.com\\\/tr\\\/product\\\/slot-difuzor\\\/\"]}]},{\"@type\":\"ImageObject\",\"inLanguage\":\"tr\",\"@id\":\"https:\\\/\\\/govalf.com\\\/tr\\\/product\\\/slot-difuzor\\\/#primaryimage\",\"url\":\"https:\\\/\\\/govalf.com\\\/wp-content\\\/uploads\\\/2022\\\/03\\\/SLOT-DI\u0307FU\u0308ZO\u0308R.png\",\"contentUrl\":\"https:\\\/\\\/govalf.com\\\/wp-content\\\/uploads\\\/2022\\\/03\\\/SLOT-DI\u0307FU\u0308ZO\u0308R.png\",\"width\":5000,\"height\":5000,\"caption\":\"Slot Dif\u00fcz\u00f6r\"},{\"@type\":\"BreadcrumbList\",\"@id\":\"https:\\\/\\\/govalf.com\\\/tr\\\/product\\\/slot-difuzor\\\/#breadcrumb\",\"itemListElement\":[{\"@type\":\"ListItem\",\"position\":1,\"name\":\"Anasayfa\",\"item\":\"https:\\\/\\\/govalf.com\\\/tr\\\/\"},{\"@type\":\"ListItem\",\"position\":2,\"name\":\"Products\",\"item\":\"https:\\\/\\\/govalf.com\\\/ar\\\/urunler%d9%85%d9%86%d8%aa%d8%ac%d8%a7%d8%aa\\\/\"},{\"@type\":\"ListItem\",\"position\":3,\"name\":\"Slot Dif\u00fcz\u00f6r\"}]},{\"@type\":\"WebSite\",\"@id\":\"https:\\\/\\\/govalf.com\\\/ar\\\/#website\",\"url\":\"https:\\\/\\\/govalf.com\\\/ar\\\/\",\"name\":\"Go Valf Vana ve Pompa Sistemleri\",\"description\":\"Yang\u0131n S\u00f6nd\u00fcrme Sistemleri ve Ekipmanlar\u0131\",\"publisher\":{\"@id\":\"https:\\\/\\\/govalf.com\\\/ar\\\/#organization\"},\"potentialAction\":[{\"@type\":\"SearchAction\",\"target\":{\"@type\":\"EntryPoint\",\"urlTemplate\":\"https:\\\/\\\/govalf.com\\\/ar\\\/?s={search_term_string}\"},\"query-input\":{\"@type\":\"PropertyValueSpecification\",\"valueRequired\":true,\"valueName\":\"search_term_string\"}}],\"inLanguage\":\"tr\"},{\"@type\":\"Organization\",\"@id\":\"https:\\\/\\\/govalf.com\\\/ar\\\/#organization\",\"name\":\"Go Valf\",\"url\":\"https:\\\/\\\/govalf.com\\\/ar\\\/\",\"logo\":{\"@type\":\"ImageObject\",\"inLanguage\":\"tr\",\"@id\":\"https:\\\/\\\/govalf.com\\\/ar\\\/#\\\/schema\\\/logo\\\/image\\\/\",\"url\":\"https:\\\/\\\/govalf.com\\\/wp-content\\\/uploads\\\/2022\\\/02\\\/go-valf-logo.png\",\"contentUrl\":\"https:\\\/\\\/govalf.com\\\/wp-content\\\/uploads\\\/2022\\\/02\\\/go-valf-logo.png\",\"width\":504,\"height\":120,\"caption\":\"Go Valf\"},\"image\":{\"@id\":\"https:\\\/\\\/govalf.com\\\/ar\\\/#\\\/schema\\\/logo\\\/image\\\/\"}}]}<\/script>\n<!-- \/ Yoast SEO plugin. -->","yoast_head_json":{"title":"Slot Dif\u00fcz\u00f6r - Go Valf Vana ve Pompa Sistemleri","description":"Slot Dif\u00fcz\u00f6r; iklimlendirmenin hemen her alan\u0131nda kullan\u0131labilen bir par\u00e7ad\u0131r. Hava da\u011f\u0131l\u0131m\u0131n\u0131 optimize etme g\u00f6revine sahip olan bu par\u00e7a","robots":{"index":"index","follow":"follow","max-snippet":"max-snippet:-1","max-image-preview":"max-image-preview:large","max-video-preview":"max-video-preview:-1"},"canonical":"https:\/\/govalf.com\/tr\/product\/slot-difuzor\/","og_locale":"tr_TR","og_type":"article","og_title":"Slot Dif\u00fcz\u00f6r - Go Valf Vana ve Pompa Sistemleri","og_description":"Slot Dif\u00fcz\u00f6r; iklimlendirmenin hemen her alan\u0131nda kullan\u0131labilen bir par\u00e7ad\u0131r. Hava da\u011f\u0131l\u0131m\u0131n\u0131 optimize etme g\u00f6revine sahip olan bu par\u00e7a","og_url":"https:\/\/govalf.com\/tr\/product\/slot-difuzor\/","og_site_name":"Go Valf Vana ve Pompa Sistemleri","article_modified_time":"2022-05-29T16:41:36+00:00","og_image":[{"width":1024,"height":1024,"url":"https:\/\/govalf.com\/wp-content\/uploads\/2022\/03\/SLOT-DI\u0307FU\u0308ZO\u0308R-1024x1024.png","type":"image\/png"}],"twitter_card":"summary_large_image","twitter_misc":{"Tahmini okuma s\u00fcresi":"4 dakika"},"schema":{"@context":"https:\/\/schema.org","@graph":[{"@type":"WebPage","@id":"https:\/\/govalf.com\/tr\/product\/slot-difuzor\/","url":"https:\/\/govalf.com\/tr\/product\/slot-difuzor\/","name":"Slot Dif\u00fcz\u00f6r - Go Valf Vana ve Pompa Sistemleri","isPartOf":{"@id":"https:\/\/govalf.com\/ar\/#website"},"primaryImageOfPage":{"@id":"https:\/\/govalf.com\/tr\/product\/slot-difuzor\/#primaryimage"},"image":{"@id":"https:\/\/govalf.com\/tr\/product\/slot-difuzor\/#primaryimage"},"thumbnailUrl":"https:\/\/govalf.com\/wp-content\/uploads\/2022\/03\/SLOT-DI\u0307FU\u0308ZO\u0308R.png","datePublished":"2022-03-11T11:30:53+00:00","dateModified":"2022-05-29T16:41:36+00:00","description":"Slot Dif\u00fcz\u00f6r; iklimlendirmenin hemen her alan\u0131nda kullan\u0131labilen bir par\u00e7ad\u0131r. Hava da\u011f\u0131l\u0131m\u0131n\u0131 optimize etme g\u00f6revine sahip olan bu par\u00e7a","breadcrumb":{"@id":"https:\/\/govalf.com\/tr\/product\/slot-difuzor\/#breadcrumb"},"inLanguage":"tr","potentialAction":[{"@type":"ReadAction","target":["https:\/\/govalf.com\/tr\/product\/slot-difuzor\/"]}]},{"@type":"ImageObject","inLanguage":"tr","@id":"https:\/\/govalf.com\/tr\/product\/slot-difuzor\/#primaryimage","url":"https:\/\/govalf.com\/wp-content\/uploads\/2022\/03\/SLOT-DI\u0307FU\u0308ZO\u0308R.png","contentUrl":"https:\/\/govalf.com\/wp-content\/uploads\/2022\/03\/SLOT-DI\u0307FU\u0308ZO\u0308R.png","width":5000,"height":5000,"caption":"Slot Dif\u00fcz\u00f6r"},{"@type":"BreadcrumbList","@id":"https:\/\/govalf.com\/tr\/product\/slot-difuzor\/#breadcrumb","itemListElement":[{"@type":"ListItem","position":1,"name":"Anasayfa","item":"https:\/\/govalf.com\/tr\/"},{"@type":"ListItem","position":2,"name":"Products","item":"https:\/\/govalf.com\/ar\/urunler%d9%85%d9%86%d8%aa%d8%ac%d8%a7%d8%aa\/"},{"@type":"ListItem","position":3,"name":"Slot Dif\u00fcz\u00f6r"}]},{"@type":"WebSite","@id":"https:\/\/govalf.com\/ar\/#website","url":"https:\/\/govalf.com\/ar\/","name":"Go Valf Vana ve Pompa Sistemleri","description":"Yang\u0131n S\u00f6nd\u00fcrme Sistemleri ve Ekipmanlar\u0131","publisher":{"@id":"https:\/\/govalf.com\/ar\/#organization"},"potentialAction":[{"@type":"SearchAction","target":{"@type":"EntryPoint","urlTemplate":"https:\/\/govalf.com\/ar\/?s={search_term_string}"},"query-input":{"@type":"PropertyValueSpecification","valueRequired":true,"valueName":"search_term_string"}}],"inLanguage":"tr"},{"@type":"Organization","@id":"https:\/\/govalf.com\/ar\/#organization","name":"Go Valf","url":"https:\/\/govalf.com\/ar\/","logo":{"@type":"ImageObject","inLanguage":"tr","@id":"https:\/\/govalf.com\/ar\/#\/schema\/logo\/image\/","url":"https:\/\/govalf.com\/wp-content\/uploads\/2022\/02\/go-valf-logo.png","contentUrl":"https:\/\/govalf.com\/wp-content\/uploads\/2022\/02\/go-valf-logo.png","width":504,"height":120,"caption":"Go Valf"},"image":{"@id":"https:\/\/govalf.com\/ar\/#\/schema\/logo\/image\/"}}]}},"_links":{"self":[{"href":"https:\/\/govalf.com\/tr\/wp-json\/wp\/v2\/product\/3720","targetHints":{"allow":["GET"]}}],"collection":[{"href":"https:\/\/govalf.com\/tr\/wp-json\/wp\/v2\/product"}],"about":[{"href":"https:\/\/govalf.com\/tr\/wp-json\/wp\/v2\/types\/product"}],"replies":[{"embeddable":true,"href":"https:\/\/govalf.com\/tr\/wp-json\/wp\/v2\/comments?post=3720"}],"wp:featuredmedia":[{"embeddable":true,"href":"https:\/\/govalf.com\/tr\/wp-json\/wp\/v2\/media\/3721"}],"wp:attachment":[{"href":"https:\/\/govalf.com\/tr\/wp-json\/wp\/v2\/media?parent=3720"}],"wp:term":[{"taxonomy":"product_brand","embeddable":true,"href":"https:\/\/govalf.com\/tr\/wp-json\/wp\/v2\/product_brand?post=3720"},{"taxonomy":"product_cat","embeddable":true,"href":"https:\/\/govalf.com\/tr\/wp-json\/wp\/v2\/product_cat?post=3720"},{"taxonomy":"product_tag","embeddable":true,"href":"https:\/\/govalf.com\/tr\/wp-json\/wp\/v2\/product_tag?post=3720"}],"curies":[{"name":"wp","href":"https:\/\/api.w.org\/{rel}","templated":true}]}}