{"id":6404,"date":"2022-08-04T18:05:25","date_gmt":"2022-08-04T18:05:25","guid":{"rendered":"https:\/\/govalf.com\/?post_type=product&#038;p=6404"},"modified":"2022-08-14T20:09:29","modified_gmt":"2022-08-14T20:09:29","slug":"yas-tip-su-sayaclari","status":"publish","type":"product","link":"https:\/\/govalf.com\/tr\/product\/yas-tip-su-sayaclari\/","title":{"rendered":"Ya\u015f Tip Su Saya\u00e7lar\u0131"},"content":{"rendered":"<h2><strong>Ya\u015f Tip Su Saya\u00e7lar\u0131<\/strong><\/h2>\n<p>\u00d6ZELL\u0130KLER\u0130<\/p>\n<ul>\n<li><span style=\"color: #808080;\">MID (\u00d6l\u00e7\u00fc Aleti Direktifi) Sertifikal\u0131<\/span><\/li>\n<li><span style=\"color: #808080;\">\u00c7ok huzmeli tasar\u0131m\u0131 ile uzun \u00f6m\u00fcr<\/span><\/li>\n<li><span style=\"color: #808080;\">D\u00fc\u015f\u00fck bas\u0131n\u00e7 kayb\u0131<\/span><\/li>\n<li><span style=\"color: #808080;\">\u0130lk hareket debisinde y\u00fcksek hassasiyet<\/span><\/li>\n<li><span style=\"color: #808080;\"><a href=\"https:\/\/tr.wikipedia.org\/wiki\/Gliserin\">Gliserin<\/a> korumal\u0131 mekanizma<\/span><\/li>\n<li><span style=\"color: #808080;\">360\u00b0 d\u00f6nen kapak<\/span><\/li>\n<li><span style=\"color: #808080;\">Korozyona diren\u00e7li elektrostatik boyal\u0131 pirin\u00e7 g\u00f6vde<\/span><\/li>\n<li><span style=\"color: #808080;\">\u0130\u00e7\/d\u0131\u015f e\/p toz boya ile boyama<\/span><\/li>\n<li><span style=\"color: #808080;\">\u00c7ekvalfli<\/span><\/li>\n<li><span style=\"color: #808080;\">\u00c7ift filtreli<\/span><\/li>\n<li><span style=\"color: #808080;\">Uzun \u00f6m\u00fcrl\u00fc ve bak\u0131ms\u0131z \u00e7al\u0131\u015fma<\/span><\/li>\n<li><a href=\"https:\/\/govalf.com\"><span style=\"color: #808080;\">5 y\u0131l garanti<\/span><\/a><\/li>\n<li><span style=\"color: #808080;\">Y\u0131llarca yedek par\u00e7a ve servis sa\u011flama<\/span><\/li>\n<\/ul>\n<p>SICAKLIK<br \/>\n+50\u00b0C<\/p>\n<h5 class=\"sub-title bdevs-el-subtitle\"><span style=\"color: #ff0000;\">HAKKIMIZDA<\/span><\/h5>\n<h2 class=\"section-title bdevs-el-title\">GOVALF<\/h2>\n<p>GoValf ekibi olarak 2009 y\u0131l\u0131ndan bu yana T\u00fcrkiye\u2019de ve \u00e7evre \u00fclkelerde; g\u00fcncel teknolojilere uygun mekanik tesisat tedarik \u00e7\u00f6z\u00fcmlerini m\u00fc\u015fterilerimizle bulu\u015fturuyoruz. T\u00fcrkiye\u2019nin ve d\u00fcnyan\u0131n en se\u00e7kin markalar\u0131n\u0131 en uygun fiyatlarla m\u00fc\u015fterilerimize sunarken, her ge\u00e7en g\u00fcn \u00e7\u00f6z\u00fcm sundu\u011fumuz konular\u0131m\u0131za yenilerini ekliyoruz.<\/p>\n<p>Bug\u00fcn departmanlar\u0131m\u0131z\u0131;<\/p>\n<p>* Tesisat Ekipmanlar\u0131,<br \/>\n* Yang\u0131n S\u00f6nd\u00fcrme Sistemleri ve Ekipmanlar\u0131,<br \/>\n* Pompa ve Hidroforlar,<br \/>\n* Is\u0131tma \u00c7\u00f6z\u00fcmleri,<br \/>\n* \u0130klimlendirme ve Havaland\u0131rma<\/p>\n<p>konular\u0131nda s\u0131n\u0131fland\u0131rarak konusunda uzman ekiplerimizle, 100\u2019e yak\u0131n marka ile m\u00fc\u015fterilerimize projelerinde temelden teslime ayr\u0131cal\u0131kl\u0131 hizmetler sunuyoruz.<\/p>\n<p>Rekabetin her ge\u00e7en g\u00fcn daha da artt\u0131\u011f\u0131 sekt\u00f6r\u00fcm\u00fczde, teknolojileri takip ederek, kendi imal etti\u011fimiz \u00e7e\u015fitli \u00fcr\u00fcnler ile de kalitemizi ve \u00e7e\u015fitlili\u011fimizi artt\u0131rd\u0131k.<\/p>\n<p>\u00dcretti\u011fimiz mamullerin dizayn\u0131n\u0131, d\u00f6k\u00fcm\u00fcn\u00fc, imalat\u0131n\u0131, montaj\u0131n\u0131, test ve kontrollerini kendi tesislerimizde, kendi uzman ekibimizle yap\u0131yoruz.<\/p>\n<h2><strong>M\u00fc\u015fteri Memnuniyeti \u0130lkemiz<\/strong><\/h2>\n<p>\u00d6nceli\u011fimiz m\u00fc\u015fterilerimizin huzuru ve mutlulu\u011fudur. M\u00fc\u015fterilerimize GoValf g\u00fcvencesiyle hizmet veriyoruz. G\u00fcvenli, kaliteli, istikrarl\u0131 \u00e7al\u0131\u015fma anlay\u0131\u015f\u0131m\u0131z ve rekabet\u00e7i fiyatlar\u0131m\u0131zla sadece bug\u00fcn i\u00e7in de\u011fil ilelebet i\u015fbirli\u011fi i\u00e7erisinde olmak ad\u0131na var g\u00fcc\u00fcm\u00fczle \u00e7al\u0131\u015f\u0131yoruz. M\u00fc\u015fterilerimizin bizlere duydu\u011fu g\u00fcven, en b\u00fcy\u00fck sermayemizdir.<\/p>\n<p><strong>\u00a0<\/strong>Hizmetlerimizde veriye ve bilgiye dayal\u0131 ,m\u00fchendislik \u00e7\u00f6z\u00fcmleri ile birlikte m\u00fc\u015fteri isteklerine uyumlu, tedarik\u00e7ileri ile sa\u011fl\u0131kl\u0131 bir i\u015fbirli\u011fi i\u00e7inde olmay\u0131 ba\u015fararak en uygun fiyatlar\u0131 ve en kaliteli hizmetleri sizlere sunmaya \u00f6zen g\u00f6steriyoruz.<\/p>\n<p><span style=\"color: #ff0000;\"><a href=\"https:\/\/govalf.com\/iletisim\/\">\u0130leti\u015fim<\/a><\/span><\/p>\n","protected":false},"excerpt":{"rendered":"<p>Ya\u015f Tip Su Saya\u00e7lar\u0131 \u00d6ZELL\u0130KLER\u0130 MID (\u00d6l\u00e7\u00fc Aleti Direktifi) Sertifikal\u0131 \u00c7ok huzmeli tasar\u0131m\u0131 ile uzun \u00f6m\u00fcr D\u00fc\u015f\u00fck bas\u0131n\u00e7 kayb\u0131 \u0130lk hareket debisinde y\u00fcksek hassasiyet Gliserin korumal\u0131 mekanizma 360\u00b0 d\u00f6nen kapak Korozyona diren\u00e7li elektrostatik boyal\u0131 pirin\u00e7 g\u00f6vde \u0130\u00e7\/d\u0131\u015f e\/p toz boya ile boyama \u00c7ekvalfli \u00c7ift filtreli Uzun \u00f6m\u00fcrl\u00fc ve bak\u0131ms\u0131z \u00e7al\u0131\u015fma 5 y\u0131l garanti Y\u0131llarca yedek [&hellip;]<\/p>\n","protected":false},"featured_media":6421,"comment_status":"open","ping_status":"closed","template":"","meta":{"_acf_changed":false},"product_brand":[],"product_cat":[195],"product_tag":[],"class_list":{"0":"post-6404","1":"product","2":"type-product","3":"status-publish","4":"has-post-thumbnail","6":"product_cat-su-sayaclari","8":"first","9":"instock","10":"shipping-taxable","11":"product-type-simple"},"acf":[],"yoast_head":"<!-- This site is optimized with the Yoast SEO plugin v27.4 - https:\/\/yoast.com\/product\/yoast-seo-wordpress\/ -->\n<title>Ya\u015f Tip Su Saya\u00e7lar\u0131 - Go Valf Vana ve Pompa Sistemleri<\/title>\n<meta name=\"description\" content=\"Ya\u015f Tip Su Saya\u00e7lar\u0131 | GoValf ekibi olarak 2009 y\u0131l\u0131ndan bu yana T\u00fcrkiye\u2019de ve \u00e7evre \u00fclkelerde; g\u00fcncel teknolojilere uygun mekanik tesisat tedarik \u00e7\u00f6z\u00fcmlerini m\u00fc\u015fterilerimizle bulu\u015fturuyoruz\" \/>\n<meta name=\"robots\" content=\"index, follow, max-snippet:-1, max-image-preview:large, max-video-preview:-1\" \/>\n<link rel=\"canonical\" href=\"https:\/\/govalf.com\/tr\/product\/yas-tip-su-sayaclari\/\" \/>\n<meta property=\"og:locale\" content=\"tr_TR\" \/>\n<meta property=\"og:type\" content=\"article\" \/>\n<meta property=\"og:title\" content=\"Ya\u015f Tip Su Saya\u00e7lar\u0131 - Go Valf Vana ve Pompa Sistemleri\" \/>\n<meta property=\"og:description\" content=\"Ya\u015f Tip Su Saya\u00e7lar\u0131 | GoValf ekibi olarak 2009 y\u0131l\u0131ndan bu yana T\u00fcrkiye\u2019de ve \u00e7evre \u00fclkelerde; g\u00fcncel teknolojilere uygun mekanik tesisat tedarik \u00e7\u00f6z\u00fcmlerini m\u00fc\u015fterilerimizle bulu\u015fturuyoruz\" \/>\n<meta property=\"og:url\" content=\"https:\/\/govalf.com\/tr\/product\/yas-tip-su-sayaclari\/\" \/>\n<meta property=\"og:site_name\" content=\"Go Valf Vana ve Pompa Sistemleri\" \/>\n<meta property=\"article:modified_time\" content=\"2022-08-14T20:09:29+00:00\" \/>\n<meta property=\"og:image\" content=\"https:\/\/govalf.com\/wp-content\/uploads\/2022\/08\/Yas\u0327-Tip-Su-Sayac\u0327lari-.png\" \/>\n\t<meta property=\"og:image:width\" content=\"1024\" \/>\n\t<meta property=\"og:image:height\" content=\"1024\" \/>\n\t<meta property=\"og:image:type\" content=\"image\/png\" \/>\n<meta name=\"twitter:card\" content=\"summary_large_image\" \/>\n<meta name=\"twitter:label1\" content=\"Tahmini okuma s\u00fcresi\" \/>\n\t<meta name=\"twitter:data1\" content=\"2 dakika\" \/>\n<script type=\"application\/ld+json\" class=\"yoast-schema-graph\">{\"@context\":\"https:\\\/\\\/schema.org\",\"@graph\":[{\"@type\":\"WebPage\",\"@id\":\"https:\\\/\\\/govalf.com\\\/tr\\\/product\\\/yas-tip-su-sayaclari\\\/\",\"url\":\"https:\\\/\\\/govalf.com\\\/tr\\\/product\\\/yas-tip-su-sayaclari\\\/\",\"name\":\"Ya\u015f Tip Su Saya\u00e7lar\u0131 - Go Valf Vana ve Pompa Sistemleri\",\"isPartOf\":{\"@id\":\"https:\\\/\\\/govalf.com\\\/ar\\\/#website\"},\"primaryImageOfPage\":{\"@id\":\"https:\\\/\\\/govalf.com\\\/tr\\\/product\\\/yas-tip-su-sayaclari\\\/#primaryimage\"},\"image\":{\"@id\":\"https:\\\/\\\/govalf.com\\\/tr\\\/product\\\/yas-tip-su-sayaclari\\\/#primaryimage\"},\"thumbnailUrl\":\"https:\\\/\\\/govalf.com\\\/wp-content\\\/uploads\\\/2022\\\/08\\\/Yas\u0327-Tip-Su-Sayac\u0327lari-.png\",\"datePublished\":\"2022-08-04T18:05:25+00:00\",\"dateModified\":\"2022-08-14T20:09:29+00:00\",\"description\":\"Ya\u015f Tip Su Saya\u00e7lar\u0131 | GoValf ekibi olarak 2009 y\u0131l\u0131ndan bu yana T\u00fcrkiye\u2019de ve \u00e7evre \u00fclkelerde; g\u00fcncel teknolojilere uygun mekanik tesisat tedarik \u00e7\u00f6z\u00fcmlerini m\u00fc\u015fterilerimizle bulu\u015fturuyoruz\",\"breadcrumb\":{\"@id\":\"https:\\\/\\\/govalf.com\\\/tr\\\/product\\\/yas-tip-su-sayaclari\\\/#breadcrumb\"},\"inLanguage\":\"tr\",\"potentialAction\":[{\"@type\":\"ReadAction\",\"target\":[\"https:\\\/\\\/govalf.com\\\/tr\\\/product\\\/yas-tip-su-sayaclari\\\/\"]}]},{\"@type\":\"ImageObject\",\"inLanguage\":\"tr\",\"@id\":\"https:\\\/\\\/govalf.com\\\/tr\\\/product\\\/yas-tip-su-sayaclari\\\/#primaryimage\",\"url\":\"https:\\\/\\\/govalf.com\\\/wp-content\\\/uploads\\\/2022\\\/08\\\/Yas\u0327-Tip-Su-Sayac\u0327lari-.png\",\"contentUrl\":\"https:\\\/\\\/govalf.com\\\/wp-content\\\/uploads\\\/2022\\\/08\\\/Yas\u0327-Tip-Su-Sayac\u0327lari-.png\",\"width\":1024,\"height\":1024},{\"@type\":\"BreadcrumbList\",\"@id\":\"https:\\\/\\\/govalf.com\\\/tr\\\/product\\\/yas-tip-su-sayaclari\\\/#breadcrumb\",\"itemListElement\":[{\"@type\":\"ListItem\",\"position\":1,\"name\":\"Anasayfa\",\"item\":\"https:\\\/\\\/govalf.com\\\/tr\\\/\"},{\"@type\":\"ListItem\",\"position\":2,\"name\":\"Products\",\"item\":\"https:\\\/\\\/govalf.com\\\/ar\\\/urunler%d9%85%d9%86%d8%aa%d8%ac%d8%a7%d8%aa\\\/\"},{\"@type\":\"ListItem\",\"position\":3,\"name\":\"Ya\u015f Tip Su Saya\u00e7lar\u0131\"}]},{\"@type\":\"WebSite\",\"@id\":\"https:\\\/\\\/govalf.com\\\/ar\\\/#website\",\"url\":\"https:\\\/\\\/govalf.com\\\/ar\\\/\",\"name\":\"Go Valf Vana ve Pompa Sistemleri\",\"description\":\"Yang\u0131n S\u00f6nd\u00fcrme Sistemleri ve Ekipmanlar\u0131\",\"publisher\":{\"@id\":\"https:\\\/\\\/govalf.com\\\/ar\\\/#organization\"},\"potentialAction\":[{\"@type\":\"SearchAction\",\"target\":{\"@type\":\"EntryPoint\",\"urlTemplate\":\"https:\\\/\\\/govalf.com\\\/ar\\\/?s={search_term_string}\"},\"query-input\":{\"@type\":\"PropertyValueSpecification\",\"valueRequired\":true,\"valueName\":\"search_term_string\"}}],\"inLanguage\":\"tr\"},{\"@type\":\"Organization\",\"@id\":\"https:\\\/\\\/govalf.com\\\/ar\\\/#organization\",\"name\":\"Go Valf\",\"url\":\"https:\\\/\\\/govalf.com\\\/ar\\\/\",\"logo\":{\"@type\":\"ImageObject\",\"inLanguage\":\"tr\",\"@id\":\"https:\\\/\\\/govalf.com\\\/ar\\\/#\\\/schema\\\/logo\\\/image\\\/\",\"url\":\"https:\\\/\\\/govalf.com\\\/wp-content\\\/uploads\\\/2022\\\/02\\\/go-valf-logo.png\",\"contentUrl\":\"https:\\\/\\\/govalf.com\\\/wp-content\\\/uploads\\\/2022\\\/02\\\/go-valf-logo.png\",\"width\":504,\"height\":120,\"caption\":\"Go Valf\"},\"image\":{\"@id\":\"https:\\\/\\\/govalf.com\\\/ar\\\/#\\\/schema\\\/logo\\\/image\\\/\"}}]}<\/script>\n<!-- \/ Yoast SEO plugin. -->","yoast_head_json":{"title":"Ya\u015f Tip Su Saya\u00e7lar\u0131 - Go Valf Vana ve Pompa Sistemleri","description":"Ya\u015f Tip Su Saya\u00e7lar\u0131 | GoValf ekibi olarak 2009 y\u0131l\u0131ndan bu yana T\u00fcrkiye\u2019de ve \u00e7evre \u00fclkelerde; g\u00fcncel teknolojilere uygun mekanik tesisat tedarik \u00e7\u00f6z\u00fcmlerini m\u00fc\u015fterilerimizle bulu\u015fturuyoruz","robots":{"index":"index","follow":"follow","max-snippet":"max-snippet:-1","max-image-preview":"max-image-preview:large","max-video-preview":"max-video-preview:-1"},"canonical":"https:\/\/govalf.com\/tr\/product\/yas-tip-su-sayaclari\/","og_locale":"tr_TR","og_type":"article","og_title":"Ya\u015f Tip Su Saya\u00e7lar\u0131 - Go Valf Vana ve Pompa Sistemleri","og_description":"Ya\u015f Tip Su Saya\u00e7lar\u0131 | GoValf ekibi olarak 2009 y\u0131l\u0131ndan bu yana T\u00fcrkiye\u2019de ve \u00e7evre \u00fclkelerde; g\u00fcncel teknolojilere uygun mekanik tesisat tedarik \u00e7\u00f6z\u00fcmlerini m\u00fc\u015fterilerimizle bulu\u015fturuyoruz","og_url":"https:\/\/govalf.com\/tr\/product\/yas-tip-su-sayaclari\/","og_site_name":"Go Valf Vana ve Pompa Sistemleri","article_modified_time":"2022-08-14T20:09:29+00:00","og_image":[{"width":1024,"height":1024,"url":"https:\/\/govalf.com\/wp-content\/uploads\/2022\/08\/Yas\u0327-Tip-Su-Sayac\u0327lari-.png","type":"image\/png"}],"twitter_card":"summary_large_image","twitter_misc":{"Tahmini okuma s\u00fcresi":"2 dakika"},"schema":{"@context":"https:\/\/schema.org","@graph":[{"@type":"WebPage","@id":"https:\/\/govalf.com\/tr\/product\/yas-tip-su-sayaclari\/","url":"https:\/\/govalf.com\/tr\/product\/yas-tip-su-sayaclari\/","name":"Ya\u015f Tip Su Saya\u00e7lar\u0131 - Go Valf Vana ve Pompa Sistemleri","isPartOf":{"@id":"https:\/\/govalf.com\/ar\/#website"},"primaryImageOfPage":{"@id":"https:\/\/govalf.com\/tr\/product\/yas-tip-su-sayaclari\/#primaryimage"},"image":{"@id":"https:\/\/govalf.com\/tr\/product\/yas-tip-su-sayaclari\/#primaryimage"},"thumbnailUrl":"https:\/\/govalf.com\/wp-content\/uploads\/2022\/08\/Yas\u0327-Tip-Su-Sayac\u0327lari-.png","datePublished":"2022-08-04T18:05:25+00:00","dateModified":"2022-08-14T20:09:29+00:00","description":"Ya\u015f Tip Su Saya\u00e7lar\u0131 | GoValf ekibi olarak 2009 y\u0131l\u0131ndan bu yana T\u00fcrkiye\u2019de ve \u00e7evre \u00fclkelerde; g\u00fcncel teknolojilere uygun mekanik tesisat tedarik \u00e7\u00f6z\u00fcmlerini m\u00fc\u015fterilerimizle bulu\u015fturuyoruz","breadcrumb":{"@id":"https:\/\/govalf.com\/tr\/product\/yas-tip-su-sayaclari\/#breadcrumb"},"inLanguage":"tr","potentialAction":[{"@type":"ReadAction","target":["https:\/\/govalf.com\/tr\/product\/yas-tip-su-sayaclari\/"]}]},{"@type":"ImageObject","inLanguage":"tr","@id":"https:\/\/govalf.com\/tr\/product\/yas-tip-su-sayaclari\/#primaryimage","url":"https:\/\/govalf.com\/wp-content\/uploads\/2022\/08\/Yas\u0327-Tip-Su-Sayac\u0327lari-.png","contentUrl":"https:\/\/govalf.com\/wp-content\/uploads\/2022\/08\/Yas\u0327-Tip-Su-Sayac\u0327lari-.png","width":1024,"height":1024},{"@type":"BreadcrumbList","@id":"https:\/\/govalf.com\/tr\/product\/yas-tip-su-sayaclari\/#breadcrumb","itemListElement":[{"@type":"ListItem","position":1,"name":"Anasayfa","item":"https:\/\/govalf.com\/tr\/"},{"@type":"ListItem","position":2,"name":"Products","item":"https:\/\/govalf.com\/ar\/urunler%d9%85%d9%86%d8%aa%d8%ac%d8%a7%d8%aa\/"},{"@type":"ListItem","position":3,"name":"Ya\u015f Tip Su Saya\u00e7lar\u0131"}]},{"@type":"WebSite","@id":"https:\/\/govalf.com\/ar\/#website","url":"https:\/\/govalf.com\/ar\/","name":"Go Valf Vana ve Pompa Sistemleri","description":"Yang\u0131n S\u00f6nd\u00fcrme Sistemleri ve Ekipmanlar\u0131","publisher":{"@id":"https:\/\/govalf.com\/ar\/#organization"},"potentialAction":[{"@type":"SearchAction","target":{"@type":"EntryPoint","urlTemplate":"https:\/\/govalf.com\/ar\/?s={search_term_string}"},"query-input":{"@type":"PropertyValueSpecification","valueRequired":true,"valueName":"search_term_string"}}],"inLanguage":"tr"},{"@type":"Organization","@id":"https:\/\/govalf.com\/ar\/#organization","name":"Go Valf","url":"https:\/\/govalf.com\/ar\/","logo":{"@type":"ImageObject","inLanguage":"tr","@id":"https:\/\/govalf.com\/ar\/#\/schema\/logo\/image\/","url":"https:\/\/govalf.com\/wp-content\/uploads\/2022\/02\/go-valf-logo.png","contentUrl":"https:\/\/govalf.com\/wp-content\/uploads\/2022\/02\/go-valf-logo.png","width":504,"height":120,"caption":"Go Valf"},"image":{"@id":"https:\/\/govalf.com\/ar\/#\/schema\/logo\/image\/"}}]}},"_links":{"self":[{"href":"https:\/\/govalf.com\/tr\/wp-json\/wp\/v2\/product\/6404","targetHints":{"allow":["GET"]}}],"collection":[{"href":"https:\/\/govalf.com\/tr\/wp-json\/wp\/v2\/product"}],"about":[{"href":"https:\/\/govalf.com\/tr\/wp-json\/wp\/v2\/types\/product"}],"replies":[{"embeddable":true,"href":"https:\/\/govalf.com\/tr\/wp-json\/wp\/v2\/comments?post=6404"}],"wp:featuredmedia":[{"embeddable":true,"href":"https:\/\/govalf.com\/tr\/wp-json\/wp\/v2\/media\/6421"}],"wp:attachment":[{"href":"https:\/\/govalf.com\/tr\/wp-json\/wp\/v2\/media?parent=6404"}],"wp:term":[{"taxonomy":"product_brand","embeddable":true,"href":"https:\/\/govalf.com\/tr\/wp-json\/wp\/v2\/product_brand?post=6404"},{"taxonomy":"product_cat","embeddable":true,"href":"https:\/\/govalf.com\/tr\/wp-json\/wp\/v2\/product_cat?post=6404"},{"taxonomy":"product_tag","embeddable":true,"href":"https:\/\/govalf.com\/tr\/wp-json\/wp\/v2\/product_tag?post=6404"}],"curies":[{"name":"wp","href":"https:\/\/api.w.org\/{rel}","templated":true}]}}