{"id":6438,"date":"2022-08-04T18:14:37","date_gmt":"2022-08-04T18:14:37","guid":{"rendered":"https:\/\/govalf.com\/?post_type=product&#038;p=6438"},"modified":"2022-08-14T20:07:07","modified_gmt":"2022-08-14T20:07:07","slug":"boru-aski-kelepceleri","status":"publish","type":"product","link":"https:\/\/govalf.com\/tr\/product\/boru-aski-kelepceleri\/","title":{"rendered":"Boru Ask\u0131 Kelep\u00e7eleri"},"content":{"rendered":"<p>Boru ask\u0131 kelep\u00e7eleri izolasyonlu ve izolasyonsuz borular\u0131 dikey ayarlamaya ve s\u0131n\u0131rl\u0131 bir harekete izin vererek desteklenmesi i\u00e7in dizayn edilmi\u015ftir.<br \/>\n\u00dcr\u00fcn tedariki ve secimi ile birlikte, saha ke\u015fifleri, projelendirme hizmetleri ve uygulama s\u0131ras\u0131nda s\u00fcperviz\u00f6rl\u00fck hizmetleri ile yap\u0131lan kontroller sonucu raporlamalar markam\u0131z\u0131n standart hizmetleridir.<\/p>\n<p>Projelendirme i\u015fleri s\u0131ras\u0131ndaki hesap ve dok\u00fcmantasyon, konusunda uzman, g\u00fc\u00e7l\u00fc ve deneyimli m\u00fchendis ekibi taraf\u0131ndan yap\u0131lmaktad\u0131r.<\/p>\n<p>Boru Ask\u0131 ve Kelep\u00e7eleri FM, UL ve TSEK Belgelerine sahiptir.<\/p>\n<h2><strong>GO VALF<\/strong><br \/>\n<strong>Boru Ask\u0131 Kelep\u00e7eleri<\/strong><\/h2>\n<p>End\u00fcstriyel alanlarda vazge\u00e7ilmez par\u00e7alardan birisi olan boru kelep\u00e7esi, g\u00fcn\u00fcm\u00fczde en s\u0131k kullan\u0131lan ve en \u00e7ok aranan sanayi gere\u00e7lerinden birisidir. Boru ask\u0131 kelep\u00e7eleri izolasyonlu ve izolasyonuz borular\u0131 dikey ayarlamaya ve s\u0131n\u0131rl\u0131 bir harekete izin vererek desteklenmesi i\u00e7in dizayn edilmi\u015ftir. \u00dcr\u00fcn tedariki ve secimi ile birlikte, saha ke\u015fifleri, projelendirme hizmetleri ve uygulama s\u0131ras\u0131nda s\u00fcperviz\u00f6rl\u00fck hizmetleri ile yap\u0131lan kontroller sonucu raporlamalar <a href=\"https:\/\/govalf.com\">markam\u0131z\u0131n<\/a> standart hizmetleridir.<\/p>\n<h3>Boru Ask\u0131 Kelep\u00e7eleri Nedir, Ne \u0130\u015fe Yarar ?<\/h3>\n<p>Borular\u0131n yatay yahut dikey \u015fekilde duvara veya zemine montaj\u0131nda kullan\u0131lan <strong>boru kelep\u00e7esi<\/strong>, g\u00fcn\u00fcm\u00fczde <a href=\"https:\/\/tr.wikipedia.org\/wiki\/Mekanik_tesisat\">mekanik tesisat<\/a>larda en s\u0131k kullan\u0131lan \u00fcr\u00fcnlerden biri haline gelmi\u015ftir. Farkl\u0131 ebatlarda ve t\u00fcrde olan <strong>boru kelep\u00e7esi<\/strong>, ba\u011flant\u0131 elemanlar\u0131yla birlikte kullan\u0131larak borular\u0131n sabitlenmesi i\u015flevini g\u00f6r\u00fcr. Bu sayede olas\u0131 kazalar\u0131n \u00f6n\u00fcne ge\u00e7mek i\u00e7in borular\u0131n olduklar\u0131 yerde \u00e7ak\u0131l\u0131 kalmas\u0131n\u0131 sa\u011flamaktad\u0131r. Paslanmaz malzemelerle kaplanmaktad\u0131r ve bu sayede suya, asite ya da baza kar\u015f\u0131 diren\u00e7lidir. Somunlu <strong>boru kelep\u00e7esi<\/strong>, PVC boru kelep\u00e7esi ve kafal\u0131 <strong>a\u011f\u0131r y\u00fck kelep\u00e7esi<\/strong> gibi farkl\u0131 kullan\u0131m alanlar\u0131nda etkili sonu\u00e7lar g\u00f6steren <strong>boru kelep\u00e7eleri<\/strong> \u00e7e\u015fitleri bulunmaktad\u0131r.<\/p>\n<h2>Avantajlar\u0131<\/h2>\n<p><strong>Boru kelep\u00e7eleri<\/strong>, \u00e7ok uygun fiyatl\u0131 ve bir o kadar da hayati de\u011fer ta\u015f\u0131yan par\u00e7alard\u0131r. T\u0131pk\u0131 c\u0131vatalar gibi temel bir g\u00f6revi, m\u00fckemmel bir uyumlulukla ger\u00e7ekle\u015ftirirler. Bu sayede de olas\u0131 kazalar\u0131n \u00f6n\u00fcne ge\u00e7mi\u015f olurlar. Maddeler halinde boru kelep\u00e7esi avantajlar\u0131 konusuna de\u011finelim.<\/p>\n<ul>\n<li>\u00a0<span style=\"color: #808080;\"><strong>Boru kelep\u00e7esi<\/strong>, uygun fiyatlarla sat\u0131\u015fa sunulan bir malzemedir ve b\u00fct\u00e7e dostudur.<\/span><\/li>\n<li><span style=\"color: #808080;\">\u00a0<strong>Boru kelep\u00e7esi<\/strong>, bir\u00e7ok ebatl\u0131 bir \u00fcr\u00fcnd\u00fcr. Bu nedenle montaj i\u015flerinde kolayl\u0131k sa\u011flar.<\/span><\/li>\n<li><span style=\"color: #808080;\">\u00a0<strong>Boru kelep\u00e7esi,<\/strong> boruyu sabitleme ya da asma amac\u0131 g\u00fctmektedir. Paslanmaz malzemelerden imal edildi\u011fi i\u00e7in dayan\u0131kl\u0131d\u0131r ve uzun \u00f6m\u00fcrl\u00fc olmas\u0131yla bilinir.<\/span><\/li>\n<\/ul>\n<p>&nbsp;<\/p>\n<div class=\"title_style1\">\n<h5 class=\"sub-title bdevs-el-subtitle\">HAKKIMIZDA<\/h5>\n<h2 class=\"section-title bdevs-el-title\">GOVALF<\/h2>\n<\/div>\n<p>GoValf ekibi olarak 2009 y\u0131l\u0131ndan bu yana T\u00fcrkiye\u2019de ve \u00e7evre \u00fclkelerde; g\u00fcncel teknolojilere uygun mekanik tesisat tedarik \u00e7\u00f6z\u00fcmlerini m\u00fc\u015fterilerimizle bulu\u015fturuyoruz. T\u00fcrkiye\u2019nin ve d\u00fcnyan\u0131n en se\u00e7kin markalar\u0131n\u0131 en uygun fiyatlarla m\u00fc\u015fterilerimize sunarken, her ge\u00e7en g\u00fcn \u00e7\u00f6z\u00fcm sundu\u011fumuz konular\u0131m\u0131za yenilerini ekliyoruz.<\/p>\n<p>Bug\u00fcn departmanlar\u0131m\u0131z\u0131;<\/p>\n<p>* Tesisat Ekipmanlar\u0131,<br \/>\n* Yang\u0131n S\u00f6nd\u00fcrme Sistemleri ve Ekipmanlar\u0131,<br \/>\n* Pompa ve Hidroforlar,<br \/>\n* Is\u0131tma \u00c7\u00f6z\u00fcmleri,<br \/>\n* \u0130klimlendirme ve Havaland\u0131rma<\/p>\n<p>konular\u0131nda s\u0131n\u0131fland\u0131rarak konusunda uzman ekiplerimizle, 100\u2019e yak\u0131n marka ile m\u00fc\u015fterilerimize projelerinde temelden teslime ayr\u0131cal\u0131kl\u0131 hizmetler sunuyoruz.<\/p>\n<p>Rekabetin her ge\u00e7en g\u00fcn daha da artt\u0131\u011f\u0131 sekt\u00f6r\u00fcm\u00fczde, teknolojileri takip ederek, kendi imal etti\u011fimiz \u00e7e\u015fitli \u00fcr\u00fcnler ile de kalitemizi ve \u00e7e\u015fitlili\u011fimizi artt\u0131rd\u0131k.<\/p>\n<p>\u00dcretti\u011fimiz mamullerin dizayn\u0131n\u0131, d\u00f6k\u00fcm\u00fcn\u00fc, imalat\u0131n\u0131, montaj\u0131n\u0131, test ve kontrollerini kendi tesislerimizde, kendi uzman ekibimizle yap\u0131yoruz.<\/p>\n<h2><strong>M\u00fc\u015fteri Memnuniyeti \u0130lkemiz<\/strong><\/h2>\n<p>\u00d6nceli\u011fimiz m\u00fc\u015fterilerimizin huzuru ve mutlulu\u011fudur. M\u00fc\u015fterilerimize GoValf g\u00fcvencesiyle hizmet veriyoruz. G\u00fcvenli, kaliteli, istikrarl\u0131 \u00e7al\u0131\u015fma anlay\u0131\u015f\u0131m\u0131z ve rekabet\u00e7i fiyatlar\u0131m\u0131zla sadece bug\u00fcn i\u00e7in de\u011fil ilelebet i\u015fbirli\u011fi i\u00e7erisinde olmak ad\u0131na var g\u00fcc\u00fcm\u00fczle \u00e7al\u0131\u015f\u0131yoruz. M\u00fc\u015fterilerimizin bizlere duydu\u011fu g\u00fcven, en b\u00fcy\u00fck sermayemizdir.<\/p>\n<p><strong>\u00a0<\/strong>Hizmetlerimizde veriye ve bilgiye dayal\u0131 ,m\u00fchendislik \u00e7\u00f6z\u00fcmleri ile birlikte m\u00fc\u015fteri isteklerine uyumlu, tedarik\u00e7ileri ile sa\u011fl\u0131kl\u0131 bir i\u015fbirli\u011fi i\u00e7inde olmay\u0131 ba\u015fararak en uygun fiyatlar\u0131 ve en kaliteli hizmetleri sizlere sunmaya \u00f6zen g\u00f6steriyoruz.<\/p>\n<p><span style=\"color: #ff0000;\"><a href=\"https:\/\/govalf.com\/iletisim\/\">\u0130leti\u015fim<\/a><\/span><\/p>\n","protected":false},"excerpt":{"rendered":"<p>Boru ask\u0131 kelep\u00e7eleri izolasyonlu ve izolasyonsuz borular\u0131 dikey ayarlamaya ve s\u0131n\u0131rl\u0131 bir harekete izin vererek desteklenmesi i\u00e7in dizayn edilmi\u015ftir. \u00dcr\u00fcn tedariki ve secimi ile birlikte, saha ke\u015fifleri, projelendirme hizmetleri ve uygulama s\u0131ras\u0131nda s\u00fcperviz\u00f6rl\u00fck hizmetleri ile yap\u0131lan kontroller sonucu raporlamalar markam\u0131z\u0131n standart hizmetleridir. Projelendirme i\u015fleri s\u0131ras\u0131ndaki hesap ve dok\u00fcmantasyon, konusunda uzman, g\u00fc\u00e7l\u00fc ve deneyimli m\u00fchendis ekibi [&hellip;]<\/p>\n","protected":false},"featured_media":6433,"comment_status":"open","ping_status":"closed","template":"","meta":{"_acf_changed":false},"product_brand":[],"product_cat":[212],"product_tag":[],"class_list":{"0":"post-6438","1":"product","2":"type-product","3":"status-publish","4":"has-post-thumbnail","6":"product_cat-boru-aski-kelepceleri","8":"first","9":"instock","10":"shipping-taxable","11":"product-type-simple"},"acf":[],"yoast_head":"<!-- This site is optimized with the Yoast SEO plugin v27.4 - https:\/\/yoast.com\/product\/yoast-seo-wordpress\/ -->\n<title>Boru Ask\u0131 Kelep\u00e7eleri - Go Valf Vana ve Pompa Sistemleri<\/title>\n<meta name=\"description\" content=\"Boru ask\u0131 kelep\u00e7eleri izolasyonlu ve izolasyonsuz borular\u0131 dikey ayarlamaya ve s\u0131n\u0131rl\u0131 bir harekete izin vererek desteklenmesi i\u00e7in dizayn edilmi\u015ftir.\" \/>\n<meta name=\"robots\" content=\"index, follow, max-snippet:-1, max-image-preview:large, max-video-preview:-1\" \/>\n<link rel=\"canonical\" href=\"https:\/\/govalf.com\/tr\/product\/boru-aski-kelepceleri\/\" \/>\n<meta property=\"og:locale\" content=\"tr_TR\" \/>\n<meta property=\"og:type\" content=\"article\" \/>\n<meta property=\"og:title\" content=\"Boru Ask\u0131 Kelep\u00e7eleri - Go Valf Vana ve Pompa Sistemleri\" \/>\n<meta property=\"og:description\" content=\"Boru ask\u0131 kelep\u00e7eleri izolasyonlu ve izolasyonsuz borular\u0131 dikey ayarlamaya ve s\u0131n\u0131rl\u0131 bir harekete izin vererek desteklenmesi i\u00e7in dizayn edilmi\u015ftir.\" \/>\n<meta property=\"og:url\" content=\"https:\/\/govalf.com\/tr\/product\/boru-aski-kelepceleri\/\" \/>\n<meta property=\"og:site_name\" content=\"Go Valf Vana ve Pompa Sistemleri\" \/>\n<meta property=\"article:modified_time\" content=\"2022-08-14T20:07:07+00:00\" \/>\n<meta property=\"og:image\" content=\"https:\/\/govalf.com\/wp-content\/uploads\/2022\/08\/Ekran-Resmi-2022-08-04-21.10.59.png\" \/>\n\t<meta property=\"og:image:width\" content=\"992\" \/>\n\t<meta property=\"og:image:height\" content=\"1252\" \/>\n\t<meta property=\"og:image:type\" content=\"image\/png\" \/>\n<meta name=\"twitter:card\" content=\"summary_large_image\" \/>\n<meta name=\"twitter:label1\" content=\"Tahmini okuma s\u00fcresi\" \/>\n\t<meta name=\"twitter:data1\" content=\"4 dakika\" \/>\n<script type=\"application\/ld+json\" class=\"yoast-schema-graph\">{\"@context\":\"https:\\\/\\\/schema.org\",\"@graph\":[{\"@type\":\"WebPage\",\"@id\":\"https:\\\/\\\/govalf.com\\\/tr\\\/product\\\/boru-aski-kelepceleri\\\/\",\"url\":\"https:\\\/\\\/govalf.com\\\/tr\\\/product\\\/boru-aski-kelepceleri\\\/\",\"name\":\"Boru Ask\u0131 Kelep\u00e7eleri - Go Valf Vana ve Pompa Sistemleri\",\"isPartOf\":{\"@id\":\"http:\\\/\\\/govalf.com\\\/ru\\\/#website\"},\"primaryImageOfPage\":{\"@id\":\"https:\\\/\\\/govalf.com\\\/tr\\\/product\\\/boru-aski-kelepceleri\\\/#primaryimage\"},\"image\":{\"@id\":\"https:\\\/\\\/govalf.com\\\/tr\\\/product\\\/boru-aski-kelepceleri\\\/#primaryimage\"},\"thumbnailUrl\":\"https:\\\/\\\/govalf.com\\\/wp-content\\\/uploads\\\/2022\\\/08\\\/Ekran-Resmi-2022-08-04-21.10.59.png\",\"datePublished\":\"2022-08-04T18:14:37+00:00\",\"dateModified\":\"2022-08-14T20:07:07+00:00\",\"description\":\"Boru ask\u0131 kelep\u00e7eleri izolasyonlu ve izolasyonsuz borular\u0131 dikey ayarlamaya ve s\u0131n\u0131rl\u0131 bir harekete izin vererek desteklenmesi i\u00e7in dizayn edilmi\u015ftir.\",\"breadcrumb\":{\"@id\":\"https:\\\/\\\/govalf.com\\\/tr\\\/product\\\/boru-aski-kelepceleri\\\/#breadcrumb\"},\"inLanguage\":\"tr\",\"potentialAction\":[{\"@type\":\"ReadAction\",\"target\":[\"https:\\\/\\\/govalf.com\\\/tr\\\/product\\\/boru-aski-kelepceleri\\\/\"]}]},{\"@type\":\"ImageObject\",\"inLanguage\":\"tr\",\"@id\":\"https:\\\/\\\/govalf.com\\\/tr\\\/product\\\/boru-aski-kelepceleri\\\/#primaryimage\",\"url\":\"https:\\\/\\\/govalf.com\\\/wp-content\\\/uploads\\\/2022\\\/08\\\/Ekran-Resmi-2022-08-04-21.10.59.png\",\"contentUrl\":\"https:\\\/\\\/govalf.com\\\/wp-content\\\/uploads\\\/2022\\\/08\\\/Ekran-Resmi-2022-08-04-21.10.59.png\",\"width\":992,\"height\":1252,\"caption\":\"Boru Ask\u0131 Kelep\u00e7eleri\"},{\"@type\":\"BreadcrumbList\",\"@id\":\"https:\\\/\\\/govalf.com\\\/tr\\\/product\\\/boru-aski-kelepceleri\\\/#breadcrumb\",\"itemListElement\":[{\"@type\":\"ListItem\",\"position\":1,\"name\":\"Anasayfa\",\"item\":\"https:\\\/\\\/govalf.com\\\/tr\\\/\"},{\"@type\":\"ListItem\",\"position\":2,\"name\":\"Products\",\"item\":\"http:\\\/\\\/govalf.com\\\/fr\\\/des-produits\\\/\"},{\"@type\":\"ListItem\",\"position\":3,\"name\":\"Boru Ask\u0131 Kelep\u00e7eleri\"}]},{\"@type\":\"WebSite\",\"@id\":\"http:\\\/\\\/govalf.com\\\/ru\\\/#website\",\"url\":\"http:\\\/\\\/govalf.com\\\/ru\\\/\",\"name\":\"Go Valf Vana ve Pompa Sistemleri\",\"description\":\"Yang\u0131n S\u00f6nd\u00fcrme Sistemleri ve Ekipmanlar\u0131\",\"publisher\":{\"@id\":\"http:\\\/\\\/govalf.com\\\/ru\\\/#organization\"},\"potentialAction\":[{\"@type\":\"SearchAction\",\"target\":{\"@type\":\"EntryPoint\",\"urlTemplate\":\"http:\\\/\\\/govalf.com\\\/ru\\\/?s={search_term_string}\"},\"query-input\":{\"@type\":\"PropertyValueSpecification\",\"valueRequired\":true,\"valueName\":\"search_term_string\"}}],\"inLanguage\":\"tr\"},{\"@type\":\"Organization\",\"@id\":\"http:\\\/\\\/govalf.com\\\/ru\\\/#organization\",\"name\":\"Go Valf\",\"url\":\"http:\\\/\\\/govalf.com\\\/ru\\\/\",\"logo\":{\"@type\":\"ImageObject\",\"inLanguage\":\"tr\",\"@id\":\"http:\\\/\\\/govalf.com\\\/ru\\\/#\\\/schema\\\/logo\\\/image\\\/\",\"url\":\"https:\\\/\\\/govalf.com\\\/wp-content\\\/uploads\\\/2022\\\/02\\\/go-valf-logo.png\",\"contentUrl\":\"https:\\\/\\\/govalf.com\\\/wp-content\\\/uploads\\\/2022\\\/02\\\/go-valf-logo.png\",\"width\":504,\"height\":120,\"caption\":\"Go Valf\"},\"image\":{\"@id\":\"http:\\\/\\\/govalf.com\\\/ru\\\/#\\\/schema\\\/logo\\\/image\\\/\"}}]}<\/script>\n<!-- \/ Yoast SEO plugin. -->","yoast_head_json":{"title":"Boru Ask\u0131 Kelep\u00e7eleri - Go Valf Vana ve Pompa Sistemleri","description":"Boru ask\u0131 kelep\u00e7eleri izolasyonlu ve izolasyonsuz borular\u0131 dikey ayarlamaya ve s\u0131n\u0131rl\u0131 bir harekete izin vererek desteklenmesi i\u00e7in dizayn edilmi\u015ftir.","robots":{"index":"index","follow":"follow","max-snippet":"max-snippet:-1","max-image-preview":"max-image-preview:large","max-video-preview":"max-video-preview:-1"},"canonical":"https:\/\/govalf.com\/tr\/product\/boru-aski-kelepceleri\/","og_locale":"tr_TR","og_type":"article","og_title":"Boru Ask\u0131 Kelep\u00e7eleri - Go Valf Vana ve Pompa Sistemleri","og_description":"Boru ask\u0131 kelep\u00e7eleri izolasyonlu ve izolasyonsuz borular\u0131 dikey ayarlamaya ve s\u0131n\u0131rl\u0131 bir harekete izin vererek desteklenmesi i\u00e7in dizayn edilmi\u015ftir.","og_url":"https:\/\/govalf.com\/tr\/product\/boru-aski-kelepceleri\/","og_site_name":"Go Valf Vana ve Pompa Sistemleri","article_modified_time":"2022-08-14T20:07:07+00:00","og_image":[{"width":992,"height":1252,"url":"https:\/\/govalf.com\/wp-content\/uploads\/2022\/08\/Ekran-Resmi-2022-08-04-21.10.59.png","type":"image\/png"}],"twitter_card":"summary_large_image","twitter_misc":{"Tahmini okuma s\u00fcresi":"4 dakika"},"schema":{"@context":"https:\/\/schema.org","@graph":[{"@type":"WebPage","@id":"https:\/\/govalf.com\/tr\/product\/boru-aski-kelepceleri\/","url":"https:\/\/govalf.com\/tr\/product\/boru-aski-kelepceleri\/","name":"Boru Ask\u0131 Kelep\u00e7eleri - Go Valf Vana ve Pompa Sistemleri","isPartOf":{"@id":"http:\/\/govalf.com\/ru\/#website"},"primaryImageOfPage":{"@id":"https:\/\/govalf.com\/tr\/product\/boru-aski-kelepceleri\/#primaryimage"},"image":{"@id":"https:\/\/govalf.com\/tr\/product\/boru-aski-kelepceleri\/#primaryimage"},"thumbnailUrl":"https:\/\/govalf.com\/wp-content\/uploads\/2022\/08\/Ekran-Resmi-2022-08-04-21.10.59.png","datePublished":"2022-08-04T18:14:37+00:00","dateModified":"2022-08-14T20:07:07+00:00","description":"Boru ask\u0131 kelep\u00e7eleri izolasyonlu ve izolasyonsuz borular\u0131 dikey ayarlamaya ve s\u0131n\u0131rl\u0131 bir harekete izin vererek desteklenmesi i\u00e7in dizayn edilmi\u015ftir.","breadcrumb":{"@id":"https:\/\/govalf.com\/tr\/product\/boru-aski-kelepceleri\/#breadcrumb"},"inLanguage":"tr","potentialAction":[{"@type":"ReadAction","target":["https:\/\/govalf.com\/tr\/product\/boru-aski-kelepceleri\/"]}]},{"@type":"ImageObject","inLanguage":"tr","@id":"https:\/\/govalf.com\/tr\/product\/boru-aski-kelepceleri\/#primaryimage","url":"https:\/\/govalf.com\/wp-content\/uploads\/2022\/08\/Ekran-Resmi-2022-08-04-21.10.59.png","contentUrl":"https:\/\/govalf.com\/wp-content\/uploads\/2022\/08\/Ekran-Resmi-2022-08-04-21.10.59.png","width":992,"height":1252,"caption":"Boru Ask\u0131 Kelep\u00e7eleri"},{"@type":"BreadcrumbList","@id":"https:\/\/govalf.com\/tr\/product\/boru-aski-kelepceleri\/#breadcrumb","itemListElement":[{"@type":"ListItem","position":1,"name":"Anasayfa","item":"https:\/\/govalf.com\/tr\/"},{"@type":"ListItem","position":2,"name":"Products","item":"http:\/\/govalf.com\/fr\/des-produits\/"},{"@type":"ListItem","position":3,"name":"Boru Ask\u0131 Kelep\u00e7eleri"}]},{"@type":"WebSite","@id":"http:\/\/govalf.com\/ru\/#website","url":"http:\/\/govalf.com\/ru\/","name":"Go Valf Vana ve Pompa Sistemleri","description":"Yang\u0131n S\u00f6nd\u00fcrme Sistemleri ve Ekipmanlar\u0131","publisher":{"@id":"http:\/\/govalf.com\/ru\/#organization"},"potentialAction":[{"@type":"SearchAction","target":{"@type":"EntryPoint","urlTemplate":"http:\/\/govalf.com\/ru\/?s={search_term_string}"},"query-input":{"@type":"PropertyValueSpecification","valueRequired":true,"valueName":"search_term_string"}}],"inLanguage":"tr"},{"@type":"Organization","@id":"http:\/\/govalf.com\/ru\/#organization","name":"Go Valf","url":"http:\/\/govalf.com\/ru\/","logo":{"@type":"ImageObject","inLanguage":"tr","@id":"http:\/\/govalf.com\/ru\/#\/schema\/logo\/image\/","url":"https:\/\/govalf.com\/wp-content\/uploads\/2022\/02\/go-valf-logo.png","contentUrl":"https:\/\/govalf.com\/wp-content\/uploads\/2022\/02\/go-valf-logo.png","width":504,"height":120,"caption":"Go Valf"},"image":{"@id":"http:\/\/govalf.com\/ru\/#\/schema\/logo\/image\/"}}]}},"_links":{"self":[{"href":"https:\/\/govalf.com\/tr\/wp-json\/wp\/v2\/product\/6438","targetHints":{"allow":["GET"]}}],"collection":[{"href":"https:\/\/govalf.com\/tr\/wp-json\/wp\/v2\/product"}],"about":[{"href":"https:\/\/govalf.com\/tr\/wp-json\/wp\/v2\/types\/product"}],"replies":[{"embeddable":true,"href":"https:\/\/govalf.com\/tr\/wp-json\/wp\/v2\/comments?post=6438"}],"wp:featuredmedia":[{"embeddable":true,"href":"https:\/\/govalf.com\/tr\/wp-json\/wp\/v2\/media\/6433"}],"wp:attachment":[{"href":"https:\/\/govalf.com\/tr\/wp-json\/wp\/v2\/media?parent=6438"}],"wp:term":[{"taxonomy":"product_brand","embeddable":true,"href":"https:\/\/govalf.com\/tr\/wp-json\/wp\/v2\/product_brand?post=6438"},{"taxonomy":"product_cat","embeddable":true,"href":"https:\/\/govalf.com\/tr\/wp-json\/wp\/v2\/product_cat?post=6438"},{"taxonomy":"product_tag","embeddable":true,"href":"https:\/\/govalf.com\/tr\/wp-json\/wp\/v2\/product_tag?post=6438"}],"curies":[{"name":"wp","href":"https:\/\/api.w.org\/{rel}","templated":true}]}}