{"id":8383,"date":"2023-01-02T17:09:48","date_gmt":"2023-01-02T17:09:48","guid":{"rendered":"https:\/\/govalf.com\/?post_type=product&#038;p=8383"},"modified":"2023-04-07T07:51:03","modified_gmt":"2023-04-07T07:51:03","slug":"bicakli-surgulu-vana-paslanmaz","status":"publish","type":"product","link":"https:\/\/govalf.com\/tr\/product\/bicakli-surgulu-vana-paslanmaz\/","title":{"rendered":"B\u0131\u00e7akl\u0131 S\u00fcrg\u00fcl\u00fc Vana &#8211; Paslanmaz"},"content":{"rendered":"<p><strong>B\u0131\u00e7akl\u0131 S\u00fcrg\u00fcl\u00fc Vana &#8211; Paslanmaz<\/strong> ge\u00e7i\u015f y\u00f6n\u00fcne dik kayan bir b\u0131\u00e7ak ile ak\u0131\u015fkan ge\u00e7i\u015fini kapatan ve s\u0131zd\u0131rmazl\u0131k \u00f6zellikleri ile efektif bir \u015fekilde \u00e7al\u0131\u015fan sistemlerdir. Sistemde temel olarak iki s\u0131zd\u0131rmazl\u0131k halka bulunur. Bu halkalar aras\u0131nda dik kayan bir s\u00fcrg\u00fc bulunur. S\u00fcrg\u00fcn\u00fcn i\u015flevini yerine getirmesi, sistemin sistematik bir \u015fekilde \u00e7al\u0131\u015fmas\u0131na olanak tan\u0131r. K\u00fcresel vanalar, s\u00fcrekli a\u00e7\u0131l\u0131p kapanan yerlerde kullan\u0131lmakta olup b\u0131\u00e7akl\u0131 s\u00fcrg\u00fcl\u00fc vanalar, olduk\u00e7a efektif bir kullan\u0131m sunar. Ayr\u0131ca s\u0131zd\u0131rmazl\u0131k \u00f6zelli\u011fi ile donat\u0131lmalar\u0131, farkl\u0131 alanlarda sorunsuz bir \u015fekilde kullan\u0131lmas\u0131n\u0131 m\u00fcmk\u00fcn k\u0131lar. Peki <strong>paslanmaz vana-b\u0131\u00e7akl\u0131 s\u00fcrg\u00fcl\u00fc<\/strong> nedir, \u00f6zellikleri nelerdir, hangi alanlarda kullan\u0131l\u0131r?<\/p>\n<h2><strong>B\u0131\u00e7akl\u0131 S\u00fcrg\u00fcl\u00fc Vana &#8211; Paslanmaz <\/strong>Nedir?<\/h2>\n<p>Korozyona kar\u015f\u0131 olduk\u00e7a dayan\u0131kl\u0131 vana t\u00fcrlerinden bir tanesidir. Sistem i\u00e7erisinde iki s\u0131zd\u0131rmazl\u0131k halka bulunur. Ak\u0131\u015fkan ge\u00e7i\u015fini sa\u011flayabilmek i\u00e7in iki halka aras\u0131nda yer alan b\u0131\u00e7ak ya da s\u00fcrg\u00fc, ge\u00e7i\u015f y\u00f6n\u00fcne dik bir \u015fekilde a\u00e7\u0131l\u0131p kapan\u0131r. Tam a\u00e7\u0131k veya tam kapal\u0131 olarak kullan\u0131lmalar\u0131 \u00f6nerilmektedir.<\/p>\n<h2><strong>B\u0131\u00e7akl\u0131 S\u00fcrg\u00fcl\u00fc Vana &#8211; Paslanmaz <\/strong>\u00d6zellikleri Neler?<\/h2>\n<p>Paslanmaz \u00f6zellikteki b\u0131\u00e7akl\u0131 s\u00fcrg\u00fcl\u00fc vanalar\u0131n sahip oldu\u011fu \u00f6zelliklerin tamam\u0131, efektif bir \u015fekilde kullan\u0131lmalar\u0131n\u0131 sa\u011flar. Bu \u00f6zellikler genel hatlar\u0131yla a\u015fa\u011f\u0131daki gibidir:<\/p>\n<ul>\n<li>Ak\u0131\u015f kesitini kapatan b\u0131\u00e7akl\u0131 s\u00fcrg\u00fcl\u00fc vana, %100 s\u0131zd\u0131rmazl\u0131k \u00f6zellikleriyle olduk\u00e7a etkili bir kullan\u0131m vadeder.<\/li>\n<li>Man\u00fcel (volanl\u0131) ve pn\u00f6matik pistonlu olmak \u00fczere iki farkl\u0131 t\u00fcr\u00fc bulunur.<\/li>\n<li>Bir\u00e7ok farkl\u0131 kullan\u0131m alan\u0131na sahip olan <strong>paslanmaz vana-b\u0131\u00e7akl\u0131 s\u00fcrg\u00fcl\u00fc<\/strong> vanalar, \u00f6zellikle at\u0131ksu alanlar\u0131nda efektif bir kullan\u0131m sa\u011flar. Bu t\u00fcr alanlarda korozyon olduk\u00e7a \u00f6nemlidir. Paslanmaz \u00e7elikten \u00fcretilen b\u0131\u00e7akl\u0131 s\u00fcrg\u00fcl\u00fc vanalar, korozyona kar\u015f\u0131 etkili bir \u00e7\u00f6z\u00fcm sunar.<\/li>\n<li>Olduk\u00e7a sistematik bir \u015fekilde tasarlanan b\u0131\u00e7akl\u0131 s\u00fcrg\u00fcl\u00fc vanalar, su ko\u00e7u darbelerinin etkilerine kar\u015f\u0131 korunabilmesi i\u00e7in yava\u015f\u00e7a a\u00e7\u0131l\u0131p kapanacak bir \u00f6zelliktedir.<\/li>\n<li>\u00c7ok \u00f6zel bir yap\u0131ya sahip oldu\u011fu i\u00e7in s\u0131k s\u0131k bak\u0131ma ihtiya\u00e7 duymaz.<\/li>\n<li>Asit dayan\u0131ml\u0131 paslanmaz \u00e7elikten \u00fcretilen b\u0131\u00e7a\u011f\u0131 ile sorunsuz bir kullan\u0131m sa\u011flar.<\/li>\n<\/ul>\n<h2>Hangi Alanlarda Kullan\u0131l\u0131r?<\/h2>\n<p><strong>B\u0131\u00e7akl\u0131 S\u00fcrg\u00fcl\u00fc Vana &#8211; Paslanmaz<\/strong> geni\u015f bir kullan\u0131m alan\u0131na sahiptir. Teknolojik \u00f6zellikleri ve etkili kullan\u0131m sa\u011flayan yap\u0131s\u0131 sayesinde sorunsuz kullan\u0131m sa\u011flayan b\u0131\u00e7akl\u0131 s\u00fcrg\u00fcl\u00fc vanan\u0131n kullan\u0131ld\u0131\u011f\u0131 alanlar \u015fu \u015fekildedir:<\/p>\n<ul>\n<li>Petrokimya end\u00fcstrisi<\/li>\n<li>\u00c7amur s\u0131v\u0131lar\u0131<\/li>\n<li>Ka\u011f\u0131t end\u00fcstrisi<\/li>\n<li>Su art\u0131ma tesisleri<\/li>\n<li>Madencilik<\/li>\n<li>Deniz suyu uygulamalar\u0131<\/li>\n<li>Enerji santralleri<\/li>\n<li>At\u0131k, s\u0131cak ve so\u011fuk su<\/li>\n<li>End\u00fcstriyel uygulamalardaki lifli ak\u0131\u015fkanlar<\/li>\n<li>Pompa istasyonlar\u0131<\/li>\n<\/ul>\n<p>\u00dcr\u00fcn\u00fcn g\u00f6vdesi GGG40, contas\u0131 EPDM, maksimum \u00e7al\u0131\u015fma s\u0131cakl\u0131\u011f\u0131 120\u00b0 C, maksimum \u00e7al\u0131\u015fma bas\u0131nc\u0131 PN10 \/ PN16, b\u0131\u00e7ak AISI304, AISI316; EN 1092-2 \/ ISO 7005-2 \u2013 PN10, ba\u011flant\u0131 tipi WAFER \/ LUG flan\u015f ba\u011flant\u0131s\u0131 \u015feklindedir.<\/p>\n<p>Olduk\u00e7a ba\u015far\u0131l\u0131 bir s\u0131zd\u0131rmazl\u0131k \u00f6zelli\u011fi bulunan sistem, d\u00fc\u015f\u00fck bas\u0131n\u00e7 kayb\u0131 sa\u011flad\u0131\u011f\u0131ndan etkili ve yenilik\u00e7i bir kullan\u0131m sa\u011flar. Ayr\u0131ca mekandan tasarruf sa\u011flar. Bu sayede s\u0131kl\u0131kla tercih edilmektedir. Y\u00fcksek performans g\u00f6steren bir yap\u0131ya sahip olmas\u0131, farkl\u0131 alanlarda kullan\u0131lmas\u0131n\u0131 m\u00fcmk\u00fcn k\u0131lar. Bunun yan\u0131 s\u0131ra uzun s\u00fcreli kullan\u0131m sa\u011flamaktad\u0131r.<\/p>\n<p><a href=\"https:\/\/govalf.com\/\">Govalf<\/a><\/p>\n","protected":false},"excerpt":{"rendered":"<p>B\u0131\u00e7akl\u0131 S\u00fcrg\u00fcl\u00fc Vana &#8211; Paslanmaz ge\u00e7i\u015f y\u00f6n\u00fcne dik kayan bir b\u0131\u00e7ak ile ak\u0131\u015fkan ge\u00e7i\u015fini kapatan ve s\u0131zd\u0131rmazl\u0131k \u00f6zellikleri ile efektif bir \u015fekilde \u00e7al\u0131\u015fan sistemlerdir. Sistemde temel olarak iki s\u0131zd\u0131rmazl\u0131k halka bulunur. Bu halkalar aras\u0131nda dik kayan bir s\u00fcrg\u00fc bulunur. S\u00fcrg\u00fcn\u00fcn i\u015flevini yerine getirmesi, sistemin sistematik bir \u015fekilde \u00e7al\u0131\u015fmas\u0131na olanak tan\u0131r. K\u00fcresel vanalar, s\u00fcrekli a\u00e7\u0131l\u0131p kapanan [&hellip;]<\/p>\n","protected":false},"featured_media":8556,"comment_status":"open","ping_status":"closed","template":"","meta":{"_acf_changed":false},"product_brand":[],"product_cat":[400],"product_tag":[],"class_list":{"0":"post-8383","1":"product","2":"type-product","3":"status-publish","4":"has-post-thumbnail","6":"product_cat-endustriyel-vanalar","8":"first","9":"instock","10":"shipping-taxable","11":"product-type-simple"},"acf":[],"yoast_head":"<!-- This site is optimized with the Yoast SEO plugin v27.4 - https:\/\/yoast.com\/product\/yoast-seo-wordpress\/ -->\n<title>B\u0131\u00e7akl\u0131 S\u00fcrg\u00fcl\u00fc Vana - Paslanmaz - GOVALF<\/title>\n<meta name=\"description\" content=\"B\u0131\u00e7akl\u0131 S\u00fcrg\u00fcl\u00fc Vana - Paslanmaz, ge\u00e7i\u015f y\u00f6n\u00fcne dik kayan bir b\u0131\u00e7ak ile ak\u0131\u015fkan ge\u00e7i\u015fini kapatan ve s\u0131zd\u0131rmazl\u0131k \u00f6zellikleri ile efektif bir\" \/>\n<meta name=\"robots\" content=\"index, follow, max-snippet:-1, max-image-preview:large, max-video-preview:-1\" \/>\n<link rel=\"canonical\" href=\"https:\/\/govalf.com\/tr\/product\/bicakli-surgulu-vana-paslanmaz\/\" \/>\n<meta property=\"og:locale\" content=\"tr_TR\" \/>\n<meta property=\"og:type\" content=\"article\" \/>\n<meta property=\"og:title\" content=\"B\u0131\u00e7akl\u0131 S\u00fcrg\u00fcl\u00fc Vana - Paslanmaz - GOVALF\" \/>\n<meta property=\"og:description\" content=\"B\u0131\u00e7akl\u0131 S\u00fcrg\u00fcl\u00fc Vana - Paslanmaz, ge\u00e7i\u015f y\u00f6n\u00fcne dik kayan bir b\u0131\u00e7ak ile ak\u0131\u015fkan ge\u00e7i\u015fini kapatan ve s\u0131zd\u0131rmazl\u0131k \u00f6zellikleri ile efektif bir\" \/>\n<meta property=\"og:url\" content=\"https:\/\/govalf.com\/tr\/product\/bicakli-surgulu-vana-paslanmaz\/\" \/>\n<meta property=\"og:site_name\" content=\"Go Valf Vana ve Pompa Sistemleri\" \/>\n<meta property=\"article:modified_time\" content=\"2023-04-07T07:51:03+00:00\" \/>\n<meta property=\"og:image\" content=\"https:\/\/govalf.com\/wp-content\/uploads\/2023\/01\/Paslanmaz-Vana-Bicakli-Surgulu-Vana.png\" \/>\n\t<meta property=\"og:image:width\" content=\"768\" \/>\n\t<meta property=\"og:image:height\" content=\"768\" \/>\n\t<meta property=\"og:image:type\" content=\"image\/png\" \/>\n<meta name=\"twitter:card\" content=\"summary_large_image\" \/>\n<meta name=\"twitter:label1\" content=\"Tahmini okuma s\u00fcresi\" \/>\n\t<meta name=\"twitter:data1\" content=\"3 dakika\" \/>\n<script type=\"application\/ld+json\" class=\"yoast-schema-graph\">{\"@context\":\"https:\\\/\\\/schema.org\",\"@graph\":[{\"@type\":\"WebPage\",\"@id\":\"https:\\\/\\\/govalf.com\\\/tr\\\/product\\\/bicakli-surgulu-vana-paslanmaz\\\/\",\"url\":\"https:\\\/\\\/govalf.com\\\/tr\\\/product\\\/bicakli-surgulu-vana-paslanmaz\\\/\",\"name\":\"B\u0131\u00e7akl\u0131 S\u00fcrg\u00fcl\u00fc Vana - Paslanmaz - GOVALF\",\"isPartOf\":{\"@id\":\"http:\\\/\\\/govalf.com\\\/ru\\\/#website\"},\"primaryImageOfPage\":{\"@id\":\"https:\\\/\\\/govalf.com\\\/tr\\\/product\\\/bicakli-surgulu-vana-paslanmaz\\\/#primaryimage\"},\"image\":{\"@id\":\"https:\\\/\\\/govalf.com\\\/tr\\\/product\\\/bicakli-surgulu-vana-paslanmaz\\\/#primaryimage\"},\"thumbnailUrl\":\"https:\\\/\\\/govalf.com\\\/wp-content\\\/uploads\\\/2023\\\/01\\\/Paslanmaz-Vana-Bicakli-Surgulu-Vana.png\",\"datePublished\":\"2023-01-02T17:09:48+00:00\",\"dateModified\":\"2023-04-07T07:51:03+00:00\",\"description\":\"B\u0131\u00e7akl\u0131 S\u00fcrg\u00fcl\u00fc Vana - Paslanmaz, ge\u00e7i\u015f y\u00f6n\u00fcne dik kayan bir b\u0131\u00e7ak ile ak\u0131\u015fkan ge\u00e7i\u015fini kapatan ve s\u0131zd\u0131rmazl\u0131k \u00f6zellikleri ile efektif bir\",\"breadcrumb\":{\"@id\":\"https:\\\/\\\/govalf.com\\\/tr\\\/product\\\/bicakli-surgulu-vana-paslanmaz\\\/#breadcrumb\"},\"inLanguage\":\"tr\",\"potentialAction\":[{\"@type\":\"ReadAction\",\"target\":[\"https:\\\/\\\/govalf.com\\\/tr\\\/product\\\/bicakli-surgulu-vana-paslanmaz\\\/\"]}]},{\"@type\":\"ImageObject\",\"inLanguage\":\"tr\",\"@id\":\"https:\\\/\\\/govalf.com\\\/tr\\\/product\\\/bicakli-surgulu-vana-paslanmaz\\\/#primaryimage\",\"url\":\"https:\\\/\\\/govalf.com\\\/wp-content\\\/uploads\\\/2023\\\/01\\\/Paslanmaz-Vana-Bicakli-Surgulu-Vana.png\",\"contentUrl\":\"https:\\\/\\\/govalf.com\\\/wp-content\\\/uploads\\\/2023\\\/01\\\/Paslanmaz-Vana-Bicakli-Surgulu-Vana.png\",\"width\":768,\"height\":768,\"caption\":\"B\u0131\u00e7akl\u0131 S\u00fcrg\u00fcl\u00fc Vana - Paslanmaz\"},{\"@type\":\"BreadcrumbList\",\"@id\":\"https:\\\/\\\/govalf.com\\\/tr\\\/product\\\/bicakli-surgulu-vana-paslanmaz\\\/#breadcrumb\",\"itemListElement\":[{\"@type\":\"ListItem\",\"position\":1,\"name\":\"Anasayfa\",\"item\":\"https:\\\/\\\/govalf.com\\\/tr\\\/\"},{\"@type\":\"ListItem\",\"position\":2,\"name\":\"Products\",\"item\":\"http:\\\/\\\/govalf.com\\\/ru\\\/%d0%bf%d1%80%d0%be%d0%b4%d1%83%d0%ba%d1%82%d1%8b\\\/\"},{\"@type\":\"ListItem\",\"position\":3,\"name\":\"B\u0131\u00e7akl\u0131 S\u00fcrg\u00fcl\u00fc Vana &#8211; Paslanmaz\"}]},{\"@type\":\"WebSite\",\"@id\":\"http:\\\/\\\/govalf.com\\\/ru\\\/#website\",\"url\":\"http:\\\/\\\/govalf.com\\\/ru\\\/\",\"name\":\"Go Valf Vana ve Pompa Sistemleri\",\"description\":\"Yang\u0131n S\u00f6nd\u00fcrme Sistemleri ve Ekipmanlar\u0131\",\"publisher\":{\"@id\":\"http:\\\/\\\/govalf.com\\\/ru\\\/#organization\"},\"potentialAction\":[{\"@type\":\"SearchAction\",\"target\":{\"@type\":\"EntryPoint\",\"urlTemplate\":\"http:\\\/\\\/govalf.com\\\/ru\\\/?s={search_term_string}\"},\"query-input\":{\"@type\":\"PropertyValueSpecification\",\"valueRequired\":true,\"valueName\":\"search_term_string\"}}],\"inLanguage\":\"tr\"},{\"@type\":\"Organization\",\"@id\":\"http:\\\/\\\/govalf.com\\\/ru\\\/#organization\",\"name\":\"Go Valf\",\"url\":\"http:\\\/\\\/govalf.com\\\/ru\\\/\",\"logo\":{\"@type\":\"ImageObject\",\"inLanguage\":\"tr\",\"@id\":\"http:\\\/\\\/govalf.com\\\/ru\\\/#\\\/schema\\\/logo\\\/image\\\/\",\"url\":\"https:\\\/\\\/govalf.com\\\/wp-content\\\/uploads\\\/2022\\\/02\\\/go-valf-logo.png\",\"contentUrl\":\"https:\\\/\\\/govalf.com\\\/wp-content\\\/uploads\\\/2022\\\/02\\\/go-valf-logo.png\",\"width\":504,\"height\":120,\"caption\":\"Go Valf\"},\"image\":{\"@id\":\"http:\\\/\\\/govalf.com\\\/ru\\\/#\\\/schema\\\/logo\\\/image\\\/\"}}]}<\/script>\n<!-- \/ Yoast SEO plugin. -->","yoast_head_json":{"title":"B\u0131\u00e7akl\u0131 S\u00fcrg\u00fcl\u00fc Vana - Paslanmaz - GOVALF","description":"B\u0131\u00e7akl\u0131 S\u00fcrg\u00fcl\u00fc Vana - Paslanmaz, ge\u00e7i\u015f y\u00f6n\u00fcne dik kayan bir b\u0131\u00e7ak ile ak\u0131\u015fkan ge\u00e7i\u015fini kapatan ve s\u0131zd\u0131rmazl\u0131k \u00f6zellikleri ile efektif bir","robots":{"index":"index","follow":"follow","max-snippet":"max-snippet:-1","max-image-preview":"max-image-preview:large","max-video-preview":"max-video-preview:-1"},"canonical":"https:\/\/govalf.com\/tr\/product\/bicakli-surgulu-vana-paslanmaz\/","og_locale":"tr_TR","og_type":"article","og_title":"B\u0131\u00e7akl\u0131 S\u00fcrg\u00fcl\u00fc Vana - Paslanmaz - GOVALF","og_description":"B\u0131\u00e7akl\u0131 S\u00fcrg\u00fcl\u00fc Vana - Paslanmaz, ge\u00e7i\u015f y\u00f6n\u00fcne dik kayan bir b\u0131\u00e7ak ile ak\u0131\u015fkan ge\u00e7i\u015fini kapatan ve s\u0131zd\u0131rmazl\u0131k \u00f6zellikleri ile efektif bir","og_url":"https:\/\/govalf.com\/tr\/product\/bicakli-surgulu-vana-paslanmaz\/","og_site_name":"Go Valf Vana ve Pompa Sistemleri","article_modified_time":"2023-04-07T07:51:03+00:00","og_image":[{"width":768,"height":768,"url":"https:\/\/govalf.com\/wp-content\/uploads\/2023\/01\/Paslanmaz-Vana-Bicakli-Surgulu-Vana.png","type":"image\/png"}],"twitter_card":"summary_large_image","twitter_misc":{"Tahmini okuma s\u00fcresi":"3 dakika"},"schema":{"@context":"https:\/\/schema.org","@graph":[{"@type":"WebPage","@id":"https:\/\/govalf.com\/tr\/product\/bicakli-surgulu-vana-paslanmaz\/","url":"https:\/\/govalf.com\/tr\/product\/bicakli-surgulu-vana-paslanmaz\/","name":"B\u0131\u00e7akl\u0131 S\u00fcrg\u00fcl\u00fc Vana - Paslanmaz - GOVALF","isPartOf":{"@id":"http:\/\/govalf.com\/ru\/#website"},"primaryImageOfPage":{"@id":"https:\/\/govalf.com\/tr\/product\/bicakli-surgulu-vana-paslanmaz\/#primaryimage"},"image":{"@id":"https:\/\/govalf.com\/tr\/product\/bicakli-surgulu-vana-paslanmaz\/#primaryimage"},"thumbnailUrl":"https:\/\/govalf.com\/wp-content\/uploads\/2023\/01\/Paslanmaz-Vana-Bicakli-Surgulu-Vana.png","datePublished":"2023-01-02T17:09:48+00:00","dateModified":"2023-04-07T07:51:03+00:00","description":"B\u0131\u00e7akl\u0131 S\u00fcrg\u00fcl\u00fc Vana - Paslanmaz, ge\u00e7i\u015f y\u00f6n\u00fcne dik kayan bir b\u0131\u00e7ak ile ak\u0131\u015fkan ge\u00e7i\u015fini kapatan ve s\u0131zd\u0131rmazl\u0131k \u00f6zellikleri ile efektif bir","breadcrumb":{"@id":"https:\/\/govalf.com\/tr\/product\/bicakli-surgulu-vana-paslanmaz\/#breadcrumb"},"inLanguage":"tr","potentialAction":[{"@type":"ReadAction","target":["https:\/\/govalf.com\/tr\/product\/bicakli-surgulu-vana-paslanmaz\/"]}]},{"@type":"ImageObject","inLanguage":"tr","@id":"https:\/\/govalf.com\/tr\/product\/bicakli-surgulu-vana-paslanmaz\/#primaryimage","url":"https:\/\/govalf.com\/wp-content\/uploads\/2023\/01\/Paslanmaz-Vana-Bicakli-Surgulu-Vana.png","contentUrl":"https:\/\/govalf.com\/wp-content\/uploads\/2023\/01\/Paslanmaz-Vana-Bicakli-Surgulu-Vana.png","width":768,"height":768,"caption":"B\u0131\u00e7akl\u0131 S\u00fcrg\u00fcl\u00fc Vana - Paslanmaz"},{"@type":"BreadcrumbList","@id":"https:\/\/govalf.com\/tr\/product\/bicakli-surgulu-vana-paslanmaz\/#breadcrumb","itemListElement":[{"@type":"ListItem","position":1,"name":"Anasayfa","item":"https:\/\/govalf.com\/tr\/"},{"@type":"ListItem","position":2,"name":"Products","item":"http:\/\/govalf.com\/ru\/%d0%bf%d1%80%d0%be%d0%b4%d1%83%d0%ba%d1%82%d1%8b\/"},{"@type":"ListItem","position":3,"name":"B\u0131\u00e7akl\u0131 S\u00fcrg\u00fcl\u00fc Vana &#8211; Paslanmaz"}]},{"@type":"WebSite","@id":"http:\/\/govalf.com\/ru\/#website","url":"http:\/\/govalf.com\/ru\/","name":"Go Valf Vana ve Pompa Sistemleri","description":"Yang\u0131n S\u00f6nd\u00fcrme Sistemleri ve Ekipmanlar\u0131","publisher":{"@id":"http:\/\/govalf.com\/ru\/#organization"},"potentialAction":[{"@type":"SearchAction","target":{"@type":"EntryPoint","urlTemplate":"http:\/\/govalf.com\/ru\/?s={search_term_string}"},"query-input":{"@type":"PropertyValueSpecification","valueRequired":true,"valueName":"search_term_string"}}],"inLanguage":"tr"},{"@type":"Organization","@id":"http:\/\/govalf.com\/ru\/#organization","name":"Go Valf","url":"http:\/\/govalf.com\/ru\/","logo":{"@type":"ImageObject","inLanguage":"tr","@id":"http:\/\/govalf.com\/ru\/#\/schema\/logo\/image\/","url":"https:\/\/govalf.com\/wp-content\/uploads\/2022\/02\/go-valf-logo.png","contentUrl":"https:\/\/govalf.com\/wp-content\/uploads\/2022\/02\/go-valf-logo.png","width":504,"height":120,"caption":"Go Valf"},"image":{"@id":"http:\/\/govalf.com\/ru\/#\/schema\/logo\/image\/"}}]}},"_links":{"self":[{"href":"https:\/\/govalf.com\/tr\/wp-json\/wp\/v2\/product\/8383","targetHints":{"allow":["GET"]}}],"collection":[{"href":"https:\/\/govalf.com\/tr\/wp-json\/wp\/v2\/product"}],"about":[{"href":"https:\/\/govalf.com\/tr\/wp-json\/wp\/v2\/types\/product"}],"replies":[{"embeddable":true,"href":"https:\/\/govalf.com\/tr\/wp-json\/wp\/v2\/comments?post=8383"}],"wp:featuredmedia":[{"embeddable":true,"href":"https:\/\/govalf.com\/tr\/wp-json\/wp\/v2\/media\/8556"}],"wp:attachment":[{"href":"https:\/\/govalf.com\/tr\/wp-json\/wp\/v2\/media?parent=8383"}],"wp:term":[{"taxonomy":"product_brand","embeddable":true,"href":"https:\/\/govalf.com\/tr\/wp-json\/wp\/v2\/product_brand?post=8383"},{"taxonomy":"product_cat","embeddable":true,"href":"https:\/\/govalf.com\/tr\/wp-json\/wp\/v2\/product_cat?post=8383"},{"taxonomy":"product_tag","embeddable":true,"href":"https:\/\/govalf.com\/tr\/wp-json\/wp\/v2\/product_tag?post=8383"}],"curies":[{"name":"wp","href":"https:\/\/api.w.org\/{rel}","templated":true}]}}