{"id":8470,"date":"2023-01-09T19:05:21","date_gmt":"2023-01-09T19:05:21","guid":{"rendered":"https:\/\/govalf.com\/?post_type=product&#038;p=8470"},"modified":"2023-04-07T07:46:39","modified_gmt":"2023-04-07T07:46:39","slug":"cift-serpantinli-boyler","status":"publish","type":"product","link":"https:\/\/govalf.com\/tr\/product\/cift-serpantinli-boyler\/","title":{"rendered":"\u00c7ift Serpantinli Boyler"},"content":{"rendered":"<p>\u00c7ift Serpantinli Boyler ; Y\u00fcksek s\u0131cak su konforu sunan \u00e7ift serpantinli boyler;<\/p>\n<p>-Yo\u011fu\u015fmal\u0131 cihazlar, kazanlar, \u0131s\u0131 pompas\u0131 ve g\u00fcne\u015f enerjisi ile tam uyumlu \u00e7al\u0131\u015fmaktad\u0131r.<\/p>\n<p>-160-5000L aras\u0131nda y\u00fcksek kullan\u0131m suyu konforu<\/p>\n<p>-Maksimum \u00e7al\u0131\u015fma bas\u0131nc\u0131 (Depo): 10 Bar<\/p>\n<p>-Maksimum \u00e7al\u0131\u015fma bas\u0131nc\u0131 (Serpantin) 16 Bar<\/p>\n<p>-Maksimum \u00e7al\u0131\u015fma s\u0131cakl\u0131\u011f\u0131 (Depo): 95\u00b0C<\/p>\n<p>-Maksimum \u00e7al\u0131\u015fma s\u0131cakl\u0131\u011f\u0131 (Serpantin): 120\u00b0C<\/p>\n<p>-Konstr\u00fcksiyon: S235JR \u00e7elik<\/p>\n<p>-P\u00fcr\u00fczs\u00fcz y\u00fczeyi sayesinde minimum kire\u00e7 olu\u015fumu. DIN 4753-3&#8217;e uygun \u00fcst\u00fcn kaliteli emaye kaplamas\u0131 sayesinde, hijyenik s\u0131cak su korumas\u0131 ve optimum korozyon korumas\u0131<\/p>\n<p>-Magnezyum anot koruma<\/p>\n<p>-Y\u00fcksek \u0131s\u0131 izolasyonu<\/p>\n<p>-Montaj dostu ve b\u00fcy\u00fck oranda bak\u0131m gerektirmeyen yap\u0131<\/p>\n<p>-D\u0131\u015f emaye kaplamas\u0131 ile korozyona kar\u015f\u0131 koruma<\/p>\n<p>-Sens\u00f6r kovanl\u0131 (Y2&#8243;) ve termometrelidir.<\/p>\n<p>-Re-sirk\u00fclasyon ba\u011flant\u0131 imkan\u0131<\/p>\n<p>-D\u00fc\u015f\u00fck d\u00fczeye sabitlenmi\u015f serpantin sayesinde maksimum lejyonel korumas\u0131<\/p>\n<p>-izolasyon<\/p>\n<p>160-2000L : 42kg \/ m3 HCFC i\u00e7ermeyen sert PU k\u00f6p\u00fck<\/p>\n<p>2500-5000L: 18 kg \/m3 yumu\u015fak PU \/ S\u00fcnger k\u00f6p\u00fck &#8211;<\/p>\n<p>D\u0131\u015f k\u0131l\u0131f kaplamas\u0131<\/p>\n<p>160-500L: Elektrostatik toz boyal\u0131 galvanizli sac \/ Suni Deri \/ Termowen<\/p>\n<p>1500-5000L: Suni Deri (Vinleks)<\/p>\n<p>-TS 736 ve TS En 13445-3 standartlar\u0131na g\u00f6re tasarlanm\u0131\u015ft\u0131r.<\/p>\n<p>&nbsp;<\/p>\n<p><strong>Kapasite ve Ana \u00d6l\u00e7\u00fcler<\/strong><\/p>\n<p>&nbsp;<\/p>\n<div class=\"responsive-table\">\n<table class=\"table\" width=\"1041\">\n<tbody>\n<tr>\n<td><strong>\u00c7ift Serpantinli Boyler<\/strong><\/td>\n<td><\/td>\n<td><strong>\u00a0WBC<\/strong><\/p>\n<p><strong>160<\/strong><\/td>\n<td><strong>\u00a0WBC<\/strong><\/p>\n<p><strong>200<\/strong><\/td>\n<td><strong>\u00a0WBC<\/strong><\/p>\n<p><strong>300<\/strong><\/td>\n<td><strong>\u00a0WBC<\/strong><\/p>\n<p><strong>400<\/strong><\/td>\n<td><strong>\u00a0WBC<\/strong><\/p>\n<p><strong>500<\/strong><\/td>\n<td><strong>\u00a0WBC<\/strong><\/p>\n<p><strong>800<\/strong><\/td>\n<td><strong>\u00a0WBC<\/strong><\/p>\n<p><strong>1000<\/strong><\/td>\n<td><strong>\u00a0WBC<\/strong><\/p>\n<p><strong>1500<\/strong><\/td>\n<td><strong>\u00a0WBC<\/strong><\/p>\n<p><strong>2000<\/strong><\/td>\n<td><strong>\u00a0WBC<\/strong><\/p>\n<p><strong>2500<\/strong><\/td>\n<td><strong>\u00a0WBC<\/strong><\/p>\n<p><strong>3000<\/strong><\/td>\n<td><strong>\u00a0WBC<\/strong><\/p>\n<p><strong>4000<\/strong><\/td>\n<td><strong>\u00a0WBC<\/strong><\/p>\n<p><strong>5000<\/strong><\/td>\n<\/tr>\n<tr>\n<td><strong>Hacim<\/strong><\/td>\n<td>V (L)<\/td>\n<td>160<\/td>\n<td>200<\/td>\n<td>300<\/td>\n<td>400<\/td>\n<td>500<\/td>\n<td>800<\/td>\n<td>1000<\/td>\n<td>1500<\/td>\n<td>2000<\/td>\n<td>2500<\/td>\n<td>3000<\/td>\n<td>4000<\/td>\n<td>5000<\/td>\n<\/tr>\n<tr>\n<td><strong>\u00c7ap<\/strong><\/td>\n<td>D (mm)<\/td>\n<td>590<\/td>\n<td>590<\/td>\n<td>590<\/td>\n<td>750<\/td>\n<td>750<\/td>\n<td>950<\/td>\n<td>950<\/td>\n<td>1060<\/td>\n<td>1200<\/td>\n<td>1440<\/td>\n<td>1440<\/td>\n<td>1710<\/td>\n<td>1710<\/td>\n<\/tr>\n<tr>\n<td><strong>Y\u00fckselik<\/strong><\/td>\n<td>H (mm)<\/td>\n<td>1060<\/td>\n<td>1300<\/td>\n<td>181<\/td>\n<td>1380<\/td>\n<td>1620<\/td>\n<td>1620<\/td>\n<td>2010<\/td>\n<td>2280<\/td>\n<td>2280<\/td>\n<td>2450<\/td>\n<td>2750<\/td>\n<td>2550<\/td>\n<td>3050<\/td>\n<\/tr>\n<tr>\n<td><strong>Su Giri\u015f \/ \u00c7\u0131k\u0131\u015f<\/strong><\/td>\n<td>N1 &#8211; N7<\/p>\n<p>(inch)<\/td>\n<td>3\/4&#8243;<\/td>\n<td>3\/4&#8243;<\/td>\n<td>1&#8243;<\/td>\n<td>1&#8243;<\/td>\n<td>1&#8243;<\/td>\n<td>1 1\/4&#8243;<\/td>\n<td>1 1\/4&#8243;<\/td>\n<td>1 1\/4&#8243;<\/td>\n<td>1 1\/4&#8243;<\/td>\n<td>1 1\/2&#8243;<\/td>\n<td>1 1\/2&#8243;<\/td>\n<td>2&#8243;<\/td>\n<td>2&#8243;<\/td>\n<\/tr>\n<tr>\n<td><strong>Serpantin Giri\u015f \/ \u00c7\u0131k\u0131\u015f<\/strong><\/td>\n<td>N4 &#8211; N2<\/p>\n<p>N6 &#8211; N5<\/p>\n<p>(inch)<\/td>\n<td>1&#8243;<\/td>\n<td>1&#8243;<\/td>\n<td>1&#8243;<\/td>\n<td>1&#8243;<\/td>\n<td>1&#8243;<\/td>\n<td>1 1\/4&#8243;<\/td>\n<td>1 1\/4&#8243;<\/td>\n<td>1 1\/4&#8243;<\/td>\n<td>1 1\/4&#8243;<\/td>\n<td>1 1\/4&#8243;<\/td>\n<td>1 1\/4&#8243;<\/td>\n<td>1 1\/4&#8243;<\/td>\n<td>1 1\/4&#8243;<\/td>\n<\/tr>\n<tr>\n<td><strong>Sirk\u00fclasyon Ba\u011flant\u0131s\u0131<\/strong><\/td>\n<td>N3<\/p>\n<p>(inch)<\/td>\n<td>\u00a03\/4&#8243;<\/td>\n<td>\u00a03\/4&#8243;<\/td>\n<td>\u00a01&#8243;<\/td>\n<td>\u00a01&#8243;<\/td>\n<td>\u00a01&#8243;<\/td>\n<td>\u00a01 1\/4&#8243;<\/td>\n<td>\u00a01 1\/4&#8243;<\/td>\n<td>\u00a01 1\/4&#8243;<\/td>\n<td>\u00a01 1\/4&#8243;<\/td>\n<td>\u00a01 1\/2&#8243;<\/td>\n<td>\u00a01 1\/2&#8243;<\/td>\n<td>2&#8243;<\/td>\n<td>2&#8243;<\/td>\n<\/tr>\n<tr>\n<td><strong>Magnezyum Anot<\/strong><\/td>\n<td>N8<\/p>\n<p>(inch)<\/td>\n<td>1 1\/4&#8243;<\/td>\n<td>1 1\/4&#8243;<\/td>\n<td>1 1\/4&#8243;<\/td>\n<td>1 1\/4&#8243;<\/td>\n<td>1 1\/4&#8243;<\/td>\n<td>1 1\/4&#8243;<\/td>\n<td>1 1\/4&#8243;<\/td>\n<td>1 1\/4&#8243;<\/td>\n<td>1 1\/4&#8243;<\/td>\n<td>1 1\/4&#8243;<\/td>\n<td>1 1\/4&#8243;<\/td>\n<td>1 1\/4&#8243;<\/td>\n<td>1 1\/4&#8243;<\/td>\n<\/tr>\n<tr>\n<td><strong>\u0130lave Elektrikli Is\u0131t\u0131c\u0131<\/strong><\/td>\n<td>N10<\/p>\n<p>(inch)<\/td>\n<td>\u00a0\u00a01 1\/2&#8243;<\/td>\n<td>\u00a0\u00a01 1\/2&#8243;<\/td>\n<td>\u00a0\u00a01 1\/2&#8243;<\/td>\n<td>\u00a0\u00a01 1\/2&#8243;<\/td>\n<td>\u00a0\u00a01 1\/2&#8243;<\/td>\n<td>\u00a02&#8243;<\/td>\n<td>\u00a02&#8243;<\/td>\n<td>\u00a02&#8243;<\/td>\n<td>\u00a02&#8243;<\/td>\n<td>\u00a02&#8243;<\/td>\n<td>\u00a02&#8243;<\/td>\n<td>\u00a02&#8243;<\/td>\n<td>\u00a02&#8243;<\/td>\n<\/tr>\n<tr>\n<td><strong>\u00a0Termometre<\/strong><\/td>\n<td>N9<\/p>\n<p>(inch)<\/td>\n<td>1\/2&#8243;<\/td>\n<td>1\/2&#8243;<\/td>\n<td>1\/2&#8243;<\/td>\n<td>1\/2&#8243;<\/td>\n<td>1\/2&#8243;<\/td>\n<td>1\/2&#8243;<\/td>\n<td>1\/2&#8243;<\/td>\n<td>1\/2&#8243;<\/td>\n<td>1\/2&#8243;<\/td>\n<td>1\/2&#8243;<\/td>\n<td>1\/2&#8243;<\/td>\n<td>1\/2&#8243;<\/td>\n<td>1\/2&#8243;<\/td>\n<\/tr>\n<tr>\n<td><strong>Temizleme Flan\u015f\u0131<\/strong><\/td>\n<td>N11<\/p>\n<p>(inch)<\/td>\n<td>4&#8243;<\/td>\n<td>4&#8243;<\/td>\n<td>4&#8243;<\/td>\n<td>4&#8243;<\/td>\n<td>4&#8243;<\/td>\n<td>5&#8243;<\/td>\n<td>5&#8243;<\/td>\n<td>5&#8243;<\/td>\n<td>\u00a05&#8243;<\/td>\n<td>\u00a05&#8243;<\/td>\n<td>5&#8243;<\/td>\n<td>\u00a05&#8243;<\/td>\n<td>\u00a05&#8243;<\/td>\n<\/tr>\n<tr>\n<td><strong>Bo\u015flatma<\/strong><\/td>\n<td>N12<\/p>\n<p>(inch)<\/td>\n<td>1 1\/4&#8243;<\/td>\n<td>1 1\/4&#8243;<\/td>\n<td>1 1\/4&#8243;<\/td>\n<td>1 1\/4&#8243;<\/td>\n<td>1 1\/4&#8243;<\/td>\n<td>1 1\/4&#8243;<\/td>\n<td>1 1\/4&#8243;<\/td>\n<td>1 1\/4&#8243;<\/td>\n<td>1 1\/4&#8243;<\/td>\n<td>1 1\/4&#8243;<\/td>\n<td>1 1\/4&#8243;<\/td>\n<td>1 1\/4&#8243;<\/td>\n<td>1 1\/4&#8243;<\/td>\n<\/tr>\n<tr>\n<td><strong>Bo\u015f A\u011f\u0131rl\u0131\u011f\u0131<\/strong><\/td>\n<td>W (kg)<\/td>\n<td>73<\/td>\n<td>83<\/td>\n<td>108<\/td>\n<td>134<\/td>\n<td>148<\/td>\n<td>210<\/td>\n<td>260<\/td>\n<td>354<\/td>\n<td>514<\/td>\n<td>661<\/td>\n<td>770<\/td>\n<td>925<\/td>\n<td>1096<\/td>\n<\/tr>\n<\/tbody>\n<\/table>\n<h2>\u00c7ift Serpantinli Boyler Nedir?<\/h2>\n<p>\u00c7ift serpantinli boylerler, evlerde s\u0131cak su ihtiyac\u0131n\u0131 kar\u015f\u0131lamak i\u00e7in kullan\u0131lan en verimli cihazlardan biridir. Bu cihazlar, y\u00fcksek performans ve verimlilik sa\u011flayarak, kullan\u0131c\u0131lara konforlu bir s\u0131cak su sa\u011flarlar.<\/p>\n<p>\u00c7ift Serpantinli Tasar\u0131m<\/p>\n<p>\u00c7ift serpantinli boylerler, iki ayr\u0131 serpentini olan bir tasar\u0131ma sahiptir. Bu tasar\u0131m, birinci serpantin arac\u0131l\u0131\u011f\u0131yla evdeki kalorifer sistemini, ikinci serpantin ise evdeki s\u0131cak su ihtiyac\u0131n\u0131 kar\u015f\u0131lar. Bu sayede, boylerin kullan\u0131m\u0131 s\u0131ras\u0131nda kalorifer sistemi de \u0131s\u0131t\u0131lm\u0131\u015f olur ve enerji tasarrufu sa\u011flan\u0131r. Ayr\u0131ca, \u00e7ift serpantinli tasar\u0131m, cihaz\u0131n performans\u0131n\u0131 art\u0131rarak daha verimli bir s\u0131cak su sa\u011flar.<\/p>\n<p>Y\u00fcksek Verimlilik<\/p>\n<p>\u00c7ift serpantinli boylerler, y\u00fcksek verimlilik sa\u011flayarak enerji tasarrufu yapman\u0131za yard\u0131mc\u0131 olur. Bu cihazlar, s\u0131cak su \u00fcretimi i\u00e7in ihtiya\u00e7 duyulan enerjiyi en verimli \u015fekilde t\u00fcketirler ve gereksiz enerji kayb\u0131n\u0131 \u00f6nlerler. Ayr\u0131ca, \u00e7ift serpantinli tasar\u0131m, kalorifer sistemi ve s\u0131cak su ihtiyac\u0131n\u0131n bir arada kar\u015f\u0131lanmas\u0131yla daha y\u00fcksek verimlilik sa\u011flar.<\/p>\n<p>Kullan\u0131m Kolayl\u0131\u011f\u0131<\/p>\n<p>\u00c7ift serpantinli boylerler, kullan\u0131m kolayl\u0131\u011f\u0131 a\u00e7\u0131s\u0131ndan da avantajl\u0131d\u0131r. Bu cihazlar, di\u011fer boylerlere g\u00f6re daha az yer kaplarlar ve kolay bir \u015fekilde kurulabilirler. Ayr\u0131ca, bak\u0131m gerektirmezler ve sorunsuz bir \u015fekilde uzun y\u0131llar kullan\u0131labilirler.<\/p>\n<p>G\u00fcvenli Kullan\u0131m<\/p>\n<p>\u00c7ift serpantinli boylerler, g\u00fcvenli bir kullan\u0131m sa\u011flayarak evdeki s\u0131cak su ihtiyac\u0131n\u0131 kar\u015f\u0131larlar. Bu cihazlar, suyun a\u015f\u0131r\u0131 \u0131s\u0131nmas\u0131 durumunda otomatik olarak kapanarak g\u00fcvenli bir kullan\u0131m sa\u011flarlar. Ayr\u0131ca, boylerin y\u00fcksek kalitesi ve dayan\u0131kl\u0131l\u0131\u011f\u0131, kullan\u0131c\u0131lar\u0131n g\u00fcvenle kullanmalar\u0131n\u0131 sa\u011flar.<\/p>\n<p>Y\u00fcksek Performans<\/p>\n<p>\u00c7ift serpantinli boylerler, y\u00fcksek performans sa\u011flayarak kullan\u0131c\u0131lara konforlu bir s\u0131cak su sa\u011flarlar. Bu cihazlar, s\u0131cak su \u00fcretimi i\u00e7in ihtiya\u00e7 duyulan enerjiyi en verimli \u015fekilde t\u00fcketirler ve gereksiz enerji kayb\u0131n\u0131 \u00f6nlerler. Ayr\u0131ca, boylerin s\u0131cak su \u00fcretim kapasitesi, kullan\u0131c\u0131lar\u0131n ihtiya\u00e7lar\u0131na g\u00f6re ayarlanabilir ve b\u00f6ylece gereksiz enerji t\u00fcketilmesi \u00f6nlenir.<\/p>\n<p><a href=\"https:\/\/govalf.com\/\">govalf<\/a><\/p>\n<\/div>\n","protected":false},"excerpt":{"rendered":"<p>\u00c7ift Serpantinli Boyler ; Y\u00fcksek s\u0131cak su konforu sunan \u00e7ift serpantinli boyler; -Yo\u011fu\u015fmal\u0131 cihazlar, kazanlar, \u0131s\u0131 pompas\u0131 ve g\u00fcne\u015f enerjisi ile tam uyumlu \u00e7al\u0131\u015fmaktad\u0131r. -160-5000L aras\u0131nda y\u00fcksek kullan\u0131m suyu konforu -Maksimum \u00e7al\u0131\u015fma bas\u0131nc\u0131 (Depo): 10 Bar -Maksimum \u00e7al\u0131\u015fma bas\u0131nc\u0131 (Serpantin) 16 Bar -Maksimum \u00e7al\u0131\u015fma s\u0131cakl\u0131\u011f\u0131 (Depo): 95\u00b0C -Maksimum \u00e7al\u0131\u015fma s\u0131cakl\u0131\u011f\u0131 (Serpantin): 120\u00b0C -Konstr\u00fcksiyon: S235JR \u00e7elik [&hellip;]<\/p>\n","protected":false},"featured_media":8476,"comment_status":"open","ping_status":"closed","template":"","meta":{"_acf_changed":false},"product_brand":[],"product_cat":[401],"product_tag":[],"class_list":{"0":"post-8470","1":"product","2":"type-product","3":"status-publish","4":"has-post-thumbnail","6":"product_cat-boyler","8":"first","9":"instock","10":"shipping-taxable","11":"product-type-simple"},"acf":[],"yoast_head":"<!-- This site is optimized with the Yoast SEO plugin v27.4 - https:\/\/yoast.com\/product\/yoast-seo-wordpress\/ -->\n<title>\u00c7ift Serpantinli Boyler - Go Valf Vana ve Pompa Sistemleri<\/title>\n<meta name=\"description\" content=\"\u00c7ift Serpantinli Boyler ; Y\u00fcksek s\u0131cak su konforu sunan \u00e7ift serpantinli boyler nedir? teknik \u00f6zellikleri nelerdir? - GOVALF\" \/>\n<meta name=\"robots\" content=\"index, follow, max-snippet:-1, max-image-preview:large, max-video-preview:-1\" \/>\n<link rel=\"canonical\" href=\"https:\/\/govalf.com\/tr\/product\/cift-serpantinli-boyler\/\" \/>\n<meta property=\"og:locale\" content=\"tr_TR\" \/>\n<meta property=\"og:type\" content=\"article\" \/>\n<meta property=\"og:title\" content=\"\u00c7ift Serpantinli Boyler - Go Valf Vana ve Pompa Sistemleri\" \/>\n<meta property=\"og:description\" content=\"\u00c7ift Serpantinli Boyler ; Y\u00fcksek s\u0131cak su konforu sunan \u00e7ift serpantinli boyler nedir? teknik \u00f6zellikleri nelerdir? - GOVALF\" \/>\n<meta property=\"og:url\" content=\"https:\/\/govalf.com\/tr\/product\/cift-serpantinli-boyler\/\" \/>\n<meta property=\"og:site_name\" content=\"Go Valf Vana ve Pompa Sistemleri\" \/>\n<meta property=\"article:modified_time\" content=\"2023-04-07T07:46:39+00:00\" \/>\n<meta property=\"og:image\" content=\"https:\/\/govalf.com\/wp-content\/uploads\/2023\/01\/CIFT-SERPANTINLI-BOYLER_.png\" \/>\n\t<meta property=\"og:image:width\" content=\"768\" \/>\n\t<meta property=\"og:image:height\" content=\"768\" \/>\n\t<meta property=\"og:image:type\" content=\"image\/png\" \/>\n<meta name=\"twitter:card\" content=\"summary_large_image\" \/>\n<meta name=\"twitter:label1\" content=\"Tahmini okuma s\u00fcresi\" \/>\n\t<meta name=\"twitter:data1\" content=\"3 dakika\" \/>\n<script type=\"application\/ld+json\" class=\"yoast-schema-graph\">{\"@context\":\"https:\\\/\\\/schema.org\",\"@graph\":[{\"@type\":\"WebPage\",\"@id\":\"https:\\\/\\\/govalf.com\\\/tr\\\/product\\\/cift-serpantinli-boyler\\\/\",\"url\":\"https:\\\/\\\/govalf.com\\\/tr\\\/product\\\/cift-serpantinli-boyler\\\/\",\"name\":\"\u00c7ift Serpantinli Boyler - Go Valf Vana ve Pompa Sistemleri\",\"isPartOf\":{\"@id\":\"https:\\\/\\\/govalf.com\\\/ar\\\/#website\"},\"primaryImageOfPage\":{\"@id\":\"https:\\\/\\\/govalf.com\\\/tr\\\/product\\\/cift-serpantinli-boyler\\\/#primaryimage\"},\"image\":{\"@id\":\"https:\\\/\\\/govalf.com\\\/tr\\\/product\\\/cift-serpantinli-boyler\\\/#primaryimage\"},\"thumbnailUrl\":\"https:\\\/\\\/govalf.com\\\/wp-content\\\/uploads\\\/2023\\\/01\\\/CIFT-SERPANTINLI-BOYLER_.png\",\"datePublished\":\"2023-01-09T19:05:21+00:00\",\"dateModified\":\"2023-04-07T07:46:39+00:00\",\"description\":\"\u00c7ift Serpantinli Boyler ; Y\u00fcksek s\u0131cak su konforu sunan \u00e7ift serpantinli boyler nedir? teknik \u00f6zellikleri nelerdir? - GOVALF\",\"breadcrumb\":{\"@id\":\"https:\\\/\\\/govalf.com\\\/tr\\\/product\\\/cift-serpantinli-boyler\\\/#breadcrumb\"},\"inLanguage\":\"tr\",\"potentialAction\":[{\"@type\":\"ReadAction\",\"target\":[\"https:\\\/\\\/govalf.com\\\/tr\\\/product\\\/cift-serpantinli-boyler\\\/\"]}]},{\"@type\":\"ImageObject\",\"inLanguage\":\"tr\",\"@id\":\"https:\\\/\\\/govalf.com\\\/tr\\\/product\\\/cift-serpantinli-boyler\\\/#primaryimage\",\"url\":\"https:\\\/\\\/govalf.com\\\/wp-content\\\/uploads\\\/2023\\\/01\\\/CIFT-SERPANTINLI-BOYLER_.png\",\"contentUrl\":\"https:\\\/\\\/govalf.com\\\/wp-content\\\/uploads\\\/2023\\\/01\\\/CIFT-SERPANTINLI-BOYLER_.png\",\"width\":768,\"height\":768},{\"@type\":\"BreadcrumbList\",\"@id\":\"https:\\\/\\\/govalf.com\\\/tr\\\/product\\\/cift-serpantinli-boyler\\\/#breadcrumb\",\"itemListElement\":[{\"@type\":\"ListItem\",\"position\":1,\"name\":\"Anasayfa\",\"item\":\"https:\\\/\\\/govalf.com\\\/tr\\\/\"},{\"@type\":\"ListItem\",\"position\":2,\"name\":\"Products\",\"item\":\"https:\\\/\\\/govalf.com\\\/ar\\\/urunler%d9%85%d9%86%d8%aa%d8%ac%d8%a7%d8%aa\\\/\"},{\"@type\":\"ListItem\",\"position\":3,\"name\":\"\u00c7ift Serpantinli Boyler\"}]},{\"@type\":\"WebSite\",\"@id\":\"https:\\\/\\\/govalf.com\\\/ar\\\/#website\",\"url\":\"https:\\\/\\\/govalf.com\\\/ar\\\/\",\"name\":\"Go Valf Vana ve Pompa Sistemleri\",\"description\":\"Yang\u0131n S\u00f6nd\u00fcrme Sistemleri ve Ekipmanlar\u0131\",\"publisher\":{\"@id\":\"https:\\\/\\\/govalf.com\\\/ar\\\/#organization\"},\"potentialAction\":[{\"@type\":\"SearchAction\",\"target\":{\"@type\":\"EntryPoint\",\"urlTemplate\":\"https:\\\/\\\/govalf.com\\\/ar\\\/?s={search_term_string}\"},\"query-input\":{\"@type\":\"PropertyValueSpecification\",\"valueRequired\":true,\"valueName\":\"search_term_string\"}}],\"inLanguage\":\"tr\"},{\"@type\":\"Organization\",\"@id\":\"https:\\\/\\\/govalf.com\\\/ar\\\/#organization\",\"name\":\"Go Valf\",\"url\":\"https:\\\/\\\/govalf.com\\\/ar\\\/\",\"logo\":{\"@type\":\"ImageObject\",\"inLanguage\":\"tr\",\"@id\":\"https:\\\/\\\/govalf.com\\\/ar\\\/#\\\/schema\\\/logo\\\/image\\\/\",\"url\":\"https:\\\/\\\/govalf.com\\\/wp-content\\\/uploads\\\/2022\\\/02\\\/go-valf-logo.png\",\"contentUrl\":\"https:\\\/\\\/govalf.com\\\/wp-content\\\/uploads\\\/2022\\\/02\\\/go-valf-logo.png\",\"width\":504,\"height\":120,\"caption\":\"Go Valf\"},\"image\":{\"@id\":\"https:\\\/\\\/govalf.com\\\/ar\\\/#\\\/schema\\\/logo\\\/image\\\/\"}}]}<\/script>\n<!-- \/ Yoast SEO plugin. -->","yoast_head_json":{"title":"\u00c7ift Serpantinli Boyler - Go Valf Vana ve Pompa Sistemleri","description":"\u00c7ift Serpantinli Boyler ; Y\u00fcksek s\u0131cak su konforu sunan \u00e7ift serpantinli boyler nedir? teknik \u00f6zellikleri nelerdir? - GOVALF","robots":{"index":"index","follow":"follow","max-snippet":"max-snippet:-1","max-image-preview":"max-image-preview:large","max-video-preview":"max-video-preview:-1"},"canonical":"https:\/\/govalf.com\/tr\/product\/cift-serpantinli-boyler\/","og_locale":"tr_TR","og_type":"article","og_title":"\u00c7ift Serpantinli Boyler - Go Valf Vana ve Pompa Sistemleri","og_description":"\u00c7ift Serpantinli Boyler ; Y\u00fcksek s\u0131cak su konforu sunan \u00e7ift serpantinli boyler nedir? teknik \u00f6zellikleri nelerdir? - GOVALF","og_url":"https:\/\/govalf.com\/tr\/product\/cift-serpantinli-boyler\/","og_site_name":"Go Valf Vana ve Pompa Sistemleri","article_modified_time":"2023-04-07T07:46:39+00:00","og_image":[{"width":768,"height":768,"url":"https:\/\/govalf.com\/wp-content\/uploads\/2023\/01\/CIFT-SERPANTINLI-BOYLER_.png","type":"image\/png"}],"twitter_card":"summary_large_image","twitter_misc":{"Tahmini okuma s\u00fcresi":"3 dakika"},"schema":{"@context":"https:\/\/schema.org","@graph":[{"@type":"WebPage","@id":"https:\/\/govalf.com\/tr\/product\/cift-serpantinli-boyler\/","url":"https:\/\/govalf.com\/tr\/product\/cift-serpantinli-boyler\/","name":"\u00c7ift Serpantinli Boyler - Go Valf Vana ve Pompa Sistemleri","isPartOf":{"@id":"https:\/\/govalf.com\/ar\/#website"},"primaryImageOfPage":{"@id":"https:\/\/govalf.com\/tr\/product\/cift-serpantinli-boyler\/#primaryimage"},"image":{"@id":"https:\/\/govalf.com\/tr\/product\/cift-serpantinli-boyler\/#primaryimage"},"thumbnailUrl":"https:\/\/govalf.com\/wp-content\/uploads\/2023\/01\/CIFT-SERPANTINLI-BOYLER_.png","datePublished":"2023-01-09T19:05:21+00:00","dateModified":"2023-04-07T07:46:39+00:00","description":"\u00c7ift Serpantinli Boyler ; Y\u00fcksek s\u0131cak su konforu sunan \u00e7ift serpantinli boyler nedir? teknik \u00f6zellikleri nelerdir? - GOVALF","breadcrumb":{"@id":"https:\/\/govalf.com\/tr\/product\/cift-serpantinli-boyler\/#breadcrumb"},"inLanguage":"tr","potentialAction":[{"@type":"ReadAction","target":["https:\/\/govalf.com\/tr\/product\/cift-serpantinli-boyler\/"]}]},{"@type":"ImageObject","inLanguage":"tr","@id":"https:\/\/govalf.com\/tr\/product\/cift-serpantinli-boyler\/#primaryimage","url":"https:\/\/govalf.com\/wp-content\/uploads\/2023\/01\/CIFT-SERPANTINLI-BOYLER_.png","contentUrl":"https:\/\/govalf.com\/wp-content\/uploads\/2023\/01\/CIFT-SERPANTINLI-BOYLER_.png","width":768,"height":768},{"@type":"BreadcrumbList","@id":"https:\/\/govalf.com\/tr\/product\/cift-serpantinli-boyler\/#breadcrumb","itemListElement":[{"@type":"ListItem","position":1,"name":"Anasayfa","item":"https:\/\/govalf.com\/tr\/"},{"@type":"ListItem","position":2,"name":"Products","item":"https:\/\/govalf.com\/ar\/urunler%d9%85%d9%86%d8%aa%d8%ac%d8%a7%d8%aa\/"},{"@type":"ListItem","position":3,"name":"\u00c7ift Serpantinli Boyler"}]},{"@type":"WebSite","@id":"https:\/\/govalf.com\/ar\/#website","url":"https:\/\/govalf.com\/ar\/","name":"Go Valf Vana ve Pompa Sistemleri","description":"Yang\u0131n S\u00f6nd\u00fcrme Sistemleri ve Ekipmanlar\u0131","publisher":{"@id":"https:\/\/govalf.com\/ar\/#organization"},"potentialAction":[{"@type":"SearchAction","target":{"@type":"EntryPoint","urlTemplate":"https:\/\/govalf.com\/ar\/?s={search_term_string}"},"query-input":{"@type":"PropertyValueSpecification","valueRequired":true,"valueName":"search_term_string"}}],"inLanguage":"tr"},{"@type":"Organization","@id":"https:\/\/govalf.com\/ar\/#organization","name":"Go Valf","url":"https:\/\/govalf.com\/ar\/","logo":{"@type":"ImageObject","inLanguage":"tr","@id":"https:\/\/govalf.com\/ar\/#\/schema\/logo\/image\/","url":"https:\/\/govalf.com\/wp-content\/uploads\/2022\/02\/go-valf-logo.png","contentUrl":"https:\/\/govalf.com\/wp-content\/uploads\/2022\/02\/go-valf-logo.png","width":504,"height":120,"caption":"Go Valf"},"image":{"@id":"https:\/\/govalf.com\/ar\/#\/schema\/logo\/image\/"}}]}},"_links":{"self":[{"href":"https:\/\/govalf.com\/tr\/wp-json\/wp\/v2\/product\/8470","targetHints":{"allow":["GET"]}}],"collection":[{"href":"https:\/\/govalf.com\/tr\/wp-json\/wp\/v2\/product"}],"about":[{"href":"https:\/\/govalf.com\/tr\/wp-json\/wp\/v2\/types\/product"}],"replies":[{"embeddable":true,"href":"https:\/\/govalf.com\/tr\/wp-json\/wp\/v2\/comments?post=8470"}],"wp:featuredmedia":[{"embeddable":true,"href":"https:\/\/govalf.com\/tr\/wp-json\/wp\/v2\/media\/8476"}],"wp:attachment":[{"href":"https:\/\/govalf.com\/tr\/wp-json\/wp\/v2\/media?parent=8470"}],"wp:term":[{"taxonomy":"product_brand","embeddable":true,"href":"https:\/\/govalf.com\/tr\/wp-json\/wp\/v2\/product_brand?post=8470"},{"taxonomy":"product_cat","embeddable":true,"href":"https:\/\/govalf.com\/tr\/wp-json\/wp\/v2\/product_cat?post=8470"},{"taxonomy":"product_tag","embeddable":true,"href":"https:\/\/govalf.com\/tr\/wp-json\/wp\/v2\/product_tag?post=8470"}],"curies":[{"name":"wp","href":"https:\/\/api.w.org\/{rel}","templated":true}]}}