{"id":8525,"date":"2023-01-09T19:23:31","date_gmt":"2023-01-09T19:23:31","guid":{"rendered":"https:\/\/govalf.com\/?post_type=product&#038;p=8525"},"modified":"2023-04-07T11:44:11","modified_gmt":"2023-04-07T11:44:11","slug":"yatik-kapali-devre-boyler","status":"publish","type":"product","link":"https:\/\/govalf.com\/tr\/product\/yatik-kapali-devre-boyler\/","title":{"rendered":"Yat\u0131k Kapal\u0131 Devre Boyler"},"content":{"rendered":"<p>Yat\u0131k Kapal\u0131 Devre Boyler ; Y\u00fcksek s\u0131cak su konforu sunan yat\u0131k kapakl\u0131 devre boyler;<\/p>\n<p>-T\u00fcm G\u00fcne\u015f enerjisi sistemleri ile tam uyumlu \u00e7al\u0131\u015fmaktad\u0131r.<\/p>\n<p>-150-300L aras\u0131nda y\u00fcksek kullan\u0131m suyu konforu<\/p>\n<p>-Maksimum \u00e7al\u0131\u015fma bas\u0131nc\u0131 (Depo): 10 Bar<\/p>\n<p>-Maksimum \u00e7al\u0131\u015fma bas\u0131nc\u0131 (G\u00f6mlek): 3 Bar<\/p>\n<p>-Maksimum \u00e7al\u0131\u015fma s\u0131cakl\u0131\u011f\u0131 (Depo): 95\u00b0C<\/p>\n<p>-Maksimum \u00e7al\u0131\u015fma s\u0131cakl\u0131\u011f\u0131 (G\u00f6mlek): 110\u00b0C<\/p>\n<p>-Konstr\u00fcksiyon: S235JR \u00e7elik<\/p>\n<p>-P\u00fcr\u00fczs\u00fcz y\u00fczeyi sayesinde minimum kire\u00e7 olu\u015fumu DIN 4753&#8217;e uygun \u00fcst\u00fcn kaliteli emaye kaplamas\u0131 sayesinde, hijyenik s\u0131cak su korumas\u0131 ve optimum korozyon korumas\u0131<\/p>\n<p>-Magnezyum anot koruma<\/p>\n<p>-Y\u00fcksek \u0131s\u0131 izolasyonu<\/p>\n<p>-Montaj dostu ve b\u00fcy\u00fck oranda bak\u0131m gerektirmeyen yap\u0131<\/p>\n<p>-D\u0131\u015f emaye kaplamas\u0131 ile korozyona kar\u015f\u0131 koruma<\/p>\n<p>-izolasyon<\/p>\n<p>150-300L: 42 kg\/m3 HCFC i\u00e7ermeyen sert PU k\u00f6p\u00fck<\/p>\n<p>-D\u0131\u015f k\u0131l\u0131f kaplamas\u0131<\/p>\n<p>150-300L: Elektrostatik toz boyal\u0131 galvanizli sac<\/p>\n<p>-TS 736 ve TS EN 13445-3 standartlar\u0131na g\u00f6re tasarlanm\u0131\u015ft\u0131r.<\/p>\n<p>&nbsp;<\/p>\n<p><strong>Kapasite ve Ana \u00d6l\u00e7\u00fcler<\/strong><\/p>\n<p>&nbsp;<\/p>\n<div class=\"responsive-table\">\n<table class=\"table\" width=\"1041\">\n<tbody>\n<tr>\n<td><strong>Yat\u0131k Kapal\u0131 Devre Boyler<\/strong><\/td>\n<td><\/td>\n<td><strong>\u00a0WYB<\/strong><\/p>\n<p><strong>150<\/strong><\/td>\n<td><strong>\u00a0WYB<\/strong><\/p>\n<p><strong>200<\/strong><\/td>\n<td><strong>\u00a0WYB<\/strong><\/p>\n<p><strong>300<\/strong><\/td>\n<\/tr>\n<tr>\n<td><strong>Hacim<\/strong><\/td>\n<td>V (L)<\/td>\n<td>160<\/td>\n<td>200<\/td>\n<td>300<\/td>\n<\/tr>\n<tr>\n<td><strong>\u00c7ap<\/strong><\/td>\n<td>D (mm)<\/td>\n<td>590<\/td>\n<td>590<\/td>\n<td>590<\/td>\n<\/tr>\n<tr>\n<td><strong>Y\u00fckselik<\/strong><\/td>\n<td>H (mm)<\/td>\n<td>1100<\/td>\n<td>1290<\/td>\n<td>1840<\/td>\n<\/tr>\n<tr>\n<td><strong>Su Giri\u015f \/ \u00c7\u0131k\u0131\u015f<\/strong><\/td>\n<td>N4 &#8211; N2<\/p>\n<p>(inch)<\/td>\n<td>3\/4&#8243;<\/td>\n<td>3\/4&#8243;<\/td>\n<td>3\/4&#8243;<\/td>\n<\/tr>\n<tr>\n<td><strong>Kollekt\u00f6r Giri\u015f \/ \u00c7\u0131k\u0131\u015f<\/strong><\/td>\n<td>N4 &#8211; N3<\/p>\n<p>(inch)<\/td>\n<td>3\/4&#8243;<\/td>\n<td>3\/4&#8243;<\/td>\n<td>3\/4&#8243;<\/td>\n<\/tr>\n<tr>\n<td><strong>Emniyet Ekipmanlar\u0131\u00a0<\/strong><\/td>\n<td>N5 &#8211; N7<\/p>\n<p>(inch)<\/td>\n<td>\u00a03\/4&#8243;<\/td>\n<td>\u00a03\/4&#8243;<\/td>\n<td>\u00a03\/4&#8243;<\/td>\n<\/tr>\n<tr>\n<td><strong>Magnezyum Anot<\/strong><\/td>\n<td>N6<\/p>\n<p>(inch)<\/td>\n<td>1 1\/4&#8243;<\/td>\n<td>1 1\/4&#8243;<\/td>\n<td>1 1\/4&#8243;<\/td>\n<\/tr>\n<tr>\n<td><strong>\u0130lave Elektrikli Is\u0131t\u0131c\u0131<\/strong><\/td>\n<td>N6<\/p>\n<p>(inch)<\/td>\n<td>\u00a0 1 1\/4&#8243;<\/td>\n<td>\u00a0\u00a0 1 1\/4&#8243;<\/td>\n<td>\u00a0\u00a0 1 1\/4&#8243;<\/td>\n<\/tr>\n<tr>\n<td><strong>Temizleme Flan\u015f\u0131<\/strong><\/td>\n<td>N6<\/p>\n<p>(inch)<\/td>\n<td>3&#8243;<\/td>\n<td>3&#8243;<\/td>\n<td>3&#8243;<\/td>\n<\/tr>\n<tr>\n<td><strong>Bo\u015f A\u011f\u0131rl\u0131\u011f\u0131<\/strong><\/td>\n<td>W (kg)<\/td>\n<td>68<\/td>\n<td>90<\/td>\n<td>110<\/td>\n<\/tr>\n<\/tbody>\n<\/table>\n<h2>Yat\u0131k Kapal\u0131 Devre Boyler<\/h2>\n<p>Yat\u0131k kapal\u0131 devre boylerler, evlerde s\u0131cak su ihtiyac\u0131n\u0131n kar\u015f\u0131lanmas\u0131 i\u00e7in kullan\u0131lan bir cihaz t\u00fcr\u00fcd\u00fcr. Bu cihazlar, y\u00fcksek verimlilik ve enerji tasarrufu sa\u011flayarak, kullan\u0131c\u0131lara daha az enerji t\u00fcketimi ile konforlu bir s\u0131cak su sa\u011flarlar.<\/p>\n<p>Kapal\u0131 Devre Tasar\u0131m<\/p>\n<p>Yat\u0131k kapal\u0131 devre boylerler, kapal\u0131 devre tasar\u0131m\u0131na sahip olan bir cihazd\u0131r. Bu tasar\u0131m, cihaz\u0131n su bas\u0131nc\u0131n\u0131 azaltarak suyun daha az enerji t\u00fcketerek \u0131s\u0131nmas\u0131n\u0131 sa\u011flar. Ayr\u0131ca, kapal\u0131 devre tasar\u0131m\u0131, suyun tekrar tekrar \u0131s\u0131nmas\u0131 gerekmeyen bir d\u00f6ng\u00fc olu\u015fturarak daha az enerji t\u00fcketimine ve daha y\u00fcksek verimlili\u011fe neden olur.<\/p>\n<p>Yat\u0131k Yerle\u015fimli Tasar\u0131m<\/p>\n<p>Yat\u0131k kapal\u0131 devre boylerler, yatay bir \u015fekilde yerle\u015ftirilirler. Bu tasar\u0131m, cihaz\u0131n daha az yer kaplamas\u0131n\u0131 ve kullan\u0131m kolayl\u0131\u011f\u0131 sa\u011flamas\u0131n\u0131 sa\u011flar. Ayr\u0131ca, yat\u0131k yerle\u015fimli tasar\u0131m, cihaz\u0131n daha stabil bir \u015fekilde \u00e7al\u0131\u015fmas\u0131n\u0131 sa\u011flar.<\/p>\n<p>Y\u00fcksek Verimlilik<\/p>\n<p>Yat\u0131k kapal\u0131 devre boylerler, y\u00fcksek verimlilik sa\u011flayarak enerji tasarrufu yapman\u0131za yard\u0131mc\u0131 olur. Bu cihazlar, s\u0131cak su \u00fcretimi i\u00e7in ihtiya\u00e7 duyulan enerjiyi en verimli \u015fekilde t\u00fcketirler ve gereksiz enerji kayb\u0131n\u0131 \u00f6nlerler. Ayr\u0131ca, kapal\u0131 devre tasar\u0131m\u0131, suyun tekrar tekrar \u0131s\u0131nmas\u0131 gerekmeyen bir d\u00f6ng\u00fc olu\u015fturarak daha az enerji t\u00fcketimine ve daha y\u00fcksek verimlili\u011fe neden olur.<\/p>\n<p>Daha Az Enerji T\u00fcketimi<\/p>\n<p>Yat\u0131k kapal\u0131 devre boylerler, daha az enerji t\u00fcketimi sa\u011flayarak \u00e7evre dostu bir cihazd\u0131r. Bu cihazlar, s\u0131cak su \u00fcretimi i\u00e7in ihtiya\u00e7 duyulan enerjiyi en verimli \u015fekilde t\u00fcketirler ve gereksiz enerji kayb\u0131n\u0131 \u00f6nlerler. Ayr\u0131ca, kapal\u0131 devre tasar\u0131m\u0131, suyun daha az enerji t\u00fcketerek \u0131s\u0131nmas\u0131n\u0131 sa\u011flayarak daha az enerji t\u00fcketimi ile daha y\u00fcksek verimlilik sa\u011flar.<\/p>\n<p>Kullan\u0131m Kolayl\u0131\u011f\u0131<\/p>\n<p>Yat\u0131k kapal\u0131 devre boylerler, kullan\u0131m kolayl\u0131\u011f\u0131 a\u00e7\u0131s\u0131ndan da avantajl\u0131d\u0131r. Bu cihazlar, di\u011fer boylerlere g\u00f6re daha az yer kaplarlar ve kolay bir \u015fekilde kurulabilirler. Ayr\u0131ca, bak\u0131m gerektirmezler ve sorunsuz bir \u015fekilde uzun y\u0131llar kullan\u0131labilirler<\/p>\n<\/div>\n","protected":false},"excerpt":{"rendered":"<p>Yat\u0131k Kapal\u0131 Devre Boyler ; Y\u00fcksek s\u0131cak su konforu sunan yat\u0131k kapakl\u0131 devre boyler; -T\u00fcm G\u00fcne\u015f enerjisi sistemleri ile tam uyumlu \u00e7al\u0131\u015fmaktad\u0131r. -150-300L aras\u0131nda y\u00fcksek kullan\u0131m suyu konforu -Maksimum \u00e7al\u0131\u015fma bas\u0131nc\u0131 (Depo): 10 Bar -Maksimum \u00e7al\u0131\u015fma bas\u0131nc\u0131 (G\u00f6mlek): 3 Bar -Maksimum \u00e7al\u0131\u015fma s\u0131cakl\u0131\u011f\u0131 (Depo): 95\u00b0C -Maksimum \u00e7al\u0131\u015fma s\u0131cakl\u0131\u011f\u0131 (G\u00f6mlek): 110\u00b0C -Konstr\u00fcksiyon: S235JR \u00e7elik -P\u00fcr\u00fczs\u00fcz y\u00fczeyi [&hellip;]<\/p>\n","protected":false},"featured_media":8541,"comment_status":"open","ping_status":"closed","template":"","meta":{"_acf_changed":false},"product_brand":[],"product_cat":[401],"product_tag":[],"class_list":{"0":"post-8525","1":"product","2":"type-product","3":"status-publish","4":"has-post-thumbnail","6":"product_cat-boyler","8":"first","9":"instock","10":"shipping-taxable","11":"product-type-simple"},"acf":[],"yoast_head":"<!-- This site is optimized with the Yoast SEO plugin v27.4 - https:\/\/yoast.com\/product\/yoast-seo-wordpress\/ -->\n<title>Yat\u0131k Kapal\u0131 Devre Boyler - Go Valf Vana ve Pompa Sistemleri<\/title>\n<meta name=\"description\" content=\"Yat\u0131k Kapal\u0131 Devre Boyler ; Y\u00fcksek s\u0131cak su konforu sunan yat\u0131k kapakl\u0131 devre boyler;-T\u00fcm G\u00fcne\u015f enerjisi sistemleri ile tam uyumlu \u00e7al\u0131\u015fmaktad\u0131r.\" \/>\n<meta name=\"robots\" content=\"index, follow, max-snippet:-1, max-image-preview:large, max-video-preview:-1\" \/>\n<link rel=\"canonical\" href=\"https:\/\/govalf.com\/tr\/product\/yatik-kapali-devre-boyler\/\" \/>\n<meta property=\"og:locale\" content=\"tr_TR\" \/>\n<meta property=\"og:type\" content=\"article\" \/>\n<meta property=\"og:title\" content=\"Yat\u0131k Kapal\u0131 Devre Boyler - Go Valf Vana ve Pompa Sistemleri\" \/>\n<meta property=\"og:description\" content=\"Yat\u0131k Kapal\u0131 Devre Boyler ; Y\u00fcksek s\u0131cak su konforu sunan yat\u0131k kapakl\u0131 devre boyler;-T\u00fcm G\u00fcne\u015f enerjisi sistemleri ile tam uyumlu \u00e7al\u0131\u015fmaktad\u0131r.\" \/>\n<meta property=\"og:url\" content=\"https:\/\/govalf.com\/tr\/product\/yatik-kapali-devre-boyler\/\" \/>\n<meta property=\"og:site_name\" content=\"Go Valf Vana ve Pompa Sistemleri\" \/>\n<meta property=\"article:modified_time\" content=\"2023-04-07T11:44:11+00:00\" \/>\n<meta property=\"og:image\" content=\"https:\/\/govalf.com\/wp-content\/uploads\/2023\/01\/YATIK-KAPALI-DEVRE-BOYLER_.png\" \/>\n\t<meta property=\"og:image:width\" content=\"768\" \/>\n\t<meta property=\"og:image:height\" content=\"768\" \/>\n\t<meta property=\"og:image:type\" content=\"image\/png\" \/>\n<meta name=\"twitter:card\" content=\"summary_large_image\" \/>\n<meta name=\"twitter:label1\" content=\"Tahmini okuma s\u00fcresi\" \/>\n\t<meta name=\"twitter:data1\" content=\"3 dakika\" \/>\n<script type=\"application\/ld+json\" class=\"yoast-schema-graph\">{\"@context\":\"https:\\\/\\\/schema.org\",\"@graph\":[{\"@type\":\"WebPage\",\"@id\":\"https:\\\/\\\/govalf.com\\\/tr\\\/product\\\/yatik-kapali-devre-boyler\\\/\",\"url\":\"https:\\\/\\\/govalf.com\\\/tr\\\/product\\\/yatik-kapali-devre-boyler\\\/\",\"name\":\"Yat\u0131k Kapal\u0131 Devre Boyler - Go Valf Vana ve Pompa Sistemleri\",\"isPartOf\":{\"@id\":\"https:\\\/\\\/govalf.com\\\/ar\\\/#website\"},\"primaryImageOfPage\":{\"@id\":\"https:\\\/\\\/govalf.com\\\/tr\\\/product\\\/yatik-kapali-devre-boyler\\\/#primaryimage\"},\"image\":{\"@id\":\"https:\\\/\\\/govalf.com\\\/tr\\\/product\\\/yatik-kapali-devre-boyler\\\/#primaryimage\"},\"thumbnailUrl\":\"https:\\\/\\\/govalf.com\\\/wp-content\\\/uploads\\\/2023\\\/01\\\/YATIK-KAPALI-DEVRE-BOYLER_.png\",\"datePublished\":\"2023-01-09T19:23:31+00:00\",\"dateModified\":\"2023-04-07T11:44:11+00:00\",\"description\":\"Yat\u0131k Kapal\u0131 Devre Boyler ; Y\u00fcksek s\u0131cak su konforu sunan yat\u0131k kapakl\u0131 devre boyler;-T\u00fcm G\u00fcne\u015f enerjisi sistemleri ile tam uyumlu \u00e7al\u0131\u015fmaktad\u0131r.\",\"breadcrumb\":{\"@id\":\"https:\\\/\\\/govalf.com\\\/tr\\\/product\\\/yatik-kapali-devre-boyler\\\/#breadcrumb\"},\"inLanguage\":\"tr\",\"potentialAction\":[{\"@type\":\"ReadAction\",\"target\":[\"https:\\\/\\\/govalf.com\\\/tr\\\/product\\\/yatik-kapali-devre-boyler\\\/\"]}]},{\"@type\":\"ImageObject\",\"inLanguage\":\"tr\",\"@id\":\"https:\\\/\\\/govalf.com\\\/tr\\\/product\\\/yatik-kapali-devre-boyler\\\/#primaryimage\",\"url\":\"https:\\\/\\\/govalf.com\\\/wp-content\\\/uploads\\\/2023\\\/01\\\/YATIK-KAPALI-DEVRE-BOYLER_.png\",\"contentUrl\":\"https:\\\/\\\/govalf.com\\\/wp-content\\\/uploads\\\/2023\\\/01\\\/YATIK-KAPALI-DEVRE-BOYLER_.png\",\"width\":768,\"height\":768},{\"@type\":\"BreadcrumbList\",\"@id\":\"https:\\\/\\\/govalf.com\\\/tr\\\/product\\\/yatik-kapali-devre-boyler\\\/#breadcrumb\",\"itemListElement\":[{\"@type\":\"ListItem\",\"position\":1,\"name\":\"Anasayfa\",\"item\":\"https:\\\/\\\/govalf.com\\\/tr\\\/\"},{\"@type\":\"ListItem\",\"position\":2,\"name\":\"Products\",\"item\":\"https:\\\/\\\/govalf.com\\\/ar\\\/urunler%d9%85%d9%86%d8%aa%d8%ac%d8%a7%d8%aa\\\/\"},{\"@type\":\"ListItem\",\"position\":3,\"name\":\"Yat\u0131k Kapal\u0131 Devre Boyler\"}]},{\"@type\":\"WebSite\",\"@id\":\"https:\\\/\\\/govalf.com\\\/ar\\\/#website\",\"url\":\"https:\\\/\\\/govalf.com\\\/ar\\\/\",\"name\":\"Go Valf Vana ve Pompa Sistemleri\",\"description\":\"Yang\u0131n S\u00f6nd\u00fcrme Sistemleri ve Ekipmanlar\u0131\",\"publisher\":{\"@id\":\"https:\\\/\\\/govalf.com\\\/ar\\\/#organization\"},\"potentialAction\":[{\"@type\":\"SearchAction\",\"target\":{\"@type\":\"EntryPoint\",\"urlTemplate\":\"https:\\\/\\\/govalf.com\\\/ar\\\/?s={search_term_string}\"},\"query-input\":{\"@type\":\"PropertyValueSpecification\",\"valueRequired\":true,\"valueName\":\"search_term_string\"}}],\"inLanguage\":\"tr\"},{\"@type\":\"Organization\",\"@id\":\"https:\\\/\\\/govalf.com\\\/ar\\\/#organization\",\"name\":\"Go Valf\",\"url\":\"https:\\\/\\\/govalf.com\\\/ar\\\/\",\"logo\":{\"@type\":\"ImageObject\",\"inLanguage\":\"tr\",\"@id\":\"https:\\\/\\\/govalf.com\\\/ar\\\/#\\\/schema\\\/logo\\\/image\\\/\",\"url\":\"https:\\\/\\\/govalf.com\\\/wp-content\\\/uploads\\\/2022\\\/02\\\/go-valf-logo.png\",\"contentUrl\":\"https:\\\/\\\/govalf.com\\\/wp-content\\\/uploads\\\/2022\\\/02\\\/go-valf-logo.png\",\"width\":504,\"height\":120,\"caption\":\"Go Valf\"},\"image\":{\"@id\":\"https:\\\/\\\/govalf.com\\\/ar\\\/#\\\/schema\\\/logo\\\/image\\\/\"}}]}<\/script>\n<!-- \/ Yoast SEO plugin. -->","yoast_head_json":{"title":"Yat\u0131k Kapal\u0131 Devre Boyler - Go Valf Vana ve Pompa Sistemleri","description":"Yat\u0131k Kapal\u0131 Devre Boyler ; Y\u00fcksek s\u0131cak su konforu sunan yat\u0131k kapakl\u0131 devre boyler;-T\u00fcm G\u00fcne\u015f enerjisi sistemleri ile tam uyumlu \u00e7al\u0131\u015fmaktad\u0131r.","robots":{"index":"index","follow":"follow","max-snippet":"max-snippet:-1","max-image-preview":"max-image-preview:large","max-video-preview":"max-video-preview:-1"},"canonical":"https:\/\/govalf.com\/tr\/product\/yatik-kapali-devre-boyler\/","og_locale":"tr_TR","og_type":"article","og_title":"Yat\u0131k Kapal\u0131 Devre Boyler - Go Valf Vana ve Pompa Sistemleri","og_description":"Yat\u0131k Kapal\u0131 Devre Boyler ; Y\u00fcksek s\u0131cak su konforu sunan yat\u0131k kapakl\u0131 devre boyler;-T\u00fcm G\u00fcne\u015f enerjisi sistemleri ile tam uyumlu \u00e7al\u0131\u015fmaktad\u0131r.","og_url":"https:\/\/govalf.com\/tr\/product\/yatik-kapali-devre-boyler\/","og_site_name":"Go Valf Vana ve Pompa Sistemleri","article_modified_time":"2023-04-07T11:44:11+00:00","og_image":[{"width":768,"height":768,"url":"https:\/\/govalf.com\/wp-content\/uploads\/2023\/01\/YATIK-KAPALI-DEVRE-BOYLER_.png","type":"image\/png"}],"twitter_card":"summary_large_image","twitter_misc":{"Tahmini okuma s\u00fcresi":"3 dakika"},"schema":{"@context":"https:\/\/schema.org","@graph":[{"@type":"WebPage","@id":"https:\/\/govalf.com\/tr\/product\/yatik-kapali-devre-boyler\/","url":"https:\/\/govalf.com\/tr\/product\/yatik-kapali-devre-boyler\/","name":"Yat\u0131k Kapal\u0131 Devre Boyler - Go Valf Vana ve Pompa Sistemleri","isPartOf":{"@id":"https:\/\/govalf.com\/ar\/#website"},"primaryImageOfPage":{"@id":"https:\/\/govalf.com\/tr\/product\/yatik-kapali-devre-boyler\/#primaryimage"},"image":{"@id":"https:\/\/govalf.com\/tr\/product\/yatik-kapali-devre-boyler\/#primaryimage"},"thumbnailUrl":"https:\/\/govalf.com\/wp-content\/uploads\/2023\/01\/YATIK-KAPALI-DEVRE-BOYLER_.png","datePublished":"2023-01-09T19:23:31+00:00","dateModified":"2023-04-07T11:44:11+00:00","description":"Yat\u0131k Kapal\u0131 Devre Boyler ; Y\u00fcksek s\u0131cak su konforu sunan yat\u0131k kapakl\u0131 devre boyler;-T\u00fcm G\u00fcne\u015f enerjisi sistemleri ile tam uyumlu \u00e7al\u0131\u015fmaktad\u0131r.","breadcrumb":{"@id":"https:\/\/govalf.com\/tr\/product\/yatik-kapali-devre-boyler\/#breadcrumb"},"inLanguage":"tr","potentialAction":[{"@type":"ReadAction","target":["https:\/\/govalf.com\/tr\/product\/yatik-kapali-devre-boyler\/"]}]},{"@type":"ImageObject","inLanguage":"tr","@id":"https:\/\/govalf.com\/tr\/product\/yatik-kapali-devre-boyler\/#primaryimage","url":"https:\/\/govalf.com\/wp-content\/uploads\/2023\/01\/YATIK-KAPALI-DEVRE-BOYLER_.png","contentUrl":"https:\/\/govalf.com\/wp-content\/uploads\/2023\/01\/YATIK-KAPALI-DEVRE-BOYLER_.png","width":768,"height":768},{"@type":"BreadcrumbList","@id":"https:\/\/govalf.com\/tr\/product\/yatik-kapali-devre-boyler\/#breadcrumb","itemListElement":[{"@type":"ListItem","position":1,"name":"Anasayfa","item":"https:\/\/govalf.com\/tr\/"},{"@type":"ListItem","position":2,"name":"Products","item":"https:\/\/govalf.com\/ar\/urunler%d9%85%d9%86%d8%aa%d8%ac%d8%a7%d8%aa\/"},{"@type":"ListItem","position":3,"name":"Yat\u0131k Kapal\u0131 Devre Boyler"}]},{"@type":"WebSite","@id":"https:\/\/govalf.com\/ar\/#website","url":"https:\/\/govalf.com\/ar\/","name":"Go Valf Vana ve Pompa Sistemleri","description":"Yang\u0131n S\u00f6nd\u00fcrme Sistemleri ve Ekipmanlar\u0131","publisher":{"@id":"https:\/\/govalf.com\/ar\/#organization"},"potentialAction":[{"@type":"SearchAction","target":{"@type":"EntryPoint","urlTemplate":"https:\/\/govalf.com\/ar\/?s={search_term_string}"},"query-input":{"@type":"PropertyValueSpecification","valueRequired":true,"valueName":"search_term_string"}}],"inLanguage":"tr"},{"@type":"Organization","@id":"https:\/\/govalf.com\/ar\/#organization","name":"Go Valf","url":"https:\/\/govalf.com\/ar\/","logo":{"@type":"ImageObject","inLanguage":"tr","@id":"https:\/\/govalf.com\/ar\/#\/schema\/logo\/image\/","url":"https:\/\/govalf.com\/wp-content\/uploads\/2022\/02\/go-valf-logo.png","contentUrl":"https:\/\/govalf.com\/wp-content\/uploads\/2022\/02\/go-valf-logo.png","width":504,"height":120,"caption":"Go Valf"},"image":{"@id":"https:\/\/govalf.com\/ar\/#\/schema\/logo\/image\/"}}]}},"_links":{"self":[{"href":"https:\/\/govalf.com\/tr\/wp-json\/wp\/v2\/product\/8525","targetHints":{"allow":["GET"]}}],"collection":[{"href":"https:\/\/govalf.com\/tr\/wp-json\/wp\/v2\/product"}],"about":[{"href":"https:\/\/govalf.com\/tr\/wp-json\/wp\/v2\/types\/product"}],"replies":[{"embeddable":true,"href":"https:\/\/govalf.com\/tr\/wp-json\/wp\/v2\/comments?post=8525"}],"wp:featuredmedia":[{"embeddable":true,"href":"https:\/\/govalf.com\/tr\/wp-json\/wp\/v2\/media\/8541"}],"wp:attachment":[{"href":"https:\/\/govalf.com\/tr\/wp-json\/wp\/v2\/media?parent=8525"}],"wp:term":[{"taxonomy":"product_brand","embeddable":true,"href":"https:\/\/govalf.com\/tr\/wp-json\/wp\/v2\/product_brand?post=8525"},{"taxonomy":"product_cat","embeddable":true,"href":"https:\/\/govalf.com\/tr\/wp-json\/wp\/v2\/product_cat?post=8525"},{"taxonomy":"product_tag","embeddable":true,"href":"https:\/\/govalf.com\/tr\/wp-json\/wp\/v2\/product_tag?post=8525"}],"curies":[{"name":"wp","href":"https:\/\/api.w.org\/{rel}","templated":true}]}}